{"id":16,"date":"2025-02-04T11:35:16","date_gmt":"2025-02-04T11:35:16","guid":{"rendered":"https:\/\/climate-hive.org\/membership-levels\/"},"modified":"2026-03-10T17:06:32","modified_gmt":"2026-03-10T17:06:32","slug":"membership-levels","status":"publish","type":"page","link":"https:\/\/climate-hive.org\/de\/membership-levels\/","title":{"rendered":"Willkommen in der Gemeinschaft"},"content":{"rendered":"<div class=\"wp-block-group headline container\"><div class=\"wp-block-group__inner-container is-layout-constrained wp-block-group-is-layout-constrained\">\n<h2 class=\"wp-block-heading has-text-align-center\">Netzwerken, Kapazit\u00e4ten aufbauen, innovativ sein <\/h2>\n\n\n\n<p class=\"has-text-align-center\">Als Mitglied sind Sie Teil eines aktiven Netzwerks aus Innovatoren, Experten und Changemakern, die sich f\u00fcr systemische Klimaschutzma\u00dfnahmen einsetzen. Hier erfahren Sie, wie Sie sich weiterhin engagieren und das Beste aus Ihrer Mitgliedschaft machen k\u00f6nnen.<\/p>\n<\/div><\/div>\n\n\n\n<div class=\"wp-block-group container\"><div class=\"wp-block-group__inner-container is-layout-constrained wp-block-group-is-layout-constrained\">\n<h3 class=\"wp-block-heading\">F\u00fcr Unternehmen und Organisationen<\/h3>\n\n\n<div class=\"pricing-table\">\n    <div class=\"container flex flex-wrap flex-content-center\">\n                                <div class=\"level level-24\">\n                <div class=\"key-data flex flex-content-space-between\">\n                    <div class=\"name-and-pricing\">\n                        <h4 class=\"level-title\">\n                            Kleinstunternehmen                        <\/h4>\n                        <div class=\"level-price\" data-default=\"1,000.00&euro;\">\n                            <strong class=\"main-price\">1,000.00\u20ac<\/strong><span class=\"cycle-period cycle-main\">per Jahr<\/span>                        <\/div>\n                    <\/div>\n\n                    <div class=\"plan-badge\">\n                        <img decoding=\"async\" class=\"level-badge level-micro-enterprise\" src=\"https:\/\/climate-hive.org\/wp-content\/themes\/climate-kic\/_dist\/img\/standard.png\" alt=\"Micro Enterprise\" \/>                    <\/div>\n                <\/div>\n                <div class=\"description\">\n                    <span data-teams=\"true\">Ideal f\u00fcr Selbstst\u00e4ndige oder Teams mit bis zu 2 Mitarbeitern (weniger als <strong>150.000 \u20ac Jahresumsatz<\/strong>) <\/span>bereit, die klimatischen Herausforderungen in Gesch\u00e4ftswachstum zu verwandeln.\r\n\r\n<hr \/>\r\n\r\n<h3>Was ist inbegriffen?<\/h3>\r\n<ul>\r\n \t<li>Europaweiter und globaler Netzzugang<\/li>\r\n \t<li>Ma\u00dfgeschneiderte Lernangebote<\/li>\r\n \t<li>Unterst\u00fctzung bei der Verbreitung Ihrer Klima-Innovationen<\/li>\r\n \t<li>2 Benutzerlizenzen f\u00fcr Climate Hive<\/li>\r\n<\/ul>                <\/div>\n                <div class=\"select-plan flex\">\n                    \t<a class=\"pmpro_btn pmpro_btn-select\" href=\"https:\/\/climate-hive.org\/de\/membership-checkout\/?level=24\">Registrieren Sie sich<\/a>\r\n\t                <\/div>\n            <\/div>\n                                <div class=\"level level-23\">\n                <div class=\"key-data flex flex-content-space-between\">\n                    <div class=\"name-and-pricing\">\n                        <h4 class=\"level-title\">\n                            Kleines Unternehmen                        <\/h4>\n                        <div class=\"level-price\" data-default=\"5,000.00&euro;\">\n                            <strong class=\"main-price\">5,000.00\u20ac<\/strong><span class=\"cycle-period cycle-main\">per Jahr<\/span>                        <\/div>\n                    <\/div>\n\n                    <div class=\"plan-badge\">\n                        <img decoding=\"async\" class=\"level-badge level-small-enterprise\" src=\"https:\/\/climate-hive.org\/wp-content\/themes\/climate-kic\/_dist\/img\/standard.png\" alt=\"Small Enterprise\" \/>                    <\/div>\n                <\/div>\n                <div class=\"description\">\n                    Konzipiert f\u00fcr kleine Teams (<strong>von 150 000 \u20ac bis 1 Mio. \u20ac Jahresumsatz<\/strong>) mit dem Ziel, bei der Entwicklung ihres Gesch\u00e4fts agil zu bleiben und ihre gr\u00fcnen, innovativen L\u00f6sungen auszubauen.\r\n\r\n<hr \/>\r\n\r\n<h3>Was ist inbegriffen?<\/h3>\r\n<ul>\r\n \t<li>Zugang zu Erkenntnissen \u00fcber die Finanzierung<\/li>\r\n \t<li>Von Experten geleitete Meisterkurse<\/li>\r\n \t<li>M\u00f6glichkeiten der Gesch\u00e4ftsentwicklung<\/li>\r\n \t<li>5 Benutzerlizenzen f\u00fcr Climate Hive<\/li>\r\n<\/ul>                <\/div>\n                <div class=\"select-plan flex\">\n                    \t<a class=\"pmpro_btn pmpro_btn-select\" href=\"https:\/\/climate-hive.org\/de\/membership-checkout\/?level=23\">Registrieren Sie sich<\/a>\r\n\t                <\/div>\n            <\/div>\n                                <div class=\"level level-22\">\n                <div class=\"key-data flex flex-content-space-between\">\n                    <div class=\"name-and-pricing\">\n                        <h4 class=\"level-title\">\n                            Mittleres Unternehmen                        <\/h4>\n                        <div class=\"level-price\" data-default=\"15,000.00&euro;\">\n                            <strong class=\"main-price\">15,000.00\u20ac<\/strong><span class=\"cycle-period cycle-main\">per Jahr<\/span>                        <\/div>\n                    <\/div>\n\n                    <div class=\"plan-badge\">\n                        <img decoding=\"async\" class=\"level-badge level-medium-enterprise\" src=\"https:\/\/climate-hive.org\/wp-content\/themes\/climate-kic\/_dist\/img\/standard.png\" alt=\"Medium Enterprise\" \/>                    <\/div>\n                <\/div>\n                <div class=\"description\">\n                    Premium-Mitgliedschaft f\u00fcr mittelst\u00e4ndische Unternehmen (<strong>von 1 Mio. \u20ac bis 5 Mio. \u20ac Jahresumsatz<\/strong>), die ihre Produkte auf neue M\u00e4rkte bringen und den gr\u00fcnen Wandel in Europa gestalten wollen.\r\n\r\n<hr \/>\r\n\r\n<h3>Was ist inbegriffen?<\/h3>\r\n<ul>\r\n \t<li>Premium-Zugang zu Partnerschaften<\/li>\r\n \t<li>Erkenntnisse der EU-Politik und Laboratorien<\/li>\r\n \t<li>Innovationspiloten<\/li>\r\n \t<li>10 Benutzerlizenzen f\u00fcr Climate Hive<\/li>\r\n<\/ul>                <\/div>\n                <div class=\"select-plan flex\">\n                    \t<a class=\"pmpro_btn pmpro_btn-select\" href=\"https:\/\/climate-hive.org\/de\/membership-checkout\/?level=22\">Registrieren Sie sich<\/a>\r\n\t                <\/div>\n            <\/div>\n            <\/div>\n<\/div>\n\n\n\n\n<p><\/p>\n\n\n\n<h3 class=\"wp-block-heading\">F\u00fcr Einzelpersonen<\/h3>\n\n\n<div class=\"pricing-table\">\n    <div class=\"container flex flex-wrap flex-content-center\">\n                                <div class=\"level level-1\">\n                <div class=\"key-data flex flex-content-space-between\">\n                    <div class=\"name-and-pricing\">\n                        <h4 class=\"level-title\">\n                            Auswirkungen Fachleute                        <\/h4>\n                        <div class=\"level-price\" data-default=\"14.90&euro;\">\n                            <strong class=\"main-price\">14.90\u20ac<\/strong>\n    <label for=\"L-1-P-0\" class=\"toggle\">\n        <input type=\"checkbox\" id=\"L-1-P-0\" name=\"L-1-P-0\" value=\"149.90&euro;\"\/>\n        <span class=\"slider\"><\/span>\n    <\/label><span class=\"cycle-period cycle-L-1-P-0\">per Jahr<\/span><span class=\"cycle-period cycle-main\">per Monat<\/span>                        <\/div>\n                    <\/div>\n\n                    <div class=\"plan-badge\">\n                        <img decoding=\"async\" class=\"level-badge level-impact-professionals\" src=\"https:\/\/climate-hive.org\/wp-content\/themes\/climate-kic\/_dist\/img\/standard.png\" alt=\"Impact Professionals\" \/>                    <\/div>\n                <\/div>\n                <div class=\"description\">\n                    F\u00fcr engagierte Personen, die nach sinnvollen Verbindungen, Partnerschaften und Lernm\u00f6glichkeiten mit anderen Klima-Innovatoren suchen\r\n\r\n<hr \/>\r\n\r\n<h3>Was ist inbegriffen?<\/h3>\r\n<ul>\r\n \t<li>A <strong>30 Tage kostenloser Test<\/strong><\/li>\r\n \t<li>Verzeichnis der Mitglieder<\/li>\r\n \t<li>Einladungen zu virtuellen und pers\u00f6nlichen Networking-Sitzungen<\/li>\r\n \t<li>Thematische Lerneinheiten und Kurse<\/li>\r\n \t<li>Zugang zu unserer Wissensdatenbank<\/li>\r\n \t<li>Climathon-Lizenz f\u00fcr Markenzeichen und Methodik<\/li>\r\n<\/ul>                <\/div>\n                <div class=\"select-plan flex\">\n                    \t<a class=\"pmpro_btn pmpro_btn-select\" href=\"https:\/\/climate-hive.org\/de\/membership-checkout\/?level=1\">Registrieren Sie sich<\/a>\r\n\t                <\/div>\n            <\/div>\n            <\/div>\n<\/div>\n\n\n\n\n<div class=\"wp-block-group colour-banner container has-background\" style=\"background-color:#006fcf\"><div class=\"wp-block-group__inner-container is-layout-constrained wp-block-group-is-layout-constrained\">\n<h2 class=\"wp-block-heading has-text-align-center has-white-color has-text-color has-link-color wp-elements-d761abe7e495958ecf10545e423c9a38\">Haben Sie Fragen zu Ihrer Mitgliedschaft?<\/h2>\n\n\n\n<p class=\"has-text-align-center has-white-color has-text-color has-link-color wp-elements-e125ba09ffb74b002d7c06a079fc39d7\">Wir sind daf\u00fcr da, dass Sie das Beste aus Ihrer Mitgliedschaft herausholen. Buchen Sie ein kurzes Gespr\u00e4ch mit unserem Team und wir beantworten Ihnen alle Fragen zu den Tarifen, Funktionen und Vorteilen.<\/p>\n\n\n\n<div class=\"wp-block-buttons is-content-justification-center is-layout-flex wp-container-core-buttons-is-layout-16018d1d wp-block-buttons-is-layout-flex\">\n<div class=\"wp-block-button\"><a class=\"wp-block-button__link has-black-color has-white-background-color has-text-color has-background has-link-color has-text-align-center wp-element-button\" href=\"https:\/\/outlook.office.com\/book\/ClimateKICCommunity@climate-kic.org\/?ismsaljsauthenabled\">MEETING BUCHEN<\/a><\/div>\n<\/div>\n<\/div><\/div>\n<\/div><\/div>\n\n\n\n<div class=\"wp-block-group accordion-faq grey\"><div class=\"wp-block-group__inner-container is-layout-constrained wp-block-group-is-layout-constrained\">\n<div class=\"wp-block-columns container is-layout-flex wp-container-core-columns-is-layout-9d6595d7 wp-block-columns-is-layout-flex\">\n<div class=\"wp-block-column is-vertically-aligned-top is-layout-flow wp-block-column-is-layout-flow\">\n<h2 class=\"wp-block-heading has-text-align-center\">H\u00e4ufig gestellte Fragen:<\/h2>\n<\/div>\n\n\n\n<div class=\"wp-block-column is-layout-flow wp-block-column-is-layout-flow\">\n<div class=\"wp-block-group accordion\"><div class=\"wp-block-group__inner-container is-layout-constrained wp-block-group-is-layout-constrained\">\n<details class=\"wp-block-details is-layout-flow wp-block-details-is-layout-flow\"><summary>F\u00fcr wen ist die Climate KIC Community gedacht?<\/summary>\n<p>Die Climate KIC Community richtet sich an Klima-Innovatoren, KMUs, \u00f6ffentliche und private Organisationen und einzelne Fachleute, die zusammenarbeiten, lernen und Klimal\u00f6sungen skalieren wollen. Jede Mitgliedschaftsstufe ist auf verschiedene Arten und Gr\u00f6\u00dfen von Organisationen sowie auf einzelne Fachleute zugeschnitten.<\/p>\n<\/details>\n\n\n\n<details class=\"wp-block-details is-layout-flow wp-block-details-is-layout-flow\"><summary>Wie kann ich Mitglied werden?<\/summary>\n<p>Sie k\u00f6nnen als einzelner Fachmann oder als Organisation beitreten. Alle Mitgliedsstufen und ihre Funktionen sind oben aufgef\u00fchrt. W\u00e4hlen Sie einfach die Stufe, die Ihren Bed\u00fcrfnissen am besten entspricht, und schlie\u00dfen Sie den Kauf ab. Sobald Ihre Mitgliedschaft best\u00e4tigt ist, erhalten Sie vollen Zugriff auf die Plattform und die Gemeinschaftsfunktionen, die in der von Ihnen gew\u00e4hlten Stufe enthalten sind.<\/p>\n<\/details>\n\n\n\n<details class=\"wp-block-details is-layout-flow wp-block-details-is-layout-flow\"><summary>Wie viel kostet die Mitgliedschaft?<\/summary>\n<p>Jede Mitgliedschaft hat ihre eigenen Preise, die oben aufgef\u00fchrt sind. Die Mitgliedschaften werden j\u00e4hrlich abgerechnet, wobei f\u00fcr Impact Professional-Mitglieder eine monatliche Zahlungsoption verf\u00fcgbar ist.<\/p>\n<\/details>\n\n\n\n<details class=\"wp-block-details is-layout-flow wp-block-details-is-layout-flow\"><summary>Wie kann ich meine Mitgliedschaft k\u00fcndigen?<\/summary>\n<p>Sie k\u00f6nnen ihn jederzeit k\u00fcndigen unter <strong>Einstellungen &gt; Meine Mitgliedschaft<\/strong>.<\/p>\n<\/details>\n\n\n\n<details class=\"wp-block-details is-layout-flow wp-block-details-is-layout-flow\"><summary>Was ist der Unterschied zwischen Einzel- und Organisationsmitgliedschaften?<\/summary>\n<p>Individuelle Mitgliedschaften (wie Impact Professional) sind f\u00fcr einzelne Fachleute gedacht, die ihre F\u00e4higkeiten, ihr Netzwerk und ihren Einfluss ausbauen m\u00f6chten. Organisationsmitgliedschaften (Micro, Small, Medium Enterprise) sind f\u00fcr Teams und Unternehmen gedacht und beinhalten Vorteile wie mehrere Benutzerpl\u00e4tze, Sichtbarkeit in der Community und Zugang zu ma\u00dfgeschneiderten M\u00f6glichkeiten.<\/p>\n<\/details>\n\n\n\n<details class=\"wp-block-details is-layout-flow wp-block-details-is-layout-flow\"><summary>Was passiert nach der Anmeldung?<\/summary>\n<p>Nachdem Sie Ihren Kauf abgeschlossen haben, erhalten Sie eine Best\u00e4tigungs-E-Mail und erhalten Zugang zur Plattform. Sie k\u00f6nnen dann Ihr Profil einrichten, die Community erkunden, an Veranstaltungen teilnehmen und die in Ihrer Mitgliedsstufe enthaltenen Funktionen nutzen.<\/p>\n<\/details>\n\n\n\n<details class=\"wp-block-details is-layout-flow wp-block-details-is-layout-flow\"><summary>Kann ich meine Mitgliedschaft sp\u00e4ter erh\u00f6hen oder herabstufen?<\/summary>\n<p>Sie k\u00f6nnen eine \u00c4nderung Ihrer Mitgliedsstufe beantragen. Sie k\u00f6nnen \u00c4nderungen verwalten \u00fcber <strong>Einstellungen &gt; Meine Mitgliedschaft<\/strong>.<\/p>\n<\/details>\n\n\n\n<details class=\"wp-block-details is-layout-flow wp-block-details-is-layout-flow\"><summary>Ich brauche Unterst\u00fctzung, an wen soll ich mich wenden?<\/summary>\n<p>F\u00fcr jede Anfrage, kontaktieren Sie uns unter community@climate-kic.org<\/p>\n<\/details>\n<\/div><\/div>\n<\/div>\n<\/div>\n<\/div><\/div>\n\n\n\n<p><\/p>","protected":false},"excerpt":{"rendered":"<p>Netzwerk, Kapazit\u00e4ten aufbauen, innovativ sein Als Mitglied sind Sie Teil eines aktiven Netzwerks von Innovatoren, Experten und Meinungsf\u00fchrern, die sich f\u00fcr Klimaschutzma\u00dfnahmen auf Systemebene engagieren. So k\u00f6nnen Sie sich engagieren [\u2026]<\/p>","protected":false},"author":1,"featured_media":3990,"parent":0,"menu_order":0,"comment_status":"closed","ping_status":"closed","template":"page-general.php","meta":{"_acf_changed":false,"_tec_requires_first_save":true,"_bbp_topic_count":0,"_bbp_reply_count":0,"_bbp_total_topic_count":0,"_bbp_total_reply_count":0,"_bbp_voice_count":0,"_bbp_anonymous_reply_count":0,"_bbp_topic_count_hidden":0,"_bbp_reply_count_hidden":0,"_bbp_forum_subforum_count":0,"pmpro_default_level":"","inline_featured_image":false,"_price":"","_stock":"","_tribe_ticket_header":"","_tribe_default_ticket_provider":"","_ticket_start_date":"","_ticket_end_date":"","_tribe_ticket_show_description":"","_tribe_ticket_show_not_going":false,"_tribe_ticket_use_global_stock":"","_tribe_ticket_global_stock_level":"","_global_stock_mode":"","_global_stock_cap":"","_tribe_rsvp_for_event":"","_tribe_ticket_going_count":"","_tribe_ticket_not_going_count":"","_tribe_tickets_list":"[]","_tribe_ticket_has_attendee_info_fields":false,"_EventAllDay":false,"_EventTimezone":"","_EventStartDate":"","_EventEndDate":"","_EventStartDateUTC":"","_EventEndDateUTC":"","_EventShowMap":false,"_EventShowMapLink":false,"_EventURL":"","_EventCost":"","_EventCostDescription":"","_EventCurrencySymbol":"","_EventCurrencyCode":"","_EventCurrencyPosition":"","_EventDateTimeSeparator":"","_EventTimeRangeSeparator":"","_EventOrganizerID":[],"_EventVenueID":[],"_OrganizerEmail":"","_OrganizerPhone":"","_OrganizerWebsite":"","_VenueAddress":"","_VenueCity":"","_VenueCountry":"","_VenueProvince":"","_VenueState":"","_VenueZip":"","_VenuePhone":"","_VenueURL":"","_VenueStateProvince":"","_VenueLat":"","_VenueLng":"","_VenueShowMap":false,"_VenueShowMapLink":false,"_tribe_blocks_recurrence_rules":"","_tribe_blocks_recurrence_description":"","_tribe_blocks_recurrence_exclusions":"","footnotes":""},"page_tag":[50],"class_list":["post-16","page","type-page","status-publish","has-post-thumbnail","hentry","page_tag-join-now","pmpro-has-access"],"acf":[],"_links":{"self":[{"href":"https:\/\/climate-hive.org\/de\/wp-json\/wp\/v2\/pages\/16","targetHints":{"allow":["GET"]}}],"collection":[{"href":"https:\/\/climate-hive.org\/de\/wp-json\/wp\/v2\/pages"}],"about":[{"href":"https:\/\/climate-hive.org\/de\/wp-json\/wp\/v2\/types\/page"}],"author":[{"embeddable":true,"href":"https:\/\/climate-hive.org\/de\/wp-json\/wp\/v2\/users\/1"}],"replies":[{"embeddable":true,"href":"https:\/\/climate-hive.org\/de\/wp-json\/wp\/v2\/comments?post=16"}],"version-history":[{"count":30,"href":"https:\/\/climate-hive.org\/de\/wp-json\/wp\/v2\/pages\/16\/revisions"}],"predecessor-version":[{"id":7248,"href":"https:\/\/climate-hive.org\/de\/wp-json\/wp\/v2\/pages\/16\/revisions\/7248"}],"wp:featuredmedia":[{"embeddable":true,"href":"https:\/\/climate-hive.org\/de\/wp-json\/wp\/v2\/media\/3990"}],"wp:attachment":[{"href":"https:\/\/climate-hive.org\/de\/wp-json\/wp\/v2\/media?parent=16"}],"wp:term":[{"taxonomy":"page_tag","embeddable":true,"href":"https:\/\/climate-hive.org\/de\/wp-json\/wp\/v2\/page_tag?post=16"}],"curies":[{"name":"wp","href":"https:\/\/api.w.org\/{rel}","templated":true}]}}