{"id":3890,"date":"2025-03-12T12:17:45","date_gmt":"2025-03-12T12:17:45","guid":{"rendered":"https:\/\/climate-hive.org\/?page_id=3890"},"modified":"2025-10-17T15:19:54","modified_gmt":"2025-10-17T14:19:54","slug":"community-guidelines","status":"publish","type":"page","link":"https:\/\/climate-hive.org\/de\/community-guidelines\/","title":{"rendered":"Leitlinien der Gemeinschaft"},"content":{"rendered":"<div class=\"wp-block-group container\"><div class=\"wp-block-group__inner-container is-layout-constrained wp-block-group-is-layout-constrained\">\n<h3 class=\"wp-block-heading\"><strong>Was wir sind\u00a0<\/strong><\/h3>\n\n\n\n<p>Climate Hive ist eine digitale Plattform f\u00fcr Mitglieder der Climate KIC Community. Ziel ist es, einen sicheren und unterst\u00fctzenden Online-Raum zu schaffen, um sich zu vernetzen, zu lernen und gemeinsam an Klimaschutzma\u00dfnahmen und Innovationen zu arbeiten. Unsere Gemeinschaft lebt von der Vielfalt, dem Wissensaustausch, dem positiven Engagement und der radikalen Zusammenarbeit der Mitglieder.<\/p>\n\n\n\n<p>Bitte lesen und befolgen Sie die folgenden Leitlinien, um eine erfolgreiche Erfahrung f\u00fcr alle Beteiligten zu gew\u00e4hrleisten.&nbsp;<\/p>\n\n\n\n<p><\/p>\n\n\n\n<h4 class=\"wp-block-heading\"><strong>Was wir f\u00f6rdern&nbsp;<\/strong><\/h4>\n\n\n\n<p>\ud83d\udde3\ufe0f <strong>Vielf\u00e4ltige Perspektiven<\/strong>: Die Climate KIC Community setzt sich aus verschiedenen Einzelpersonen und Organisationen aus dem privaten und \u00f6ffentlichen Sektor zusammen. Wir sch\u00e4tzen und w\u00fcrdigen die vielf\u00e4ltigen Erfahrungen und Hintergr\u00fcnde unserer Mitglieder und glauben, dass eine radikale Zusammenarbeit der entscheidende Faktor f\u00fcr einen systemischen Wandel ist.&nbsp;<\/p>\n\n\n\n<p>\ud83d\ude4b\u200d\u2640\ufe0f<strong> Lernen und Teilen<\/strong>: Climate Hive ist eine Plattform zum Wissensaustausch und zur Vernetzung. Stellen Sie Fragen, teilen Sie Ihr Fachwissen und beteiligen Sie sich an durchdachten Gespr\u00e4chen, die zum gemeinsamen Lernen aller Mitglieder beitragen. Die Weitergabe Ihrer einzigartigen Erkenntnisse bereichert unsere Diskussionen und den Sinn der Gemeinschaft.&nbsp;<\/p>\n\n\n\n<p>\ud83c\udf1f <strong>Positives Engagement<\/strong>: Lassen Sie uns unsere Diskussionen freundlich, konstruktiv und unterst\u00fctzend f\u00fchren. Ermutigen Sie andere, geben Sie hilfreiche Einblicke und feiern Sie die Leistungen der anderen, w\u00e4hrend Sie zur Innovation und Anpassung an das Klima beitragen.&nbsp;<\/p>\n\n\n\n<p>\ud83d\udcad <strong>Kontext<\/strong>: Posten Sie Ihre Inhalte immer mit einer Erl\u00e4uterung des Kontexts. Links oder Ereignisse ohne Kontext regen die Nutzer nicht dazu an, sich mit Ihrem Beitrag zu befassen, und k\u00f6nnten f\u00e4lschlicherweise f\u00fcr einen Phishing-Versuch, Spam oder \u00e4hnliches gehalten und daher gemeldet werden.&nbsp;<\/p>\n\n\n\n<p>\ud83e\udd17 <strong>Feedback zur Verbesserung<\/strong>: Das Team der Climate KIC Community ist immer offen f\u00fcr Vorschl\u00e4ge, um die Erfahrungen aller Mitglieder zu verbessern. Schicken Sie uns eine E-Mail an community@climate-kic.org, wenn Sie uns Ihre Ansichten und Erkenntnisse zu bestimmten Themen mitteilen m\u00f6chten.&nbsp;<\/p>\n\n\n\n<p><\/p>\n\n\n\n<h4 class=\"wp-block-heading\"><strong>Wovon wir abraten&nbsp;<\/strong><\/h4>\n\n\n\n<p>\ud83d\udcdb <strong>Respektloser Inhalt<\/strong>: Behandeln Sie andere Mitglieder mit Freundlichkeit und Respekt, auch wenn Sie anderer Meinung sind. Bel\u00e4stigung, Hassreden, pers\u00f6nliche Angriffe und Mobbing werden nicht geduldet.&nbsp;<\/p>\n\n\n\n<p>\ud83d\uddde\ufe0f <strong>Plagiat<\/strong>: Wenn Sie Inhalte weitergeben, die nicht von Ihnen stammen, vergewissern Sie sich bitte, dass Sie die entsprechenden Genehmigungen daf\u00fcr haben, oder geben Sie zumindest die Quelle der Inhalte an oder nennen Sie die Urheber der Inhalte. Als Plattform f\u00fcr den Austausch von Wissen ist es wichtig zu wissen, woher die Informationen stammen oder wer sie verfasst hat.&nbsp;<\/p>\n\n\n\n<p>\ud83d\udcf0<strong> Falsche Informationen und Fake News<\/strong>: Der Austausch von Informationen ist zwar immer willkommen, aber stellen Sie sicher, dass die von Ihnen bereitgestellten Inhalte aus zuverl\u00e4ssigen Quellen stammen. Die geteilten Inhalte m\u00fcssen aus vertrauensw\u00fcrdigen Quellen stammen und wissenschaftlich korrekt sein.&nbsp;<\/p>\n\n\n\n<p>\ud83d\ude45 <strong>Kontroverse politische Inhalte<\/strong>: Wir respektieren zwar Ihr Recht, politische Meinungen zu vertreten, bitten Sie jedoch, von offenkundig politischen Beitr\u00e4gen abzusehen, die den Zweck der Gemeinschaft untergraben k\u00f6nnten.&nbsp;<\/p>\n\n\n\n<p>\u26a0\ufe0f<strong> F\u00f6rderung irrelevanter Inhalte<\/strong>: Teilen Sie Inhalte, die in direktem Zusammenhang mit der Climate KIC Community stehen. Nutzen Sie die Community-Plattform nicht als Kanal, um f\u00fcr Inhalte oder Produkte zu werben, die entweder f\u00fcr unseren Zweck irrelevant sind oder eine Form von Direktmarketing darstellen.&nbsp;&nbsp;<\/p>\n\n\n\n<p><\/p>\n\n\n\n<h4 class=\"wp-block-heading\"><strong>Inhalt und Entfernung von Mitgliedern&nbsp;<\/strong><\/h4>\n\n\n\n<p>Falls jemand gegen diese Richtlinien verst\u00f6\u00dft, wird das Community-Team Ma\u00dfnahmen ergreifen, um die Interessen der Community sowie aller Mitglieder zu sch\u00fctzen, die von einer solchen Handlung betroffen sein k\u00f6nnten. Bitte beachten Sie, dass Climate KIC sich das Recht vorbeh\u00e4lt, Beitr\u00e4ge oder Konten, die der Gemeinschaft schaden, ohne Vorwarnung zu l\u00f6schen.&nbsp;<\/p>\n\n\n\n<p>Wenn Sie auf Inhalte sto\u00dfen, die nicht mit unseren Community-Richtlinien \u00fcbereinstimmen, verwenden Sie bitte die eingebettete Meldefunktion der Plattform oder wenden Sie sich an <a href=\"mailto:community@climate-kic.org\" target=\"_blank\" rel=\"noreferrer noopener\">community@climate-kic.org<\/a>. Das Gemeinschaftsteam wird sicherstellen, dass Ihr Feedback vertraulich bleibt.&nbsp;<\/p>\n\n\n\n<p><\/p>\n\n\n\n<h4 class=\"wp-block-heading\"><strong>Ich danke Ihnen!&nbsp;<\/strong><\/h4>\n\n\n\n<p>Vielen Dank, dass Sie ein Teil von Climate Hive sind und zu unserer lebendigen und unterst\u00fctzenden Gemeinschaft beitragen. Ihr Engagement ist f\u00fcr das Erreichen des Ziels unserer Gemeinschaft unerl\u00e4sslich.&nbsp;<\/p>\n\n\n\n<p>Erforschen Sie nun den Klimabienenstock weiter!&nbsp;<\/p>\n<\/div><\/div>","protected":false},"excerpt":{"rendered":"<p>What we are\u00a0 Climate Hive is a digital platform for members of Climate KIC Community. The purpose is to create a safe and supportive online space to network, learn and [&hellip;]<\/p>","protected":false},"author":1,"featured_media":4329,"parent":0,"menu_order":0,"comment_status":"closed","ping_status":"closed","template":"page-general.php","meta":{"_acf_changed":false,"_tec_requires_first_save":true,"_bbp_topic_count":0,"_bbp_reply_count":0,"_bbp_total_topic_count":0,"_bbp_total_reply_count":0,"_bbp_voice_count":0,"_bbp_anonymous_reply_count":0,"_bbp_topic_count_hidden":0,"_bbp_reply_count_hidden":0,"_bbp_forum_subforum_count":0,"pmpro_default_level":"","inline_featured_image":false,"_price":"","_stock":"","_tribe_ticket_header":"","_tribe_default_ticket_provider":"","_ticket_start_date":"","_ticket_end_date":"","_tribe_ticket_show_description":"","_tribe_ticket_show_not_going":false,"_tribe_ticket_use_global_stock":"","_tribe_ticket_global_stock_level":"","_global_stock_mode":"","_global_stock_cap":"","_tribe_rsvp_for_event":"","_tribe_ticket_going_count":"","_tribe_ticket_not_going_count":"","_tribe_tickets_list":"[]","_tribe_ticket_has_attendee_info_fields":false,"_EventAllDay":false,"_EventTimezone":"","_EventStartDate":"","_EventEndDate":"","_EventStartDateUTC":"","_EventEndDateUTC":"","_EventShowMap":false,"_EventShowMapLink":false,"_EventURL":"","_EventCost":"","_EventCostDescription":"","_EventCurrencySymbol":"","_EventCurrencyCode":"","_EventCurrencyPosition":"","_EventDateTimeSeparator":"","_EventTimeRangeSeparator":"","_EventOrganizerID":[],"_EventVenueID":[],"_OrganizerEmail":"","_OrganizerPhone":"","_OrganizerWebsite":"","_VenueAddress":"","_VenueCity":"","_VenueCountry":"","_VenueProvince":"","_VenueState":"","_VenueZip":"","_VenuePhone":"","_VenueURL":"","_VenueStateProvince":"","_VenueLat":"","_VenueLng":"","_VenueShowMap":false,"_VenueShowMapLink":false,"_tribe_blocks_recurrence_rules":"","_tribe_blocks_recurrence_description":"","_tribe_blocks_recurrence_exclusions":"","footnotes":""},"page_tag":[],"class_list":["post-3890","page","type-page","status-publish","has-post-thumbnail","hentry","pmpro-has-access"],"acf":[],"_links":{"self":[{"href":"https:\/\/climate-hive.org\/de\/wp-json\/wp\/v2\/pages\/3890","targetHints":{"allow":["GET"]}}],"collection":[{"href":"https:\/\/climate-hive.org\/de\/wp-json\/wp\/v2\/pages"}],"about":[{"href":"https:\/\/climate-hive.org\/de\/wp-json\/wp\/v2\/types\/page"}],"author":[{"embeddable":true,"href":"https:\/\/climate-hive.org\/de\/wp-json\/wp\/v2\/users\/1"}],"replies":[{"embeddable":true,"href":"https:\/\/climate-hive.org\/de\/wp-json\/wp\/v2\/comments?post=3890"}],"version-history":[{"count":6,"href":"https:\/\/climate-hive.org\/de\/wp-json\/wp\/v2\/pages\/3890\/revisions"}],"predecessor-version":[{"id":4694,"href":"https:\/\/climate-hive.org\/de\/wp-json\/wp\/v2\/pages\/3890\/revisions\/4694"}],"wp:featuredmedia":[{"embeddable":true,"href":"https:\/\/climate-hive.org\/de\/wp-json\/wp\/v2\/media\/4329"}],"wp:attachment":[{"href":"https:\/\/climate-hive.org\/de\/wp-json\/wp\/v2\/media?parent=3890"}],"wp:term":[{"taxonomy":"page_tag","embeddable":true,"href":"https:\/\/climate-hive.org\/de\/wp-json\/wp\/v2\/page_tag?post=3890"}],"curies":[{"name":"wp","href":"https:\/\/api.w.org\/{rel}","templated":true}]}}