{"id":3897,"date":"2025-03-12T14:04:15","date_gmt":"2025-03-12T14:04:15","guid":{"rendered":"https:\/\/climate-hive.org\/?page_id=3897"},"modified":"2025-09-26T14:12:44","modified_gmt":"2025-09-26T13:12:44","slug":"terms-conditions","status":"publish","type":"page","link":"https:\/\/climate-hive.org\/de\/terms-conditions\/","title":{"rendered":"Bedingungen und Konditionen"},"content":{"rendered":"<p>Indem Sie eine Mitgliedschaft abschlie\u00dfen, best\u00e4tigen Sie, dass Sie die Allgemeinen Gesch\u00e4ftsbedingungen gelesen und verstanden haben und ihnen zustimmen. Bitte lesen Sie diese sorgf\u00e4ltig durch, bevor Sie mit Ihrer Anmeldung fortfahren.\u00a0<\/p>\n\n\n\n<h4 class=\"wp-block-heading\">1. <strong>Einf\u00fchrung<\/strong><\/h4>\n\n\n\n<ol class=\"wp-block-list\"><\/ol>\n\n\n\n<p>1.1. Diese Allgemeinen Gesch\u00e4ftsbedingungen regeln Ihr Abonnement f\u00fcr die Climate KIC Community (\u201cCommunity\u201d). Mit Ihrer Anmeldung best\u00e4tigen Sie, dass Sie diese Bedingungen gelesen und verstanden haben und sich damit einverstanden erkl\u00e4ren, an diese Bedingungen gebunden zu sein.\u00a0<\/p>\n\n\n\n<p>1.2. Diese Allgemeinen Gesch\u00e4ftsbedingungen sind f\u00fcr das Gemeinschaftsabonnement zu den hierin festgelegten Bedingungen verbindlich, wenn Sie sie akzeptieren.\u00a0<\/p>\n\n\n\n<h4 class=\"wp-block-heading\"><strong>2. Mitgliedschaft<\/strong><\/h4>\n\n\n\n<p>2.1. Teilnahmeberechtigung: Diese Mitgliedschaft richtet sich an Personen, die mindestens 18 Jahre alt sind.&nbsp;&nbsp;<\/p>\n\n\n\n<p>2.2. Vorteile des Abonnements: Als Mitglied haben Sie Zugang zu einer f\u00fchrenden Gemeinschaft von Praktikern und Experten im Bereich der Klima-Innovation, die sich auf Folgendes st\u00fctzt <strong>Europas f\u00fchrende Gemeinschaft von Impact-Experten<\/strong>. Die spezifischen Vorteile der Mitgliedschaft sind auf der Seite zur Mitgliedschaft aufgef\u00fchrt.<\/p>\n\n\n\n<h4 class=\"wp-block-heading\"><strong>3. Geb\u00fchren, Zahlung, Erneuerung<\/strong><\/h4>\n\n\n\n<p>3.1. Mitgliedsbeitr\u00e4ge: Der Mitgliedsbeitrag richtet sich nach der von Ihnen gew\u00e4hlten Mitgliedschaft. Alle Informationen dazu finden Sie auf der Seite zur Mitgliedschaft <\/p>\n\n\n\n<p>3.2. Zus\u00e4tzlicher Gratismonat: Jedes Abonnement gew\u00e4hrt Ihnen eine kostenlose Testphase von mindestens 30 Tagen. Die Dauer des Testzeitraums wird auf der Mitgliedschaftsseite angegeben.<\/p>\n\n\n\n<p>3.3. Zahlung: Die Mitgliedsbeitr\u00e4ge werden zum Zeitpunkt der Anmeldung f\u00e4llig. Die Zahlungen werden sicher \u00fcber unseren Zahlungsanbieter abgewickelt.\u00a0<\/p>\n\n\n\n<p>3.4. Automatische Erneuerung: Ihr Abonnement verl\u00e4ngert sich automatisch in regelm\u00e4\u00dfigen Abst\u00e4nden, wenn Sie es nicht vor dem Verl\u00e4ngerungsdatum k\u00fcndigen. Vor der Erneuerung erhalten Sie eine Erinnerungs-E-Mail.\u00a0<\/p>\n\n\n\n<h4 class=\"wp-block-heading\"><strong>4. Datenschutz und Privatsph\u00e4re<\/strong><\/h4>\n\n\n\n<p>4.1. Personenbezogene Daten: Climate KIC erhebt und verarbeitet Ihre personenbezogenen Daten, die Sie w\u00e4hrend des Anmeldevorgangs angeben, einschlie\u00dflich Ihres Namens, Ihrer E-Mail-Adresse und Ihrer Zahlungsinformationen. Ihre personenbezogenen Daten werden in \u00dcbereinstimmung mit den einschl\u00e4gigen Gesetzen, wie unten definiert, und den Datenschutzbestimmungen von Climate KIC verarbeitet. Ihre personenbezogenen Daten werden verwendet, um Ihr Abonnement zu verwalten, Ihnen Zugang zu Gemeinschaftsressourcen zu verschaffen und mit Ihnen \u00fcber die Aktivit\u00e4ten der Climate KIC zu kommunizieren.\u00a0<\/p>\n\n\n\n<p>4.2. Einhaltung: Climate KIC h\u00e4lt sich an die geltenden Datenschutzgesetze, einschlie\u00dflich, aber nicht beschr\u00e4nkt auf die Allgemeine Datenschutzverordnung (EU) 2016\/679 (GDPR) und alle nationalen Umsetzungsgesetze, Verordnungen und abgeleiteten Rechtsvorschriften, jeweils in der jeweils ge\u00e4nderten, erg\u00e4nzten oder ersetzten Fassung.\u00a0<\/p>\n\n\n\n<p>4.3. Rechte: Sie haben das Recht auf Zugang, Berichtigung, L\u00f6schung und Einschr\u00e4nkung der Verarbeitung Ihrer personenbezogenen Daten. Sie k\u00f6nnen diese Rechte aus\u00fcben, indem Sie uns unter community@climate-kic.org oder privacy.office@climate-kic.org kontaktieren.\u00a0<\/p>\n\n\n\n<p>4.4. Sicherheit: Wir setzen geeignete technische und organisatorische Ma\u00dfnahmen ein, um die Sicherheit Ihrer personenbezogenen Daten zu gew\u00e4hrleisten.<\/p>\n\n\n\n<p>4.5. Ausdr\u00fcckliches Einverst\u00e4ndnis: Indem Sie sich bei der Community anmelden, stimmen Sie ausdr\u00fccklich der Erhebung, Verarbeitung und Nutzung Ihrer personenbezogenen Daten zu, wie in diesen Allgemeinen Gesch\u00e4ftsbedingungen beschrieben.&nbsp;<\/p>\n\n\n\n<p>4.6. Marketing-Mitteilungen: Mit Ihrer Zustimmung k\u00f6nnen wir Ihnen Marketingmitteilungen in Bezug auf die Climate KIC Community zusenden. Sie k\u00f6nnen diese Mitteilungen jederzeit abbestellen, indem Sie dem Abmeldelink in den E-Mails folgen oder uns kontaktieren unter <a href=\"mailto:community@climate-kic.org\" target=\"_blank\" rel=\"noreferrer noopener\">community@climate-kic.org<\/a>.<\/p>\n\n\n\n<h4 class=\"wp-block-heading\"><strong>5. Einsatz von KI-Technologie<\/strong><\/h4>\n\n\n\n<p>5.1 Mit der Anmeldung erkl\u00e4ren Sie sich damit einverstanden, dass Climate KIC KI-Technologie zur Analyse von Nutzerdaten einsetzt. Dies erm\u00f6glicht es uns, die Kraft der Einf\u00fchrung und Synergien zu nutzen und die Aktivit\u00e4ten effizient auf Ihre Bed\u00fcrfnisse und W\u00fcnsche abzustimmen.\u00a0<\/p>\n\n\n\n<h4 class=\"wp-block-heading\">6. Zuweisung<\/h4>\n\n\n\n<p>6.1. Climate KIC hat das Recht, ohne schriftliche Zustimmung des Teilnehmers alle oder einen Teil seiner Rechte und Pflichten aus den Nutzungsbedingungen an eine Tochtergesellschaft, Niederlassung oder ein verbundenes Unternehmen von Climate KIC oder eine von Climate KIC gegr\u00fcndete gemeinn\u00fctzige Einrichtung abzutreten, zu delegieren, zu \u00fcbertragen, zu belasten oder anderweitig dar\u00fcber zu verf\u00fcgen.<\/p>\n\n\n\n<h4 class=\"wp-block-heading\">7. Stornierung und R\u00fcckerstattung<\/h4>\n\n\n\n<p>7.1. Stornierung: Sie k\u00f6nnen Ihr Abonnement jederzeit in Ihrem Profil unter Einstellungen&gt;Meine Mitgliedschaften k\u00fcndigen, oder indem Sie uns kontaktieren unter <a href=\"mailto:community@climate-kic.org\" target=\"_blank\" rel=\"noreferrer noopener\">community@climate-kic.org<\/a>. Die K\u00fcndigung wird zum Ende des laufenden Abonnementzeitraums wirksam.\u00a0<\/p>\n\n\n\n<p>7.2. R\u00fcckerstattungen: F\u00fcr teilweise genutzte Abonnementzeitr\u00e4ume sind keine R\u00fcckerstattungen m\u00f6glich.<\/p>\n\n\n\n<h4 class=\"wp-block-heading\">8. \u00c4nderungen der Bedingungen und Konditionen<\/h4>\n\n\n\n<p>8.1. Climate KIC beh\u00e4lt sich das Recht vor, diese Allgemeinen Gesch\u00e4ftsbedingungen jederzeit zu \u00e4ndern. Die Abonnenten werden \u00fcber alle wesentlichen \u00c4nderungen per E-Mail benachrichtigt. Die fortgesetzte Nutzung des Abonnements nach der \u00c4nderung gilt als Zustimmung zu den neuen Bedingungen und Konditionen.<\/p>\n\n\n\n<h4 class=\"wp-block-heading\">9. Geltendes Recht<\/h4>\n\n\n\n<p>9.1. Diese Allgemeinen Gesch\u00e4ftsbedingungen unterliegen dem niederl\u00e4ndischen Recht und werden nach diesem ausgelegt.\u00a0<\/p>\n\n\n\n<h4 class=\"wp-block-heading\">10. Kontaktinformationen<\/h4>\n\n\n\n<p>Wenn Sie Fragen oder Bedenken bez\u00fcglich dieser Gesch\u00e4ftsbedingungen haben, wenden Sie sich bitte an uns:&nbsp;<\/p>\n\n\n\n<p>E-Mail: <a href=\"mailto:Community@Climate-KiC.org\" target=\"_blank\" rel=\"noreferrer noopener\">Community@Climate-KiC.org<\/a>&nbsp;<\/p>\n\n\n\n<p>Anschrift: Plantage Middenlaan 45, 1018 DC Amsterdam, Die Niederlande&nbsp;<\/p>","protected":false},"excerpt":{"rendered":"<p>By subscribing to any membership, you confirm that you have read, understood, and agree to the Terms and Conditions. Please read them carefully before proceeding with your subscription.\u00a0 1. Introduction [&hellip;]<\/p>","protected":false},"author":1,"featured_media":0,"parent":0,"menu_order":0,"comment_status":"closed","ping_status":"closed","template":"","meta":{"_acf_changed":false,"_tec_requires_first_save":true,"_bbp_topic_count":0,"_bbp_reply_count":0,"_bbp_total_topic_count":0,"_bbp_total_reply_count":0,"_bbp_voice_count":0,"_bbp_anonymous_reply_count":0,"_bbp_topic_count_hidden":0,"_bbp_reply_count_hidden":0,"_bbp_forum_subforum_count":0,"pmpro_default_level":"","inline_featured_image":false,"_price":"","_stock":"","_tribe_ticket_header":"","_tribe_default_ticket_provider":"","_ticket_start_date":"","_ticket_end_date":"","_tribe_ticket_show_description":"","_tribe_ticket_show_not_going":false,"_tribe_ticket_use_global_stock":"","_tribe_ticket_global_stock_level":"","_global_stock_mode":"","_global_stock_cap":"","_tribe_rsvp_for_event":"","_tribe_ticket_going_count":"","_tribe_ticket_not_going_count":"","_tribe_tickets_list":"[]","_tribe_ticket_has_attendee_info_fields":false,"_EventAllDay":false,"_EventTimezone":"","_EventStartDate":"","_EventEndDate":"","_EventStartDateUTC":"","_EventEndDateUTC":"","_EventShowMap":false,"_EventShowMapLink":false,"_EventURL":"","_EventCost":"","_EventCostDescription":"","_EventCurrencySymbol":"","_EventCurrencyCode":"","_EventCurrencyPosition":"","_EventDateTimeSeparator":"","_EventTimeRangeSeparator":"","_EventOrganizerID":[],"_EventVenueID":[],"_OrganizerEmail":"","_OrganizerPhone":"","_OrganizerWebsite":"","_VenueAddress":"","_VenueCity":"","_VenueCountry":"","_VenueProvince":"","_VenueState":"","_VenueZip":"","_VenuePhone":"","_VenueURL":"","_VenueStateProvince":"","_VenueLat":"","_VenueLng":"","_VenueShowMap":false,"_VenueShowMapLink":false,"_tribe_blocks_recurrence_rules":"","_tribe_blocks_recurrence_description":"","_tribe_blocks_recurrence_exclusions":"","footnotes":""},"page_tag":[],"class_list":["post-3897","page","type-page","status-publish","hentry","pmpro-has-access"],"acf":[],"_links":{"self":[{"href":"https:\/\/climate-hive.org\/de\/wp-json\/wp\/v2\/pages\/3897","targetHints":{"allow":["GET"]}}],"collection":[{"href":"https:\/\/climate-hive.org\/de\/wp-json\/wp\/v2\/pages"}],"about":[{"href":"https:\/\/climate-hive.org\/de\/wp-json\/wp\/v2\/types\/page"}],"author":[{"embeddable":true,"href":"https:\/\/climate-hive.org\/de\/wp-json\/wp\/v2\/users\/1"}],"replies":[{"embeddable":true,"href":"https:\/\/climate-hive.org\/de\/wp-json\/wp\/v2\/comments?post=3897"}],"version-history":[{"count":3,"href":"https:\/\/climate-hive.org\/de\/wp-json\/wp\/v2\/pages\/3897\/revisions"}],"predecessor-version":[{"id":4339,"href":"https:\/\/climate-hive.org\/de\/wp-json\/wp\/v2\/pages\/3897\/revisions\/4339"}],"wp:attachment":[{"href":"https:\/\/climate-hive.org\/de\/wp-json\/wp\/v2\/media?parent=3897"}],"wp:term":[{"taxonomy":"page_tag","embeddable":true,"href":"https:\/\/climate-hive.org\/de\/wp-json\/wp\/v2\/page_tag?post=3897"}],"curies":[{"name":"wp","href":"https:\/\/api.w.org\/{rel}","templated":true}]}}