{"id":4093,"date":"2025-09-05T14:45:48","date_gmt":"2025-09-05T13:45:48","guid":{"rendered":"https:\/\/climate-hive.org\/?page_id=4093"},"modified":"2026-02-05T16:25:26","modified_gmt":"2026-02-05T16:25:26","slug":"green-horizons","status":"publish","type":"page","link":"https:\/\/climate-hive.org\/de\/green-horizons\/","title":{"rendered":"Green Horizons"},"content":{"rendered":"<div class=\"wp-block-group headline container\"><div class=\"wp-block-group__inner-container is-layout-constrained wp-block-group-is-layout-constrained\">\n<h2 class=\"wp-block-heading has-text-align-center\"><strong>Werden Sie Teil einer Gemeinschaft, die sich der nachhaltigen Landwirtschaft und dem Wissensaustausch widmet.&nbsp;<\/strong><\/h2>\n\n\n\n<p class=\"has-text-align-center\">Die moderne Landwirtschaft steht vor komplexen Herausforderungen, vom Klimawandel bis zur Marktvolatilit\u00e4t. \u00dcber unser engagiertes Netzwerk Green Horizons unterst\u00fctzt Climate KIC ambitionierte Landwirte auf ihrem Weg zu mehr Widerstandsf\u00e4higkeit, Produktivit\u00e4t und Nachhaltigkeit.<\/p>\n<\/div><\/div>\n\n\n\n<div style=\"height:30px\" aria-hidden=\"true\" class=\"wp-block-spacer\"><\/div>\n\n\n\n<div class=\"wp-block-columns join-info container is-layout-flex wp-container-core-columns-is-layout-9d6595d7 wp-block-columns-is-layout-flex\">\n<div class=\"wp-block-column is-vertically-aligned-center is-layout-flow wp-block-column-is-layout-flow\">\n<h3 class=\"wp-block-heading\">Was ist Green Horizons?<\/h3>\n\n\n\n<p>Ein Netzwerk f\u00fcr den Wissensaustausch und eine Drehscheibe f\u00fcr Landwirte, die das wollen:<\/p>\n\n\n\n<ul class=\"wp-block-list\">\n<li>Mit den neuesten nachhaltigen Anbaumethoden immer einen Schritt voraus<\/li>\n\n\n\n<li>Zusammenarbeit mit Experten und anderen Landwirten<\/li>\n\n\n\n<li>Zugang zu Schulungen, Tools und Veranstaltungen erhalten<\/li>\n\n\n\n<li>Den Wandel vorantreiben durch Carbon Farming und klimagerechte Landwirtschaft<\/li>\n<\/ul>\n<\/div>\n\n\n\n<div class=\"wp-block-column is-layout-flow wp-block-column-is-layout-flow\"><div class=\"wp-block-image is-style-default\">\n<figure class=\"aligncenter size-large is-resized\"><img loading=\"lazy\" decoding=\"async\" width=\"1024\" height=\"683\" src=\"https:\/\/climate-hive.org\/wp-content\/uploads\/2025\/09\/green-horizons-1-1024x683.webp\" alt=\"\" class=\"wp-image-4156\" style=\"aspect-ratio:1;object-fit:cover;width:314px;height:auto\" srcset=\"https:\/\/climate-hive.org\/wp-content\/uploads\/2025\/09\/green-horizons-1-1024x683.webp 1024w, https:\/\/climate-hive.org\/wp-content\/uploads\/2025\/09\/green-horizons-1-300x200.webp 300w, https:\/\/climate-hive.org\/wp-content\/uploads\/2025\/09\/green-horizons-1-768x512.webp 768w, https:\/\/climate-hive.org\/wp-content\/uploads\/2025\/09\/green-horizons-1-1536x1024.webp 1536w, https:\/\/climate-hive.org\/wp-content\/uploads\/2025\/09\/green-horizons-1-2048x1365.webp 2048w\" sizes=\"auto, (max-width: 1024px) 100vw, 1024px\" \/><\/figure>\n<\/div><\/div>\n<\/div>\n\n\n\n<div style=\"height:30px\" aria-hidden=\"true\" class=\"wp-block-spacer\"><\/div>\n\n\n\n<div class=\"wp-block-group container is-vertical is-layout-flex wp-container-core-group-is-layout-8cf370e7 wp-block-group-is-layout-flex\">\n<h2 class=\"wp-block-heading\"><strong>Was wir anbieten<\/strong><\/h2>\n\n\n\n<ul class=\"wp-block-list\">\n<li><strong>Wissensdrehscheibe: <\/strong>Durchsuchen Sie eine ausgew\u00e4hlte Bibliothek mit Experteninhalten wie Artikeln, Webinaren und Leitf\u00e4den. Entdecken Sie bew\u00e4hrte Verfahren, innovative Methoden und Markteinblicke - alles an einem Ort.<\/li>\n\n\n\n<li><strong>Werkzeugkasten f\u00fcr Carbon Farming: <\/strong>Zugang zu L\u00f6sungen, Konzepten und regelm\u00e4\u00dfig aktualisierten Ressourcen f\u00fcr die wirksame Umsetzung und Ausweitung von Praktiken der Carbon Farming.<\/li>\n\n\n\n<li><strong>Veranstaltungen und Fortbildungsm\u00f6glichkeiten:<\/strong> Vor-Ort-Workshops und Online-Veranstaltungen zu Themen wie Pflanzenbau, Politik und Betriebsbesichtigungen<\/li>\n\n\n\n<li><strong>Portfolio f\u00fcr den \u00dcbergang zur Nachhaltigkeit:<\/strong> Vertiefen Sie Ihr Wissen mit spezialisierten Kursen und Materialien zur nachhaltigen Umgestaltung Ihrer Praxis<\/li>\n<\/ul>\n\n\n\n<p><\/p>\n<\/div>\n\n\n\n<div class=\"wp-block-group headline container\"><div class=\"wp-block-group__inner-container is-layout-constrained wp-block-group-is-layout-constrained\">\n<h3 class=\"wp-block-heading has-text-align-center\">Verbinden, lernen, wachsen<\/h3>\n\n\n\n<p class=\"has-text-align-center\">Drei M\u00f6glichkeiten, sich je nach Bedarf zu beteiligen:<\/p>\n<\/div><\/div>\n\n\n\n<div class=\"wp-block-group three-teasers container is-vertical is-content-justification-stretch is-nowrap is-layout-flex wp-container-core-group-is-layout-41f9fede wp-block-group-is-layout-flex\">\n<div class=\"wp-block-columns teasers-row is-layout-flex wp-container-core-columns-is-layout-9d6595d7 wp-block-columns-is-layout-flex\">\n<div class=\"wp-block-column teaser is-layout-flow wp-block-column-is-layout-flow\">\n<div class=\"wp-block-cover\"><img loading=\"lazy\" decoding=\"async\" width=\"1024\" height=\"683\" class=\"wp-block-cover__image-background wp-image-4159 size-large\" alt=\"\" src=\"https:\/\/climate-hive.org\/wp-content\/uploads\/2025\/09\/plant-1024x683.webp\" style=\"object-position:71% 53%\" data-object-fit=\"cover\" data-object-position=\"71% 53%\" srcset=\"https:\/\/climate-hive.org\/wp-content\/uploads\/2025\/09\/plant-1024x683.webp 1024w, https:\/\/climate-hive.org\/wp-content\/uploads\/2025\/09\/plant-300x200.webp 300w, https:\/\/climate-hive.org\/wp-content\/uploads\/2025\/09\/plant-768x512.webp 768w, https:\/\/climate-hive.org\/wp-content\/uploads\/2025\/09\/plant-1536x1024.webp 1536w, https:\/\/climate-hive.org\/wp-content\/uploads\/2025\/09\/plant-2048x1365.webp 2048w\" sizes=\"auto, (max-width: 1024px) 100vw, 1024px\" \/><span aria-hidden=\"true\" class=\"wp-block-cover__background has-background-dim\"><\/span><div class=\"wp-block-cover__inner-container is-layout-constrained wp-block-cover-is-layout-constrained\">\n<h4 class=\"wp-block-heading has-text-align-left has-large-font-size\"><strong>Pflanze<\/strong><\/h4>\n\n\n\n<h3 class=\"wp-block-heading\"><\/h3>\n<\/div><\/div>\n\n\n\n<div class=\"wp-block-group\"><div class=\"wp-block-group__inner-container is-layout-constrained wp-block-group-is-layout-constrained\">\n<div class=\"wp-block-columns is-layout-flex wp-container-core-columns-is-layout-9d6595d7 wp-block-columns-is-layout-flex\">\n<div class=\"wp-block-column is-layout-flow wp-block-column-is-layout-flow\" style=\"flex-basis:100%\">\n<p>Offener, EU-weiter Zugang zur Wissensdrehscheibe und Toolbox<\/p>\n<\/div>\n<\/div>\n<\/div><\/div>\n<\/div>\n\n\n\n<div class=\"wp-block-column teaser is-layout-flow wp-block-column-is-layout-flow\">\n<div class=\"wp-block-cover\"><img loading=\"lazy\" decoding=\"async\" width=\"1024\" height=\"683\" class=\"wp-block-cover__image-background wp-image-4160 size-large\" alt=\"\" src=\"https:\/\/climate-hive.org\/wp-content\/uploads\/2025\/09\/grow-1024x683.webp\" data-object-fit=\"cover\" srcset=\"https:\/\/climate-hive.org\/wp-content\/uploads\/2025\/09\/grow-1024x683.webp 1024w, https:\/\/climate-hive.org\/wp-content\/uploads\/2025\/09\/grow-300x200.webp 300w, https:\/\/climate-hive.org\/wp-content\/uploads\/2025\/09\/grow-768x512.webp 768w, https:\/\/climate-hive.org\/wp-content\/uploads\/2025\/09\/grow-1536x1024.webp 1536w, https:\/\/climate-hive.org\/wp-content\/uploads\/2025\/09\/grow-2048x1366.webp 2048w\" sizes=\"auto, (max-width: 1024px) 100vw, 1024px\" \/><span aria-hidden=\"true\" class=\"wp-block-cover__background has-background-dim\"><\/span><div class=\"wp-block-cover__inner-container is-layout-constrained wp-block-cover-is-layout-constrained\">\n<h4 class=\"wp-block-heading has-text-align-left has-large-font-size\">Wachsen<\/h4>\n\n\n\n<h3 class=\"wp-block-heading\"><\/h3>\n<\/div><\/div>\n\n\n\n<div class=\"wp-block-group\"><div class=\"wp-block-group__inner-container is-layout-constrained wp-block-group-is-layout-constrained\">\n<div class=\"wp-block-columns is-layout-flex wp-container-core-columns-is-layout-9d6595d7 wp-block-columns-is-layout-flex\">\n<div class=\"wp-block-column is-layout-flow wp-block-column-is-layout-flow\" style=\"flex-basis:100%\">\n<p>Strukturierte Unterst\u00fctzung aus der Ferne f\u00fcr Ihren Weg zur Nachhaltigkeit.<\/p>\n\n\n\n<p>Verf\u00fcgbar f\u00fcr die folgenden L\u00e4nder und Regionen: \u00d6stliche Niederlande, Irland, Slowenien, Emilia Romagna, Sardinien, Portugal, D\u00e4nemark, Bulgarien<\/p>\n<\/div>\n<\/div>\n<\/div><\/div>\n<\/div>\n\n\n\n<div class=\"wp-block-column teaser is-layout-flow wp-block-column-is-layout-flow\">\n<div class=\"wp-block-cover\"><img loading=\"lazy\" decoding=\"async\" width=\"1024\" height=\"681\" class=\"wp-block-cover__image-background wp-image-4161 size-large\" alt=\"\" src=\"https:\/\/climate-hive.org\/wp-content\/uploads\/2025\/09\/harvest-1024x681.webp\" data-object-fit=\"cover\" srcset=\"https:\/\/climate-hive.org\/wp-content\/uploads\/2025\/09\/harvest-1024x681.webp 1024w, https:\/\/climate-hive.org\/wp-content\/uploads\/2025\/09\/harvest-300x200.webp 300w, https:\/\/climate-hive.org\/wp-content\/uploads\/2025\/09\/harvest-768x511.webp 768w, https:\/\/climate-hive.org\/wp-content\/uploads\/2025\/09\/harvest-1536x1022.webp 1536w, https:\/\/climate-hive.org\/wp-content\/uploads\/2025\/09\/harvest-2048x1363.webp 2048w\" sizes=\"auto, (max-width: 1024px) 100vw, 1024px\" \/><span aria-hidden=\"true\" class=\"wp-block-cover__background has-background-dim\"><\/span><div class=\"wp-block-cover__inner-container is-layout-constrained wp-block-cover-is-layout-constrained\">\n<h4 class=\"wp-block-heading has-text-align-left has-large-font-size\">Ernte<\/h4>\n\n\n\n<h3 class=\"wp-block-heading\"><\/h3>\n<\/div><\/div>\n\n\n\n<div class=\"wp-block-group\"><div class=\"wp-block-group__inner-container is-layout-constrained wp-block-group-is-layout-constrained\">\n<div class=\"wp-block-columns is-layout-flex wp-container-core-columns-is-layout-9d6595d7 wp-block-columns-is-layout-flex\">\n<div class=\"wp-block-column is-layout-flow wp-block-column-is-layout-flow\" style=\"flex-basis:100%\">\n<p>Praktisches, ortsbezogenes Engagement und Unterst\u00fctzung in Ihrer Sprache.<\/p>\n\n\n\n<p>Verf\u00fcgbar f\u00fcr die folgenden L\u00e4nder und Regionen: Griechenland, Valencia, Polen<\/p>\n<\/div>\n<\/div>\n<\/div><\/div>\n<\/div>\n<\/div>\n<\/div>\n\n\n\n<div class=\"wp-block-columns container offer-info is-layout-flex wp-container-core-columns-is-layout-9d6595d7 wp-block-columns-is-layout-flex\">\n<div class=\"wp-block-column is-layout-flow wp-block-column-is-layout-flow\">\n<div class=\"wp-block-group image-wrapper\"><div class=\"wp-block-group__inner-container is-layout-constrained wp-block-group-is-layout-constrained\">\n<figure class=\"wp-block-image size-full\"><img loading=\"lazy\" decoding=\"async\" width=\"2560\" height=\"1707\" src=\"https:\/\/climate-hive.org\/wp-content\/uploads\/2025\/09\/green-horizons-2-scaled.webp\" alt=\"\" class=\"wp-image-4166\" srcset=\"https:\/\/climate-hive.org\/wp-content\/uploads\/2025\/09\/green-horizons-2-scaled.webp 2560w, https:\/\/climate-hive.org\/wp-content\/uploads\/2025\/09\/green-horizons-2-300x200.webp 300w, https:\/\/climate-hive.org\/wp-content\/uploads\/2025\/09\/green-horizons-2-1024x683.webp 1024w, https:\/\/climate-hive.org\/wp-content\/uploads\/2025\/09\/green-horizons-2-768x512.webp 768w, https:\/\/climate-hive.org\/wp-content\/uploads\/2025\/09\/green-horizons-2-1536x1024.webp 1536w, https:\/\/climate-hive.org\/wp-content\/uploads\/2025\/09\/green-horizons-2-2048x1365.webp 2048w\" sizes=\"auto, (max-width: 2560px) 100vw, 2560px\" \/><\/figure>\n<\/div><\/div>\n<\/div>\n\n\n\n<div class=\"wp-block-column is-layout-flow wp-block-column-is-layout-flow\">\n<h5 class=\"wp-block-heading\">Werden Sie Teil einer globalen Gemeinschaft f\u00fcr den Wandel<\/h5>\n\n\n\n<p>Green Horizons ist Teil der breiteren Climate KIC Community, die \u00fcber 150 f\u00fchrende Organisationen - von Universit\u00e4ten und Forschungseinrichtungen bis hin zu St\u00e4dten, Nichtregierungsorganisationen und Start-ups - vereint, die alle eine gemeinsame Mission haben: den Klimawandel durch mutige, gemeinschaftliche Innovation zu bek\u00e4mpfen.<\/p>\n<\/div>\n<\/div>\n\n\n\n<p><\/p>\n\n\n<div class=\"pricing-table\">\n    <div class=\"container flex flex-wrap flex-content-center\">\n                                <div class=\"level level-12\">\n                <div class=\"key-data flex flex-content-space-between\">\n                    <div class=\"name-and-pricing\">\n                        <h4 class=\"level-title\">\n                            Green Horizons                        <\/h4>\n                        <div class=\"level-price\" data-default=\"0.00&euro;\">\n                            <strong class=\"free-price\">Kostenlos<\/strong>                        <\/div>\n                    <\/div>\n\n                    <div class=\"plan-badge\">\n                        <img decoding=\"async\" class=\"level-badge level-green-horizons\" src=\"https:\/\/climate-hive.org\/wp-content\/themes\/climate-kic\/_dist\/img\/farmer.png\" alt=\"Green Horizons\" \/>                    <\/div>\n                <\/div>\n                <div class=\"description\">\n                    F\u00fcr ehrgeizige Landwirte auf ihrem Weg zu Widerstandsf\u00e4higkeit, Produktivit\u00e4t und Nachhaltigkeit\r\n\r\n<hr \/>\r\n\r\n<h3>Was enthalten ist:<\/h3>\r\n<ul>\r\n \t<li>Wissenszentrum mit Schwerpunkt auf nachhaltigen landwirtschaftlichen Praktiken<\/li>\r\n \t<li>Werkzeugkasten f\u00fcr Carbon Farming<\/li>\r\n \t<li>Workshops vor Ort und Online-Veranstaltungen mit Experten und Botschaftern<\/li>\r\n \t<li>Zugang zu einem Portfolio f\u00fcr den \u00dcbergang zur Nachhaltigkeit<\/li>\r\n<\/ul>                <\/div>\n                <div class=\"select-plan flex\">\n                    \t<a class=\"pmpro_btn pmpro_btn-select\" href=\"https:\/\/climate-hive.org\/de\/membership-checkout\/?level=12\">Registrieren Sie sich<\/a>\r\n\t                <\/div>\n            <\/div>\n            <\/div>\n<\/div>\n\n\n\n\n<div style=\"height:70px\" aria-hidden=\"true\" class=\"wp-block-spacer\"><\/div>\n\n\n\n<div class=\"wp-block-group container is-vertical is-layout-flex wp-container-core-group-is-layout-8cf370e7 wp-block-group-is-layout-flex\">\n<h3 class=\"wp-block-heading\"><strong>\u00dcber Climate KIC&nbsp;<\/strong><\/h3>\n\n\n\n<p>Climate KIC ist Europas f\u00fchrende Agentur und Gemeinschaft f\u00fcr Klima-Innovation, die klimaresistente Gemeinschaften schafft und den Klimazusammenbruch bek\u00e4mpft, indem sie den Systemwandel in L\u00e4ndern, Regionen, St\u00e4dten und Unternehmen mobilisiert. <\/p>\n\n\n\n<p>Gemeinsam mit Partnern auf der ganzen Welt bietet Climate KIC L\u00f6sungen an und f\u00f6rdert das Lernen, um die Kluft zwischen den Klimaschutzverpflichtungen und der aktuellen Realit\u00e4t zu \u00fcberbr\u00fccken und schnellere und ehrgeizigere Ma\u00dfnahmen zu ergreifen.&nbsp;<\/p>\n<\/div>\n\n\n\n<div style=\"height:56px\" aria-hidden=\"true\" class=\"wp-block-spacer\"><\/div>","protected":false},"excerpt":{"rendered":"<p>Join a community dedicated to sustainable agriculture and knowledge exchange.&nbsp; Modern farming faces complex challenges, from climate change to market volatility. Through our dedicated network Green Horizons, Climate KIC is [&hellip;]<\/p>","protected":false},"author":1,"featured_media":4094,"parent":0,"menu_order":0,"comment_status":"closed","ping_status":"closed","template":"page-landing.php","meta":{"_acf_changed":false,"_tec_requires_first_save":true,"_bbp_topic_count":0,"_bbp_reply_count":0,"_bbp_total_topic_count":0,"_bbp_total_reply_count":0,"_bbp_voice_count":0,"_bbp_anonymous_reply_count":0,"_bbp_topic_count_hidden":0,"_bbp_reply_count_hidden":0,"_bbp_forum_subforum_count":0,"pmpro_default_level":"","inline_featured_image":false,"_price":"","_stock":"","_tribe_ticket_header":"","_tribe_default_ticket_provider":"","_ticket_start_date":"","_ticket_end_date":"","_tribe_ticket_show_description":"","_tribe_ticket_show_not_going":false,"_tribe_ticket_use_global_stock":"","_tribe_ticket_global_stock_level":"","_global_stock_mode":"","_global_stock_cap":"","_tribe_rsvp_for_event":"","_tribe_ticket_going_count":"","_tribe_ticket_not_going_count":"","_tribe_tickets_list":"[]","_tribe_ticket_has_attendee_info_fields":false,"_EventAllDay":false,"_EventTimezone":"","_EventStartDate":"","_EventEndDate":"","_EventStartDateUTC":"","_EventEndDateUTC":"","_EventShowMap":false,"_EventShowMapLink":false,"_EventURL":"","_EventCost":"","_EventCostDescription":"","_EventCurrencySymbol":"","_EventCurrencyCode":"","_EventCurrencyPosition":"","_EventDateTimeSeparator":"","_EventTimeRangeSeparator":"","_EventOrganizerID":[],"_EventVenueID":[],"_OrganizerEmail":"","_OrganizerPhone":"","_OrganizerWebsite":"","_VenueAddress":"","_VenueCity":"","_VenueCountry":"","_VenueProvince":"","_VenueState":"","_VenueZip":"","_VenuePhone":"","_VenueURL":"","_VenueStateProvince":"","_VenueLat":"","_VenueLng":"","_VenueShowMap":false,"_VenueShowMapLink":false,"_tribe_blocks_recurrence_rules":"","_tribe_blocks_recurrence_description":"","_tribe_blocks_recurrence_exclusions":"","footnotes":""},"page_tag":[],"class_list":["post-4093","page","type-page","status-publish","has-post-thumbnail","hentry","pmpro-has-access"],"acf":[],"_links":{"self":[{"href":"https:\/\/climate-hive.org\/de\/wp-json\/wp\/v2\/pages\/4093","targetHints":{"allow":["GET"]}}],"collection":[{"href":"https:\/\/climate-hive.org\/de\/wp-json\/wp\/v2\/pages"}],"about":[{"href":"https:\/\/climate-hive.org\/de\/wp-json\/wp\/v2\/types\/page"}],"author":[{"embeddable":true,"href":"https:\/\/climate-hive.org\/de\/wp-json\/wp\/v2\/users\/1"}],"replies":[{"embeddable":true,"href":"https:\/\/climate-hive.org\/de\/wp-json\/wp\/v2\/comments?post=4093"}],"version-history":[{"count":44,"href":"https:\/\/climate-hive.org\/de\/wp-json\/wp\/v2\/pages\/4093\/revisions"}],"predecessor-version":[{"id":6972,"href":"https:\/\/climate-hive.org\/de\/wp-json\/wp\/v2\/pages\/4093\/revisions\/6972"}],"wp:featuredmedia":[{"embeddable":true,"href":"https:\/\/climate-hive.org\/de\/wp-json\/wp\/v2\/media\/4094"}],"wp:attachment":[{"href":"https:\/\/climate-hive.org\/de\/wp-json\/wp\/v2\/media?parent=4093"}],"wp:term":[{"taxonomy":"page_tag","embeddable":true,"href":"https:\/\/climate-hive.org\/de\/wp-json\/wp\/v2\/page_tag?post=4093"}],"curies":[{"name":"wp","href":"https:\/\/api.w.org\/{rel}","templated":true}]}}