{"id":4130,"date":"2025-09-18T11:17:14","date_gmt":"2025-09-18T10:17:14","guid":{"rendered":"https:\/\/climate-hive.org\/?page_id=4130"},"modified":"2025-09-18T11:17:14","modified_gmt":"2025-09-18T10:17:14","slug":"cookie-policy","status":"publish","type":"page","link":"https:\/\/climate-hive.org\/de\/cookie-policy\/","title":{"rendered":"Cookie-Richtlinie"},"content":{"rendered":"<h2 class=\"wp-block-heading\">Was sind Cookies?<\/h2>\n\n\n\n<p>Wie bei fast allen professionellen Websites \u00fcblich, verwendet auch diese Website Cookies, d. h. kleine Dateien, die auf Ihren Computer heruntergeladen werden, um Ihre Erfahrung zu verbessern. Auf dieser Seite wird beschrieben, welche Informationen sie sammeln, wie wir sie verwenden und warum wir diese Cookies manchmal speichern m\u00fcssen. Wir teilen Ihnen auch mit, wie Sie die Speicherung dieser Cookies verhindern k\u00f6nnen, was jedoch zu einer Beeintr\u00e4chtigung bestimmter Funktionen der Website f\u00fchren kann.<br>Weitere allgemeine Informationen \u00fcber Cookies finden Sie im Wikipedia-Artikel \u00fcber HTTP-Cookies.<\/p>\n\n\n\n<h2 class=\"wp-block-heading\">Wie wir Cookies verwenden<\/h2>\n\n\n\n<p>Wir verwenden Cookies aus einer Reihe von Gr\u00fcnden, die im Folgenden n\u00e4her erl\u00e4utert werden. Leider gibt es in den meisten F\u00e4llen keine branchen\u00fcblichen Optionen zur Deaktivierung von Cookies, ohne die Funktionen und Merkmale, die sie dieser Website hinzuf\u00fcgen, vollst\u00e4ndig zu deaktivieren. Es wird empfohlen, alle Cookies zuzulassen, wenn Sie nicht sicher sind, ob Sie sie ben\u00f6tigen oder nicht, falls sie zur Bereitstellung eines von Ihnen genutzten Dienstes verwendet werden.<\/p>\n\n\n\n<h2 class=\"wp-block-heading\">Deaktivieren von Cookies<\/h2>\n\n\n\n<p>Sie k\u00f6nnen das Setzen von Cookies verhindern, indem Sie die Einstellungen Ihres Browsers anpassen (siehe dazu die Hilfe Ihres Browsers). Beachten Sie, dass die Deaktivierung von Cookies die Funktionalit\u00e4t dieser und vieler anderer Websites, die Sie besuchen, beeintr\u00e4chtigen wird. Die Deaktivierung von Cookies f\u00fchrt in der Regel auch zur Deaktivierung bestimmter Funktionen und Merkmale der Website. Es wird daher empfohlen, Cookies nicht zu deaktivieren.<\/p>\n\n\n\n<h2 class=\"wp-block-heading\">Die von uns gesetzten Cookies<\/h2>\n\n\n\n<p>Wenn Sie Daten in ein Formular eingeben, z. B. auf Kontaktseiten, k\u00f6nnen Cookies gesetzt werden, um Ihre Benutzerdaten f\u00fcr zuk\u00fcnftige Korrespondenz zu speichern.<\/p>\n\n\n\n<h2 class=\"wp-block-heading\">Cookies von Dritten<\/h2>\n\n\n\n<p>In einigen besonderen F\u00e4llen verwenden wir auch Cookies, die von vertrauensw\u00fcrdigen Dritten bereitgestellt werden. Der folgende Abschnitt beschreibt, welche Cookies von Dritten Sie auf dieser Website finden k\u00f6nnen.<\/p>\n\n\n\n<p>Von Zeit zu Zeit testen wir neue Funktionen und nehmen geringf\u00fcgige \u00c4nderungen an der Art und Weise vor, wie die Website bereitgestellt wird. Wenn wir noch neue Funktionen testen, k\u00f6nnen diese Cookies verwendet werden, um sicherzustellen, dass Sie auf der Website ein einheitliches Erlebnis haben, und um zu verstehen, welche Optimierungen unsere Nutzer am meisten sch\u00e4tzen.<\/p>\n\n\n\n<h2 class=\"wp-block-heading\">Mehr Informationen<\/h2>\n\n\n\n<p>Wie bereits erw\u00e4hnt, ist es bei Dingen, bei denen Sie sich nicht sicher sind, ob Sie sie ben\u00f6tigen, in der Regel sicherer, die Cookies aktiviert zu lassen, f\u00fcr den Fall, dass sie mit einer der Funktionen, die Sie auf unserer Website nutzen, interagieren. Wenn Sie jedoch noch weitere Informationen ben\u00f6tigen, k\u00f6nnen Sie uns \u00fcber eine unserer bevorzugten Kontaktmethoden kontaktieren.<\/p>\n\n\n\n<p>E-Mail: <a href=\"mailto:privacy.office@climate-kic.org\">privacy.office@climate-kic.org<\/a><\/p>","protected":false},"excerpt":{"rendered":"<p>What Are Cookies As is common practice with almost all professional websites this site uses cookies, which are tiny files that are downloaded to your computer, to improve your experience. [&hellip;]<\/p>","protected":false},"author":1,"featured_media":0,"parent":0,"menu_order":0,"comment_status":"closed","ping_status":"closed","template":"","meta":{"_acf_changed":false,"_tec_requires_first_save":true,"_bbp_topic_count":0,"_bbp_reply_count":0,"_bbp_total_topic_count":0,"_bbp_total_reply_count":0,"_bbp_voice_count":0,"_bbp_anonymous_reply_count":0,"_bbp_topic_count_hidden":0,"_bbp_reply_count_hidden":0,"_bbp_forum_subforum_count":0,"pmpro_default_level":"","inline_featured_image":false,"_price":"","_stock":"","_tribe_ticket_header":"","_tribe_default_ticket_provider":"","_ticket_start_date":"","_ticket_end_date":"","_tribe_ticket_show_description":"","_tribe_ticket_show_not_going":false,"_tribe_ticket_use_global_stock":"","_tribe_ticket_global_stock_level":"","_global_stock_mode":"","_global_stock_cap":"","_tribe_rsvp_for_event":"","_tribe_ticket_going_count":"","_tribe_ticket_not_going_count":"","_tribe_tickets_list":"[]","_tribe_ticket_has_attendee_info_fields":false,"_EventAllDay":false,"_EventTimezone":"","_EventStartDate":"","_EventEndDate":"","_EventStartDateUTC":"","_EventEndDateUTC":"","_EventShowMap":false,"_EventShowMapLink":false,"_EventURL":"","_EventCost":"","_EventCostDescription":"","_EventCurrencySymbol":"","_EventCurrencyCode":"","_EventCurrencyPosition":"","_EventDateTimeSeparator":"","_EventTimeRangeSeparator":"","_EventOrganizerID":[],"_EventVenueID":[],"_OrganizerEmail":"","_OrganizerPhone":"","_OrganizerWebsite":"","_VenueAddress":"","_VenueCity":"","_VenueCountry":"","_VenueProvince":"","_VenueState":"","_VenueZip":"","_VenuePhone":"","_VenueURL":"","_VenueStateProvince":"","_VenueLat":"","_VenueLng":"","_VenueShowMap":false,"_VenueShowMapLink":false,"_tribe_blocks_recurrence_rules":"","_tribe_blocks_recurrence_description":"","_tribe_blocks_recurrence_exclusions":"","footnotes":""},"page_tag":[],"class_list":["post-4130","page","type-page","status-publish","hentry","pmpro-has-access"],"acf":[],"_links":{"self":[{"href":"https:\/\/climate-hive.org\/de\/wp-json\/wp\/v2\/pages\/4130","targetHints":{"allow":["GET"]}}],"collection":[{"href":"https:\/\/climate-hive.org\/de\/wp-json\/wp\/v2\/pages"}],"about":[{"href":"https:\/\/climate-hive.org\/de\/wp-json\/wp\/v2\/types\/page"}],"author":[{"embeddable":true,"href":"https:\/\/climate-hive.org\/de\/wp-json\/wp\/v2\/users\/1"}],"replies":[{"embeddable":true,"href":"https:\/\/climate-hive.org\/de\/wp-json\/wp\/v2\/comments?post=4130"}],"version-history":[{"count":1,"href":"https:\/\/climate-hive.org\/de\/wp-json\/wp\/v2\/pages\/4130\/revisions"}],"predecessor-version":[{"id":4131,"href":"https:\/\/climate-hive.org\/de\/wp-json\/wp\/v2\/pages\/4130\/revisions\/4131"}],"wp:attachment":[{"href":"https:\/\/climate-hive.org\/de\/wp-json\/wp\/v2\/media?parent=4130"}],"wp:term":[{"taxonomy":"page_tag","embeddable":true,"href":"https:\/\/climate-hive.org\/de\/wp-json\/wp\/v2\/page_tag?post=4130"}],"curies":[{"name":"wp","href":"https:\/\/api.w.org\/{rel}","templated":true}]}}