{"id":62,"date":"2025-02-26T15:48:46","date_gmt":"2025-02-26T15:48:46","guid":{"rendered":"https:\/\/climate-hive.org\/?page_id=62"},"modified":"2026-04-23T15:00:57","modified_gmt":"2026-04-23T14:00:57","slug":"homepage","status":"publish","type":"page","link":"https:\/\/climate-hive.org\/de\/","title":{"rendered":"Europas f\u00fchrende Gemeinschaft f\u00fcr Klima-Innovationen"},"content":{"rendered":"<div class=\"wp-block-group container fluid bg-cloud\"><div class=\"wp-block-group__inner-container is-layout-constrained wp-block-group-is-layout-constrained\">\n<div class=\"wp-block-group headline container\"><div class=\"wp-block-group__inner-container is-layout-constrained wp-block-group-is-layout-constrained\">\n<h2 class=\"wp-block-heading has-text-align-center\">Sehen Sie sich unsere n\u00e4chsten Aktivit\u00e4ten und neuesten Inhalte an<\/h2>\n\n\n\n<p class=\"has-text-align-center\">Tauchen Sie ein in exklusives Wissen, Einblicke, Netzwerk- und Kooperationsm\u00f6glichkeiten f\u00fcr Klima-Innovatoren wie Sie selbst <\/p>\n<\/div><\/div>\n\n\n\n<div class=\"wp-block-group three-teasers container is-vertical is-content-justification-stretch is-nowrap is-layout-flex wp-container-core-group-is-layout-41f9fede wp-block-group-is-layout-flex\">\n<div class=\"wp-block-columns teasers-row is-layout-flex wp-container-core-columns-is-layout-9d6595d7 wp-block-columns-is-layout-flex\">\n<div class=\"wp-block-column teaser is-layout-flow wp-block-column-is-layout-flow\">\n<div class=\"wp-block-cover\" style=\"min-height:378px;aspect-ratio:unset;\"><img loading=\"lazy\" decoding=\"async\" width=\"1920\" height=\"1080\" class=\"wp-block-cover__image-background wp-image-7489 size-full\" alt=\"\" src=\"https:\/\/climate-hive.org\/wp-content\/uploads\/2026\/04\/Untitled-design-1.png\" style=\"object-position:60% 48%\" data-object-fit=\"cover\" data-object-position=\"60% 48%\" srcset=\"https:\/\/climate-hive.org\/wp-content\/uploads\/2026\/04\/Untitled-design-1.png 1920w, https:\/\/climate-hive.org\/wp-content\/uploads\/2026\/04\/Untitled-design-1-300x169.png 300w, https:\/\/climate-hive.org\/wp-content\/uploads\/2026\/04\/Untitled-design-1-1024x576.png 1024w, https:\/\/climate-hive.org\/wp-content\/uploads\/2026\/04\/Untitled-design-1-768x432.png 768w, https:\/\/climate-hive.org\/wp-content\/uploads\/2026\/04\/Untitled-design-1-1536x864.png 1536w, https:\/\/climate-hive.org\/wp-content\/uploads\/2026\/04\/Untitled-design-1-18x10.png 18w, https:\/\/climate-hive.org\/wp-content\/uploads\/2026\/04\/Untitled-design-1-128x72.png 128w\" sizes=\"auto, (max-width: 1920px) 100vw, 1920px\" \/><span aria-hidden=\"true\" class=\"wp-block-cover__background has-background-dim\"><\/span><div class=\"wp-block-cover__inner-container is-layout-constrained wp-block-cover-is-layout-constrained\">\n<h2 class=\"wp-block-heading has-text-align-left has-large-font-size\">Einblicke in die Gemeinschaft<\/h2>\n\n\n\n<h3 class=\"wp-block-heading\">Gr\u00fcn und digital: Was es f\u00fcr Kleinunternehmen bedeutet<\/h3>\n<\/div><\/div>\n\n\n\n<div class=\"wp-block-group\"><div class=\"wp-block-group__inner-container is-layout-constrained wp-block-group-is-layout-constrained\">\n<div class=\"wp-block-columns is-layout-flex wp-container-core-columns-is-layout-9d6595d7 wp-block-columns-is-layout-flex\">\n<div class=\"wp-block-column is-layout-flow wp-block-column-is-layout-flow\" style=\"flex-basis:100%\">\n<p>Begleiten Sie uns und entdecken Sie, wie kleine Unternehmen ihre Wettbewerbsf\u00e4higkeit und Widerstandsf\u00e4higkeit steigern k\u00f6nnen, w\u00e4hrend sie den gr\u00fcnen und digitalen Wandel meistern.<\/p>\n<\/div>\n\n\n\n<div class=\"wp-block-column is-vertically-aligned-center is-layout-flow wp-block-column-is-layout-flow\" style=\"flex-basis:50px\">\n<div class=\"wp-block-buttons is-content-justification-center is-nowrap is-layout-flex wp-container-core-buttons-is-layout-94bc23d7 wp-block-buttons-is-layout-flex\">\n<div class=\"wp-block-button\"><a class=\"wp-block-button__link wp-element-button\" href=\"https:\/\/climate-hive.org\/de\/event\/insights-green-and-digital-for-small-businesses\/\">&gt;<\/a><\/div>\n<\/div>\n<\/div>\n<\/div>\n<\/div><\/div>\n<\/div>\n\n\n\n<div class=\"wp-block-column teaser is-layout-flow wp-block-column-is-layout-flow\">\n<div class=\"wp-block-cover\"><img loading=\"lazy\" decoding=\"async\" width=\"684\" height=\"1024\" class=\"wp-block-cover__image-background wp-image-6975 size-large\" alt=\"\" src=\"https:\/\/climate-hive.org\/wp-content\/uploads\/2026\/02\/pascal-bullan-amYtZtoMskc-unsplash-684x1024.jpg\" data-object-fit=\"cover\" srcset=\"https:\/\/climate-hive.org\/wp-content\/uploads\/2026\/02\/pascal-bullan-amYtZtoMskc-unsplash-684x1024.jpg 684w, https:\/\/climate-hive.org\/wp-content\/uploads\/2026\/02\/pascal-bullan-amYtZtoMskc-unsplash-200x300.jpg 200w, https:\/\/climate-hive.org\/wp-content\/uploads\/2026\/02\/pascal-bullan-amYtZtoMskc-unsplash-768x1150.jpg 768w, https:\/\/climate-hive.org\/wp-content\/uploads\/2026\/02\/pascal-bullan-amYtZtoMskc-unsplash-1025x1536.jpg 1025w, https:\/\/climate-hive.org\/wp-content\/uploads\/2026\/02\/pascal-bullan-amYtZtoMskc-unsplash-1367x2048.jpg 1367w, https:\/\/climate-hive.org\/wp-content\/uploads\/2026\/02\/pascal-bullan-amYtZtoMskc-unsplash-8x12.jpg 8w, https:\/\/climate-hive.org\/wp-content\/uploads\/2026\/02\/pascal-bullan-amYtZtoMskc-unsplash-scaled.jpg 1709w\" sizes=\"auto, (max-width: 684px) 100vw, 684px\" \/><span aria-hidden=\"true\" class=\"wp-block-cover__background has-background-dim\"><\/span><div class=\"wp-block-cover__inner-container is-layout-constrained wp-block-cover-is-layout-constrained\">\n<h2 class=\"wp-block-heading has-text-align-left has-large-font-size\">Wissenszentrum<\/h2>\n\n\n\n<h3 class=\"wp-block-heading\">Exklusive umfangreiche Ressourcen f\u00fcr Mitglieder<\/h3>\n<\/div><\/div>\n\n\n\n<div class=\"wp-block-group\"><div class=\"wp-block-group__inner-container is-layout-constrained wp-block-group-is-layout-constrained\">\n<div class=\"wp-block-columns is-layout-flex wp-container-core-columns-is-layout-9d6595d7 wp-block-columns-is-layout-flex\">\n<div class=\"wp-block-column is-layout-flow wp-block-column-is-layout-flow\" style=\"flex-basis:100%\">\n<p>Einblicke in die neuesten Klima-Innovationen, Ressourcen f\u00fcr Unternehmer und Klimabef\u00fcrworter, Lernmodule und vieles mehr<\/p>\n<\/div>\n\n\n\n<div class=\"wp-block-column is-vertically-aligned-center is-layout-flow wp-block-column-is-layout-flow\" style=\"flex-basis:50px\">\n<div class=\"wp-block-buttons is-vertical is-content-justification-center is-nowrap is-layout-flex wp-container-core-buttons-is-layout-5559b0df wp-block-buttons-is-layout-flex\">\n<div class=\"wp-block-button\"><a class=\"wp-block-button__link wp-element-button\" href=\"https:\/\/climate-hive.org\/de\/knowledge-hub\/\">&gt;<\/a><\/div>\n<\/div>\n<\/div>\n<\/div>\n<\/div><\/div>\n<\/div>\n\n\n\n<div class=\"wp-block-column teaser is-layout-flow wp-block-column-is-layout-flow\">\n<div class=\"wp-block-cover\"><img loading=\"lazy\" decoding=\"async\" width=\"1024\" height=\"683\" class=\"wp-block-cover__image-background wp-image-6810 size-large\" alt=\"\" src=\"https:\/\/climate-hive.org\/wp-content\/uploads\/2026\/01\/karsten-wurth-0w-uTa0Xz7w-unsplash-1024x683.jpg\" data-object-fit=\"cover\" srcset=\"https:\/\/climate-hive.org\/wp-content\/uploads\/2026\/01\/karsten-wurth-0w-uTa0Xz7w-unsplash-1024x683.jpg 1024w, https:\/\/climate-hive.org\/wp-content\/uploads\/2026\/01\/karsten-wurth-0w-uTa0Xz7w-unsplash-300x200.jpg 300w, https:\/\/climate-hive.org\/wp-content\/uploads\/2026\/01\/karsten-wurth-0w-uTa0Xz7w-unsplash-768x512.jpg 768w, https:\/\/climate-hive.org\/wp-content\/uploads\/2026\/01\/karsten-wurth-0w-uTa0Xz7w-unsplash-1536x1024.jpg 1536w, https:\/\/climate-hive.org\/wp-content\/uploads\/2026\/01\/karsten-wurth-0w-uTa0Xz7w-unsplash-18x12.jpg 18w, https:\/\/climate-hive.org\/wp-content\/uploads\/2026\/01\/karsten-wurth-0w-uTa0Xz7w-unsplash.jpg 1920w\" sizes=\"auto, (max-width: 1024px) 100vw, 1024px\" \/><span aria-hidden=\"true\" class=\"wp-block-cover__background has-background-dim\"><\/span><div class=\"wp-block-cover__inner-container is-layout-constrained wp-block-cover-is-layout-constrained\">\n<h2 class=\"wp-block-heading has-text-align-left has-large-font-size\">M\u00f6glichkeiten<\/h2>\n\n\n\n<h3 class=\"wp-block-heading\">F\u00f6rdermitteleinreichungen, Partnerschaftsanfragen, neue Projekte<\/h3>\n<\/div><\/div>\n\n\n\n<div class=\"wp-block-group\"><div class=\"wp-block-group__inner-container is-layout-constrained wp-block-group-is-layout-constrained\">\n<div class=\"wp-block-columns is-layout-flex wp-container-core-columns-is-layout-9d6595d7 wp-block-columns-is-layout-flex\">\n<div class=\"wp-block-column is-layout-flow wp-block-column-is-layout-flow\" style=\"flex-basis:100%\">\n<p>Finden Sie die neuesten M\u00f6glichkeiten aus dem Klimainnovations-\u00d6kosystem, um Ihre n\u00e4chste Klimaschutz- und Innovationsma\u00dfnahme voranzutreiben und zu skalieren.<\/p>\n<\/div>\n\n\n\n<div class=\"wp-block-column is-vertically-aligned-center is-layout-flow wp-block-column-is-layout-flow\" style=\"flex-basis:50px\">\n<div class=\"wp-block-buttons is-vertical is-content-justification-center is-nowrap is-layout-flex wp-container-core-buttons-is-layout-e30061ac wp-block-buttons-is-layout-flex\">\n<div class=\"wp-block-button\"><a class=\"wp-block-button__link wp-element-button\" href=\"https:\/\/climate-hive.org\/de\/opportunities\/\">&gt;<\/a><\/div>\n<\/div>\n<\/div>\n<\/div>\n<\/div><\/div>\n<\/div>\n<\/div>\n<\/div>\n<\/div><\/div>\n\n\n\n<div class=\"wp-block-group carousel-banner\"><div class=\"wp-block-group__inner-container is-layout-constrained wp-block-group-is-layout-constrained\">\n<div class=\"wp-block-group slider\"><div class=\"wp-block-group__inner-container is-layout-constrained wp-block-group-is-layout-constrained\">\n<figure class=\"wp-block-image size-full\"><img loading=\"lazy\" decoding=\"async\" width=\"917\" height=\"657\" src=\"https:\/\/climate-hive.org\/wp-content\/uploads\/2025\/03\/carousel-banner-image.webp\" alt=\"\" class=\"wp-image-3945\" srcset=\"https:\/\/climate-hive.org\/wp-content\/uploads\/2025\/03\/carousel-banner-image.webp 917w, https:\/\/climate-hive.org\/wp-content\/uploads\/2025\/03\/carousel-banner-image-300x215.webp 300w, https:\/\/climate-hive.org\/wp-content\/uploads\/2025\/03\/carousel-banner-image-768x550.webp 768w\" sizes=\"auto, (max-width: 917px) 100vw, 917px\" \/><\/figure>\n\n\n\n<div class=\"wp-block-group _slides\"><div class=\"wp-block-group__inner-container is-layout-constrained wp-block-group-is-layout-constrained\">\n<div class=\"wp-block-group _slide\"><div class=\"wp-block-group__inner-container is-layout-constrained wp-block-group-is-layout-constrained\">\n<h2 class=\"wp-block-heading\"><strong>Ihr Gesch\u00e4ft ausbauen und die Herausforderungen des Klimawandels bew\u00e4ltigen<\/strong><\/h2>\n\n\n\n<p>Die Climate KIC Community hilft KMU, ihre innovativen L\u00f6sungen zu entwickeln und zu verbreiten. Dank unseres Netzwerks aus St\u00e4dten, Unternehmen und Institutionen, Aktivit\u00e4ten zum Kapazit\u00e4tsaufbau, Innovationspiloten und CoLabs verwandelt unsere Gemeinschaft f\u00fcr KMU klimatische Herausforderungen in Gesch\u00e4ftschancen.<\/p>\n\n\n\n<div class=\"wp-block-buttons is-layout-flex wp-block-buttons-is-layout-flex\">\n<div class=\"wp-block-button inverted\"><a class=\"wp-block-button__link wp-element-button\" href=\"https:\/\/climate-hive.org\/de\/community-for-smes\/\" target=\"_blank\" rel=\"noreferrer noopener\">Mehr erfahren<\/a><\/div>\n<\/div>\n<\/div><\/div>\n\n\n\n<div class=\"wp-block-group _slide\"><div class=\"wp-block-group__inner-container is-layout-constrained wp-block-group-is-layout-constrained\">\n<h2 class=\"wp-block-heading\">Erleben Sie eine Probezeit bei uns - Null Kosten.<\/h2>\n\n\n\n<p>Mit der Impact Professionals-Mitgliedschaft k\u00f6nnen Sie die Community problemlos und kostenlos 30 Tage lang erkunden. Nehmen Sie an Veranstaltungen teil, navigieren Sie durch die Inhalte und Gruppen und bauen Sie Ihr Netzwerk aus Innovatoren, Unternehmern, Experten und Praktikern auf, die sich ebenso wie Sie f\u00fcr Klimal\u00f6sungen begeistern. Sie sind der Meinung, dass die Community nichts f\u00fcr Sie ist? Sie k\u00f6nnen jederzeit k\u00fcndigen.<\/p>\n\n\n\n<div class=\"wp-block-buttons is-layout-flex wp-block-buttons-is-layout-flex\">\n<div class=\"wp-block-button inverted\"><a class=\"wp-block-button__link wp-element-button\" href=\"https:\/\/climate-hive.org\/de\/membership-levels\/\" target=\"_blank\" rel=\"noreferrer noopener\">Jetzt anfangen<\/a><\/div>\n<\/div>\n<\/div><\/div>\n<\/div><\/div>\n<\/div><\/div>\n<\/div><\/div>\n\n\n\n<div class=\"wp-block-group alignfull statistics\" style=\"margin-top:0;margin-bottom:0;padding-top:var(--wp--preset--spacing--40);padding-bottom:var(--wp--preset--spacing--50)\"><div class=\"wp-block-group__inner-container is-layout-constrained wp-block-group-is-layout-constrained\">\n<h2 class=\"wp-block-heading alignwide has-text-align-center statistics-header\">Unsere Gemeinschaft auf einen Blick<\/h2>\n\n\n\n<div class=\"wp-block-group\"><div class=\"wp-block-group__inner-container is-layout-constrained wp-block-group-is-layout-constrained\">\n<div class=\"wp-block-columns alignwide statistics-items-wrapper is-layout-flex wp-container-core-columns-is-layout-fc755997 wp-block-columns-is-layout-flex\">\n<div class=\"wp-block-column statistics-item is-layout-flow wp-block-column-is-layout-flow\" style=\"padding-top:var(--wp--preset--spacing--40);padding-right:var(--wp--preset--spacing--40);padding-bottom:var(--wp--preset--spacing--40);padding-left:var(--wp--preset--spacing--40)\">\n<div class=\"wp-block-group\"><div class=\"wp-block-group__inner-container is-layout-constrained wp-block-group-is-layout-constrained\">\n<div class=\"wp-block-group statistics-icon\"><div class=\"wp-block-group__inner-container is-layout-constrained wp-block-group-is-layout-constrained\">\n<figure class=\"wp-block-image size-full is-resized\"><img loading=\"lazy\" decoding=\"async\" width=\"466\" height=\"334\" src=\"https:\/\/climate-hive.org\/wp-content\/uploads\/2025\/09\/CK-Global.png\" alt=\"\" class=\"wp-image-4348\" style=\"width:82px;height:auto\" srcset=\"https:\/\/climate-hive.org\/wp-content\/uploads\/2025\/09\/CK-Global.png 466w, https:\/\/climate-hive.org\/wp-content\/uploads\/2025\/09\/CK-Global-300x215.png 300w\" sizes=\"auto, (max-width: 466px) 100vw, 466px\" \/><\/figure>\n<\/div><\/div>\n\n\n\n<div class=\"wp-block-group statistics-number\"><div class=\"wp-block-group__inner-container is-layout-constrained wp-block-group-is-layout-constrained\">\n<p class=\"has-text-align-center\" style=\"font-size:70px\">147<\/p>\n<\/div><\/div>\n\n\n\n<div class=\"wp-block-group statistics-text\"><div class=\"wp-block-group__inner-container is-layout-constrained wp-block-group-is-layout-constrained\">\n<p class=\"has-text-align-center has-medium-font-size\">Vertretene L\u00e4nder<\/p>\n<\/div><\/div>\n<\/div><\/div>\n<\/div>\n\n\n\n<div class=\"wp-block-column statistics-item is-layout-flow wp-block-column-is-layout-flow\" style=\"padding-top:var(--wp--preset--spacing--40);padding-right:var(--wp--preset--spacing--40);padding-bottom:var(--wp--preset--spacing--40);padding-left:var(--wp--preset--spacing--40)\">\n<div class=\"wp-block-group\"><div class=\"wp-block-group__inner-container is-layout-constrained wp-block-group-is-layout-constrained\">\n<div class=\"wp-block-group statistics-icon\"><div class=\"wp-block-group__inner-container is-layout-constrained wp-block-group-is-layout-constrained\">\n<figure class=\"wp-block-image size-full is-resized\"><img loading=\"lazy\" decoding=\"async\" width=\"334\" height=\"354\" src=\"https:\/\/climate-hive.org\/wp-content\/uploads\/2025\/09\/CK-Leader.png\" alt=\"\" class=\"wp-image-4351\" style=\"width:56px;height:auto\" srcset=\"https:\/\/climate-hive.org\/wp-content\/uploads\/2025\/09\/CK-Leader.png 334w, https:\/\/climate-hive.org\/wp-content\/uploads\/2025\/09\/CK-Leader-283x300.png 283w\" sizes=\"auto, (max-width: 334px) 100vw, 334px\" \/><\/figure>\n<\/div><\/div>\n\n\n\n<div class=\"wp-block-group statistics-number\"><div class=\"wp-block-group__inner-container is-layout-constrained wp-block-group-is-layout-constrained\">\n<p class=\"has-text-align-center\" style=\"font-size:70px\">2000+<\/p>\n<\/div><\/div>\n\n\n\n<div class=\"wp-block-group statistics-text\"><div class=\"wp-block-group__inner-container is-layout-constrained wp-block-group-is-layout-constrained\">\n<p class=\"has-text-align-center has-medium-font-size\">Mitglieder aus Wirtschaft, Wissenschaft, Politik und Finanzwesen<\/p>\n<\/div><\/div>\n<\/div><\/div>\n<\/div>\n\n\n\n<div class=\"wp-block-column statistics-item is-layout-flow wp-block-column-is-layout-flow\" style=\"padding-top:var(--wp--preset--spacing--40);padding-right:var(--wp--preset--spacing--40);padding-bottom:var(--wp--preset--spacing--40);padding-left:var(--wp--preset--spacing--40)\">\n<div class=\"wp-block-group\"><div class=\"wp-block-group__inner-container is-layout-constrained wp-block-group-is-layout-constrained\">\n<div class=\"wp-block-group statistics-icon\"><div class=\"wp-block-group__inner-container is-layout-constrained wp-block-group-is-layout-constrained\">\n<figure class=\"wp-block-image size-full is-resized\"><img loading=\"lazy\" decoding=\"async\" width=\"337\" height=\"393\" src=\"https:\/\/climate-hive.org\/wp-content\/uploads\/2025\/09\/CK-Idea.png\" alt=\"\" class=\"wp-image-4353\" style=\"width:49px;height:auto\" srcset=\"https:\/\/climate-hive.org\/wp-content\/uploads\/2025\/09\/CK-Idea.png 337w, https:\/\/climate-hive.org\/wp-content\/uploads\/2025\/09\/CK-Idea-257x300.png 257w\" sizes=\"auto, (max-width: 337px) 100vw, 337px\" \/><\/figure>\n<\/div><\/div>\n\n\n\n<div class=\"wp-block-group statistics-number\"><div class=\"wp-block-group__inner-container is-layout-constrained wp-block-group-is-layout-constrained\">\n<p class=\"has-text-align-center\" style=\"font-size:70px\">100+<\/p>\n<\/div><\/div>\n\n\n\n<div class=\"wp-block-group statistics-text\"><div class=\"wp-block-group__inner-container is-layout-constrained wp-block-group-is-layout-constrained\">\n<p class=\"has-text-align-center\" style=\"font-size:20px\">Experten f\u00fcr Kreislaufwirtschaft, blaue Wirtschaft, Politik und mehr<\/p>\n<\/div><\/div>\n<\/div><\/div>\n<\/div>\n\n\n\n<div class=\"wp-block-column statistics-item is-layout-flow wp-block-column-is-layout-flow\" style=\"padding-top:var(--wp--preset--spacing--40);padding-right:var(--wp--preset--spacing--40);padding-bottom:var(--wp--preset--spacing--40);padding-left:var(--wp--preset--spacing--40)\">\n<div class=\"wp-block-group\"><div class=\"wp-block-group__inner-container is-layout-constrained wp-block-group-is-layout-constrained\">\n<div class=\"wp-block-group statistics-icon\"><div class=\"wp-block-group__inner-container is-layout-constrained wp-block-group-is-layout-constrained\">\n<figure class=\"wp-block-image size-full is-resized\"><img loading=\"lazy\" decoding=\"async\" width=\"393\" height=\"373\" src=\"https:\/\/climate-hive.org\/wp-content\/uploads\/2025\/09\/CK-Discussion.png\" alt=\"\" class=\"wp-image-4354\" style=\"width:63px;height:auto\" srcset=\"https:\/\/climate-hive.org\/wp-content\/uploads\/2025\/09\/CK-Discussion.png 393w, https:\/\/climate-hive.org\/wp-content\/uploads\/2025\/09\/CK-Discussion-300x285.png 300w\" sizes=\"auto, (max-width: 393px) 100vw, 393px\" \/><\/figure>\n<\/div><\/div>\n\n\n\n<div class=\"wp-block-group statistics-number\"><div class=\"wp-block-group__inner-container is-layout-constrained wp-block-group-is-layout-constrained\">\n<p class=\"has-text-align-center\" style=\"font-size:70px\">100+<\/p>\n<\/div><\/div>\n\n\n\n<div class=\"wp-block-group statistics-text\"><div class=\"wp-block-group__inner-container is-layout-constrained wp-block-group-is-layout-constrained\">\n<p class=\"has-text-align-center\" style=\"font-size:20px\">Veranstaltungen innerhalb unserer Gemeinschaft in einem Jahr<\/p>\n<\/div><\/div>\n<\/div><\/div>\n<\/div>\n\n\n\n<div class=\"wp-block-column statistics-item is-layout-flow wp-block-column-is-layout-flow\" style=\"padding-top:var(--wp--preset--spacing--40);padding-right:var(--wp--preset--spacing--40);padding-bottom:var(--wp--preset--spacing--40);padding-left:var(--wp--preset--spacing--40)\">\n<div class=\"wp-block-group\"><div class=\"wp-block-group__inner-container is-layout-constrained wp-block-group-is-layout-constrained\">\n<div class=\"wp-block-group statistics-icon\"><div class=\"wp-block-group__inner-container is-layout-constrained wp-block-group-is-layout-constrained\">\n<figure class=\"wp-block-image size-full is-resized\"><img loading=\"lazy\" decoding=\"async\" width=\"432\" height=\"432\" src=\"https:\/\/climate-hive.org\/wp-content\/uploads\/2025\/09\/CK-Target.png\" alt=\"\" class=\"wp-image-4355\" style=\"width:61px;height:auto\" srcset=\"https:\/\/climate-hive.org\/wp-content\/uploads\/2025\/09\/CK-Target.png 432w, https:\/\/climate-hive.org\/wp-content\/uploads\/2025\/09\/CK-Target-300x300.png 300w, https:\/\/climate-hive.org\/wp-content\/uploads\/2025\/09\/CK-Target-150x150.png 150w\" sizes=\"auto, (max-width: 432px) 100vw, 432px\" \/><\/figure>\n<\/div><\/div>\n\n\n\n<div class=\"wp-block-group statistics-number\"><div class=\"wp-block-group__inner-container is-layout-constrained wp-block-group-is-layout-constrained\">\n<p class=\"has-text-align-center\" style=\"font-size:70px\">50+<\/p>\n<\/div><\/div>\n\n\n\n<div class=\"wp-block-group statistics-text\"><div class=\"wp-block-group__inner-container is-layout-constrained wp-block-group-is-layout-constrained\">\n<p class=\"has-text-align-center\" style=\"font-size:20px\">M\u00f6glichkeiten er\u00f6ffnen - wie Anrufe, Beratungen und mehr<\/p>\n<\/div><\/div>\n<\/div><\/div>\n<\/div>\n<\/div>\n<\/div><\/div>\n<\/div><\/div>\n\n\n\n<div class=\"wp-block-group colour-banner container has-background\" style=\"background-color:#006fcf\"><div class=\"wp-block-group__inner-container is-layout-constrained wp-block-group-is-layout-constrained\">\n<h2 class=\"wp-block-heading has-text-align-center has-white-color has-text-color has-link-color wp-elements-84a7c237bc417b196737f91546460dd5\">Netzwerken, Lernen und Zusammenarbeiten<\/h2>\n\n\n\n<p class=\"has-text-align-center has-white-color has-text-color has-link-color wp-elements-02109d53997e114cda3e25ef2d3d8cae\">Die Climate KIC-Gemeinschaft ist Ihre zentrale Anlaufstelle f\u00fcr den Zugang zu M\u00f6glichkeiten und Wissen, um Ihr Unternehmen auszubauen und die globalen Klimaherausforderungen zu bew\u00e4ltigen.<\/p>\n\n\n\n<div class=\"wp-block-buttons is-content-justification-center is-layout-flex wp-container-core-buttons-is-layout-16018d1d wp-block-buttons-is-layout-flex\">\n<div class=\"wp-block-button\"><a class=\"wp-block-button__link has-black-color has-white-background-color has-text-color has-background has-link-color has-text-align-center wp-element-button\" href=\"https:\/\/climate-hive.org\/de\/membership-levels\/\">MITMACHEN<\/a><\/div>\n<\/div>\n<\/div><\/div>\n\n\n\n<p><\/p>","protected":false},"excerpt":{"rendered":"<p>Check out our next activities and latest content Dive into exclusive knowledge, insights, networking and collaboration opportunities for Climate Innovators like yourself Join us to discover how small businesses can [&hellip;]<\/p>","protected":false},"author":1,"featured_media":4446,"parent":0,"menu_order":0,"comment_status":"closed","ping_status":"closed","template":"page-homepage.php","meta":{"_acf_changed":false,"_tec_requires_first_save":true,"_bbp_topic_count":0,"_bbp_reply_count":0,"_bbp_total_topic_count":0,"_bbp_total_reply_count":0,"_bbp_voice_count":0,"_bbp_anonymous_reply_count":0,"_bbp_topic_count_hidden":0,"_bbp_reply_count_hidden":0,"_bbp_forum_subforum_count":0,"pmpro_default_level":"","inline_featured_image":false,"_price":"","_stock":"","_tribe_ticket_header":"","_tribe_default_ticket_provider":"","_ticket_start_date":"","_ticket_end_date":"","_tribe_ticket_show_description":"","_tribe_ticket_show_not_going":false,"_tribe_ticket_use_global_stock":"","_tribe_ticket_global_stock_level":"","_global_stock_mode":"","_global_stock_cap":"","_tribe_rsvp_for_event":"","_tribe_ticket_going_count":"","_tribe_ticket_not_going_count":"","_tribe_tickets_list":"[]","_tribe_ticket_has_attendee_info_fields":false,"_EventAllDay":false,"_EventTimezone":"","_EventStartDate":"","_EventEndDate":"","_EventStartDateUTC":"","_EventEndDateUTC":"","_EventShowMap":false,"_EventShowMapLink":false,"_EventURL":"","_EventCost":"","_EventCostDescription":"","_EventCurrencySymbol":"","_EventCurrencyCode":"","_EventCurrencyPosition":"","_EventDateTimeSeparator":"","_EventTimeRangeSeparator":"","_EventOrganizerID":[],"_EventVenueID":[],"_OrganizerEmail":"","_OrganizerPhone":"","_OrganizerWebsite":"","_VenueAddress":"","_VenueCity":"","_VenueCountry":"","_VenueProvince":"","_VenueState":"","_VenueZip":"","_VenuePhone":"","_VenueURL":"","_VenueStateProvince":"","_VenueLat":"","_VenueLng":"","_VenueShowMap":false,"_VenueShowMapLink":false,"_tribe_blocks_recurrence_rules":"","_tribe_blocks_recurrence_description":"","_tribe_blocks_recurrence_exclusions":"","footnotes":""},"page_tag":[113],"class_list":["post-62","page","type-page","status-publish","has-post-thumbnail","hentry","page_tag-climate-kic-community","pmpro-has-access"],"acf":[],"_links":{"self":[{"href":"https:\/\/climate-hive.org\/de\/wp-json\/wp\/v2\/pages\/62","targetHints":{"allow":["GET"]}}],"collection":[{"href":"https:\/\/climate-hive.org\/de\/wp-json\/wp\/v2\/pages"}],"about":[{"href":"https:\/\/climate-hive.org\/de\/wp-json\/wp\/v2\/types\/page"}],"author":[{"embeddable":true,"href":"https:\/\/climate-hive.org\/de\/wp-json\/wp\/v2\/users\/1"}],"replies":[{"embeddable":true,"href":"https:\/\/climate-hive.org\/de\/wp-json\/wp\/v2\/comments?post=62"}],"version-history":[{"count":83,"href":"https:\/\/climate-hive.org\/de\/wp-json\/wp\/v2\/pages\/62\/revisions"}],"predecessor-version":[{"id":7503,"href":"https:\/\/climate-hive.org\/de\/wp-json\/wp\/v2\/pages\/62\/revisions\/7503"}],"wp:featuredmedia":[{"embeddable":true,"href":"https:\/\/climate-hive.org\/de\/wp-json\/wp\/v2\/media\/4446"}],"wp:attachment":[{"href":"https:\/\/climate-hive.org\/de\/wp-json\/wp\/v2\/media?parent=62"}],"wp:term":[{"taxonomy":"page_tag","embeddable":true,"href":"https:\/\/climate-hive.org\/de\/wp-json\/wp\/v2\/page_tag?post=62"}],"curies":[{"name":"wp","href":"https:\/\/api.w.org\/{rel}","templated":true}]}}