{"id":6276,"date":"2025-12-19T10:25:33","date_gmt":"2025-12-19T10:25:33","guid":{"rendered":"https:\/\/climate-hive.org\/?page_id=6276"},"modified":"2025-12-19T10:25:34","modified_gmt":"2025-12-19T10:25:34","slug":"terms-conditions-organisation","status":"publish","type":"page","link":"https:\/\/climate-hive.org\/de\/terms-conditions-organisation\/","title":{"rendered":"Allgemeine Gesch\u00e4ftsbedingungen f\u00fcr Organisationsmitglieder"},"content":{"rendered":"<p>Mit der Mitgliedschaft in der Climate KIC Community (\u201cCommunity\u201d) erkl\u00e4ren Sie sich mit den folgenden Bedingungen einverstanden und verpflichten sich zur Einhaltung der Community-Richtlinien.&nbsp;<\/p>\n\n\n\n<h2 class=\"wp-block-heading\"><strong>1. Einleitung<\/strong>\u00a0<\/h2>\n\n\n\n<p>1.1. Die Climate-KIC-Community ist ein Netzwerk von nat\u00fcrlichen und juristischen Personen, die sich daf\u00fcr einsetzen, transformative Klima-Innovationen voranzutreiben und zu verbreiten. Die Gemeinschaft wird von der Stichting Climate-KIC International Foundation kuratiert, einer nach niederl\u00e4ndischem Recht ordnungsgem\u00e4\u00df eingetragenen gemeinn\u00fctzigen Organisation (\u201cstichting\u201d) (Registrierungsnummer 77373154) mit Sitz in der Plantage Middenlaan 45, 1018 DC Amsterdam, Niederlande (im Folgenden \u201cClimate KIC\u201d).\u00a0\u00a0<\/p>\n\n\n\n<p>1.2. Diese Allgemeinen Gesch\u00e4ftsbedingungen regeln Ihre Mitgliedschaft in der Climate KIC Community. Mit Ihrem Beitritt best\u00e4tigen Sie, dass Sie sie gelesen, verstanden und akzeptiert haben.&nbsp;<\/p>\n\n\n\n<h2 class=\"wp-block-heading\">2. <strong>Zuschussf\u00e4higkeit<\/strong>\u00a0<\/h2>\n\n\n\n<p>2.1. Die Mitgliedschaft steht gesetzlich registrierten Organisationen und Einzelpersonen ab 18 Jahren offen, deren Aktivit\u00e4ten mit dem Auftrag und den Werten der Climate KIC \u00fcbereinstimmen.&nbsp;<\/p>\n\n\n\n<h2 class=\"wp-block-heading\">3. <strong>Mitgliedschaft, Geb\u00fchren, Beendigung und Erneuerung\u00a0<\/strong>\u00a0<\/h2>\n\n\n\n<p>3.1. Die Mitgliedsbeitr\u00e4ge sind zum Zeitpunkt des Beitritts (\u201cDatum des Inkrafttretens\u201d) zu zahlen und werden sicher \u00fcber zugelassene Zahlungsmittel abgewickelt. Die Dauer der Mitgliedschaft betr\u00e4gt 12 aufeinanderfolgende Monate.&nbsp;&nbsp;<\/p>\n\n\n\n<p>3.2. Die Mitgliedschaft erneuert sich automatisch jedes Jahr, wenn sie nicht mindestens einen Monat vor der Erneuerung gek\u00fcndigt wird.&nbsp;&nbsp;<\/p>\n\n\n\n<p>3.3. Die Climate KIC stellt Ihnen die Zahlung des Mitgliedsbeitrags j\u00e4hrlich in Rechnung, beginnend mit dem Datum des Inkrafttretens.&nbsp;<\/p>\n\n\n\n<p>3.4. Einmal begonnene Geb\u00fchren werden f\u00fcr den laufenden Abrechnungszeitraum nicht erstattet.&nbsp;<\/p>\n\n\n\n<p>3.5. Mitglieder k\u00f6nnen ihre Mitgliedschaft k\u00fcndigen, indem sie zu Einstellungen &gt; Mitgliedschaft &gt; Meine Mitgliedschaften navigieren und auf \u2018K\u00fcndigen\u2019 klicken. Alternativ k\u00f6nnen Sie Climate KIC kontaktieren unter <a>community@climate-kic.org<\/a>\u00a0jederzeit, jedoch nicht sp\u00e4ter als 2 Wochen vor der automatischen Erneuerung. Die K\u00fcndigung wird zum Ende des laufenden Mitgliedszeitraums wirksam.\u00a0<\/p>\n\n\n\n<p>3.6. Die Klima-KIC kann die Mitgliedschaft mit sofortiger Wirkung beenden, wenn Beitr\u00e4ge nicht bezahlt werden oder wenn das Verhalten eines Mitglieds dem Ansehen der Gemeinschaft schadet.&nbsp;<\/p>\n\n\n\n<h2 class=\"wp-block-heading\">4. <strong>Vorteile<\/strong>\u00a0\u00a0<\/h2>\n\n\n\n<p>4.1. Als Mitglied der Gemeinschaft haben Sie Zugang zu einer f\u00fchrenden Gemeinschaft von Praktikern und Experten im Bereich der Klima-Innovation, die von Europas f\u00fchrender Gemeinschaft von People Planet Professionals unterst\u00fctzt wird.\u00a0\u00a0<\/p>\n\n\n\n<p>4.2. Die Mitglieder k\u00f6nnen das Klima-KIC-Logo verwenden, um sich als Mitglieder auszuweisen, vorbehaltlich der vorherigen Genehmigung und der Markenrichtlinien.&nbsp;<\/p>\n\n\n\n<h2 class=\"wp-block-heading\"><strong>5.   Recht auf Mitgliedschaft in der Climate KIC Association\u00a0<\/strong>\u00a0<\/h2>\n\n\n\n<p>5.1. Durch die Mitgliedschaft in der Gemeinschaft werden Sie automatisch ein angeschlossenes Mitglied des Climate KIC Vereins, was Ihnen das Recht gibt, an Versammlungen teilzunehmen (ohne Stimmrecht).\u00a0<\/p>\n\n\n\n<p>5.2.  Um ein stimmberechtigtes Mitglied zu werden, gibt es ein separates Verfahren, das in der Satzung des Klima-KIC-Vereins beschrieben ist.&nbsp;<\/p>\n\n\n\n<p>5.3. Die Rechte und Pflichten der angeschlossenen Mitglieder und stimmberechtigten Mitglieder sind in der Satzung des Klima-KIC-Vereins geregelt.&nbsp;&nbsp;<\/p>\n\n\n\n<p>5.4. Die Beendigung Ihres Status als angeschlossenes oder stimmberechtigtes Mitglied in der Vereinigung hat keine Auswirkungen auf Ihre Gemeinschaftsmitgliedschaft, es sei denn, der Grund f\u00fcr die Beendigung rechtfertigt auch die Beendigung Ihrer Gemeinschaftsmitgliedschaft.&nbsp;<\/p>\n\n\n\n<h2 class=\"wp-block-heading\">6. <strong>Datenschutz, Privatsph\u00e4re und Vertraulichkeit<\/strong>\u00a0<\/h2>\n\n\n\n<p>6.1. Climate KIC verarbeitet personenbezogene Daten (z. B. Name, Kontakt- und Zahlungsdaten) in \u00dcbereinstimmung mit den geltenden Datenschutzbestimmungen, einschlie\u00dflich GDPR und anderen relevanten Gesetzen.&nbsp;<\/p>\n\n\n\n<p>6.2. Die Daten werden verwendet, um die Mitgliedschaft zu verwalten, Dienstleistungen anzubieten und Aktivit\u00e4ten zu kommunizieren.&nbsp;<\/p>\n\n\n\n<p>6.3. Die Mitglieder haben das Recht auf Zugang, Berichtigung, L\u00f6schung oder Einschr\u00e4nkung ihrer Daten. Entsprechende Antr\u00e4ge k\u00f6nnen an community@climate-kic.org gerichtet werden.&nbsp;<\/p>\n\n\n\n<p>6.4. Vertrauliche Informationen m\u00fcssen gesch\u00fctzt werden und d\u00fcrfen nicht weitergegeben werden, es sei denn, dies ist gesetzlich vorgeschrieben.&nbsp;<\/p>\n\n\n\n<h2 class=\"wp-block-heading\">7. <strong>Zuweisung\u00a0<\/strong>\u00a0<\/h2>\n\n\n\n<p>7.1.  Die Climate KIC kann ihre Rechte und Pflichten aus diesen Nutzungsbedingungen ohne Zustimmung auf ihre Tochtergesellschaften oder verbundenen Unternehmen \u00fcbertragen.&nbsp;&nbsp;&nbsp;<\/p>\n\n\n\n<p>7.2. Gemeinschaftsmitglieder k\u00f6nnen ihre Mitgliedschaft oder Verpflichtungen nur mit vorheriger Zustimmung der Climate KIC \u00fcbertragen.&nbsp;<\/p>\n\n\n\n<h2 class=\"wp-block-heading\"><strong>8. Haftungsregime\u00a0\u00a0<\/strong>\u00a0<\/h2>\n\n\n\n<p>8.1. Die Mitglieder sind f\u00fcr ihre eigenen Handlungen und die durch ihre Teilnahme verursachten Sch\u00e4den verantwortlich.&nbsp;<\/p>\n\n\n\n<p>8.2. Climate KIC haftet nicht f\u00fcr indirekte Sch\u00e4den oder Folgesch\u00e4den (z.B. entgangener Gewinn).&nbsp;<\/p>\n\n\n\n<h2 class=\"wp-block-heading\"><strong>9. \u00c4nderungen der Bedingungen und Konditionen&nbsp;&nbsp;<\/strong>&nbsp;<\/h2>\n\n\n\n<p>9.1. Climate KIC kann diese Bedingungen jederzeit aktualisieren. Die Mitglieder werden \u00fcber wesentliche \u00c4nderungen benachrichtigt; die weitere Teilnahme gilt als Zustimmung.&nbsp;<\/p>\n\n\n\n<h2 class=\"wp-block-heading\"><strong>10. Geltendes Recht. Beilegung von Rechtsstreitigkeiten&nbsp;<\/strong>&nbsp;<\/h2>\n\n\n\n<p>10.1. Diese Bedingungen unterliegen dem niederl\u00e4ndischen Recht. Streitigkeiten werden zun\u00e4chst g\u00fctlich beigelegt; falls sie nicht beigelegt werden, sind die Gerichte in Amsterdam zust\u00e4ndig.<\/p>","protected":false},"excerpt":{"rendered":"<p>By becoming a member of the Climate KIC Community (\u201cCommunity\u201d), you agree to the following Terms and Conditions and commit to the Community Guidelines.&nbsp; 1. Introduction\u00a0 1.1. The Climate KIC\u00a0Community [&hellip;]<\/p>","protected":false},"author":3,"featured_media":0,"parent":0,"menu_order":0,"comment_status":"closed","ping_status":"closed","template":"","meta":{"_acf_changed":false,"_tec_requires_first_save":true,"_bbp_topic_count":0,"_bbp_reply_count":0,"_bbp_total_topic_count":0,"_bbp_total_reply_count":0,"_bbp_voice_count":0,"_bbp_anonymous_reply_count":0,"_bbp_topic_count_hidden":0,"_bbp_reply_count_hidden":0,"_bbp_forum_subforum_count":0,"pmpro_default_level":"","inline_featured_image":false,"_price":"","_stock":"","_tribe_ticket_header":"","_tribe_default_ticket_provider":"","_ticket_start_date":"","_ticket_end_date":"","_tribe_ticket_show_description":"","_tribe_ticket_show_not_going":false,"_tribe_ticket_use_global_stock":"","_tribe_ticket_global_stock_level":"","_global_stock_mode":"","_global_stock_cap":"","_tribe_rsvp_for_event":"","_tribe_ticket_going_count":"","_tribe_ticket_not_going_count":"","_tribe_tickets_list":"[]","_tribe_ticket_has_attendee_info_fields":false,"_EventAllDay":false,"_EventTimezone":"","_EventStartDate":"","_EventEndDate":"","_EventStartDateUTC":"","_EventEndDateUTC":"","_EventShowMap":false,"_EventShowMapLink":false,"_EventURL":"","_EventCost":"","_EventCostDescription":"","_EventCurrencySymbol":"","_EventCurrencyCode":"","_EventCurrencyPosition":"","_EventDateTimeSeparator":"","_EventTimeRangeSeparator":"","_EventOrganizerID":[],"_EventVenueID":[],"_OrganizerEmail":"","_OrganizerPhone":"","_OrganizerWebsite":"","_VenueAddress":"","_VenueCity":"","_VenueCountry":"","_VenueProvince":"","_VenueState":"","_VenueZip":"","_VenuePhone":"","_VenueURL":"","_VenueStateProvince":"","_VenueLat":"","_VenueLng":"","_VenueShowMap":false,"_VenueShowMapLink":false,"_tribe_blocks_recurrence_rules":"","_tribe_blocks_recurrence_description":"","_tribe_blocks_recurrence_exclusions":"","footnotes":""},"page_tag":[],"class_list":["post-6276","page","type-page","status-publish","hentry","pmpro-has-access"],"acf":[],"_links":{"self":[{"href":"https:\/\/climate-hive.org\/de\/wp-json\/wp\/v2\/pages\/6276","targetHints":{"allow":["GET"]}}],"collection":[{"href":"https:\/\/climate-hive.org\/de\/wp-json\/wp\/v2\/pages"}],"about":[{"href":"https:\/\/climate-hive.org\/de\/wp-json\/wp\/v2\/types\/page"}],"author":[{"embeddable":true,"href":"https:\/\/climate-hive.org\/de\/wp-json\/wp\/v2\/users\/3"}],"replies":[{"embeddable":true,"href":"https:\/\/climate-hive.org\/de\/wp-json\/wp\/v2\/comments?post=6276"}],"version-history":[{"count":2,"href":"https:\/\/climate-hive.org\/de\/wp-json\/wp\/v2\/pages\/6276\/revisions"}],"predecessor-version":[{"id":6278,"href":"https:\/\/climate-hive.org\/de\/wp-json\/wp\/v2\/pages\/6276\/revisions\/6278"}],"wp:attachment":[{"href":"https:\/\/climate-hive.org\/de\/wp-json\/wp\/v2\/media?parent=6276"}],"wp:term":[{"taxonomy":"page_tag","embeddable":true,"href":"https:\/\/climate-hive.org\/de\/wp-json\/wp\/v2\/page_tag?post=6276"}],"curies":[{"name":"wp","href":"https:\/\/api.w.org\/{rel}","templated":true}]}}