{"id":3890,"date":"2025-03-12T12:17:45","date_gmt":"2025-03-12T12:17:45","guid":{"rendered":"https:\/\/climate-hive.org\/?page_id=3890"},"modified":"2025-10-17T15:19:54","modified_gmt":"2025-10-17T14:19:54","slug":"community-guidelines","status":"publish","type":"page","link":"https:\/\/climate-hive.org\/es\/community-guidelines\/","title":{"rendered":"Directrices comunitarias"},"content":{"rendered":"<div class=\"wp-block-group container\"><div class=\"wp-block-group__inner-container is-layout-constrained wp-block-group-is-layout-constrained\">\n<h3 class=\"wp-block-heading\"><strong>Lo que somos\u00a0<\/strong><\/h3>\n\n\n\n<p>Climate Hive es una plataforma digital para los miembros de la Comunidad Climate KIC. Su objetivo es crear un espacio en l\u00ednea seguro y de apoyo para trabajar en red, aprender y colaborar en la acci\u00f3n y la innovaci\u00f3n clim\u00e1ticas. Nuestra Comunidad se nutre de la diversidad, el intercambio de conocimientos, el compromiso positivo y la colaboraci\u00f3n radical entre sus miembros.<\/p>\n\n\n\n<p>Para garantizar una experiencia fruct\u00edfera para todos, lea y siga las siguientes directrices.&nbsp;<\/p>\n\n\n\n<p><\/p>\n\n\n\n<h4 class=\"wp-block-heading\"><strong>Qu\u00e9 fomentamos&nbsp;<\/strong><\/h4>\n\n\n\n<p>\ud83d\udde3\ufe0f <strong>Perspectivas diversas<\/strong>: La Comunidad Climate KIC est\u00e1 formada por diferentes personas y organizaciones de los sectores p\u00fablico y privado. Abrazamos y celebramos las diversas experiencias y procedencias de nuestros miembros, y creemos que la colaboraci\u00f3n radical es el motor clave para lograr un cambio sist\u00e9mico.&nbsp;<\/p>\n\n\n\n<p>\ud83d\ude4b\u200d\u2640\ufe0f<strong> Aprender y compartir<\/strong>: Climate Hive es una plataforma de intercambio de conocimientos y creaci\u00f3n de redes. Haga preguntas, comparta su experiencia y participe en conversaciones reflexivas que contribuyan al aprendizaje colectivo de todos los miembros. Compartir tu visi\u00f3n \u00fanica enriquece nuestros debates y nuestro sentido de comunidad.&nbsp;<\/p>\n\n\n\n<p>\ud83c\udf1f <strong>Compromiso positivo<\/strong>: Mantengamos nuestros debates de forma amistosa, constructiva y solidaria. Anime a los dem\u00e1s, aporte ideas \u00fatiles y celebre los logros de los dem\u00e1s mientras contribuye a la innovaci\u00f3n y la adaptaci\u00f3n clim\u00e1ticas.&nbsp;<\/p>\n\n\n\n<p>\ud83d\udcad <strong>Contexto<\/strong>: Publica siempre tus contenidos explicando el contexto. Los enlaces o eventos sin contexto no animar\u00e1n a los usuarios a interactuar con tu publicaci\u00f3n y podr\u00edan confundirse con un intento de suplantaci\u00f3n de identidad, spam o similar y, por tanto, ser denunciados.&nbsp;<\/p>\n\n\n\n<p>\ud83e\udd17 <strong>Comentarios para mejorar<\/strong>: El equipo de la Comunidad Climate KIC est\u00e1 siempre abierto a sugerencias para mejorar la experiencia de todos los miembros. Env\u00edenos un correo electr\u00f3nico a community@climate-kic.org si desea compartir sus opiniones y puntos de vista sobre temas concretos.&nbsp;<\/p>\n\n\n\n<p><\/p>\n\n\n\n<h4 class=\"wp-block-heading\"><strong>Lo que desaconsejamos&nbsp;<\/strong><\/h4>\n\n\n\n<p>\ud83d\udcdb <strong>Contenidos irrespetuosos<\/strong>: Trata a tus compa\u00f1eros con amabilidad y respeto, incluso cuando no est\u00e9s de acuerdo. No se tolerar\u00e1n el acoso, la incitaci\u00f3n al odio, los ataques personales ni la intimidaci\u00f3n.&nbsp;<\/p>\n\n\n\n<p>\ud83d\uddde\ufe0f <strong>Plagio<\/strong>: Si comparte contenidos que no son suyos, aseg\u00farese de que dispone de los permisos necesarios para hacerlo, o al menos indique la fuente de los contenidos o mencione a sus creadores. Como plataforma de intercambio de conocimientos, es crucial saber de d\u00f3nde procede la informaci\u00f3n o qui\u00e9n ha contribuido a ella.&nbsp;<\/p>\n\n\n\n<p>\ud83d\udcf0<strong> Informaci\u00f3n falsa y noticias falsas<\/strong>: Aunque el intercambio de informaci\u00f3n siempre es bienvenido, aseg\u00farese de que los contenidos que proporciona proceden de fuentes autorizadas. Los contenidos compartidos deben proceder de fuentes fiables y ser cient\u00edficamente precisos.&nbsp;<\/p>\n\n\n\n<p>\ud83d\ude45 <strong>Contenido pol\u00edtico controvertido<\/strong>: Aunque respetamos su derecho a tener cualquier opini\u00f3n pol\u00edtica, le rogamos que se abstenga de compartir mensajes abiertamente pol\u00edticos que puedan socavar el prop\u00f3sito de la Comunidad.&nbsp;<\/p>\n\n\n\n<p>\u26a0\ufe0f<strong> Promoci\u00f3n de contenidos irrelevantes<\/strong>: Comparta contenidos que est\u00e9n directamente relacionados con la Comunidad Climate KIC. No utilice la plataforma de la Comunidad como canal para promocionar contenidos o productos que sean irrelevantes para nuestro prop\u00f3sito y constituyan una forma de marketing directo.&nbsp;&nbsp;<\/p>\n\n\n\n<p><\/p>\n\n\n\n<h4 class=\"wp-block-heading\"><strong>Contenido y eliminaci\u00f3n de miembros&nbsp;<\/strong><\/h4>\n\n\n\n<p>En caso de que alguien infrinja estas directrices, el equipo de la Comunidad tomar\u00e1 medidas para proteger los intereses de la Comunidad, as\u00ed como de los miembros que puedan verse afectados por dicha acci\u00f3n. Tenga en cuenta que la CCI Clima se reserva el derecho a eliminar sin previo aviso los mensajes o cuentas que perjudiquen a la Comunidad.&nbsp;<\/p>\n\n\n\n<p>Si encuentra contenidos que no se ajustan a nuestras directrices comunitarias, utilice la funci\u00f3n de notificaci\u00f3n integrada en la plataforma o p\u00f3ngase en contacto con <a href=\"mailto:community@climate-kic.org\" target=\"_blank\" rel=\"noreferrer noopener\">community@climate-kic.org<\/a>. El equipo comunitario garantizar\u00e1 la confidencialidad de sus comentarios.&nbsp;<\/p>\n\n\n\n<p><\/p>\n\n\n\n<h4 class=\"wp-block-heading\"><strong>Gracias.&nbsp;<\/strong><\/h4>\n\n\n\n<p>Gracias por formar parte de Climate Hive y por contribuir a nuestra vibrante y solidaria Comunidad. Tu participaci\u00f3n es esencial para lograr el prop\u00f3sito de nuestra Comunidad.&nbsp;<\/p>\n\n\n\n<p>Ahora, \u00a1sigue explorando la Colmena Clim\u00e1tica!&nbsp;<\/p>\n<\/div><\/div>","protected":false},"excerpt":{"rendered":"<p>Qu\u00e9 somos Climate Hive es una plataforma digital para los miembros de Climate KIC Community. El objetivo es crear un espacio en l\u00ednea seguro y de apoyo para establecer redes, aprender y [...]<\/p>","protected":false},"author":1,"featured_media":4329,"parent":0,"menu_order":0,"comment_status":"closed","ping_status":"closed","template":"page-general.php","meta":{"_acf_changed":false,"_tec_requires_first_save":true,"_bbp_topic_count":0,"_bbp_reply_count":0,"_bbp_total_topic_count":0,"_bbp_total_reply_count":0,"_bbp_voice_count":0,"_bbp_anonymous_reply_count":0,"_bbp_topic_count_hidden":0,"_bbp_reply_count_hidden":0,"_bbp_forum_subforum_count":0,"pmpro_default_level":"","inline_featured_image":false,"_price":"","_stock":"","_tribe_ticket_header":"","_tribe_default_ticket_provider":"","_ticket_start_date":"","_ticket_end_date":"","_tribe_ticket_show_description":"","_tribe_ticket_show_not_going":false,"_tribe_ticket_use_global_stock":"","_tribe_ticket_global_stock_level":"","_global_stock_mode":"","_global_stock_cap":"","_tribe_rsvp_for_event":"","_tribe_ticket_going_count":"","_tribe_ticket_not_going_count":"","_tribe_tickets_list":"[]","_tribe_ticket_has_attendee_info_fields":false,"_EventAllDay":false,"_EventTimezone":"","_EventStartDate":"","_EventEndDate":"","_EventStartDateUTC":"","_EventEndDateUTC":"","_EventShowMap":false,"_EventShowMapLink":false,"_EventURL":"","_EventCost":"","_EventCostDescription":"","_EventCurrencySymbol":"","_EventCurrencyCode":"","_EventCurrencyPosition":"","_EventDateTimeSeparator":"","_EventTimeRangeSeparator":"","_EventOrganizerID":[],"_EventVenueID":[],"_OrganizerEmail":"","_OrganizerPhone":"","_OrganizerWebsite":"","_VenueAddress":"","_VenueCity":"","_VenueCountry":"","_VenueProvince":"","_VenueState":"","_VenueZip":"","_VenuePhone":"","_VenueURL":"","_VenueStateProvince":"","_VenueLat":"","_VenueLng":"","_VenueShowMap":false,"_VenueShowMapLink":false,"_tribe_blocks_recurrence_rules":"","_tribe_blocks_recurrence_description":"","_tribe_blocks_recurrence_exclusions":"","footnotes":""},"page_tag":[],"class_list":["post-3890","page","type-page","status-publish","has-post-thumbnail","hentry","pmpro-has-access"],"acf":[],"_links":{"self":[{"href":"https:\/\/climate-hive.org\/es\/wp-json\/wp\/v2\/pages\/3890","targetHints":{"allow":["GET"]}}],"collection":[{"href":"https:\/\/climate-hive.org\/es\/wp-json\/wp\/v2\/pages"}],"about":[{"href":"https:\/\/climate-hive.org\/es\/wp-json\/wp\/v2\/types\/page"}],"author":[{"embeddable":true,"href":"https:\/\/climate-hive.org\/es\/wp-json\/wp\/v2\/users\/1"}],"replies":[{"embeddable":true,"href":"https:\/\/climate-hive.org\/es\/wp-json\/wp\/v2\/comments?post=3890"}],"version-history":[{"count":6,"href":"https:\/\/climate-hive.org\/es\/wp-json\/wp\/v2\/pages\/3890\/revisions"}],"predecessor-version":[{"id":4694,"href":"https:\/\/climate-hive.org\/es\/wp-json\/wp\/v2\/pages\/3890\/revisions\/4694"}],"wp:featuredmedia":[{"embeddable":true,"href":"https:\/\/climate-hive.org\/es\/wp-json\/wp\/v2\/media\/4329"}],"wp:attachment":[{"href":"https:\/\/climate-hive.org\/es\/wp-json\/wp\/v2\/media?parent=3890"}],"wp:term":[{"taxonomy":"page_tag","embeddable":true,"href":"https:\/\/climate-hive.org\/es\/wp-json\/wp\/v2\/page_tag?post=3890"}],"curies":[{"name":"wp","href":"https:\/\/api.w.org\/{rel}","templated":true}]}}