{"id":3897,"date":"2025-03-12T14:04:15","date_gmt":"2025-03-12T14:04:15","guid":{"rendered":"https:\/\/climate-hive.org\/?page_id=3897"},"modified":"2025-09-26T14:12:44","modified_gmt":"2025-09-26T13:12:44","slug":"terms-conditions","status":"publish","type":"page","link":"https:\/\/climate-hive.org\/es\/terms-conditions\/","title":{"rendered":"Condiciones generales"},"content":{"rendered":"<p>Al suscribirse a cualquier tipo de afiliaci\u00f3n, usted confirma que ha le\u00eddo, comprendido y aceptado los T\u00e9rminos y Condiciones. L\u00e9alas atentamente antes de proceder a la suscripci\u00f3n.\u00a0<\/p>\n\n\n\n<h4 class=\"wp-block-heading\">1. <strong>Introducci\u00f3n<\/strong><\/h4>\n\n\n\n<ol class=\"wp-block-list\"><\/ol>\n\n\n\n<p>1.1. Los presentes T\u00e9rminos y Condiciones regulan su suscripci\u00f3n a la Comunidad Climate KIC (\u201cComunidad\u201d). Al suscribirse, reconoce que ha le\u00eddo, comprendido y aceptado los presentes T\u00e9rminos y Condiciones.\u00a0<\/p>\n\n\n\n<p>1.2. Las presentes Condiciones Generales son vinculantes para la Suscripci\u00f3n comunitaria en los t\u00e9rminos establecidos en el presente documento en el momento de su aceptaci\u00f3n.\u00a0<\/p>\n\n\n\n<h4 class=\"wp-block-heading\"><strong>2. Afiliaci\u00f3n<\/strong><\/h4>\n\n\n\n<p>2.1. Requisitos: Esta afiliaci\u00f3n est\u00e1 dirigida a personas mayores de 18 a\u00f1os.&nbsp;&nbsp;<\/p>\n\n\n\n<p>2.2. Ventajas de la suscripci\u00f3n: Como miembro, tendr\u00e1 acceso a una comunidad l\u00edder en innovaci\u00f3n clim\u00e1tica de profesionales y expertos impulsada por <strong>La principal comunidad europea de profesionales del impacto<\/strong>. Las ventajas espec\u00edficas de la afiliaci\u00f3n se detallan en la p\u00e1gina de afiliaci\u00f3n.<\/p>\n\n\n\n<h4 class=\"wp-block-heading\"><strong>3. Tasas, pago, renovaci\u00f3n<\/strong><\/h4>\n\n\n\n<p>3.1. Cuotas de afiliaci\u00f3n: La cuota de afiliaci\u00f3n depende de la afiliaci\u00f3n que haya seleccionado. Encontrar\u00e1 toda la informaci\u00f3n en la p\u00e1gina de afiliaci\u00f3n <\/p>\n\n\n\n<p>3.2. Mes extra gratis: Cada suscripci\u00f3n le concede un m\u00ednimo de 30 d\u00edas de prueba gratuita. La duraci\u00f3n del periodo de prueba se especifica en la p\u00e1gina de suscripci\u00f3n.<\/p>\n\n\n\n<p>3.3. Pago: Las cuotas de afiliaci\u00f3n vencen en el momento de la suscripci\u00f3n. Los pagos se procesan de forma segura a trav\u00e9s de nuestro proveedor de pagos.\u00a0<\/p>\n\n\n\n<p>3.4. Renovaci\u00f3n autom\u00e1tica: Su suscripci\u00f3n se renovar\u00e1 autom\u00e1ticamente de forma peri\u00f3dica a menos que la cancele antes de la fecha de renovaci\u00f3n. Recibir\u00e1 un correo electr\u00f3nico recordatorio antes de la renovaci\u00f3n.\u00a0<\/p>\n\n\n\n<h4 class=\"wp-block-heading\"><strong>4. Protecci\u00f3n de datos y privacidad<\/strong><\/h4>\n\n\n\n<p>4.1. Datos personales: Climate KIC recoge y procesa sus datos personales que usted proporciona durante el proceso de suscripci\u00f3n, incluyendo su nombre, direcci\u00f3n de correo electr\u00f3nico e informaci\u00f3n de pago. Sus datos personales se procesar\u00e1n de conformidad con la legislaci\u00f3n aplicable, tal como se define a continuaci\u00f3n, y con la pol\u00edtica de privacidad de la Climate KIC. Sus datos personales se utilizar\u00e1n para gestionar su suscripci\u00f3n, proporcionarle acceso a los recursos de la comunidad y comunicarle las actividades de la Climate KIC.\u00a0<\/p>\n\n\n\n<p>4.2. Cumplimiento: Climate KIC cumple con la legislaci\u00f3n aplicable en materia de protecci\u00f3n de datos, incluido, entre otros, el Reglamento General de Protecci\u00f3n de Datos (UE) 2016\/679 (GDPR) y cualquier ley, reglamento y legislaci\u00f3n secundaria nacional de aplicaci\u00f3n, en cada caso modificada, complementada o sustituida de vez en cuando.\u00a0<\/p>\n\n\n\n<p>4.3. Derechos: Tiene derecho a acceder, rectificar, suprimir y limitar el tratamiento de sus datos personales. Puede ejercer estos derechos poni\u00e9ndose en contacto con nosotros en community@climate-kic.org o privacy.office@climate-kic.org.\u00a0<\/p>\n\n\n\n<p>4.4. Seguridad: Aplicamos las medidas t\u00e9cnicas y organizativas adecuadas para garantizar la seguridad de sus datos personales.<\/p>\n\n\n\n<p>4.5. Consentimiento expl\u00edcito: Al suscribirse a la Comunidad, usted consiente expl\u00edcitamente la recopilaci\u00f3n, el tratamiento y el uso de sus datos personales tal y como se describe en las presentes Condiciones.&nbsp;<\/p>\n\n\n\n<p>4.6. Comunicaciones de marketing: Con su consentimiento, podemos enviarle comunicaciones de marketing relacionadas con la Comunidad Climate KIC. Puede darse de baja de estas comunicaciones en cualquier momento siguiendo el enlace para darse de baja que aparece en los correos electr\u00f3nicos o poni\u00e9ndose en contacto con nosotros en <a href=\"mailto:community@climate-kic.org\" target=\"_blank\" rel=\"noreferrer noopener\">community@climate-kic.org<\/a>.<\/p>\n\n\n\n<h4 class=\"wp-block-heading\"><strong>5. Uso de la tecnolog\u00eda de IA<\/strong><\/h4>\n\n\n\n<p>5.1 Al suscribirse, usted acepta que Climate KIC pueda desplegar tecnolog\u00eda de IA para analizar los datos de los usuarios. Esto nos permite aprovechar el poder de la introducci\u00f3n y las sinergias y orientar eficazmente las actividades para adaptarlas a sus necesidades y deseos.\u00a0<\/p>\n\n\n\n<h4 class=\"wp-block-heading\">6. Asignaci\u00f3n<\/h4>\n\n\n\n<p>6.1. Climate KIC tendr\u00e1 derecho, sin el consentimiento por escrito del Suscriptor, a ceder, delegar, transferir, cargar o disponer de otro modo de todos o cualquiera de sus derechos y responsabilidades en virtud de los T\u00e9rminos y Condiciones a cualquier filial, sucursal o afiliada de Climate KIC o a cualquier entidad con o sin \u00e1nimo de lucro constituida por Climate KIC.<\/p>\n\n\n\n<h4 class=\"wp-block-heading\">7. Cancelaci\u00f3n y reembolso<\/h4>\n\n\n\n<p>7.1. 7.1. Cancelaci\u00f3n: Puede cancelar su suscripci\u00f3n en cualquier momento desde su perfil en Configuraci\u00f3n&gt;Mis suscripciones, o poni\u00e9ndose en contacto con nosotros en <a href=\"mailto:community@climate-kic.org\" target=\"_blank\" rel=\"noreferrer noopener\">community@climate-kic.org<\/a>. Las cancelaciones surtir\u00e1n efecto al final del periodo de suscripci\u00f3n en curso.\u00a0<\/p>\n\n\n\n<p>7.2. Reembolsos: No se reembolsar\u00e1n los periodos de suscripci\u00f3n parcialmente utilizados.<\/p>\n\n\n\n<h4 class=\"wp-block-heading\">8. Cambios en las condiciones generales<\/h4>\n\n\n\n<p>8.1. Climate KIC se reserva el derecho a modificar estas Condiciones Generales en cualquier momento. Se notificar\u00e1 a los suscriptores cualquier cambio significativo por correo electr\u00f3nico. El uso continuado de la suscripci\u00f3n despu\u00e9s de que se hayan realizado cambios constituye la aceptaci\u00f3n de los nuevos T\u00e9rminos y Condiciones.<\/p>\n\n\n\n<h4 class=\"wp-block-heading\">9. Derecho aplicable<\/h4>\n\n\n\n<p>9.1. Las presentes Condiciones Generales se rigen e interpretan de conformidad con la legislaci\u00f3n de los Pa\u00edses Bajos.\u00a0<\/p>\n\n\n\n<h4 class=\"wp-block-heading\">10. Informaci\u00f3n de contacto<\/h4>\n\n\n\n<p>Si tiene alguna pregunta o duda sobre estas Condiciones, p\u00f3ngase en contacto con nosotros en:&nbsp;<\/p>\n\n\n\n<p>Correo electr\u00f3nico: <a href=\"mailto:Community@Climate-KiC.org\" target=\"_blank\" rel=\"noreferrer noopener\">Community@Climate-KiC.org<\/a>&nbsp;<\/p>\n\n\n\n<p>Direcci\u00f3n: Plantage Middenlaan 45, 1018 DC Amsterdam, Pa\u00edses Bajos&nbsp;<\/p>","protected":false},"excerpt":{"rendered":"<p>By subscribing to any membership, you confirm that you have read, understood, and agree to the Terms and Conditions. Please read them carefully before proceeding with your subscription.\u00a0 1. Introduction [&hellip;]<\/p>","protected":false},"author":1,"featured_media":0,"parent":0,"menu_order":0,"comment_status":"closed","ping_status":"closed","template":"","meta":{"_acf_changed":false,"_tec_requires_first_save":true,"_bbp_topic_count":0,"_bbp_reply_count":0,"_bbp_total_topic_count":0,"_bbp_total_reply_count":0,"_bbp_voice_count":0,"_bbp_anonymous_reply_count":0,"_bbp_topic_count_hidden":0,"_bbp_reply_count_hidden":0,"_bbp_forum_subforum_count":0,"pmpro_default_level":"","inline_featured_image":false,"_price":"","_stock":"","_tribe_ticket_header":"","_tribe_default_ticket_provider":"","_ticket_start_date":"","_ticket_end_date":"","_tribe_ticket_show_description":"","_tribe_ticket_show_not_going":false,"_tribe_ticket_use_global_stock":"","_tribe_ticket_global_stock_level":"","_global_stock_mode":"","_global_stock_cap":"","_tribe_rsvp_for_event":"","_tribe_ticket_going_count":"","_tribe_ticket_not_going_count":"","_tribe_tickets_list":"[]","_tribe_ticket_has_attendee_info_fields":false,"_EventAllDay":false,"_EventTimezone":"","_EventStartDate":"","_EventEndDate":"","_EventStartDateUTC":"","_EventEndDateUTC":"","_EventShowMap":false,"_EventShowMapLink":false,"_EventURL":"","_EventCost":"","_EventCostDescription":"","_EventCurrencySymbol":"","_EventCurrencyCode":"","_EventCurrencyPosition":"","_EventDateTimeSeparator":"","_EventTimeRangeSeparator":"","_EventOrganizerID":[],"_EventVenueID":[],"_OrganizerEmail":"","_OrganizerPhone":"","_OrganizerWebsite":"","_VenueAddress":"","_VenueCity":"","_VenueCountry":"","_VenueProvince":"","_VenueState":"","_VenueZip":"","_VenuePhone":"","_VenueURL":"","_VenueStateProvince":"","_VenueLat":"","_VenueLng":"","_VenueShowMap":false,"_VenueShowMapLink":false,"_tribe_blocks_recurrence_rules":"","_tribe_blocks_recurrence_description":"","_tribe_blocks_recurrence_exclusions":"","footnotes":""},"page_tag":[],"class_list":["post-3897","page","type-page","status-publish","hentry","pmpro-has-access"],"acf":[],"_links":{"self":[{"href":"https:\/\/climate-hive.org\/es\/wp-json\/wp\/v2\/pages\/3897","targetHints":{"allow":["GET"]}}],"collection":[{"href":"https:\/\/climate-hive.org\/es\/wp-json\/wp\/v2\/pages"}],"about":[{"href":"https:\/\/climate-hive.org\/es\/wp-json\/wp\/v2\/types\/page"}],"author":[{"embeddable":true,"href":"https:\/\/climate-hive.org\/es\/wp-json\/wp\/v2\/users\/1"}],"replies":[{"embeddable":true,"href":"https:\/\/climate-hive.org\/es\/wp-json\/wp\/v2\/comments?post=3897"}],"version-history":[{"count":3,"href":"https:\/\/climate-hive.org\/es\/wp-json\/wp\/v2\/pages\/3897\/revisions"}],"predecessor-version":[{"id":4339,"href":"https:\/\/climate-hive.org\/es\/wp-json\/wp\/v2\/pages\/3897\/revisions\/4339"}],"wp:attachment":[{"href":"https:\/\/climate-hive.org\/es\/wp-json\/wp\/v2\/media?parent=3897"}],"wp:term":[{"taxonomy":"page_tag","embeddable":true,"href":"https:\/\/climate-hive.org\/es\/wp-json\/wp\/v2\/page_tag?post=3897"}],"curies":[{"name":"wp","href":"https:\/\/api.w.org\/{rel}","templated":true}]}}