{"id":4093,"date":"2025-09-05T14:45:48","date_gmt":"2025-09-05T13:45:48","guid":{"rendered":"https:\/\/climate-hive.org\/?page_id=4093"},"modified":"2026-02-05T16:25:26","modified_gmt":"2026-02-05T16:25:26","slug":"green-horizons","status":"publish","type":"page","link":"https:\/\/climate-hive.org\/es\/green-horizons\/","title":{"rendered":"Green Horizons"},"content":{"rendered":"<div class=\"wp-block-group headline container\"><div class=\"wp-block-group__inner-container is-layout-constrained wp-block-group-is-layout-constrained\">\n<h2 class=\"wp-block-heading has-text-align-center\"><strong>\u00danase a una comunidad dedicada a la agricultura sostenible y al intercambio de conocimientos.&nbsp;<\/strong><\/h2>\n\n\n\n<p class=\"has-text-align-center\">La agricultura moderna se enfrenta a retos complejos, desde el cambio clim\u00e1tico hasta la volatilidad de los mercados. A trav\u00e9s de nuestra red Green Horizons, Climate KIC apoya a agricultores ambiciosos en su camino hacia la resiliencia, la productividad y la sostenibilidad.<\/p>\n<\/div><\/div>\n\n\n\n<div style=\"height:30px\" aria-hidden=\"true\" class=\"wp-block-spacer\"><\/div>\n\n\n\n<div class=\"wp-block-columns join-info container is-layout-flex wp-container-core-columns-is-layout-9d6595d7 wp-block-columns-is-layout-flex\">\n<div class=\"wp-block-column is-vertically-aligned-center is-layout-flow wp-block-column-is-layout-flow\">\n<h3 class=\"wp-block-heading\">\u00bfQu\u00e9 es Green Horizons?<\/h3>\n\n\n\n<p>Una red y un centro de intercambio de conocimientos dise\u00f1ados para los agricultores que quieren:<\/p>\n\n\n\n<ul class=\"wp-block-list\">\n<li>Mant\u00e9ngase a la vanguardia con las \u00faltimas t\u00e9cnicas de agricultura sostenible<\/li>\n\n\n\n<li>Colaborar con expertos y otros agricultores<\/li>\n\n\n\n<li>Acceda a formaci\u00f3n, herramientas y eventos<\/li>\n\n\n\n<li>Impulsar el cambio mediante carbon farming y la agricultura clim\u00e1ticamente inteligente<\/li>\n<\/ul>\n<\/div>\n\n\n\n<div class=\"wp-block-column is-layout-flow wp-block-column-is-layout-flow\"><div class=\"wp-block-image is-style-default\">\n<figure class=\"aligncenter size-large is-resized\"><img loading=\"lazy\" decoding=\"async\" width=\"1024\" height=\"683\" src=\"https:\/\/climate-hive.org\/wp-content\/uploads\/2025\/09\/green-horizons-1-1024x683.webp\" alt=\"\" class=\"wp-image-4156\" style=\"aspect-ratio:1;object-fit:cover;width:314px;height:auto\" srcset=\"https:\/\/climate-hive.org\/wp-content\/uploads\/2025\/09\/green-horizons-1-1024x683.webp 1024w, https:\/\/climate-hive.org\/wp-content\/uploads\/2025\/09\/green-horizons-1-300x200.webp 300w, https:\/\/climate-hive.org\/wp-content\/uploads\/2025\/09\/green-horizons-1-768x512.webp 768w, https:\/\/climate-hive.org\/wp-content\/uploads\/2025\/09\/green-horizons-1-1536x1024.webp 1536w, https:\/\/climate-hive.org\/wp-content\/uploads\/2025\/09\/green-horizons-1-2048x1365.webp 2048w\" sizes=\"auto, (max-width: 1024px) 100vw, 1024px\" \/><\/figure>\n<\/div><\/div>\n<\/div>\n\n\n\n<div style=\"height:30px\" aria-hidden=\"true\" class=\"wp-block-spacer\"><\/div>\n\n\n\n<div class=\"wp-block-group container is-vertical is-layout-flex wp-container-core-group-is-layout-8cf370e7 wp-block-group-is-layout-flex\">\n<h2 class=\"wp-block-heading\"><strong>Qu\u00e9 ofrecemos<\/strong><\/h2>\n\n\n\n<ul class=\"wp-block-list\">\n<li><strong>Knowledge Hub: <\/strong>Explore una biblioteca de contenidos de expertos que incluye art\u00edculos, seminarios web y gu\u00edas. Descubra las mejores pr\u00e1cticas, m\u00e9todos de vanguardia y perspectivas de mercado, todo en un mismo lugar.<\/li>\n\n\n\n<li><strong>Ruta para carbon farming: <\/strong>Acceda a soluciones, planes y recursos actualizados peri\u00f3dicamente para aplicar y ampliar eficazmente las pr\u00e1cticas de carbon farming.<\/li>\n\n\n\n<li><strong>Eventos y oportunidades de formaci\u00f3n:<\/strong> Talleres in situ y eventos en l\u00ednea que abarcan desde la gesti\u00f3n de cultivos hasta la pol\u00edtica y las visitas a explotaciones agr\u00edcolas.<\/li>\n\n\n\n<li><strong>Cartera de transici\u00f3n hacia la sostenibilidad:<\/strong> Aumente sus conocimientos con cursos y materiales especializados sobre la transformaci\u00f3n sostenible de sus pr\u00e1cticas<\/li>\n<\/ul>\n\n\n\n<p><\/p>\n<\/div>\n\n\n\n<div class=\"wp-block-group headline container\"><div class=\"wp-block-group__inner-container is-layout-constrained wp-block-group-is-layout-constrained\">\n<h3 class=\"wp-block-heading has-text-align-center\">Conectar, aprender, crecer<\/h3>\n\n\n\n<p class=\"has-text-align-center\">Tres maneras de participar, seg\u00fan tus necesidades:<\/p>\n<\/div><\/div>\n\n\n\n<div class=\"wp-block-group three-teasers container is-vertical is-content-justification-stretch is-nowrap is-layout-flex wp-container-core-group-is-layout-41f9fede wp-block-group-is-layout-flex\">\n<div class=\"wp-block-columns teasers-row is-layout-flex wp-container-core-columns-is-layout-9d6595d7 wp-block-columns-is-layout-flex\">\n<div class=\"wp-block-column teaser is-layout-flow wp-block-column-is-layout-flow\">\n<div class=\"wp-block-cover\"><img loading=\"lazy\" decoding=\"async\" width=\"1024\" height=\"683\" class=\"wp-block-cover__image-background wp-image-4159 size-large\" alt=\"\" src=\"https:\/\/climate-hive.org\/wp-content\/uploads\/2025\/09\/plant-1024x683.webp\" style=\"object-position:71% 53%\" data-object-fit=\"cover\" data-object-position=\"71% 53%\" srcset=\"https:\/\/climate-hive.org\/wp-content\/uploads\/2025\/09\/plant-1024x683.webp 1024w, https:\/\/climate-hive.org\/wp-content\/uploads\/2025\/09\/plant-300x200.webp 300w, https:\/\/climate-hive.org\/wp-content\/uploads\/2025\/09\/plant-768x512.webp 768w, https:\/\/climate-hive.org\/wp-content\/uploads\/2025\/09\/plant-1536x1024.webp 1536w, https:\/\/climate-hive.org\/wp-content\/uploads\/2025\/09\/plant-2048x1365.webp 2048w\" sizes=\"auto, (max-width: 1024px) 100vw, 1024px\" \/><span aria-hidden=\"true\" class=\"wp-block-cover__background has-background-dim\"><\/span><div class=\"wp-block-cover__inner-container is-layout-constrained wp-block-cover-is-layout-constrained\">\n<h4 class=\"wp-block-heading has-text-align-left has-large-font-size\"><strong>Planta<\/strong><\/h4>\n\n\n\n<h3 class=\"wp-block-heading\"><\/h3>\n<\/div><\/div>\n\n\n\n<div class=\"wp-block-group\"><div class=\"wp-block-group__inner-container is-layout-constrained wp-block-group-is-layout-constrained\">\n<div class=\"wp-block-columns is-layout-flex wp-container-core-columns-is-layout-9d6595d7 wp-block-columns-is-layout-flex\">\n<div class=\"wp-block-column is-layout-flow wp-block-column-is-layout-flow\" style=\"flex-basis:100%\">\n<p>Acceso abierto en toda la UE al centro de conocimientos y al conjunto de herramientas<\/p>\n<\/div>\n<\/div>\n<\/div><\/div>\n<\/div>\n\n\n\n<div class=\"wp-block-column teaser is-layout-flow wp-block-column-is-layout-flow\">\n<div class=\"wp-block-cover\"><img loading=\"lazy\" decoding=\"async\" width=\"1024\" height=\"683\" class=\"wp-block-cover__image-background wp-image-4160 size-large\" alt=\"\" src=\"https:\/\/climate-hive.org\/wp-content\/uploads\/2025\/09\/grow-1024x683.webp\" data-object-fit=\"cover\" srcset=\"https:\/\/climate-hive.org\/wp-content\/uploads\/2025\/09\/grow-1024x683.webp 1024w, https:\/\/climate-hive.org\/wp-content\/uploads\/2025\/09\/grow-300x200.webp 300w, https:\/\/climate-hive.org\/wp-content\/uploads\/2025\/09\/grow-768x512.webp 768w, https:\/\/climate-hive.org\/wp-content\/uploads\/2025\/09\/grow-1536x1024.webp 1536w, https:\/\/climate-hive.org\/wp-content\/uploads\/2025\/09\/grow-2048x1366.webp 2048w\" sizes=\"auto, (max-width: 1024px) 100vw, 1024px\" \/><span aria-hidden=\"true\" class=\"wp-block-cover__background has-background-dim\"><\/span><div class=\"wp-block-cover__inner-container is-layout-constrained wp-block-cover-is-layout-constrained\">\n<h4 class=\"wp-block-heading has-text-align-left has-large-font-size\">Crecer<\/h4>\n\n\n\n<h3 class=\"wp-block-heading\"><\/h3>\n<\/div><\/div>\n\n\n\n<div class=\"wp-block-group\"><div class=\"wp-block-group__inner-container is-layout-constrained wp-block-group-is-layout-constrained\">\n<div class=\"wp-block-columns is-layout-flex wp-container-core-columns-is-layout-9d6595d7 wp-block-columns-is-layout-flex\">\n<div class=\"wp-block-column is-layout-flow wp-block-column-is-layout-flow\" style=\"flex-basis:100%\">\n<p>Apoyo estructurado y a distancia para su ruta hacia la sostenibilidad.<\/p>\n\n\n\n<p>Disponible para los siguientes pa\u00edses y regiones: Pa\u00edses Bajos Orientales, Irlanda, Eslovenia, Emilia Roma\u00f1a, Cerde\u00f1a, Portugal, Dinamarca y Bulgaria.<\/p>\n<\/div>\n<\/div>\n<\/div><\/div>\n<\/div>\n\n\n\n<div class=\"wp-block-column teaser is-layout-flow wp-block-column-is-layout-flow\">\n<div class=\"wp-block-cover\"><img loading=\"lazy\" decoding=\"async\" width=\"1024\" height=\"681\" class=\"wp-block-cover__image-background wp-image-4161 size-large\" alt=\"\" src=\"https:\/\/climate-hive.org\/wp-content\/uploads\/2025\/09\/harvest-1024x681.webp\" data-object-fit=\"cover\" srcset=\"https:\/\/climate-hive.org\/wp-content\/uploads\/2025\/09\/harvest-1024x681.webp 1024w, https:\/\/climate-hive.org\/wp-content\/uploads\/2025\/09\/harvest-300x200.webp 300w, https:\/\/climate-hive.org\/wp-content\/uploads\/2025\/09\/harvest-768x511.webp 768w, https:\/\/climate-hive.org\/wp-content\/uploads\/2025\/09\/harvest-1536x1022.webp 1536w, https:\/\/climate-hive.org\/wp-content\/uploads\/2025\/09\/harvest-2048x1363.webp 2048w\" sizes=\"auto, (max-width: 1024px) 100vw, 1024px\" \/><span aria-hidden=\"true\" class=\"wp-block-cover__background has-background-dim\"><\/span><div class=\"wp-block-cover__inner-container is-layout-constrained wp-block-cover-is-layout-constrained\">\n<h4 class=\"wp-block-heading has-text-align-left has-large-font-size\">Cosecha<\/h4>\n\n\n\n<h3 class=\"wp-block-heading\"><\/h3>\n<\/div><\/div>\n\n\n\n<div class=\"wp-block-group\"><div class=\"wp-block-group__inner-container is-layout-constrained wp-block-group-is-layout-constrained\">\n<div class=\"wp-block-columns is-layout-flex wp-container-core-columns-is-layout-9d6595d7 wp-block-columns-is-layout-flex\">\n<div class=\"wp-block-column is-layout-flow wp-block-column-is-layout-flow\" style=\"flex-basis:100%\">\n<p>Compromiso pr\u00e1ctico, basado en el lugar y apoyo en su idioma.<\/p>\n\n\n\n<p>Disponible para los siguientes pa\u00edses y regiones: Grecia, Valencia, Polonia<\/p>\n<\/div>\n<\/div>\n<\/div><\/div>\n<\/div>\n<\/div>\n<\/div>\n\n\n\n<div class=\"wp-block-columns container offer-info is-layout-flex wp-container-core-columns-is-layout-9d6595d7 wp-block-columns-is-layout-flex\">\n<div class=\"wp-block-column is-layout-flow wp-block-column-is-layout-flow\">\n<div class=\"wp-block-group image-wrapper\"><div class=\"wp-block-group__inner-container is-layout-constrained wp-block-group-is-layout-constrained\">\n<figure class=\"wp-block-image size-full\"><img loading=\"lazy\" decoding=\"async\" width=\"2560\" height=\"1707\" src=\"https:\/\/climate-hive.org\/wp-content\/uploads\/2025\/09\/green-horizons-2-scaled.webp\" alt=\"\" class=\"wp-image-4166\" srcset=\"https:\/\/climate-hive.org\/wp-content\/uploads\/2025\/09\/green-horizons-2-scaled.webp 2560w, https:\/\/climate-hive.org\/wp-content\/uploads\/2025\/09\/green-horizons-2-300x200.webp 300w, https:\/\/climate-hive.org\/wp-content\/uploads\/2025\/09\/green-horizons-2-1024x683.webp 1024w, https:\/\/climate-hive.org\/wp-content\/uploads\/2025\/09\/green-horizons-2-768x512.webp 768w, https:\/\/climate-hive.org\/wp-content\/uploads\/2025\/09\/green-horizons-2-1536x1024.webp 1536w, https:\/\/climate-hive.org\/wp-content\/uploads\/2025\/09\/green-horizons-2-2048x1365.webp 2048w\" sizes=\"auto, (max-width: 2560px) 100vw, 2560px\" \/><\/figure>\n<\/div><\/div>\n<\/div>\n\n\n\n<div class=\"wp-block-column is-layout-flow wp-block-column-is-layout-flow\">\n<h5 class=\"wp-block-heading\">Forme parte de una comunidad mundial por el cambio<\/h5>\n\n\n\n<p>Green Horizons forma parte de la amplia comunidad Climate KIC, que re\u00fane a m\u00e1s de 150 organizaciones l\u00edderes, desde universidades e instituciones de investigaci\u00f3n hasta ciudades, ONG y empresas emergentes, todas ellas unidas por una misi\u00f3n com\u00fan: hacer frente al cambio clim\u00e1tico mediante una innovaci\u00f3n audaz y colaborativa.<\/p>\n<\/div>\n<\/div>\n\n\n\n<p><\/p>\n\n\n<div class=\"pricing-table\">\n    <div class=\"container flex flex-wrap flex-content-center\">\n                                <div class=\"level level-12\">\n                <div class=\"key-data flex flex-content-space-between\">\n                    <div class=\"name-and-pricing\">\n                        <h4 class=\"level-title\">\n                            Green Horizons                        <\/h4>\n                        <div class=\"level-price\" data-default=\"0.00&euro;\">\n                            <strong class=\"free-price\">Gratis<\/strong>                        <\/div>\n                    <\/div>\n\n                    <div class=\"plan-badge\">\n                        <img decoding=\"async\" class=\"level-badge level-green-horizons\" src=\"https:\/\/climate-hive.org\/wp-content\/themes\/climate-kic\/_dist\/img\/farmer.png\" alt=\"Green Horizons\" \/>                    <\/div>\n                <\/div>\n                <div class=\"description\">\n                    Para agricultores ambiciosos en su camino hacia la resiliencia, la productividad y la sostenibilidad\r\n\r\n<hr \/>\r\n\r\n<h3>Qu\u00e9 incluye:<\/h3>\r\n<ul>\r\n \t<li>Centro de conocimientos sobre pr\u00e1cticas agr\u00edcolas sostenibles<\/li>\r\n \t<li>Ruta para la agricultura del carbono<\/li>\r\n \t<li>Talleres presenciales y actos en l\u00ednea con expertos y embajadores<\/li>\r\n \t<li>Acceso a una cartera de transici\u00f3n hacia la sostenibilidad<\/li>\r\n<\/ul>                <\/div>\n                <div class=\"select-plan flex\">\n                    \t<a class=\"pmpro_btn pmpro_btn-select\" href=\"https:\/\/climate-hive.org\/es\/membership-checkout\/?level=12\">Inscr\u00edbete<\/a>\r\n\t                <\/div>\n            <\/div>\n            <\/div>\n<\/div>\n\n\n\n\n<div style=\"height:70px\" aria-hidden=\"true\" class=\"wp-block-spacer\"><\/div>\n\n\n\n<div class=\"wp-block-group container is-vertical is-layout-flex wp-container-core-group-is-layout-8cf370e7 wp-block-group-is-layout-flex\">\n<h3 class=\"wp-block-heading\"><strong>Sobre Climate KIC&nbsp;<\/strong><\/h3>\n\n\n\n<p>Climate KIC es la principal agencia y comunidad de innovaci\u00f3n clim\u00e1tica de Europa, que crea comunidades resilientes al clima y lucha contra el colapso clim\u00e1tico movilizando el cambio de sistemas en pa\u00edses, regiones, ciudades y empresas. <\/p>\n\n\n\n<p>Junto con socios de todo el mundo, Climate KIC orquesta soluciones y facilita el aprendizaje para salvar la distancia entre los compromisos clim\u00e1ticos y la realidad actual, impulsando una acci\u00f3n m\u00e1s r\u00e1pida y ambiciosa.&nbsp;<\/p>\n<\/div>\n\n\n\n<div style=\"height:56px\" aria-hidden=\"true\" class=\"wp-block-spacer\"><\/div>","protected":false},"excerpt":{"rendered":"<p>Join a community dedicated to sustainable agriculture and knowledge exchange.&nbsp; Modern farming faces complex challenges, from climate change to market volatility. Through our dedicated network Green Horizons, Climate KIC is [&hellip;]<\/p>","protected":false},"author":1,"featured_media":4094,"parent":0,"menu_order":0,"comment_status":"closed","ping_status":"closed","template":"page-landing.php","meta":{"_acf_changed":false,"_tec_requires_first_save":true,"_bbp_topic_count":0,"_bbp_reply_count":0,"_bbp_total_topic_count":0,"_bbp_total_reply_count":0,"_bbp_voice_count":0,"_bbp_anonymous_reply_count":0,"_bbp_topic_count_hidden":0,"_bbp_reply_count_hidden":0,"_bbp_forum_subforum_count":0,"pmpro_default_level":"","inline_featured_image":false,"_price":"","_stock":"","_tribe_ticket_header":"","_tribe_default_ticket_provider":"","_ticket_start_date":"","_ticket_end_date":"","_tribe_ticket_show_description":"","_tribe_ticket_show_not_going":false,"_tribe_ticket_use_global_stock":"","_tribe_ticket_global_stock_level":"","_global_stock_mode":"","_global_stock_cap":"","_tribe_rsvp_for_event":"","_tribe_ticket_going_count":"","_tribe_ticket_not_going_count":"","_tribe_tickets_list":"[]","_tribe_ticket_has_attendee_info_fields":false,"_EventAllDay":false,"_EventTimezone":"","_EventStartDate":"","_EventEndDate":"","_EventStartDateUTC":"","_EventEndDateUTC":"","_EventShowMap":false,"_EventShowMapLink":false,"_EventURL":"","_EventCost":"","_EventCostDescription":"","_EventCurrencySymbol":"","_EventCurrencyCode":"","_EventCurrencyPosition":"","_EventDateTimeSeparator":"","_EventTimeRangeSeparator":"","_EventOrganizerID":[],"_EventVenueID":[],"_OrganizerEmail":"","_OrganizerPhone":"","_OrganizerWebsite":"","_VenueAddress":"","_VenueCity":"","_VenueCountry":"","_VenueProvince":"","_VenueState":"","_VenueZip":"","_VenuePhone":"","_VenueURL":"","_VenueStateProvince":"","_VenueLat":"","_VenueLng":"","_VenueShowMap":false,"_VenueShowMapLink":false,"_tribe_blocks_recurrence_rules":"","_tribe_blocks_recurrence_description":"","_tribe_blocks_recurrence_exclusions":"","footnotes":""},"page_tag":[],"class_list":["post-4093","page","type-page","status-publish","has-post-thumbnail","hentry","pmpro-has-access"],"acf":[],"_links":{"self":[{"href":"https:\/\/climate-hive.org\/es\/wp-json\/wp\/v2\/pages\/4093","targetHints":{"allow":["GET"]}}],"collection":[{"href":"https:\/\/climate-hive.org\/es\/wp-json\/wp\/v2\/pages"}],"about":[{"href":"https:\/\/climate-hive.org\/es\/wp-json\/wp\/v2\/types\/page"}],"author":[{"embeddable":true,"href":"https:\/\/climate-hive.org\/es\/wp-json\/wp\/v2\/users\/1"}],"replies":[{"embeddable":true,"href":"https:\/\/climate-hive.org\/es\/wp-json\/wp\/v2\/comments?post=4093"}],"version-history":[{"count":44,"href":"https:\/\/climate-hive.org\/es\/wp-json\/wp\/v2\/pages\/4093\/revisions"}],"predecessor-version":[{"id":6972,"href":"https:\/\/climate-hive.org\/es\/wp-json\/wp\/v2\/pages\/4093\/revisions\/6972"}],"wp:featuredmedia":[{"embeddable":true,"href":"https:\/\/climate-hive.org\/es\/wp-json\/wp\/v2\/media\/4094"}],"wp:attachment":[{"href":"https:\/\/climate-hive.org\/es\/wp-json\/wp\/v2\/media?parent=4093"}],"wp:term":[{"taxonomy":"page_tag","embeddable":true,"href":"https:\/\/climate-hive.org\/es\/wp-json\/wp\/v2\/page_tag?post=4093"}],"curies":[{"name":"wp","href":"https:\/\/api.w.org\/{rel}","templated":true}]}}