{"id":62,"date":"2025-02-26T15:48:46","date_gmt":"2025-02-26T15:48:46","guid":{"rendered":"https:\/\/climate-hive.org\/?page_id=62"},"modified":"2026-04-23T15:00:57","modified_gmt":"2026-04-23T14:00:57","slug":"homepage","status":"publish","type":"page","link":"https:\/\/climate-hive.org\/es\/","title":{"rendered":"La principal comunidad europea de innovaci\u00f3n clim\u00e1tica"},"content":{"rendered":"<div class=\"wp-block-group container fluid bg-cloud\"><div class=\"wp-block-group__inner-container is-layout-constrained wp-block-group-is-layout-constrained\">\n<div class=\"wp-block-group headline container\"><div class=\"wp-block-group__inner-container is-layout-constrained wp-block-group-is-layout-constrained\">\n<h2 class=\"wp-block-heading has-text-align-center\">Consulta nuestras pr\u00f3ximas actividades y contenidos m\u00e1s recientes<\/h2>\n\n\n\n<p class=\"has-text-align-center\">Sum\u00e9rjete en conocimientos exclusivos, perspectivas, redes y oportunidades de colaboraci\u00f3n para innovadores clim\u00e1ticos como usted. <\/p>\n<\/div><\/div>\n\n\n\n<div class=\"wp-block-group three-teasers container is-vertical is-content-justification-stretch is-nowrap is-layout-flex wp-container-core-group-is-layout-41f9fede wp-block-group-is-layout-flex\">\n<div class=\"wp-block-columns teasers-row is-layout-flex wp-container-core-columns-is-layout-9d6595d7 wp-block-columns-is-layout-flex\">\n<div class=\"wp-block-column teaser is-layout-flow wp-block-column-is-layout-flow\">\n<div class=\"wp-block-cover\" style=\"min-height:378px;aspect-ratio:unset;\"><img loading=\"lazy\" decoding=\"async\" width=\"1920\" height=\"1080\" class=\"wp-block-cover__image-background wp-image-7489 size-full\" alt=\"\" src=\"https:\/\/climate-hive.org\/wp-content\/uploads\/2026\/04\/Untitled-design-1.png\" style=\"object-position:60% 48%\" data-object-fit=\"cover\" data-object-position=\"60% 48%\" srcset=\"https:\/\/climate-hive.org\/wp-content\/uploads\/2026\/04\/Untitled-design-1.png 1920w, https:\/\/climate-hive.org\/wp-content\/uploads\/2026\/04\/Untitled-design-1-300x169.png 300w, https:\/\/climate-hive.org\/wp-content\/uploads\/2026\/04\/Untitled-design-1-1024x576.png 1024w, https:\/\/climate-hive.org\/wp-content\/uploads\/2026\/04\/Untitled-design-1-768x432.png 768w, https:\/\/climate-hive.org\/wp-content\/uploads\/2026\/04\/Untitled-design-1-1536x864.png 1536w, https:\/\/climate-hive.org\/wp-content\/uploads\/2026\/04\/Untitled-design-1-18x10.png 18w, https:\/\/climate-hive.org\/wp-content\/uploads\/2026\/04\/Untitled-design-1-128x72.png 128w\" sizes=\"auto, (max-width: 1920px) 100vw, 1920px\" \/><span aria-hidden=\"true\" class=\"wp-block-cover__background has-background-dim\"><\/span><div class=\"wp-block-cover__inner-container is-layout-constrained wp-block-cover-is-layout-constrained\">\n<h2 class=\"wp-block-heading has-text-align-left has-large-font-size\">Perspectivas de la Comunidad<\/h2>\n\n\n\n<h3 class=\"wp-block-heading\">Verde y digital: Qu\u00e9 significa para las peque\u00f1as empresas<\/h3>\n<\/div><\/div>\n\n\n\n<div class=\"wp-block-group\"><div class=\"wp-block-group__inner-container is-layout-constrained wp-block-group-is-layout-constrained\">\n<div class=\"wp-block-columns is-layout-flex wp-container-core-columns-is-layout-9d6595d7 wp-block-columns-is-layout-flex\">\n<div class=\"wp-block-column is-layout-flow wp-block-column-is-layout-flow\" style=\"flex-basis:100%\">\n<p>\u00danase a nosotros para descubrir c\u00f3mo las peque\u00f1as empresas pueden aumentar su competitividad y resiliencia mientras navegan por las transiciones verde y digital.<\/p>\n<\/div>\n\n\n\n<div class=\"wp-block-column is-vertically-aligned-center is-layout-flow wp-block-column-is-layout-flow\" style=\"flex-basis:50px\">\n<div class=\"wp-block-buttons is-content-justification-center is-nowrap is-layout-flex wp-container-core-buttons-is-layout-94bc23d7 wp-block-buttons-is-layout-flex\">\n<div class=\"wp-block-button\"><a class=\"wp-block-button__link wp-element-button\" href=\"https:\/\/climate-hive.org\/es\/event\/insights-green-and-digital-for-small-businesses\/\">&gt;<\/a><\/div>\n<\/div>\n<\/div>\n<\/div>\n<\/div><\/div>\n<\/div>\n\n\n\n<div class=\"wp-block-column teaser is-layout-flow wp-block-column-is-layout-flow\">\n<div class=\"wp-block-cover\"><img loading=\"lazy\" decoding=\"async\" width=\"684\" height=\"1024\" class=\"wp-block-cover__image-background wp-image-6975 size-large\" alt=\"\" src=\"https:\/\/climate-hive.org\/wp-content\/uploads\/2026\/02\/pascal-bullan-amYtZtoMskc-unsplash-684x1024.jpg\" data-object-fit=\"cover\" srcset=\"https:\/\/climate-hive.org\/wp-content\/uploads\/2026\/02\/pascal-bullan-amYtZtoMskc-unsplash-684x1024.jpg 684w, https:\/\/climate-hive.org\/wp-content\/uploads\/2026\/02\/pascal-bullan-amYtZtoMskc-unsplash-200x300.jpg 200w, https:\/\/climate-hive.org\/wp-content\/uploads\/2026\/02\/pascal-bullan-amYtZtoMskc-unsplash-768x1150.jpg 768w, https:\/\/climate-hive.org\/wp-content\/uploads\/2026\/02\/pascal-bullan-amYtZtoMskc-unsplash-1025x1536.jpg 1025w, https:\/\/climate-hive.org\/wp-content\/uploads\/2026\/02\/pascal-bullan-amYtZtoMskc-unsplash-1367x2048.jpg 1367w, https:\/\/climate-hive.org\/wp-content\/uploads\/2026\/02\/pascal-bullan-amYtZtoMskc-unsplash-8x12.jpg 8w, https:\/\/climate-hive.org\/wp-content\/uploads\/2026\/02\/pascal-bullan-amYtZtoMskc-unsplash-scaled.jpg 1709w\" sizes=\"auto, (max-width: 684px) 100vw, 684px\" \/><span aria-hidden=\"true\" class=\"wp-block-cover__background has-background-dim\"><\/span><div class=\"wp-block-cover__inner-container is-layout-constrained wp-block-cover-is-layout-constrained\">\n<h2 class=\"wp-block-heading has-text-align-left has-large-font-size\">Centro de conocimiento<\/h2>\n\n\n\n<h3 class=\"wp-block-heading\">Recursos exclusivos para los afiliados<\/h3>\n<\/div><\/div>\n\n\n\n<div class=\"wp-block-group\"><div class=\"wp-block-group__inner-container is-layout-constrained wp-block-group-is-layout-constrained\">\n<div class=\"wp-block-columns is-layout-flex wp-container-core-columns-is-layout-9d6595d7 wp-block-columns-is-layout-flex\">\n<div class=\"wp-block-column is-layout-flow wp-block-column-is-layout-flow\" style=\"flex-basis:100%\">\n<p>Inf\u00f3rmate sobre las \u00faltimas innovaciones clim\u00e1ticas, recursos para empresarios y defensores del clima, m\u00f3dulos de aprendizaje y mucho m\u00e1s.<\/p>\n<\/div>\n\n\n\n<div class=\"wp-block-column is-vertically-aligned-center is-layout-flow wp-block-column-is-layout-flow\" style=\"flex-basis:50px\">\n<div class=\"wp-block-buttons is-vertical is-content-justification-center is-nowrap is-layout-flex wp-container-core-buttons-is-layout-5559b0df wp-block-buttons-is-layout-flex\">\n<div class=\"wp-block-button\"><a class=\"wp-block-button__link wp-element-button\" href=\"https:\/\/climate-hive.org\/es\/knowledge-hub\/\">&gt;<\/a><\/div>\n<\/div>\n<\/div>\n<\/div>\n<\/div><\/div>\n<\/div>\n\n\n\n<div class=\"wp-block-column teaser is-layout-flow wp-block-column-is-layout-flow\">\n<div class=\"wp-block-cover\"><img loading=\"lazy\" decoding=\"async\" width=\"1024\" height=\"683\" class=\"wp-block-cover__image-background wp-image-6810 size-large\" alt=\"\" src=\"https:\/\/climate-hive.org\/wp-content\/uploads\/2026\/01\/karsten-wurth-0w-uTa0Xz7w-unsplash-1024x683.jpg\" data-object-fit=\"cover\" srcset=\"https:\/\/climate-hive.org\/wp-content\/uploads\/2026\/01\/karsten-wurth-0w-uTa0Xz7w-unsplash-1024x683.jpg 1024w, https:\/\/climate-hive.org\/wp-content\/uploads\/2026\/01\/karsten-wurth-0w-uTa0Xz7w-unsplash-300x200.jpg 300w, https:\/\/climate-hive.org\/wp-content\/uploads\/2026\/01\/karsten-wurth-0w-uTa0Xz7w-unsplash-768x512.jpg 768w, https:\/\/climate-hive.org\/wp-content\/uploads\/2026\/01\/karsten-wurth-0w-uTa0Xz7w-unsplash-1536x1024.jpg 1536w, https:\/\/climate-hive.org\/wp-content\/uploads\/2026\/01\/karsten-wurth-0w-uTa0Xz7w-unsplash-18x12.jpg 18w, https:\/\/climate-hive.org\/wp-content\/uploads\/2026\/01\/karsten-wurth-0w-uTa0Xz7w-unsplash.jpg 1920w\" sizes=\"auto, (max-width: 1024px) 100vw, 1024px\" \/><span aria-hidden=\"true\" class=\"wp-block-cover__background has-background-dim\"><\/span><div class=\"wp-block-cover__inner-container is-layout-constrained wp-block-cover-is-layout-constrained\">\n<h2 class=\"wp-block-heading has-text-align-left has-large-font-size\">Oportunidades<\/h2>\n\n\n\n<h3 class=\"wp-block-heading\">Convocatorias de financiaci\u00f3n, solicitudes de colaboraci\u00f3n, nuevos proyectos<\/h3>\n<\/div><\/div>\n\n\n\n<div class=\"wp-block-group\"><div class=\"wp-block-group__inner-container is-layout-constrained wp-block-group-is-layout-constrained\">\n<div class=\"wp-block-columns is-layout-flex wp-container-core-columns-is-layout-9d6595d7 wp-block-columns-is-layout-flex\">\n<div class=\"wp-block-column is-layout-flow wp-block-column-is-layout-flow\" style=\"flex-basis:100%\">\n<p>Encuentra las \u00faltimas oportunidades del ecosistema de innovaci\u00f3n clim\u00e1tica para impulsar y escalar tu pr\u00f3xima acci\u00f3n e innovaci\u00f3n clim\u00e1tica.<\/p>\n<\/div>\n\n\n\n<div class=\"wp-block-column is-vertically-aligned-center is-layout-flow wp-block-column-is-layout-flow\" style=\"flex-basis:50px\">\n<div class=\"wp-block-buttons is-vertical is-content-justification-center is-nowrap is-layout-flex wp-container-core-buttons-is-layout-e30061ac wp-block-buttons-is-layout-flex\">\n<div class=\"wp-block-button\"><a class=\"wp-block-button__link wp-element-button\" href=\"https:\/\/climate-hive.org\/es\/opportunities\/\">&gt;<\/a><\/div>\n<\/div>\n<\/div>\n<\/div>\n<\/div><\/div>\n<\/div>\n<\/div>\n<\/div>\n<\/div><\/div>\n\n\n\n<div class=\"wp-block-group carousel-banner\"><div class=\"wp-block-group__inner-container is-layout-constrained wp-block-group-is-layout-constrained\">\n<div class=\"wp-block-group slider\"><div class=\"wp-block-group__inner-container is-layout-constrained wp-block-group-is-layout-constrained\">\n<figure class=\"wp-block-image size-full\"><img loading=\"lazy\" decoding=\"async\" width=\"917\" height=\"657\" src=\"https:\/\/climate-hive.org\/wp-content\/uploads\/2025\/03\/carousel-banner-image.webp\" alt=\"\" class=\"wp-image-3945\" srcset=\"https:\/\/climate-hive.org\/wp-content\/uploads\/2025\/03\/carousel-banner-image.webp 917w, https:\/\/climate-hive.org\/wp-content\/uploads\/2025\/03\/carousel-banner-image-300x215.webp 300w, https:\/\/climate-hive.org\/wp-content\/uploads\/2025\/03\/carousel-banner-image-768x550.webp 768w\" sizes=\"auto, (max-width: 917px) 100vw, 917px\" \/><\/figure>\n\n\n\n<div class=\"wp-block-group _slides\"><div class=\"wp-block-group__inner-container is-layout-constrained wp-block-group-is-layout-constrained\">\n<div class=\"wp-block-group _slide\"><div class=\"wp-block-group__inner-container is-layout-constrained wp-block-group-is-layout-constrained\">\n<h2 class=\"wp-block-heading\"><strong>Haz crecer su empresa y haz frente a los retos clim\u00e1ticos<\/strong><\/h2>\n\n\n\n<p>La Comunidad Climate KIC ayuda a las PYME a crecer y ampliar tus soluciones innovadoras. Gracias a nuestra red de ciudades, empresas e instituciones, actividades de desarrollo de capacidades, pilotos de innovaci\u00f3n y CoLabs, nuestra Comunidad para PYME convierte los retos clim\u00e1ticos en oportunidades de negocio.<\/p>\n\n\n\n<div class=\"wp-block-buttons is-layout-flex wp-block-buttons-is-layout-flex\">\n<div class=\"wp-block-button inverted\"><a class=\"wp-block-button__link wp-element-button\" href=\"https:\/\/climate-hive.org\/es\/community-for-smes\/\" target=\"_blank\" rel=\"noreferrer noopener\">M\u00e1s informaci\u00f3n<\/a><\/div>\n<\/div>\n<\/div><\/div>\n\n\n\n<div class=\"wp-block-group _slide\"><div class=\"wp-block-group__inner-container is-layout-constrained wp-block-group-is-layout-constrained\">\n<h2 class=\"wp-block-heading\">Experimente un periodo de prueba con nosotros - Coste cero.<\/h2>\n\n\n\n<p>Con la afiliaci\u00f3n a Impact Professionals, puedes empezar a explorar la Comunidad con una prueba gratuita de 30 d\u00edas sin complicaciones. \u00danete a eventos, navega por los contenidos y grupos y construye tu red de innovadores, emprendedores, expertos y profesionales apasionados por las soluciones clim\u00e1ticas como t\u00fa. \u00bfCrees que la Comunidad no es para ti? Puede darse de baja en cualquier momento.<\/p>\n\n\n\n<div class=\"wp-block-buttons is-layout-flex wp-block-buttons-is-layout-flex\">\n<div class=\"wp-block-button inverted\"><a class=\"wp-block-button__link wp-element-button\" href=\"https:\/\/climate-hive.org\/es\/membership-levels\/\" target=\"_blank\" rel=\"noreferrer noopener\">Empezar ahora<\/a><\/div>\n<\/div>\n<\/div><\/div>\n<\/div><\/div>\n<\/div><\/div>\n<\/div><\/div>\n\n\n\n<div class=\"wp-block-group alignfull statistics\" style=\"margin-top:0;margin-bottom:0;padding-top:var(--wp--preset--spacing--40);padding-bottom:var(--wp--preset--spacing--50)\"><div class=\"wp-block-group__inner-container is-layout-constrained wp-block-group-is-layout-constrained\">\n<h2 class=\"wp-block-heading alignwide has-text-align-center statistics-header\">Nuestra Comunidad en breve<\/h2>\n\n\n\n<div class=\"wp-block-group\"><div class=\"wp-block-group__inner-container is-layout-constrained wp-block-group-is-layout-constrained\">\n<div class=\"wp-block-columns alignwide statistics-items-wrapper is-layout-flex wp-container-core-columns-is-layout-fc755997 wp-block-columns-is-layout-flex\">\n<div class=\"wp-block-column statistics-item is-layout-flow wp-block-column-is-layout-flow\" style=\"padding-top:var(--wp--preset--spacing--40);padding-right:var(--wp--preset--spacing--40);padding-bottom:var(--wp--preset--spacing--40);padding-left:var(--wp--preset--spacing--40)\">\n<div class=\"wp-block-group\"><div class=\"wp-block-group__inner-container is-layout-constrained wp-block-group-is-layout-constrained\">\n<div class=\"wp-block-group statistics-icon\"><div class=\"wp-block-group__inner-container is-layout-constrained wp-block-group-is-layout-constrained\">\n<figure class=\"wp-block-image size-full is-resized\"><img loading=\"lazy\" decoding=\"async\" width=\"466\" height=\"334\" src=\"https:\/\/climate-hive.org\/wp-content\/uploads\/2025\/09\/CK-Global.png\" alt=\"\" class=\"wp-image-4348\" style=\"width:82px;height:auto\" srcset=\"https:\/\/climate-hive.org\/wp-content\/uploads\/2025\/09\/CK-Global.png 466w, https:\/\/climate-hive.org\/wp-content\/uploads\/2025\/09\/CK-Global-300x215.png 300w\" sizes=\"auto, (max-width: 466px) 100vw, 466px\" \/><\/figure>\n<\/div><\/div>\n\n\n\n<div class=\"wp-block-group statistics-number\"><div class=\"wp-block-group__inner-container is-layout-constrained wp-block-group-is-layout-constrained\">\n<p class=\"has-text-align-center\" style=\"font-size:70px\">147<\/p>\n<\/div><\/div>\n\n\n\n<div class=\"wp-block-group statistics-text\"><div class=\"wp-block-group__inner-container is-layout-constrained wp-block-group-is-layout-constrained\">\n<p class=\"has-text-align-center has-medium-font-size\">Pa\u00edses representados<\/p>\n<\/div><\/div>\n<\/div><\/div>\n<\/div>\n\n\n\n<div class=\"wp-block-column statistics-item is-layout-flow wp-block-column-is-layout-flow\" style=\"padding-top:var(--wp--preset--spacing--40);padding-right:var(--wp--preset--spacing--40);padding-bottom:var(--wp--preset--spacing--40);padding-left:var(--wp--preset--spacing--40)\">\n<div class=\"wp-block-group\"><div class=\"wp-block-group__inner-container is-layout-constrained wp-block-group-is-layout-constrained\">\n<div class=\"wp-block-group statistics-icon\"><div class=\"wp-block-group__inner-container is-layout-constrained wp-block-group-is-layout-constrained\">\n<figure class=\"wp-block-image size-full is-resized\"><img loading=\"lazy\" decoding=\"async\" width=\"334\" height=\"354\" src=\"https:\/\/climate-hive.org\/wp-content\/uploads\/2025\/09\/CK-Leader.png\" alt=\"\" class=\"wp-image-4351\" style=\"width:56px;height:auto\" srcset=\"https:\/\/climate-hive.org\/wp-content\/uploads\/2025\/09\/CK-Leader.png 334w, https:\/\/climate-hive.org\/wp-content\/uploads\/2025\/09\/CK-Leader-283x300.png 283w\" sizes=\"auto, (max-width: 334px) 100vw, 334px\" \/><\/figure>\n<\/div><\/div>\n\n\n\n<div class=\"wp-block-group statistics-number\"><div class=\"wp-block-group__inner-container is-layout-constrained wp-block-group-is-layout-constrained\">\n<p class=\"has-text-align-center\" style=\"font-size:70px\">2000+<\/p>\n<\/div><\/div>\n\n\n\n<div class=\"wp-block-group statistics-text\"><div class=\"wp-block-group__inner-container is-layout-constrained wp-block-group-is-layout-constrained\">\n<p class=\"has-text-align-center has-medium-font-size\">Miembros del mundo empresarial, acad\u00e9mico, pol\u00edtico y financiero<\/p>\n<\/div><\/div>\n<\/div><\/div>\n<\/div>\n\n\n\n<div class=\"wp-block-column statistics-item is-layout-flow wp-block-column-is-layout-flow\" style=\"padding-top:var(--wp--preset--spacing--40);padding-right:var(--wp--preset--spacing--40);padding-bottom:var(--wp--preset--spacing--40);padding-left:var(--wp--preset--spacing--40)\">\n<div class=\"wp-block-group\"><div class=\"wp-block-group__inner-container is-layout-constrained wp-block-group-is-layout-constrained\">\n<div class=\"wp-block-group statistics-icon\"><div class=\"wp-block-group__inner-container is-layout-constrained wp-block-group-is-layout-constrained\">\n<figure class=\"wp-block-image size-full is-resized\"><img loading=\"lazy\" decoding=\"async\" width=\"337\" height=\"393\" src=\"https:\/\/climate-hive.org\/wp-content\/uploads\/2025\/09\/CK-Idea.png\" alt=\"\" class=\"wp-image-4353\" style=\"width:49px;height:auto\" srcset=\"https:\/\/climate-hive.org\/wp-content\/uploads\/2025\/09\/CK-Idea.png 337w, https:\/\/climate-hive.org\/wp-content\/uploads\/2025\/09\/CK-Idea-257x300.png 257w\" sizes=\"auto, (max-width: 337px) 100vw, 337px\" \/><\/figure>\n<\/div><\/div>\n\n\n\n<div class=\"wp-block-group statistics-number\"><div class=\"wp-block-group__inner-container is-layout-constrained wp-block-group-is-layout-constrained\">\n<p class=\"has-text-align-center\" style=\"font-size:70px\">100+<\/p>\n<\/div><\/div>\n\n\n\n<div class=\"wp-block-group statistics-text\"><div class=\"wp-block-group__inner-container is-layout-constrained wp-block-group-is-layout-constrained\">\n<p class=\"has-text-align-center\" style=\"font-size:20px\">Expertos en circularidad, econom\u00eda azul, pol\u00edtica, etc.<\/p>\n<\/div><\/div>\n<\/div><\/div>\n<\/div>\n\n\n\n<div class=\"wp-block-column statistics-item is-layout-flow wp-block-column-is-layout-flow\" style=\"padding-top:var(--wp--preset--spacing--40);padding-right:var(--wp--preset--spacing--40);padding-bottom:var(--wp--preset--spacing--40);padding-left:var(--wp--preset--spacing--40)\">\n<div class=\"wp-block-group\"><div class=\"wp-block-group__inner-container is-layout-constrained wp-block-group-is-layout-constrained\">\n<div class=\"wp-block-group statistics-icon\"><div class=\"wp-block-group__inner-container is-layout-constrained wp-block-group-is-layout-constrained\">\n<figure class=\"wp-block-image size-full is-resized\"><img loading=\"lazy\" decoding=\"async\" width=\"393\" height=\"373\" src=\"https:\/\/climate-hive.org\/wp-content\/uploads\/2025\/09\/CK-Discussion.png\" alt=\"\" class=\"wp-image-4354\" style=\"width:63px;height:auto\" srcset=\"https:\/\/climate-hive.org\/wp-content\/uploads\/2025\/09\/CK-Discussion.png 393w, https:\/\/climate-hive.org\/wp-content\/uploads\/2025\/09\/CK-Discussion-300x285.png 300w\" sizes=\"auto, (max-width: 393px) 100vw, 393px\" \/><\/figure>\n<\/div><\/div>\n\n\n\n<div class=\"wp-block-group statistics-number\"><div class=\"wp-block-group__inner-container is-layout-constrained wp-block-group-is-layout-constrained\">\n<p class=\"has-text-align-center\" style=\"font-size:70px\">100+<\/p>\n<\/div><\/div>\n\n\n\n<div class=\"wp-block-group statistics-text\"><div class=\"wp-block-group__inner-container is-layout-constrained wp-block-group-is-layout-constrained\">\n<p class=\"has-text-align-center\" style=\"font-size:20px\">Actos celebrados en nuestra Comunidad en un a\u00f1o<\/p>\n<\/div><\/div>\n<\/div><\/div>\n<\/div>\n\n\n\n<div class=\"wp-block-column statistics-item is-layout-flow wp-block-column-is-layout-flow\" style=\"padding-top:var(--wp--preset--spacing--40);padding-right:var(--wp--preset--spacing--40);padding-bottom:var(--wp--preset--spacing--40);padding-left:var(--wp--preset--spacing--40)\">\n<div class=\"wp-block-group\"><div class=\"wp-block-group__inner-container is-layout-constrained wp-block-group-is-layout-constrained\">\n<div class=\"wp-block-group statistics-icon\"><div class=\"wp-block-group__inner-container is-layout-constrained wp-block-group-is-layout-constrained\">\n<figure class=\"wp-block-image size-full is-resized\"><img loading=\"lazy\" decoding=\"async\" width=\"432\" height=\"432\" src=\"https:\/\/climate-hive.org\/wp-content\/uploads\/2025\/09\/CK-Target.png\" alt=\"\" class=\"wp-image-4355\" style=\"width:61px;height:auto\" srcset=\"https:\/\/climate-hive.org\/wp-content\/uploads\/2025\/09\/CK-Target.png 432w, https:\/\/climate-hive.org\/wp-content\/uploads\/2025\/09\/CK-Target-300x300.png 300w, https:\/\/climate-hive.org\/wp-content\/uploads\/2025\/09\/CK-Target-150x150.png 150w\" sizes=\"auto, (max-width: 432px) 100vw, 432px\" \/><\/figure>\n<\/div><\/div>\n\n\n\n<div class=\"wp-block-group statistics-number\"><div class=\"wp-block-group__inner-container is-layout-constrained wp-block-group-is-layout-constrained\">\n<p class=\"has-text-align-center\" style=\"font-size:70px\">50+<\/p>\n<\/div><\/div>\n\n\n\n<div class=\"wp-block-group statistics-text\"><div class=\"wp-block-group__inner-container is-layout-constrained wp-block-group-is-layout-constrained\">\n<p class=\"has-text-align-center\" style=\"font-size:20px\">Oportunidades abiertas: llamadas, consultas, etc.<\/p>\n<\/div><\/div>\n<\/div><\/div>\n<\/div>\n<\/div>\n<\/div><\/div>\n<\/div><\/div>\n\n\n\n<div class=\"wp-block-group colour-banner container has-background\" style=\"background-color:#006fcf\"><div class=\"wp-block-group__inner-container is-layout-constrained wp-block-group-is-layout-constrained\">\n<h2 class=\"wp-block-heading has-text-align-center has-white-color has-text-color has-link-color wp-elements-84a7c237bc417b196737f91546460dd5\">Con\u00e9ctese, aprenda y colabore<\/h2>\n\n\n\n<p class=\"has-text-align-center has-white-color has-text-color has-link-color wp-elements-02109d53997e114cda3e25ef2d3d8cae\">La comunidad Climate KIC es su \u00fanica fuente de acceso a oportunidades y conocimientos para hacer crecer su negocio y abordar los retos clim\u00e1ticos mundiales.<\/p>\n\n\n\n<div class=\"wp-block-buttons is-content-justification-center is-layout-flex wp-container-core-buttons-is-layout-16018d1d wp-block-buttons-is-layout-flex\">\n<div class=\"wp-block-button\"><a class=\"wp-block-button__link has-black-color has-white-background-color has-text-color has-background has-link-color has-text-align-center wp-element-button\" href=\"https:\/\/climate-hive.org\/es\/membership-levels\/\">\u00daNETE A NOSOTROS<\/a><\/div>\n<\/div>\n<\/div><\/div>\n\n\n\n<p><\/p>","protected":false},"excerpt":{"rendered":"<p>Check out our next activities and latest content Dive into exclusive knowledge, insights, networking and collaboration opportunities for Climate Innovators like yourself Join us to discover how small businesses can [&hellip;]<\/p>","protected":false},"author":1,"featured_media":4446,"parent":0,"menu_order":0,"comment_status":"closed","ping_status":"closed","template":"page-homepage.php","meta":{"_acf_changed":false,"_tec_requires_first_save":true,"_bbp_topic_count":0,"_bbp_reply_count":0,"_bbp_total_topic_count":0,"_bbp_total_reply_count":0,"_bbp_voice_count":0,"_bbp_anonymous_reply_count":0,"_bbp_topic_count_hidden":0,"_bbp_reply_count_hidden":0,"_bbp_forum_subforum_count":0,"pmpro_default_level":"","inline_featured_image":false,"_price":"","_stock":"","_tribe_ticket_header":"","_tribe_default_ticket_provider":"","_ticket_start_date":"","_ticket_end_date":"","_tribe_ticket_show_description":"","_tribe_ticket_show_not_going":false,"_tribe_ticket_use_global_stock":"","_tribe_ticket_global_stock_level":"","_global_stock_mode":"","_global_stock_cap":"","_tribe_rsvp_for_event":"","_tribe_ticket_going_count":"","_tribe_ticket_not_going_count":"","_tribe_tickets_list":"[]","_tribe_ticket_has_attendee_info_fields":false,"_EventAllDay":false,"_EventTimezone":"","_EventStartDate":"","_EventEndDate":"","_EventStartDateUTC":"","_EventEndDateUTC":"","_EventShowMap":false,"_EventShowMapLink":false,"_EventURL":"","_EventCost":"","_EventCostDescription":"","_EventCurrencySymbol":"","_EventCurrencyCode":"","_EventCurrencyPosition":"","_EventDateTimeSeparator":"","_EventTimeRangeSeparator":"","_EventOrganizerID":[],"_EventVenueID":[],"_OrganizerEmail":"","_OrganizerPhone":"","_OrganizerWebsite":"","_VenueAddress":"","_VenueCity":"","_VenueCountry":"","_VenueProvince":"","_VenueState":"","_VenueZip":"","_VenuePhone":"","_VenueURL":"","_VenueStateProvince":"","_VenueLat":"","_VenueLng":"","_VenueShowMap":false,"_VenueShowMapLink":false,"_tribe_blocks_recurrence_rules":"","_tribe_blocks_recurrence_description":"","_tribe_blocks_recurrence_exclusions":"","footnotes":""},"page_tag":[113],"class_list":["post-62","page","type-page","status-publish","has-post-thumbnail","hentry","page_tag-climate-kic-community","pmpro-has-access"],"acf":[],"_links":{"self":[{"href":"https:\/\/climate-hive.org\/es\/wp-json\/wp\/v2\/pages\/62","targetHints":{"allow":["GET"]}}],"collection":[{"href":"https:\/\/climate-hive.org\/es\/wp-json\/wp\/v2\/pages"}],"about":[{"href":"https:\/\/climate-hive.org\/es\/wp-json\/wp\/v2\/types\/page"}],"author":[{"embeddable":true,"href":"https:\/\/climate-hive.org\/es\/wp-json\/wp\/v2\/users\/1"}],"replies":[{"embeddable":true,"href":"https:\/\/climate-hive.org\/es\/wp-json\/wp\/v2\/comments?post=62"}],"version-history":[{"count":83,"href":"https:\/\/climate-hive.org\/es\/wp-json\/wp\/v2\/pages\/62\/revisions"}],"predecessor-version":[{"id":7503,"href":"https:\/\/climate-hive.org\/es\/wp-json\/wp\/v2\/pages\/62\/revisions\/7503"}],"wp:featuredmedia":[{"embeddable":true,"href":"https:\/\/climate-hive.org\/es\/wp-json\/wp\/v2\/media\/4446"}],"wp:attachment":[{"href":"https:\/\/climate-hive.org\/es\/wp-json\/wp\/v2\/media?parent=62"}],"wp:term":[{"taxonomy":"page_tag","embeddable":true,"href":"https:\/\/climate-hive.org\/es\/wp-json\/wp\/v2\/page_tag?post=62"}],"curies":[{"name":"wp","href":"https:\/\/api.w.org\/{rel}","templated":true}]}}