{"id":6276,"date":"2025-12-19T10:25:33","date_gmt":"2025-12-19T10:25:33","guid":{"rendered":"https:\/\/climate-hive.org\/?page_id=6276"},"modified":"2025-12-19T10:25:34","modified_gmt":"2025-12-19T10:25:34","slug":"terms-conditions-organisation","status":"publish","type":"page","link":"https:\/\/climate-hive.org\/es\/terms-conditions-organisation\/","title":{"rendered":"Condiciones para los miembros de la organizaci\u00f3n"},"content":{"rendered":"<p>Al convertirse en miembro de la Comunidad Climate KIC (\u201cComunidad\u201d), usted acepta los siguientes T\u00e9rminos y Condiciones y se compromete con las Directrices de la Comunidad.&nbsp;<\/p>\n\n\n\n<h2 class=\"wp-block-heading\"><strong>1. Introducci\u00f3n<\/strong>\u00a0<\/h2>\n\n\n\n<p>1.1. La Comunidad Climate KIC es una red de personas f\u00edsicas y jur\u00eddicas comprometidas con el impulso y la ampliaci\u00f3n de la innovaci\u00f3n clim\u00e1tica transformadora. La Comunidad est\u00e1 comisariada por Stichting Climate-KIC International Foundation, una organizaci\u00f3n sin \u00e1nimo de lucro (\u201cstichting\u201d) (n\u00famero de registro 77373154) debidamente constituida bajo las leyes de los Pa\u00edses Bajos, con domicilio social en Plantage Middenlaan 45, 1018 DC Amsterdam, Pa\u00edses Bajos (en adelante, \u201cClimate KIC\u201d).\u00a0\u00a0<\/p>\n\n\n\n<p>1.2. Estos T\u00e9rminos y Condiciones rigen su pertenencia a la Comunidad Climate KIC. Al unirte confirmas que los has le\u00eddo, entendido y aceptado.&nbsp;<\/p>\n\n\n\n<h2 class=\"wp-block-heading\">2. <strong>Admisibilidad<\/strong>\u00a0<\/h2>\n\n\n\n<p>2.1. Pueden ser miembros las organizaciones legalmente registradas y las personas mayores de 18 a\u00f1os cuyas actividades est\u00e9n en consonancia con la misi\u00f3n y los valores de la Climate KIC.&nbsp;<\/p>\n\n\n\n<h2 class=\"wp-block-heading\">3. <strong>Afiliaci\u00f3n, cuotas, baja y renovaci\u00f3n\u00a0<\/strong>\u00a0<\/h2>\n\n\n\n<p>3.1. Las cuotas de afiliaci\u00f3n se abonan en el momento de la afiliaci\u00f3n (\u201cFecha de entrada en vigor\u201d) y se procesan de forma segura a trav\u00e9s de los m\u00e9todos de pago aprobados. El periodo de afiliaci\u00f3n es de 12 meses consecutivos.&nbsp;&nbsp;<\/p>\n\n\n\n<p>3.2. La afiliaci\u00f3n se renueva autom\u00e1ticamente cada a\u00f1o a menos que se cancele al menos 1 mes antes de la renovaci\u00f3n.&nbsp;&nbsp;<\/p>\n\n\n\n<p>3.3. Climate KIC le facturar\u00e1 el pago de la cuota de Socio con car\u00e1cter anual, a partir de la Fecha de Entrada en Vigor.&nbsp;<\/p>\n\n\n\n<p>3.4. Las tasas no son reembolsables para el periodo de facturaci\u00f3n en curso una vez iniciadas.&nbsp;<\/p>\n\n\n\n<p>3.5. Los miembros pueden cancelar su afiliaci\u00f3n accediendo a Configuraci\u00f3n &gt; Afiliaci\u00f3n &gt; Mis afiliaciones y haciendo clic en \u2018Cancelar\u2019. Alternativamente, pueden ponerse en contacto con Climate KIC en <a>community@climate-kic.org<\/a>\u00a0en cualquier momento, pero a m\u00e1s tardar 2 semanas antes de la renovaci\u00f3n autom\u00e1tica. La cancelaci\u00f3n surtir\u00e1 efecto al final del periodo de afiliaci\u00f3n en curso.\u00a0<\/p>\n\n\n\n<p>3.6. La CCI Clima podr\u00e1 cancelar la afiliaci\u00f3n con efecto inmediato en caso de impago de las cuotas o si las acciones de un miembro perjudican la reputaci\u00f3n de la Comunidad.&nbsp;<\/p>\n\n\n\n<h2 class=\"wp-block-heading\">4. <strong>Beneficios<\/strong>\u00a0\u00a0<\/h2>\n\n\n\n<p>4.1. Como miembro de la Comunidad, tendr\u00e1 acceso a una comunidad l\u00edder en innovaci\u00f3n clim\u00e1tica de profesionales y expertos impulsada por la principal comunidad europea de profesionales de People Planet.\u00a0\u00a0<\/p>\n\n\n\n<p>4.2. Los miembros podr\u00e1n utilizar el logotipo de la CCI Clima para identificarse como tales, previa aprobaci\u00f3n y con arreglo a las directrices de la marca.&nbsp;<\/p>\n\n\n\n<h2 class=\"wp-block-heading\"><strong>5.   Derecho a afiliarse a la Asociaci\u00f3n Climate KIC\u00a0<\/strong>\u00a0<\/h2>\n\n\n\n<p>5.1. Al hacerse miembro comunitario, se convierte autom\u00e1ticamente en miembro afiliado de la Asociaci\u00f3n Climate KIC, lo que le da derecho a asistir a las reuniones de la Asamblea (sin derecho a voto).\u00a0<\/p>\n\n\n\n<p>5.2.  Para convertirse en Miembro con Voto existe un proceso independiente descrito en los Estatutos de la Asociaci\u00f3n Climate KIC.&nbsp;<\/p>\n\n\n\n<p>5.3. Los derechos y obligaciones de los Afiliados y Miembros con Voto, se rigen por los Estatutos de la Asociaci\u00f3n Climate KIC.&nbsp;&nbsp;<\/p>\n\n\n\n<p>5.4. El cese de su condici\u00f3n de Miembro Afiliado o Votante de la Asociaci\u00f3n no afectar\u00e1 a su condici\u00f3n de Miembro Comunitario, salvo que el motivo del cese justifique tambi\u00e9n el cese de su condici\u00f3n de Miembro Comunitario.&nbsp;<\/p>\n\n\n\n<h2 class=\"wp-block-heading\">6. <strong>Protecci\u00f3n de datos, privacidad y confidencialidad<\/strong>\u00a0<\/h2>\n\n\n\n<p>6.1. Climate KIC procesa los datos personales (por ejemplo, nombre, contacto, datos de pago) de conformidad con la normativa aplicable en materia de protecci\u00f3n de datos, incluida la GDPR y otras leyes pertinentes.&nbsp;<\/p>\n\n\n\n<p>6.2. Los datos se utilizan para gestionar la afiliaci\u00f3n, prestar servicios y comunicar actividades.&nbsp;<\/p>\n\n\n\n<p>6.3. Los afiliados tienen derecho a acceder a sus datos, rectificarlos, suprimirlos o limitarlos. Las solicitudes pueden enviarse a community@climate-kic.org.&nbsp;<\/p>\n\n\n\n<p>6.4. La Informaci\u00f3n Confidencial deber\u00e1 salvaguardarse y no podr\u00e1 divulgarse, salvo cuando as\u00ed lo exija la ley.&nbsp;<\/p>\n\n\n\n<h2 class=\"wp-block-heading\">7. <strong>Asignaci\u00f3n\u00a0<\/strong>\u00a0<\/h2>\n\n\n\n<p>7.1.  Climate KIC podr\u00e1 transferir sus derechos o responsabilidades en virtud de las presentes Condiciones a sus filiales o entidades relacionadas sin consentimiento.&nbsp;&nbsp;&nbsp;<\/p>\n\n\n\n<p>7.2. Los Miembros Comunitarios s\u00f3lo podr\u00e1n transferir su condici\u00f3n de miembro o sus obligaciones con la aprobaci\u00f3n previa de la CCI Clima.&nbsp;<\/p>\n\n\n\n<h2 class=\"wp-block-heading\"><strong>8. R\u00e9gimen de responsabilidad\u00a0\u00a0<\/strong>\u00a0<\/h2>\n\n\n\n<p>8.1. Los miembros son responsables de sus propios actos y de cualquier da\u00f1o causado por su participaci\u00f3n.&nbsp;<\/p>\n\n\n\n<p>8.2. Climate KIC no se hace responsable de da\u00f1os indirectos o consecuentes (por ejemplo, lucro cesante).&nbsp;<\/p>\n\n\n\n<h2 class=\"wp-block-heading\"><strong>9. Cambios en las condiciones generales&nbsp;&nbsp;<\/strong>&nbsp;<\/h2>\n\n\n\n<p>9.1. La CCI Clima podr\u00e1 actualizar estas Condiciones en cualquier momento. Los miembros ser\u00e1n notificados de los cambios significativos; la participaci\u00f3n continua constituye la aceptaci\u00f3n.&nbsp;<\/p>\n\n\n\n<h2 class=\"wp-block-heading\"><strong>10. Legislaci\u00f3n aplicable. Resoluci\u00f3n de litigios&nbsp;<\/strong>&nbsp;<\/h2>\n\n\n\n<p>10.1. Estas Condiciones se rigen por la legislaci\u00f3n neerlandesa. Los litigios se resolver\u00e1n en primer lugar de forma amistosa; si no se resuelven, se someter\u00e1n a la jurisdicci\u00f3n de los tribunales de \u00c1msterdam.<\/p>","protected":false},"excerpt":{"rendered":"<p>By becoming a member of the Climate KIC Community (\u201cCommunity\u201d), you agree to the following Terms and Conditions and commit to the Community Guidelines.&nbsp; 1. Introduction\u00a0 1.1. The Climate KIC\u00a0Community [&hellip;]<\/p>","protected":false},"author":3,"featured_media":0,"parent":0,"menu_order":0,"comment_status":"closed","ping_status":"closed","template":"","meta":{"_acf_changed":false,"_tec_requires_first_save":true,"_bbp_topic_count":0,"_bbp_reply_count":0,"_bbp_total_topic_count":0,"_bbp_total_reply_count":0,"_bbp_voice_count":0,"_bbp_anonymous_reply_count":0,"_bbp_topic_count_hidden":0,"_bbp_reply_count_hidden":0,"_bbp_forum_subforum_count":0,"pmpro_default_level":"","inline_featured_image":false,"_price":"","_stock":"","_tribe_ticket_header":"","_tribe_default_ticket_provider":"","_ticket_start_date":"","_ticket_end_date":"","_tribe_ticket_show_description":"","_tribe_ticket_show_not_going":false,"_tribe_ticket_use_global_stock":"","_tribe_ticket_global_stock_level":"","_global_stock_mode":"","_global_stock_cap":"","_tribe_rsvp_for_event":"","_tribe_ticket_going_count":"","_tribe_ticket_not_going_count":"","_tribe_tickets_list":"[]","_tribe_ticket_has_attendee_info_fields":false,"_EventAllDay":false,"_EventTimezone":"","_EventStartDate":"","_EventEndDate":"","_EventStartDateUTC":"","_EventEndDateUTC":"","_EventShowMap":false,"_EventShowMapLink":false,"_EventURL":"","_EventCost":"","_EventCostDescription":"","_EventCurrencySymbol":"","_EventCurrencyCode":"","_EventCurrencyPosition":"","_EventDateTimeSeparator":"","_EventTimeRangeSeparator":"","_EventOrganizerID":[],"_EventVenueID":[],"_OrganizerEmail":"","_OrganizerPhone":"","_OrganizerWebsite":"","_VenueAddress":"","_VenueCity":"","_VenueCountry":"","_VenueProvince":"","_VenueState":"","_VenueZip":"","_VenuePhone":"","_VenueURL":"","_VenueStateProvince":"","_VenueLat":"","_VenueLng":"","_VenueShowMap":false,"_VenueShowMapLink":false,"_tribe_blocks_recurrence_rules":"","_tribe_blocks_recurrence_description":"","_tribe_blocks_recurrence_exclusions":"","footnotes":""},"page_tag":[],"class_list":["post-6276","page","type-page","status-publish","hentry","pmpro-has-access"],"acf":[],"_links":{"self":[{"href":"https:\/\/climate-hive.org\/es\/wp-json\/wp\/v2\/pages\/6276","targetHints":{"allow":["GET"]}}],"collection":[{"href":"https:\/\/climate-hive.org\/es\/wp-json\/wp\/v2\/pages"}],"about":[{"href":"https:\/\/climate-hive.org\/es\/wp-json\/wp\/v2\/types\/page"}],"author":[{"embeddable":true,"href":"https:\/\/climate-hive.org\/es\/wp-json\/wp\/v2\/users\/3"}],"replies":[{"embeddable":true,"href":"https:\/\/climate-hive.org\/es\/wp-json\/wp\/v2\/comments?post=6276"}],"version-history":[{"count":2,"href":"https:\/\/climate-hive.org\/es\/wp-json\/wp\/v2\/pages\/6276\/revisions"}],"predecessor-version":[{"id":6278,"href":"https:\/\/climate-hive.org\/es\/wp-json\/wp\/v2\/pages\/6276\/revisions\/6278"}],"wp:attachment":[{"href":"https:\/\/climate-hive.org\/es\/wp-json\/wp\/v2\/media?parent=6276"}],"wp:term":[{"taxonomy":"page_tag","embeddable":true,"href":"https:\/\/climate-hive.org\/es\/wp-json\/wp\/v2\/page_tag?post=6276"}],"curies":[{"name":"wp","href":"https:\/\/api.w.org\/{rel}","templated":true}]}}