{"id":2,"date":"2025-01-17T14:54:24","date_gmt":"2025-01-17T14:54:24","guid":{"rendered":"https:\/\/climate-hive.org\/?page_id=2"},"modified":"2025-10-17T15:20:36","modified_gmt":"2025-10-17T14:20:36","slug":"community-manifesto","status":"publish","type":"page","link":"https:\/\/climate-hive.org\/fr\/community-manifesto\/","title":{"rendered":"Manifeste communautaire"},"content":{"rendered":"<div class=\"wp-block-group container\"><div class=\"wp-block-group__inner-container is-layout-constrained wp-block-group-is-layout-constrained\">\n<p style=\"font-size:16px\"><strong>Notre mission est de connecter, d'inspirer et d'innover pour transformer la soci\u00e9t\u00e9.&nbsp;<\/strong><\/p>\n\n\n\n<p style=\"font-size:16px\">Nous visons \u00e0 cr\u00e9er des mod\u00e8les de vie et d'entreprise r\u00e9silients, r\u00e9g\u00e9n\u00e9ratifs et \u00e9quitables afin d'autonomiser nos soci\u00e9t\u00e9s.<\/p>\n\n\n\n<p style=\"font-size:16px\">Nous reconnaissons que nos vies et notre travail sont circulaires, complexes et interconnect\u00e9s.<\/p>\n\n\n\n<p style=\"font-size:16px\"><strong>C'est pourquoi nous adoptons toujours un point de vue syst\u00e9mique et holistique dans notre travail visant \u00e0 pr\u00e9server et \u00e0 renouveler les ressources de notre plan\u00e8te.<\/strong><\/p>\n\n\n\n<p style=\"font-size:16px\">Nous dirigeons avec courage et vuln\u00e9rabilit\u00e9 et remettons toujours en question le statu quo.&nbsp;<\/p>\n\n\n\n<p style=\"font-size:16px\">Nous cherchons \u00e0 honorer la confiance, la responsabilit\u00e9 et l'obligation de rendre des comptes qui d\u00e9coulent de l'appartenance \u00e0 la communaut\u00e9 des CCI climatiques et \u00e0 sa mission.<\/p>\n\n\n\n<p><\/p>\n<\/div><\/div>","protected":false},"excerpt":{"rendered":"<p>Our mission is to connect, inspire and innovate to transform society.&nbsp; We aim to create resilient, regenerative and equitable living and business models to empower our societies. We acknowledge that [&hellip;]<\/p>","protected":false},"author":1,"featured_media":4325,"parent":0,"menu_order":0,"comment_status":"closed","ping_status":"open","template":"page-general.php","meta":{"_acf_changed":false,"_tec_requires_first_save":true,"_bbp_topic_count":0,"_bbp_reply_count":0,"_bbp_total_topic_count":0,"_bbp_total_reply_count":0,"_bbp_voice_count":0,"_bbp_anonymous_reply_count":0,"_bbp_topic_count_hidden":0,"_bbp_reply_count_hidden":0,"_bbp_forum_subforum_count":0,"pmpro_default_level":"","inline_featured_image":false,"_price":"","_stock":"","_tribe_ticket_header":"","_tribe_default_ticket_provider":"","_ticket_start_date":"","_ticket_end_date":"","_tribe_ticket_show_description":"","_tribe_ticket_show_not_going":false,"_tribe_ticket_use_global_stock":"","_tribe_ticket_global_stock_level":"","_global_stock_mode":"","_global_stock_cap":"","_tribe_rsvp_for_event":"","_tribe_ticket_going_count":"","_tribe_ticket_not_going_count":"","_tribe_tickets_list":"[]","_tribe_ticket_has_attendee_info_fields":false,"_EventAllDay":false,"_EventTimezone":"","_EventStartDate":"","_EventEndDate":"","_EventStartDateUTC":"","_EventEndDateUTC":"","_EventShowMap":false,"_EventShowMapLink":false,"_EventURL":"","_EventCost":"","_EventCostDescription":"","_EventCurrencySymbol":"","_EventCurrencyCode":"","_EventCurrencyPosition":"","_EventDateTimeSeparator":"","_EventTimeRangeSeparator":"","_EventOrganizerID":[],"_EventVenueID":[],"_OrganizerEmail":"","_OrganizerPhone":"","_OrganizerWebsite":"","_VenueAddress":"","_VenueCity":"","_VenueCountry":"","_VenueProvince":"","_VenueState":"","_VenueZip":"","_VenuePhone":"","_VenueURL":"","_VenueStateProvince":"","_VenueLat":"","_VenueLng":"","_VenueShowMap":false,"_VenueShowMapLink":false,"_tribe_blocks_recurrence_rules":"","_tribe_blocks_recurrence_description":"","_tribe_blocks_recurrence_exclusions":"","footnotes":""},"page_tag":[],"class_list":["post-2","page","type-page","status-publish","has-post-thumbnail","hentry","pmpro-has-access"],"acf":[],"_links":{"self":[{"href":"https:\/\/climate-hive.org\/fr\/wp-json\/wp\/v2\/pages\/2","targetHints":{"allow":["GET"]}}],"collection":[{"href":"https:\/\/climate-hive.org\/fr\/wp-json\/wp\/v2\/pages"}],"about":[{"href":"https:\/\/climate-hive.org\/fr\/wp-json\/wp\/v2\/types\/page"}],"author":[{"embeddable":true,"href":"https:\/\/climate-hive.org\/fr\/wp-json\/wp\/v2\/users\/1"}],"replies":[{"embeddable":true,"href":"https:\/\/climate-hive.org\/fr\/wp-json\/wp\/v2\/comments?post=2"}],"version-history":[{"count":5,"href":"https:\/\/climate-hive.org\/fr\/wp-json\/wp\/v2\/pages\/2\/revisions"}],"predecessor-version":[{"id":4695,"href":"https:\/\/climate-hive.org\/fr\/wp-json\/wp\/v2\/pages\/2\/revisions\/4695"}],"wp:featuredmedia":[{"embeddable":true,"href":"https:\/\/climate-hive.org\/fr\/wp-json\/wp\/v2\/media\/4325"}],"wp:attachment":[{"href":"https:\/\/climate-hive.org\/fr\/wp-json\/wp\/v2\/media?parent=2"}],"wp:term":[{"taxonomy":"page_tag","embeddable":true,"href":"https:\/\/climate-hive.org\/fr\/wp-json\/wp\/v2\/page_tag?post=2"}],"curies":[{"name":"wp","href":"https:\/\/api.w.org\/{rel}","templated":true}]}}