{"id":3890,"date":"2025-03-12T12:17:45","date_gmt":"2025-03-12T12:17:45","guid":{"rendered":"https:\/\/climate-hive.org\/?page_id=3890"},"modified":"2025-10-17T15:19:54","modified_gmt":"2025-10-17T14:19:54","slug":"community-guidelines","status":"publish","type":"page","link":"https:\/\/climate-hive.org\/fr\/community-guidelines\/","title":{"rendered":"Lignes directrices communautaires"},"content":{"rendered":"<div class=\"wp-block-group container\"><div class=\"wp-block-group__inner-container is-layout-constrained wp-block-group-is-layout-constrained\">\n<h3 class=\"wp-block-heading\"><strong>Ce que nous sommes\u00a0<\/strong><\/h3>\n\n\n\n<p>Climate Hive est une plateforme num\u00e9rique destin\u00e9e aux membres de la communaut\u00e9 Climate KIC. L'objectif est de cr\u00e9er un espace en ligne s\u00fbr et positif pour travailler en r\u00e9seau, apprendre et collaborer sur l'action et l'innovation climatiques. Notre communaut\u00e9 se nourrit de la diversit\u00e9, de l'\u00e9change de connaissances, de l'engagement positif et de la collaboration radicale entre les membres.<\/p>\n\n\n\n<p>Afin de garantir une exp\u00e9rience fructueuse pour tous, veuillez lire et suivre les lignes directrices suivantes.&nbsp;<\/p>\n\n\n\n<p><\/p>\n\n\n\n<h4 class=\"wp-block-heading\"><strong>Ce que nous encourageons&nbsp;<\/strong><\/h4>\n\n\n\n<p>\ud83d\udde3\ufe0f <strong>Diverses perspectives<\/strong>: La communaut\u00e9 Climate KIC est constitu\u00e9e de diff\u00e9rents individus et organisations des secteurs priv\u00e9 et public. Nous embrassons et c\u00e9l\u00e9brons la diversit\u00e9 des exp\u00e9riences et des origines de nos membres, et nous croyons que la collaboration radicale est le moteur essentiel pour parvenir \u00e0 un changement syst\u00e9mique.&nbsp;<\/p>\n\n\n\n<p>\ud83d\ude4b\u200d\u2640\ufe0f<strong> Apprendre et partager<\/strong>: Climate Hive est une plateforme de partage de connaissances et de mise en r\u00e9seau. Posez des questions, partagez votre expertise et engagez des conversations r\u00e9fl\u00e9chies qui contribuent \u00e0 l'apprentissage collectif de tous les membres. Le partage de vos id\u00e9es uniques enrichit nos discussions et notre sens de l'objectif en tant que communaut\u00e9.&nbsp;<\/p>\n\n\n\n<p>\ud83c\udf1f <strong>Engagement positif<\/strong>: Gardons nos discussions amicales, constructives et solidaires. Encouragez les autres, apportez des \u00e9clairages utiles et c\u00e9l\u00e9brez les r\u00e9alisations de chacun tout en contribuant \u00e0 l'innovation et \u00e0 l'adaptation climatiques.&nbsp;<\/p>\n\n\n\n<p>\ud83d\udcad <strong>Contexte<\/strong>: Publiez toujours votre contenu en expliquant le contexte. Des liens ou des \u00e9v\u00e9nements sans contexte n'inciteront pas les utilisateurs \u00e0 s'int\u00e9resser \u00e0 votre message et pourraient \u00eatre pris pour une tentative d'hame\u00e7onnage, du spam ou autre, et donc signal\u00e9s.&nbsp;<\/p>\n\n\n\n<p>\ud83e\udd17 <strong>Un retour d'information pour s'am\u00e9liorer<\/strong>: L'\u00e9quipe de la communaut\u00e9 Climate KIC est toujours ouverte aux suggestions visant \u00e0 am\u00e9liorer l'exp\u00e9rience de tous les membres. Envoyez-nous un courriel \u00e0 community@climate-kic.org si vous souhaitez partager vos points de vue et vos id\u00e9es sur des sujets particuliers.&nbsp;<\/p>\n\n\n\n<p><\/p>\n\n\n\n<h4 class=\"wp-block-heading\"><strong>Ce que nous d\u00e9conseillons&nbsp;<\/strong><\/h4>\n\n\n\n<p>\ud83d\udcdb <strong>Contenu irrespectueux<\/strong>: Traiter les autres membres avec gentillesse et respect, m\u00eame en cas de d\u00e9saccord. Le harc\u00e8lement, les propos haineux, les attaques personnelles et les brimades ne seront pas tol\u00e9r\u00e9s.&nbsp;<\/p>\n\n\n\n<p>\ud83d\uddde\ufe0f <strong>Le plagiat<\/strong>: Si vous partagez un contenu qui n'est pas le v\u00f4tre \u00e0 l'origine, veuillez vous assurer que vous avez les autorisations n\u00e9cessaires pour le faire, ou au moins indiquer la source du contenu, ou reconna\u00eetre les cr\u00e9ateurs du contenu. En tant que plateforme de partage des connaissances, il est essentiel de savoir d'o\u00f9 vient l'information ou qui y a contribu\u00e9.&nbsp;<\/p>\n\n\n\n<p>\ud83d\udcf0<strong> Fausses informations et fausses nouvelles<\/strong>: Si l'\u00e9change d'informations est toujours bienvenu, veillez \u00e0 ce que les contenus que vous fournissez proviennent de sources faisant autorit\u00e9. Le contenu partag\u00e9 doit provenir de sources fiables et \u00eatre scientifiquement exact.&nbsp;<\/p>\n\n\n\n<p>\ud83d\ude45 <strong>Contenu politique controvers\u00e9<\/strong>: Bien que nous respections votre droit d'avoir des opinions politiques, nous vous demandons de vous abstenir de partager des messages ouvertement politiques qui pourraient nuire \u00e0 l'objectif de la Communaut\u00e9.&nbsp;<\/p>\n\n\n\n<p>\u26a0\ufe0f<strong> Promotion de contenu non pertinent<\/strong>: Partager du contenu directement li\u00e9 \u00e0 la communaut\u00e9 Climate KIC. N'utilisez pas la plateforme communautaire comme un canal pour promouvoir du contenu ou des produits qui ne sont pas en rapport avec notre objectif et qui constituent une forme de marketing direct.&nbsp;&nbsp;<\/p>\n\n\n\n<p><\/p>\n\n\n\n<h4 class=\"wp-block-heading\"><strong>Contenu et retrait des membres&nbsp;<\/strong><\/h4>\n\n\n\n<p>Dans le cas o\u00f9 quelqu'un violerait ces directives, l'\u00e9quipe de la Communaut\u00e9 prendra des mesures pour prot\u00e9ger les int\u00e9r\u00eats de la Communaut\u00e9 ainsi que tous les membres qui pourraient \u00eatre affect\u00e9s par de telles actions. Veuillez noter que Climate KIC se r\u00e9serve le droit de supprimer sans pr\u00e9avis les messages ou les comptes qui nuisent \u00e0 la communaut\u00e9.&nbsp;<\/p>\n\n\n\n<p>Si vous rencontrez un contenu qui ne respecte pas nos lignes directrices communautaires, veuillez utiliser la fonctionnalit\u00e9 de signalement int\u00e9gr\u00e9e \u00e0 la plateforme ou contacter <a href=\"mailto:community@climate-kic.org\" target=\"_blank\" rel=\"noreferrer noopener\">community@climate-kic.org<\/a>. L'\u00e9quipe communautaire veillera \u00e0 ce que vos commentaires restent confidentiels.&nbsp;<\/p>\n\n\n\n<p><\/p>\n\n\n\n<h4 class=\"wp-block-heading\"><strong>Merci de votre attention !&nbsp;<\/strong><\/h4>\n\n\n\n<p>Merci de faire partie de Climate Hive et de contribuer \u00e0 notre communaut\u00e9 dynamique et solidaire. Votre participation est essentielle pour atteindre l'objectif de notre communaut\u00e9.&nbsp;<\/p>\n\n\n\n<p>Maintenant, continuez \u00e0 explorer Climate Hive !&nbsp;<\/p>\n<\/div><\/div>","protected":false},"excerpt":{"rendered":"<p>What we are\u00a0 Climate Hive is a digital platform for members of Climate KIC Community. The purpose is to create a safe and supportive online space to network, learn and [&hellip;]<\/p>","protected":false},"author":1,"featured_media":4329,"parent":0,"menu_order":0,"comment_status":"closed","ping_status":"closed","template":"page-general.php","meta":{"_acf_changed":false,"_tec_requires_first_save":true,"_bbp_topic_count":0,"_bbp_reply_count":0,"_bbp_total_topic_count":0,"_bbp_total_reply_count":0,"_bbp_voice_count":0,"_bbp_anonymous_reply_count":0,"_bbp_topic_count_hidden":0,"_bbp_reply_count_hidden":0,"_bbp_forum_subforum_count":0,"pmpro_default_level":"","inline_featured_image":false,"_price":"","_stock":"","_tribe_ticket_header":"","_tribe_default_ticket_provider":"","_ticket_start_date":"","_ticket_end_date":"","_tribe_ticket_show_description":"","_tribe_ticket_show_not_going":false,"_tribe_ticket_use_global_stock":"","_tribe_ticket_global_stock_level":"","_global_stock_mode":"","_global_stock_cap":"","_tribe_rsvp_for_event":"","_tribe_ticket_going_count":"","_tribe_ticket_not_going_count":"","_tribe_tickets_list":"[]","_tribe_ticket_has_attendee_info_fields":false,"_EventAllDay":false,"_EventTimezone":"","_EventStartDate":"","_EventEndDate":"","_EventStartDateUTC":"","_EventEndDateUTC":"","_EventShowMap":false,"_EventShowMapLink":false,"_EventURL":"","_EventCost":"","_EventCostDescription":"","_EventCurrencySymbol":"","_EventCurrencyCode":"","_EventCurrencyPosition":"","_EventDateTimeSeparator":"","_EventTimeRangeSeparator":"","_EventOrganizerID":[],"_EventVenueID":[],"_OrganizerEmail":"","_OrganizerPhone":"","_OrganizerWebsite":"","_VenueAddress":"","_VenueCity":"","_VenueCountry":"","_VenueProvince":"","_VenueState":"","_VenueZip":"","_VenuePhone":"","_VenueURL":"","_VenueStateProvince":"","_VenueLat":"","_VenueLng":"","_VenueShowMap":false,"_VenueShowMapLink":false,"_tribe_blocks_recurrence_rules":"","_tribe_blocks_recurrence_description":"","_tribe_blocks_recurrence_exclusions":"","footnotes":""},"page_tag":[],"class_list":["post-3890","page","type-page","status-publish","has-post-thumbnail","hentry","pmpro-has-access"],"acf":[],"_links":{"self":[{"href":"https:\/\/climate-hive.org\/fr\/wp-json\/wp\/v2\/pages\/3890","targetHints":{"allow":["GET"]}}],"collection":[{"href":"https:\/\/climate-hive.org\/fr\/wp-json\/wp\/v2\/pages"}],"about":[{"href":"https:\/\/climate-hive.org\/fr\/wp-json\/wp\/v2\/types\/page"}],"author":[{"embeddable":true,"href":"https:\/\/climate-hive.org\/fr\/wp-json\/wp\/v2\/users\/1"}],"replies":[{"embeddable":true,"href":"https:\/\/climate-hive.org\/fr\/wp-json\/wp\/v2\/comments?post=3890"}],"version-history":[{"count":6,"href":"https:\/\/climate-hive.org\/fr\/wp-json\/wp\/v2\/pages\/3890\/revisions"}],"predecessor-version":[{"id":4694,"href":"https:\/\/climate-hive.org\/fr\/wp-json\/wp\/v2\/pages\/3890\/revisions\/4694"}],"wp:featuredmedia":[{"embeddable":true,"href":"https:\/\/climate-hive.org\/fr\/wp-json\/wp\/v2\/media\/4329"}],"wp:attachment":[{"href":"https:\/\/climate-hive.org\/fr\/wp-json\/wp\/v2\/media?parent=3890"}],"wp:term":[{"taxonomy":"page_tag","embeddable":true,"href":"https:\/\/climate-hive.org\/fr\/wp-json\/wp\/v2\/page_tag?post=3890"}],"curies":[{"name":"wp","href":"https:\/\/api.w.org\/{rel}","templated":true}]}}