{"id":3897,"date":"2025-03-12T14:04:15","date_gmt":"2025-03-12T14:04:15","guid":{"rendered":"https:\/\/climate-hive.org\/?page_id=3897"},"modified":"2025-09-26T14:12:44","modified_gmt":"2025-09-26T13:12:44","slug":"terms-conditions","status":"publish","type":"page","link":"https:\/\/climate-hive.org\/fr\/terms-conditions\/","title":{"rendered":"Conditions g\u00e9n\u00e9rales d'utilisation"},"content":{"rendered":"<p>En souscrivant \u00e0 une adh\u00e9sion, vous confirmez que vous avez lu, compris et accept\u00e9 les conditions g\u00e9n\u00e9rales. Veuillez les lire attentivement avant de proc\u00e9der \u00e0 votre inscription.\u00a0<\/p>\n\n\n\n<h4 class=\"wp-block-heading\">1. <strong>Introduction<\/strong><\/h4>\n\n\n\n<ol class=\"wp-block-list\"><\/ol>\n\n\n\n<p>1.1. Les pr\u00e9sentes conditions g\u00e9n\u00e9rales r\u00e9gissent votre abonnement \u00e0 la Communaut\u00e9 des CCI climatiques (\u201cCommunaut\u00e9\u201d). En vous inscrivant, vous reconnaissez avoir lu, compris et accept\u00e9 d'\u00eatre li\u00e9 par ces conditions g\u00e9n\u00e9rales.\u00a0<\/p>\n\n\n\n<p>1.2. Les pr\u00e9sentes conditions g\u00e9n\u00e9rales sont contraignantes pour l'abonnement communautaire dans les conditions qui y sont \u00e9nonc\u00e9es lorsque vous les acceptez.\u00a0<\/p>\n\n\n\n<h4 class=\"wp-block-heading\"><strong>2. L'adh\u00e9sion<\/strong><\/h4>\n\n\n\n<p>2.1. \u00c9ligibilit\u00e9 : Cette adh\u00e9sion s'adresse aux personnes \u00e2g\u00e9es de 18 ans ou plus.&nbsp;&nbsp;<\/p>\n\n\n\n<p>2.2. Avantages de l'abonnement : En tant que membre, vous aurez acc\u00e8s \u00e0 une communaut\u00e9 de praticiens et d'experts de premier plan en mati\u00e8re d'innovation climatique, aliment\u00e9e par <strong>La premi\u00e8re communaut\u00e9 europ\u00e9enne de professionnels de l'impact<\/strong>. Les avantages sp\u00e9cifiques de l'adh\u00e9sion sont d\u00e9taill\u00e9s dans la page d'adh\u00e9sion.<\/p>\n\n\n\n<h4 class=\"wp-block-heading\"><strong>3. Redevances, paiement, renouvellement<\/strong><\/h4>\n\n\n\n<p>3.1. Cotisations : La cotisation d\u00e9pend de l'adh\u00e9sion que vous avez choisie. Vous trouverez toutes les informations sur la page d'adh\u00e9sion. <\/p>\n\n\n\n<p>3.2. Mois gratuit suppl\u00e9mentaire : Chaque abonnement vous donne droit \u00e0 une p\u00e9riode d'essai gratuite d'au moins 30 jours. La dur\u00e9e de la p\u00e9riode d'essai est sp\u00e9cifi\u00e9e dans la page d'adh\u00e9sion.<\/p>\n\n\n\n<p>3.3. Paiement : Les cotisations sont dues au moment de la souscription. Les paiements sont trait\u00e9s de mani\u00e8re s\u00e9curis\u00e9e par l'interm\u00e9diaire de notre prestataire de services de paiement.\u00a0<\/p>\n\n\n\n<p>3.4. Renouvellement automatique : Votre abonnement sera automatiquement renouvel\u00e9 sur une base r\u00e9guli\u00e8re, \u00e0 moins que vous ne l'annuliez avant la date de renouvellement. Vous recevrez un courriel de rappel avant le renouvellement.\u00a0<\/p>\n\n\n\n<h4 class=\"wp-block-heading\"><strong>4. Protection des donn\u00e9es et de la vie priv\u00e9e<\/strong><\/h4>\n\n\n\n<p>4.1. Donn\u00e9es personnelles : Climate KIC recueille et traite les donn\u00e9es personnelles que vous fournissez au cours du processus d'abonnement, y compris votre nom, votre adresse \u00e9lectronique et vos informations de paiement. Vos donn\u00e9es personnelles seront trait\u00e9es conform\u00e9ment aux lois pertinentes telles que d\u00e9finies ci-dessous et \u00e0 la politique de confidentialit\u00e9 de Climate KIC. Vos donn\u00e9es personnelles seront utilis\u00e9es pour g\u00e9rer votre abonnement, vous donner acc\u00e8s aux ressources de la communaut\u00e9 et communiquer avec vous au sujet des activit\u00e9s de Climate KIC.\u00a0<\/p>\n\n\n\n<p>4.2. Conformit\u00e9 : Climate KIC se conforme \u00e0 la l\u00e9gislation applicable en mati\u00e8re de protection des donn\u00e9es, y compris, mais sans s'y limiter, au R\u00e8glement g\u00e9n\u00e9ral sur la protection des donn\u00e9es (UE) 2016\/679 (GDPR) et \u00e0 toute loi, r\u00e9glementation et l\u00e9gislation secondaire nationale de mise en \u0153uvre, dans chaque cas tel que modifi\u00e9, compl\u00e9t\u00e9 ou remplac\u00e9 de temps \u00e0 autre.\u00a0<\/p>\n\n\n\n<p>4.3. Droits : Vous disposez d'un droit d'acc\u00e8s, de rectification, d'effacement et de limitation du traitement de vos donn\u00e9es \u00e0 caract\u00e8re personnel. Vous pouvez exercer ces droits en nous contactant \u00e0 l'adresse community@climate-kic.org ou privacy.office@climate-kic.org.\u00a0<\/p>\n\n\n\n<p>4.4. S\u00e9curit\u00e9 : Nous mettons en \u0153uvre des mesures techniques et organisationnelles appropri\u00e9es pour garantir la s\u00e9curit\u00e9 de vos donn\u00e9es \u00e0 caract\u00e8re personnel.<\/p>\n\n\n\n<p>4.5. Consentement explicite : En vous inscrivant \u00e0 la Communaut\u00e9, vous consentez explicitement \u00e0 la collecte, au traitement et \u00e0 l'utilisation de vos donn\u00e9es \u00e0 caract\u00e8re personnel, tels que d\u00e9crits dans les pr\u00e9sentes conditions g\u00e9n\u00e9rales.&nbsp;<\/p>\n\n\n\n<p>4.6. Communications marketing : Avec votre consentement, nous pouvons vous envoyer des communications marketing relatives \u00e0 la Communaut\u00e9 Climate KIC. Vous pouvez refuser ces communications \u00e0 tout moment en suivant le lien de d\u00e9sinscription figurant dans les courriels ou en nous contactant \u00e0 l'adresse suivante <a href=\"mailto:community@climate-kic.org\" target=\"_blank\" rel=\"noreferrer noopener\">community@climate-kic.org<\/a>.<\/p>\n\n\n\n<h4 class=\"wp-block-heading\"><strong>5. Utilisation de la technologie de l'IA<\/strong><\/h4>\n\n\n\n<p>5.1 En vous abonnant, vous acceptez que Climate KIC puisse d\u00e9ployer une technologie d'IA pour analyser les donn\u00e9es des utilisateurs. Cela nous permet d'exploiter la puissance de l'introduction et des synergies et de cibler efficacement les activit\u00e9s en fonction de vos besoins et de vos souhaits.\u00a0<\/p>\n\n\n\n<h4 class=\"wp-block-heading\">6. Affectation<\/h4>\n\n\n\n<p>6.1. Climate KIC aura le droit, sans le consentement \u00e9crit du Souscripteur, de c\u00e9der, d\u00e9l\u00e9guer, transf\u00e9rer, grever ou disposer de toute autre mani\u00e8re de tout ou partie de ses droits et responsabilit\u00e9s en vertu des Conditions g\u00e9n\u00e9rales \u00e0 toute filiale, succursale ou soci\u00e9t\u00e9 affili\u00e9e de Climate KIC ou \u00e0 toute entit\u00e9 \u00e0 but lucratif ou non lucratif constitu\u00e9e par Climate KIC.<\/p>\n\n\n\n<h4 class=\"wp-block-heading\">7. Annulation et remboursement<\/h4>\n\n\n\n<p>7.1. Annulation : Vous pouvez r\u00e9silier votre abonnement \u00e0 tout moment \u00e0 partir de votre profil, sous Param\u00e8tres&gt;Mes abonnements, ou en nous contactant \u00e0 l'adresse suivante <a href=\"mailto:community@climate-kic.org\" target=\"_blank\" rel=\"noreferrer noopener\">community@climate-kic.org<\/a>. Les annulations prendront effet \u00e0 la fin de la p\u00e9riode d'abonnement en cours.\u00a0<\/p>\n\n\n\n<p>7.2. Remboursements : Aucun remboursement n'est possible pour les p\u00e9riodes d'abonnement partiellement utilis\u00e9es.<\/p>\n\n\n\n<h4 class=\"wp-block-heading\">8. Modifications des conditions g\u00e9n\u00e9rales<\/h4>\n\n\n\n<p>8.1. Climate KIC se r\u00e9serve le droit de modifier les pr\u00e9sentes conditions g\u00e9n\u00e9rales \u00e0 tout moment. Les abonn\u00e9s seront inform\u00e9s de toute modification importante par courrier \u00e9lectronique. L'utilisation continue de l'abonnement apr\u00e8s que des modifications ont \u00e9t\u00e9 apport\u00e9es constitue une acceptation des nouvelles conditions g\u00e9n\u00e9rales.<\/p>\n\n\n\n<h4 class=\"wp-block-heading\">9. Droit applicable<\/h4>\n\n\n\n<p>9.1. Les pr\u00e9sentes conditions g\u00e9n\u00e9rales sont r\u00e9gies et interpr\u00e9t\u00e9es conform\u00e9ment au droit n\u00e9erlandais.\u00a0<\/p>\n\n\n\n<h4 class=\"wp-block-heading\">10. Informations sur les contacts<\/h4>\n\n\n\n<p>Si vous avez des questions ou des pr\u00e9occupations concernant les pr\u00e9sentes conditions g\u00e9n\u00e9rales, veuillez nous contacter \u00e0 l'adresse suivante&nbsp;<\/p>\n\n\n\n<p>Courriel : <a href=\"mailto:Community@Climate-KiC.org\" target=\"_blank\" rel=\"noreferrer noopener\">Community@Climate-KiC.org<\/a>&nbsp;<\/p>\n\n\n\n<p>Adresse : Plantage Middenlaan 45, 1018 DC Amsterdam, Pays-Bas&nbsp;<\/p>","protected":false},"excerpt":{"rendered":"<p>By subscribing to any membership, you confirm that you have read, understood, and agree to the Terms and Conditions. Please read them carefully before proceeding with your subscription.\u00a0 1. Introduction [&hellip;]<\/p>","protected":false},"author":1,"featured_media":0,"parent":0,"menu_order":0,"comment_status":"closed","ping_status":"closed","template":"","meta":{"_acf_changed":false,"_tec_requires_first_save":true,"_bbp_topic_count":0,"_bbp_reply_count":0,"_bbp_total_topic_count":0,"_bbp_total_reply_count":0,"_bbp_voice_count":0,"_bbp_anonymous_reply_count":0,"_bbp_topic_count_hidden":0,"_bbp_reply_count_hidden":0,"_bbp_forum_subforum_count":0,"pmpro_default_level":"","inline_featured_image":false,"_price":"","_stock":"","_tribe_ticket_header":"","_tribe_default_ticket_provider":"","_ticket_start_date":"","_ticket_end_date":"","_tribe_ticket_show_description":"","_tribe_ticket_show_not_going":false,"_tribe_ticket_use_global_stock":"","_tribe_ticket_global_stock_level":"","_global_stock_mode":"","_global_stock_cap":"","_tribe_rsvp_for_event":"","_tribe_ticket_going_count":"","_tribe_ticket_not_going_count":"","_tribe_tickets_list":"[]","_tribe_ticket_has_attendee_info_fields":false,"_EventAllDay":false,"_EventTimezone":"","_EventStartDate":"","_EventEndDate":"","_EventStartDateUTC":"","_EventEndDateUTC":"","_EventShowMap":false,"_EventShowMapLink":false,"_EventURL":"","_EventCost":"","_EventCostDescription":"","_EventCurrencySymbol":"","_EventCurrencyCode":"","_EventCurrencyPosition":"","_EventDateTimeSeparator":"","_EventTimeRangeSeparator":"","_EventOrganizerID":[],"_EventVenueID":[],"_OrganizerEmail":"","_OrganizerPhone":"","_OrganizerWebsite":"","_VenueAddress":"","_VenueCity":"","_VenueCountry":"","_VenueProvince":"","_VenueState":"","_VenueZip":"","_VenuePhone":"","_VenueURL":"","_VenueStateProvince":"","_VenueLat":"","_VenueLng":"","_VenueShowMap":false,"_VenueShowMapLink":false,"_tribe_blocks_recurrence_rules":"","_tribe_blocks_recurrence_description":"","_tribe_blocks_recurrence_exclusions":"","footnotes":""},"page_tag":[],"class_list":["post-3897","page","type-page","status-publish","hentry","pmpro-has-access"],"acf":[],"_links":{"self":[{"href":"https:\/\/climate-hive.org\/fr\/wp-json\/wp\/v2\/pages\/3897","targetHints":{"allow":["GET"]}}],"collection":[{"href":"https:\/\/climate-hive.org\/fr\/wp-json\/wp\/v2\/pages"}],"about":[{"href":"https:\/\/climate-hive.org\/fr\/wp-json\/wp\/v2\/types\/page"}],"author":[{"embeddable":true,"href":"https:\/\/climate-hive.org\/fr\/wp-json\/wp\/v2\/users\/1"}],"replies":[{"embeddable":true,"href":"https:\/\/climate-hive.org\/fr\/wp-json\/wp\/v2\/comments?post=3897"}],"version-history":[{"count":3,"href":"https:\/\/climate-hive.org\/fr\/wp-json\/wp\/v2\/pages\/3897\/revisions"}],"predecessor-version":[{"id":4339,"href":"https:\/\/climate-hive.org\/fr\/wp-json\/wp\/v2\/pages\/3897\/revisions\/4339"}],"wp:attachment":[{"href":"https:\/\/climate-hive.org\/fr\/wp-json\/wp\/v2\/media?parent=3897"}],"wp:term":[{"taxonomy":"page_tag","embeddable":true,"href":"https:\/\/climate-hive.org\/fr\/wp-json\/wp\/v2\/page_tag?post=3897"}],"curies":[{"name":"wp","href":"https:\/\/api.w.org\/{rel}","templated":true}]}}