{"id":4093,"date":"2025-09-05T14:45:48","date_gmt":"2025-09-05T13:45:48","guid":{"rendered":"https:\/\/climate-hive.org\/?page_id=4093"},"modified":"2026-02-05T16:25:26","modified_gmt":"2026-02-05T16:25:26","slug":"green-horizons","status":"publish","type":"page","link":"https:\/\/climate-hive.org\/fr\/green-horizons\/","title":{"rendered":"Green Horizons"},"content":{"rendered":"<div class=\"wp-block-group headline container\"><div class=\"wp-block-group__inner-container is-layout-constrained wp-block-group-is-layout-constrained\">\n<h2 class=\"wp-block-heading has-text-align-center\"><strong>Rejoigne une communaut\u00e9 d\u00e9di\u00e9e \u00e0 l'agriculture durable et \u00e0 l'\u00e9change de connaissances.&nbsp;<\/strong><\/h2>\n\n\n\n<p class=\"has-text-align-center\">L'agriculture moderne est confront\u00e9e \u00e0 des d\u00e9fis complexes, du changement climatique \u00e0 la volatilit\u00e9 des march\u00e9s. Par l'interm\u00e9diaire de son r\u00e9seau sp\u00e9cialis\u00e9 Green Horizons, Climate KIC soutient les agriculteurs ambitieux dans leur qu\u00eate de r\u00e9silience, de productivit\u00e9 et de durabilit\u00e9.<\/p>\n<\/div><\/div>\n\n\n\n<div style=\"height:30px\" aria-hidden=\"true\" class=\"wp-block-spacer\"><\/div>\n\n\n\n<div class=\"wp-block-columns join-info container is-layout-flex wp-container-core-columns-is-layout-9d6595d7 wp-block-columns-is-layout-flex\">\n<div class=\"wp-block-column is-vertically-aligned-center is-layout-flow wp-block-column-is-layout-flow\">\n<h3 class=\"wp-block-heading\">Qu'est-ce que Green Horizons ?<\/h3>\n\n\n\n<p>Un r\u00e9seau de partage des connaissances et une plateforme con\u00e7us pour les agriculteurs qui souhaitent :<\/p>\n\n\n\n<ul class=\"wp-block-list\">\n<li>Rester \u00e0 la pointe des derni\u00e8res techniques d'agriculture durable<\/li>\n\n\n\n<li>Collaborer avec des experts et d'autres agriculteurs<\/li>\n\n\n\n<li>Acc\u00e9der \u00e0 des formations, des outils et des \u00e9v\u00e9nements<\/li>\n\n\n\n<li>Favoriser le changement gr\u00e2ce \u00e0 carbon farming et \u00e0 l'agriculture intelligente face au climat<\/li>\n<\/ul>\n<\/div>\n\n\n\n<div class=\"wp-block-column is-layout-flow wp-block-column-is-layout-flow\"><div class=\"wp-block-image is-style-default\">\n<figure class=\"aligncenter size-large is-resized\"><img loading=\"lazy\" decoding=\"async\" width=\"1024\" height=\"683\" src=\"https:\/\/climate-hive.org\/wp-content\/uploads\/2025\/09\/green-horizons-1-1024x683.webp\" alt=\"\" class=\"wp-image-4156\" style=\"aspect-ratio:1;object-fit:cover;width:314px;height:auto\" srcset=\"https:\/\/climate-hive.org\/wp-content\/uploads\/2025\/09\/green-horizons-1-1024x683.webp 1024w, https:\/\/climate-hive.org\/wp-content\/uploads\/2025\/09\/green-horizons-1-300x200.webp 300w, https:\/\/climate-hive.org\/wp-content\/uploads\/2025\/09\/green-horizons-1-768x512.webp 768w, https:\/\/climate-hive.org\/wp-content\/uploads\/2025\/09\/green-horizons-1-1536x1024.webp 1536w, https:\/\/climate-hive.org\/wp-content\/uploads\/2025\/09\/green-horizons-1-2048x1365.webp 2048w\" sizes=\"auto, (max-width: 1024px) 100vw, 1024px\" \/><\/figure>\n<\/div><\/div>\n<\/div>\n\n\n\n<div style=\"height:30px\" aria-hidden=\"true\" class=\"wp-block-spacer\"><\/div>\n\n\n\n<div class=\"wp-block-group container is-vertical is-layout-flex wp-container-core-group-is-layout-8cf370e7 wp-block-group-is-layout-flex\">\n<h2 class=\"wp-block-heading\"><strong>Ce que nous proposons<\/strong><\/h2>\n\n\n\n<ul class=\"wp-block-list\">\n<li><strong>Hub de connaissances : <\/strong>Explore une biblioth\u00e8que de contenus d'experts, comprenant des articles, des webinaires et des guides. D\u00e9couvre les meilleures pratiques, les m\u00e9thodes de pointe et des informations sur le march\u00e9, le tout en un seul endroit.<\/li>\n\n\n\n<li><strong>Outils pour carbon farming : <\/strong>Acc\u00e8de \u00e0 des solutions, \u00e0 des programmes et \u00e0 des ressources r\u00e9guli\u00e8rement mises \u00e0 jour pour mettre en \u0153uvre et d\u00e9velopper efficacement le carbon farming.<\/li>\n\n\n\n<li><strong>Possibilit\u00e9s de formation :<\/strong> Ateliers sur site et \u00e9v\u00e9nements en ligne couvrant tous les domaines, de la gestion des cultures \u00e0 la politique, en passant par les visites d'exploitations.<\/li>\n\n\n\n<li><strong>Portefeuille de transition vers le d\u00e9veloppement durable :<\/strong> Renforce vos connaissances gr\u00e2ce \u00e0 des cours et du mat\u00e9riel sp\u00e9cialis\u00e9s sur la transformation durable de vos pratiques.<\/li>\n<\/ul>\n\n\n\n<p><\/p>\n<\/div>\n\n\n\n<div class=\"wp-block-group headline container\"><div class=\"wp-block-group__inner-container is-layout-constrained wp-block-group-is-layout-constrained\">\n<h3 class=\"wp-block-heading has-text-align-center\">Se connecter, apprendre, se d\u00e9velopper<\/h3>\n\n\n\n<p class=\"has-text-align-center\">Trois fa\u00e7ons de s'impliquer, selon vos besoins :<\/p>\n<\/div><\/div>\n\n\n\n<div class=\"wp-block-group three-teasers container is-vertical is-content-justification-stretch is-nowrap is-layout-flex wp-container-core-group-is-layout-41f9fede wp-block-group-is-layout-flex\">\n<div class=\"wp-block-columns teasers-row is-layout-flex wp-container-core-columns-is-layout-9d6595d7 wp-block-columns-is-layout-flex\">\n<div class=\"wp-block-column teaser is-layout-flow wp-block-column-is-layout-flow\">\n<div class=\"wp-block-cover\"><img loading=\"lazy\" decoding=\"async\" width=\"1024\" height=\"683\" class=\"wp-block-cover__image-background wp-image-4159 size-large\" alt=\"\" src=\"https:\/\/climate-hive.org\/wp-content\/uploads\/2025\/09\/plant-1024x683.webp\" style=\"object-position:71% 53%\" data-object-fit=\"cover\" data-object-position=\"71% 53%\" srcset=\"https:\/\/climate-hive.org\/wp-content\/uploads\/2025\/09\/plant-1024x683.webp 1024w, https:\/\/climate-hive.org\/wp-content\/uploads\/2025\/09\/plant-300x200.webp 300w, https:\/\/climate-hive.org\/wp-content\/uploads\/2025\/09\/plant-768x512.webp 768w, https:\/\/climate-hive.org\/wp-content\/uploads\/2025\/09\/plant-1536x1024.webp 1536w, https:\/\/climate-hive.org\/wp-content\/uploads\/2025\/09\/plant-2048x1365.webp 2048w\" sizes=\"auto, (max-width: 1024px) 100vw, 1024px\" \/><span aria-hidden=\"true\" class=\"wp-block-cover__background has-background-dim\"><\/span><div class=\"wp-block-cover__inner-container is-layout-constrained wp-block-cover-is-layout-constrained\">\n<h4 class=\"wp-block-heading has-text-align-left has-large-font-size\"><strong>Plante<\/strong><\/h4>\n\n\n\n<h3 class=\"wp-block-heading\"><\/h3>\n<\/div><\/div>\n\n\n\n<div class=\"wp-block-group\"><div class=\"wp-block-group__inner-container is-layout-constrained wp-block-group-is-layout-constrained\">\n<div class=\"wp-block-columns is-layout-flex wp-container-core-columns-is-layout-9d6595d7 wp-block-columns-is-layout-flex\">\n<div class=\"wp-block-column is-layout-flow wp-block-column-is-layout-flow\" style=\"flex-basis:100%\">\n<p>Acc\u00e8s ouvert \u00e0 toute l'UE au hub de connaissances et aux outils<\/p>\n<\/div>\n<\/div>\n<\/div><\/div>\n<\/div>\n\n\n\n<div class=\"wp-block-column teaser is-layout-flow wp-block-column-is-layout-flow\">\n<div class=\"wp-block-cover\"><img loading=\"lazy\" decoding=\"async\" width=\"1024\" height=\"683\" class=\"wp-block-cover__image-background wp-image-4160 size-large\" alt=\"\" src=\"https:\/\/climate-hive.org\/wp-content\/uploads\/2025\/09\/grow-1024x683.webp\" data-object-fit=\"cover\" srcset=\"https:\/\/climate-hive.org\/wp-content\/uploads\/2025\/09\/grow-1024x683.webp 1024w, https:\/\/climate-hive.org\/wp-content\/uploads\/2025\/09\/grow-300x200.webp 300w, https:\/\/climate-hive.org\/wp-content\/uploads\/2025\/09\/grow-768x512.webp 768w, https:\/\/climate-hive.org\/wp-content\/uploads\/2025\/09\/grow-1536x1024.webp 1536w, https:\/\/climate-hive.org\/wp-content\/uploads\/2025\/09\/grow-2048x1366.webp 2048w\" sizes=\"auto, (max-width: 1024px) 100vw, 1024px\" \/><span aria-hidden=\"true\" class=\"wp-block-cover__background has-background-dim\"><\/span><div class=\"wp-block-cover__inner-container is-layout-constrained wp-block-cover-is-layout-constrained\">\n<h4 class=\"wp-block-heading has-text-align-left has-large-font-size\">Fais cro\u00eetre<\/h4>\n\n\n\n<h3 class=\"wp-block-heading\"><\/h3>\n<\/div><\/div>\n\n\n\n<div class=\"wp-block-group\"><div class=\"wp-block-group__inner-container is-layout-constrained wp-block-group-is-layout-constrained\">\n<div class=\"wp-block-columns is-layout-flex wp-container-core-columns-is-layout-9d6595d7 wp-block-columns-is-layout-flex\">\n<div class=\"wp-block-column is-layout-flow wp-block-column-is-layout-flow\" style=\"flex-basis:100%\">\n<p>Un soutien \u00e0 distance et structur\u00e9 pour vous accompagner sur la voie de la durabilit\u00e9.<\/p>\n\n\n\n<p>Disponible pour les pays et r\u00e9gions suivants : Pays-Bas orientaux, Irlande, Slov\u00e9nie, \u00c9milie-Romagne, Sardaigne, Portugal, Danemark, Bulgarie<\/p>\n<\/div>\n<\/div>\n<\/div><\/div>\n<\/div>\n\n\n\n<div class=\"wp-block-column teaser is-layout-flow wp-block-column-is-layout-flow\">\n<div class=\"wp-block-cover\"><img loading=\"lazy\" decoding=\"async\" width=\"1024\" height=\"681\" class=\"wp-block-cover__image-background wp-image-4161 size-large\" alt=\"\" src=\"https:\/\/climate-hive.org\/wp-content\/uploads\/2025\/09\/harvest-1024x681.webp\" data-object-fit=\"cover\" srcset=\"https:\/\/climate-hive.org\/wp-content\/uploads\/2025\/09\/harvest-1024x681.webp 1024w, https:\/\/climate-hive.org\/wp-content\/uploads\/2025\/09\/harvest-300x200.webp 300w, https:\/\/climate-hive.org\/wp-content\/uploads\/2025\/09\/harvest-768x511.webp 768w, https:\/\/climate-hive.org\/wp-content\/uploads\/2025\/09\/harvest-1536x1022.webp 1536w, https:\/\/climate-hive.org\/wp-content\/uploads\/2025\/09\/harvest-2048x1363.webp 2048w\" sizes=\"auto, (max-width: 1024px) 100vw, 1024px\" \/><span aria-hidden=\"true\" class=\"wp-block-cover__background has-background-dim\"><\/span><div class=\"wp-block-cover__inner-container is-layout-constrained wp-block-cover-is-layout-constrained\">\n<h4 class=\"wp-block-heading has-text-align-left has-large-font-size\">R\u00e9colte<\/h4>\n\n\n\n<h3 class=\"wp-block-heading\"><\/h3>\n<\/div><\/div>\n\n\n\n<div class=\"wp-block-group\"><div class=\"wp-block-group__inner-container is-layout-constrained wp-block-group-is-layout-constrained\">\n<div class=\"wp-block-columns is-layout-flex wp-container-core-columns-is-layout-9d6595d7 wp-block-columns-is-layout-flex\">\n<div class=\"wp-block-column is-layout-flow wp-block-column-is-layout-flow\" style=\"flex-basis:100%\">\n<p>Un engagement et un soutien pratiques, sur place, dans votre langue.<\/p>\n\n\n\n<p>Disponible pour les pays et r\u00e9gions suivants : Gr\u00e8ce, Valence, Pologne<\/p>\n<\/div>\n<\/div>\n<\/div><\/div>\n<\/div>\n<\/div>\n<\/div>\n\n\n\n<div class=\"wp-block-columns container offer-info is-layout-flex wp-container-core-columns-is-layout-9d6595d7 wp-block-columns-is-layout-flex\">\n<div class=\"wp-block-column is-layout-flow wp-block-column-is-layout-flow\">\n<div class=\"wp-block-group image-wrapper\"><div class=\"wp-block-group__inner-container is-layout-constrained wp-block-group-is-layout-constrained\">\n<figure class=\"wp-block-image size-full\"><img loading=\"lazy\" decoding=\"async\" width=\"2560\" height=\"1707\" src=\"https:\/\/climate-hive.org\/wp-content\/uploads\/2025\/09\/green-horizons-2-scaled.webp\" alt=\"\" class=\"wp-image-4166\" srcset=\"https:\/\/climate-hive.org\/wp-content\/uploads\/2025\/09\/green-horizons-2-scaled.webp 2560w, https:\/\/climate-hive.org\/wp-content\/uploads\/2025\/09\/green-horizons-2-300x200.webp 300w, https:\/\/climate-hive.org\/wp-content\/uploads\/2025\/09\/green-horizons-2-1024x683.webp 1024w, https:\/\/climate-hive.org\/wp-content\/uploads\/2025\/09\/green-horizons-2-768x512.webp 768w, https:\/\/climate-hive.org\/wp-content\/uploads\/2025\/09\/green-horizons-2-1536x1024.webp 1536w, https:\/\/climate-hive.org\/wp-content\/uploads\/2025\/09\/green-horizons-2-2048x1365.webp 2048w\" sizes=\"auto, (max-width: 2560px) 100vw, 2560px\" \/><\/figure>\n<\/div><\/div>\n<\/div>\n\n\n\n<div class=\"wp-block-column is-layout-flow wp-block-column-is-layout-flow\">\n<h5 class=\"wp-block-heading\">Fais partie d'une communaut\u00e9 mondiale pour le changement<\/h5>\n\n\n\n<p>Green Horizons fait partie de la communaut\u00e9 \u00e9largie de Climate KIC, qui rassemble plus de 150 organisations de premier plan, des universit\u00e9s et des instituts de recherche aux villes, en passant par les ONG et les start-ups, toutes unies par une mission commune : lutter contre le changement climatique gr\u00e2ce \u00e0 une innovation audacieuse et collaborative.<\/p>\n<\/div>\n<\/div>\n\n\n\n<p><\/p>\n\n\n<div class=\"pricing-table\">\n    <div class=\"container flex flex-wrap flex-content-center\">\n                                <div class=\"level level-12\">\n                <div class=\"key-data flex flex-content-space-between\">\n                    <div class=\"name-and-pricing\">\n                        <h4 class=\"level-title\">\n                            Green Horizons                        <\/h4>\n                        <div class=\"level-price\" data-default=\"0.00&euro;\">\n                            <strong class=\"free-price\">Gratuit<\/strong>                        <\/div>\n                    <\/div>\n\n                    <div class=\"plan-badge\">\n                        <img decoding=\"async\" class=\"level-badge level-green-horizons\" src=\"https:\/\/climate-hive.org\/wp-content\/themes\/climate-kic\/_dist\/img\/farmer.png\" alt=\"Green Horizons\" \/>                    <\/div>\n                <\/div>\n                <div class=\"description\">\n                    Pour les agriculteurs ambitieux sur la voie de la r\u00e9silience, de la productivit\u00e9 et de la durabilit\u00e9\r\n\r\n<hr \/>\r\n\r\n<h3>Ce qui est inclus :<\/h3>\r\n<ul>\r\n \t<li>Centre de connaissances sur les pratiques agricoles durables<\/li>\r\n \t<li>Outils pour l'agriculture du carbone<\/li>\r\n \t<li>Ateliers sur site et \u00e9v\u00e9nements en ligne avec des experts et des ambassadeurs<\/li>\r\n \t<li>Acc\u00e8s \u00e0 un portefeuille de transition vers le d\u00e9veloppement durable<\/li>\r\n<\/ul>                <\/div>\n                <div class=\"select-plan flex\">\n                    \t<a class=\"pmpro_btn pmpro_btn-select\" href=\"https:\/\/climate-hive.org\/fr\/membership-checkout\/?level=12\">S'inscrire<\/a>\r\n\t                <\/div>\n            <\/div>\n            <\/div>\n<\/div>\n\n\n\n\n<div style=\"height:70px\" aria-hidden=\"true\" class=\"wp-block-spacer\"><\/div>\n\n\n\n<div class=\"wp-block-group container is-vertical is-layout-flex wp-container-core-group-is-layout-8cf370e7 wp-block-group-is-layout-flex\">\n<h3 class=\"wp-block-heading\"><strong>\u00c0 propos de Climate KIC&nbsp;<\/strong><\/h3>\n\n\n\n<p>La Climate KIC est la premi\u00e8re agence et communaut\u00e9 d'innovation climatique en Europe. Elle cr\u00e9e des communaut\u00e9s r\u00e9silientes au changement climatique et lutte contre le d\u00e9r\u00e8glement climatique en mobilisant le changement des syst\u00e8mes dans les pays, les r\u00e9gions, les villes et les entreprises. <\/p>\n\n\n\n<p>En collaboration avec des partenaires du monde entier, Climate KIC orchestre des solutions et facilite l'apprentissage afin de combler le foss\u00e9 entre les engagements climatiques et la r\u00e9alit\u00e9 actuelle, et d'encourager une action plus rapide et plus ambitieuse.&nbsp;<\/p>\n<\/div>\n\n\n\n<div style=\"height:56px\" aria-hidden=\"true\" class=\"wp-block-spacer\"><\/div>","protected":false},"excerpt":{"rendered":"<p>Join a community dedicated to sustainable agriculture and knowledge exchange.&nbsp; Modern farming faces complex challenges, from climate change to market volatility. Through our dedicated network Green Horizons, Climate KIC is [&hellip;]<\/p>","protected":false},"author":1,"featured_media":4094,"parent":0,"menu_order":0,"comment_status":"closed","ping_status":"closed","template":"page-landing.php","meta":{"_acf_changed":false,"_tec_requires_first_save":true,"_bbp_topic_count":0,"_bbp_reply_count":0,"_bbp_total_topic_count":0,"_bbp_total_reply_count":0,"_bbp_voice_count":0,"_bbp_anonymous_reply_count":0,"_bbp_topic_count_hidden":0,"_bbp_reply_count_hidden":0,"_bbp_forum_subforum_count":0,"pmpro_default_level":"","inline_featured_image":false,"_price":"","_stock":"","_tribe_ticket_header":"","_tribe_default_ticket_provider":"","_ticket_start_date":"","_ticket_end_date":"","_tribe_ticket_show_description":"","_tribe_ticket_show_not_going":false,"_tribe_ticket_use_global_stock":"","_tribe_ticket_global_stock_level":"","_global_stock_mode":"","_global_stock_cap":"","_tribe_rsvp_for_event":"","_tribe_ticket_going_count":"","_tribe_ticket_not_going_count":"","_tribe_tickets_list":"[]","_tribe_ticket_has_attendee_info_fields":false,"_EventAllDay":false,"_EventTimezone":"","_EventStartDate":"","_EventEndDate":"","_EventStartDateUTC":"","_EventEndDateUTC":"","_EventShowMap":false,"_EventShowMapLink":false,"_EventURL":"","_EventCost":"","_EventCostDescription":"","_EventCurrencySymbol":"","_EventCurrencyCode":"","_EventCurrencyPosition":"","_EventDateTimeSeparator":"","_EventTimeRangeSeparator":"","_EventOrganizerID":[],"_EventVenueID":[],"_OrganizerEmail":"","_OrganizerPhone":"","_OrganizerWebsite":"","_VenueAddress":"","_VenueCity":"","_VenueCountry":"","_VenueProvince":"","_VenueState":"","_VenueZip":"","_VenuePhone":"","_VenueURL":"","_VenueStateProvince":"","_VenueLat":"","_VenueLng":"","_VenueShowMap":false,"_VenueShowMapLink":false,"_tribe_blocks_recurrence_rules":"","_tribe_blocks_recurrence_description":"","_tribe_blocks_recurrence_exclusions":"","footnotes":""},"page_tag":[],"class_list":["post-4093","page","type-page","status-publish","has-post-thumbnail","hentry","pmpro-has-access"],"acf":[],"_links":{"self":[{"href":"https:\/\/climate-hive.org\/fr\/wp-json\/wp\/v2\/pages\/4093","targetHints":{"allow":["GET"]}}],"collection":[{"href":"https:\/\/climate-hive.org\/fr\/wp-json\/wp\/v2\/pages"}],"about":[{"href":"https:\/\/climate-hive.org\/fr\/wp-json\/wp\/v2\/types\/page"}],"author":[{"embeddable":true,"href":"https:\/\/climate-hive.org\/fr\/wp-json\/wp\/v2\/users\/1"}],"replies":[{"embeddable":true,"href":"https:\/\/climate-hive.org\/fr\/wp-json\/wp\/v2\/comments?post=4093"}],"version-history":[{"count":44,"href":"https:\/\/climate-hive.org\/fr\/wp-json\/wp\/v2\/pages\/4093\/revisions"}],"predecessor-version":[{"id":6972,"href":"https:\/\/climate-hive.org\/fr\/wp-json\/wp\/v2\/pages\/4093\/revisions\/6972"}],"wp:featuredmedia":[{"embeddable":true,"href":"https:\/\/climate-hive.org\/fr\/wp-json\/wp\/v2\/media\/4094"}],"wp:attachment":[{"href":"https:\/\/climate-hive.org\/fr\/wp-json\/wp\/v2\/media?parent=4093"}],"wp:term":[{"taxonomy":"page_tag","embeddable":true,"href":"https:\/\/climate-hive.org\/fr\/wp-json\/wp\/v2\/page_tag?post=4093"}],"curies":[{"name":"wp","href":"https:\/\/api.w.org\/{rel}","templated":true}]}}