{"id":6276,"date":"2025-12-19T10:25:33","date_gmt":"2025-12-19T10:25:33","guid":{"rendered":"https:\/\/climate-hive.org\/?page_id=6276"},"modified":"2025-12-19T10:25:34","modified_gmt":"2025-12-19T10:25:34","slug":"terms-conditions-organisation","status":"publish","type":"page","link":"https:\/\/climate-hive.org\/fr\/terms-conditions-organisation\/","title":{"rendered":"Conditions g\u00e9n\u00e9rales pour les membres de l'organisation"},"content":{"rendered":"<p>En devenant membre de la communaut\u00e9 Climate KIC (\u201ccommunaut\u00e9\u201d), vous acceptez les conditions g\u00e9n\u00e9rales suivantes et vous vous engagez \u00e0 respecter les lignes directrices de la communaut\u00e9.&nbsp;<\/p>\n\n\n\n<h2 class=\"wp-block-heading\"><strong>1. Introduction<\/strong>\u00a0<\/h2>\n\n\n\n<p>1.1. La Communaut\u00e9 des CCI climatiques est un r\u00e9seau de personnes physiques et morales qui s'engagent \u00e0 faire avancer et \u00e0 d\u00e9velopper l'innovation climatique transformatrice. La Communaut\u00e9 est g\u00e9r\u00e9e par Stichting Climate-KIC International Foundation, une organisation \u00e0 but non lucratif (\u201cstichting\u201d) (num\u00e9ro d'enregistrement 77373154) d\u00fbment constitu\u00e9e en vertu des lois des Pays-Bas, dont le si\u00e8ge social est situ\u00e9 \u00e0 Plantage Middenlaan 45, 1018 DC Amsterdam, Pays-Bas (ci-apr\u00e8s, \u201cClimate KIC\u201d).\u00a0\u00a0<\/p>\n\n\n\n<p>1.2. Les pr\u00e9sentes conditions g\u00e9n\u00e9rales r\u00e9gissent votre adh\u00e9sion \u00e0 la communaut\u00e9 des CCI climatiques. En adh\u00e9rant, vous confirmez que vous les avez lues, comprises et accept\u00e9es.&nbsp;<\/p>\n\n\n\n<h2 class=\"wp-block-heading\">2. <strong>\u00c9ligibilit\u00e9<\/strong>\u00a0<\/h2>\n\n\n\n<p>2.1. L'adh\u00e9sion est ouverte aux organisations l\u00e9galement enregistr\u00e9es et aux individus de plus de 18 ans dont les activit\u00e9s sont en accord avec la mission et les valeurs de la CCI Climat.&nbsp;<\/p>\n\n\n\n<h2 class=\"wp-block-heading\">3. <strong>Adh\u00e9sion, cotisations, r\u00e9siliation et renouvellement\u00a0<\/strong>\u00a0<\/h2>\n\n\n\n<p>3.1. Les cotisations sont payables au moment de l'adh\u00e9sion (\u201cdate d'entr\u00e9e en vigueur\u201d) et sont trait\u00e9es de mani\u00e8re s\u00e9curis\u00e9e par des m\u00e9thodes de paiement approuv\u00e9es. La p\u00e9riode d'adh\u00e9sion est de 12 mois cons\u00e9cutifs.&nbsp;&nbsp;<\/p>\n\n\n\n<p>3.2. L'adh\u00e9sion est renouvel\u00e9e automatiquement chaque ann\u00e9e, sauf si elle est annul\u00e9e au moins un mois avant le renouvellement.&nbsp;&nbsp;<\/p>\n\n\n\n<p>3.3. La Climate KIC vous facturera le paiement de la cotisation sur une base annuelle, \u00e0 compter de la Date d'entr\u00e9e en vigueur.&nbsp;<\/p>\n\n\n\n<p>3.4. Les frais ne sont pas remboursables pour la p\u00e9riode de facturation en cours une fois qu'ils ont commenc\u00e9.&nbsp;<\/p>\n\n\n\n<p>3.5. Les membres peuvent mettre fin \u00e0 leur adh\u00e9sion en naviguant vers Settings &gt; Membership &gt; My Memberships et en cliquant sur \u2018Cancel\u2019. Vous pouvez \u00e9galement contacter Climate KIC \u00e0 l'adresse suivante <a>community@climate-kic.org<\/a>\u00a0\u00e0 tout moment, mais au plus tard deux semaines avant le renouvellement automatique. La r\u00e9siliation prend effet \u00e0 la fin de la p\u00e9riode d'adh\u00e9sion en cours.\u00a0<\/p>\n\n\n\n<p>3.6. Les CCI climatiques peuvent mettre fin \u00e0 l'adh\u00e9sion avec effet imm\u00e9diat si les cotisations ne sont pas pay\u00e9es ou si les actions d'un membre nuisent \u00e0 la r\u00e9putation de la Communaut\u00e9.&nbsp;<\/p>\n\n\n\n<h2 class=\"wp-block-heading\">4. <strong>Avantages<\/strong>\u00a0\u00a0<\/h2>\n\n\n\n<p>4.1. En tant que membre de la Communaut\u00e9, vous aurez acc\u00e8s \u00e0 une communaut\u00e9 de praticiens et d'experts de premier plan en mati\u00e8re d'innovation climatique, aliment\u00e9e par la premi\u00e8re communaut\u00e9 europ\u00e9enne de professionnels de la plan\u00e8te.\u00a0\u00a0<\/p>\n\n\n\n<p>4.2. Les membres peuvent utiliser le logo de la CCI Climat pour s'identifier en tant que membres, sous r\u00e9serve d'une approbation pr\u00e9alable et des lignes directrices relatives \u00e0 la marque.&nbsp;<\/p>\n\n\n\n<h2 class=\"wp-block-heading\"><strong>5.   Droit d'adh\u00e9rer \u00e0 l'association des CCI climatiques\u00a0<\/strong>\u00a0<\/h2>\n\n\n\n<p>5.1. En devenant membre de la Communaut\u00e9, vous devenez automatiquement membre affili\u00e9 de l'association Climate KIC, ce qui vous donne le droit d'assister aux r\u00e9unions de l'Assembl\u00e9e (sans droit de vote).\u00a0<\/p>\n\n\n\n<p>5.2.  Pour devenir membre votant, il existe une proc\u00e9dure distincte d\u00e9crite dans les statuts de l'association Climate KIC.&nbsp;<\/p>\n\n\n\n<p>5.3. Les droits et obligations des affili\u00e9s et des membres votants sont r\u00e9gis par les statuts de l'association Climate KIC.&nbsp;&nbsp;<\/p>\n\n\n\n<p>5.4. La fin de votre statut de membre affili\u00e9 ou de membre votant de l'association n'affecte pas votre adh\u00e9sion communautaire, \u00e0 moins que la raison de la r\u00e9siliation ne justifie \u00e9galement la fin de votre adh\u00e9sion communautaire.&nbsp;<\/p>\n\n\n\n<h2 class=\"wp-block-heading\">6. <strong>Protection des donn\u00e9es, vie priv\u00e9e et confidentialit\u00e9<\/strong>\u00a0<\/h2>\n\n\n\n<p>6.1. Climate KIC traite les donn\u00e9es personnelles (par exemple, le nom, le contact, les d\u00e9tails de paiement) conform\u00e9ment \u00e0 la r\u00e9glementation applicable en mati\u00e8re de protection des donn\u00e9es, y compris le GDPR et d'autres lois pertinentes.&nbsp;<\/p>\n\n\n\n<p>6.2. Les donn\u00e9es sont utilis\u00e9es pour g\u00e9rer les adh\u00e9sions, fournir des services et communiquer sur les activit\u00e9s.&nbsp;<\/p>\n\n\n\n<p>6.3. Les membres disposent d'un droit d'acc\u00e8s, de rectification, d'effacement et de limitation de leurs donn\u00e9es. Les demandes peuvent \u00eatre adress\u00e9es \u00e0 community@climate-kic.org.&nbsp;<\/p>\n\n\n\n<p>6.4. Les informations confidentielles doivent \u00eatre prot\u00e9g\u00e9es et ne peuvent \u00eatre divulgu\u00e9es, sauf si la loi l'exige.&nbsp;<\/p>\n\n\n\n<h2 class=\"wp-block-heading\">7. <strong>Affectation\u00a0<\/strong>\u00a0<\/h2>\n\n\n\n<p>7.1.  Climate KIC peut transf\u00e9rer ses droits et responsabilit\u00e9s en vertu des pr\u00e9sentes Conditions \u00e0 ses soci\u00e9t\u00e9s affili\u00e9es ou \u00e0 des entit\u00e9s apparent\u00e9es sans consentement.&nbsp;&nbsp;&nbsp;<\/p>\n\n\n\n<p>7.2. Les membres de la communaut\u00e9 ne peuvent transf\u00e9rer leur adh\u00e9sion ou leurs obligations qu'avec l'accord pr\u00e9alable de Climate KIC.&nbsp;<\/p>\n\n\n\n<h2 class=\"wp-block-heading\"><strong>8. R\u00e9gime de responsabilit\u00e9\u00a0\u00a0<\/strong>\u00a0<\/h2>\n\n\n\n<p>8.1. Les membres sont responsables de leurs propres actions et de tout pr\u00e9judice caus\u00e9 par leur participation.&nbsp;<\/p>\n\n\n\n<p>8.2. La Climate KIC n'est pas responsable des dommages indirects ou cons\u00e9cutifs (par exemple, le manque \u00e0 gagner).&nbsp;<\/p>\n\n\n\n<h2 class=\"wp-block-heading\"><strong>9. Modifications des conditions g\u00e9n\u00e9rales&nbsp;&nbsp;<\/strong>&nbsp;<\/h2>\n\n\n\n<p>9.1. Climate KIC peut mettre \u00e0 jour ces conditions \u00e0 tout moment. Les membres seront inform\u00e9s des changements significatifs ; la poursuite de la participation vaut acceptation.&nbsp;<\/p>\n\n\n\n<h2 class=\"wp-block-heading\"><strong>10. Droit applicable. R\u00e8glement des litiges&nbsp;<\/strong>&nbsp;<\/h2>\n\n\n\n<p>10.1. Les pr\u00e9sentes conditions sont r\u00e9gies par le droit n\u00e9erlandais. Les litiges seront d'abord trait\u00e9s \u00e0 l'amiable ; s'ils ne sont pas r\u00e9solus, ils rel\u00e8veront de la comp\u00e9tence des tribunaux d'Amsterdam<\/p>","protected":false},"excerpt":{"rendered":"<p>By becoming a member of the Climate KIC Community (\u201cCommunity\u201d), you agree to the following Terms and Conditions and commit to the Community Guidelines.&nbsp; 1. Introduction\u00a0 1.1. The Climate KIC\u00a0Community [&hellip;]<\/p>","protected":false},"author":3,"featured_media":0,"parent":0,"menu_order":0,"comment_status":"closed","ping_status":"closed","template":"","meta":{"_acf_changed":false,"_tec_requires_first_save":true,"_bbp_topic_count":0,"_bbp_reply_count":0,"_bbp_total_topic_count":0,"_bbp_total_reply_count":0,"_bbp_voice_count":0,"_bbp_anonymous_reply_count":0,"_bbp_topic_count_hidden":0,"_bbp_reply_count_hidden":0,"_bbp_forum_subforum_count":0,"pmpro_default_level":"","inline_featured_image":false,"_price":"","_stock":"","_tribe_ticket_header":"","_tribe_default_ticket_provider":"","_ticket_start_date":"","_ticket_end_date":"","_tribe_ticket_show_description":"","_tribe_ticket_show_not_going":false,"_tribe_ticket_use_global_stock":"","_tribe_ticket_global_stock_level":"","_global_stock_mode":"","_global_stock_cap":"","_tribe_rsvp_for_event":"","_tribe_ticket_going_count":"","_tribe_ticket_not_going_count":"","_tribe_tickets_list":"[]","_tribe_ticket_has_attendee_info_fields":false,"_EventAllDay":false,"_EventTimezone":"","_EventStartDate":"","_EventEndDate":"","_EventStartDateUTC":"","_EventEndDateUTC":"","_EventShowMap":false,"_EventShowMapLink":false,"_EventURL":"","_EventCost":"","_EventCostDescription":"","_EventCurrencySymbol":"","_EventCurrencyCode":"","_EventCurrencyPosition":"","_EventDateTimeSeparator":"","_EventTimeRangeSeparator":"","_EventOrganizerID":[],"_EventVenueID":[],"_OrganizerEmail":"","_OrganizerPhone":"","_OrganizerWebsite":"","_VenueAddress":"","_VenueCity":"","_VenueCountry":"","_VenueProvince":"","_VenueState":"","_VenueZip":"","_VenuePhone":"","_VenueURL":"","_VenueStateProvince":"","_VenueLat":"","_VenueLng":"","_VenueShowMap":false,"_VenueShowMapLink":false,"_tribe_blocks_recurrence_rules":"","_tribe_blocks_recurrence_description":"","_tribe_blocks_recurrence_exclusions":"","footnotes":""},"page_tag":[],"class_list":["post-6276","page","type-page","status-publish","hentry","pmpro-has-access"],"acf":[],"_links":{"self":[{"href":"https:\/\/climate-hive.org\/fr\/wp-json\/wp\/v2\/pages\/6276","targetHints":{"allow":["GET"]}}],"collection":[{"href":"https:\/\/climate-hive.org\/fr\/wp-json\/wp\/v2\/pages"}],"about":[{"href":"https:\/\/climate-hive.org\/fr\/wp-json\/wp\/v2\/types\/page"}],"author":[{"embeddable":true,"href":"https:\/\/climate-hive.org\/fr\/wp-json\/wp\/v2\/users\/3"}],"replies":[{"embeddable":true,"href":"https:\/\/climate-hive.org\/fr\/wp-json\/wp\/v2\/comments?post=6276"}],"version-history":[{"count":2,"href":"https:\/\/climate-hive.org\/fr\/wp-json\/wp\/v2\/pages\/6276\/revisions"}],"predecessor-version":[{"id":6278,"href":"https:\/\/climate-hive.org\/fr\/wp-json\/wp\/v2\/pages\/6276\/revisions\/6278"}],"wp:attachment":[{"href":"https:\/\/climate-hive.org\/fr\/wp-json\/wp\/v2\/media?parent=6276"}],"wp:term":[{"taxonomy":"page_tag","embeddable":true,"href":"https:\/\/climate-hive.org\/fr\/wp-json\/wp\/v2\/page_tag?post=6276"}],"curies":[{"name":"wp","href":"https:\/\/api.w.org\/{rel}","templated":true}]}}