{"id":2,"date":"2025-01-17T14:54:24","date_gmt":"2025-01-17T14:54:24","guid":{"rendered":"https:\/\/climate-hive.org\/?page_id=2"},"modified":"2025-10-17T15:20:36","modified_gmt":"2025-10-17T14:20:36","slug":"community-manifesto","status":"publish","type":"page","link":"https:\/\/climate-hive.org\/it\/community-manifesto\/","title":{"rendered":"Manifesto della comunit\u00e0"},"content":{"rendered":"<div class=\"wp-block-group container\"><div class=\"wp-block-group__inner-container is-layout-constrained wp-block-group-is-layout-constrained\">\n<p style=\"font-size:16px\"><strong>La nostra missione \u00e8 connettere, ispirare e innovare per trasformare la societ\u00e0.&nbsp;<\/strong><\/p>\n\n\n\n<p style=\"font-size:16px\">Il nostro obiettivo \u00e8 creare modelli di vita e di business resilienti, rigenerativi ed equi per potenziare le nostre societ\u00e0.<\/p>\n\n\n\n<p style=\"font-size:16px\">Riconosciamo che le nostre vite e il nostro lavoro sono circolari, complessi e interconnessi.<\/p>\n\n\n\n<p style=\"font-size:16px\"><strong>Per questo motivo, portiamo sempre una lente sistemica e olistica nel nostro lavoro, con l'obiettivo di preservare e rinnovare le risorse del nostro pianeta.<\/strong><\/p>\n\n\n\n<p style=\"font-size:16px\">Guidiamo con coraggio e vulnerabilit\u00e0 e sfidiamo sempre lo status quo.&nbsp;<\/p>\n\n\n\n<p style=\"font-size:16px\">Cerchiamo di onorare la fiducia, la responsabilit\u00e0 e il senso di responsabilit\u00e0 che derivano dall'essere parte della Comunit\u00e0 Climate KIC e della sua missione.<\/p>\n\n\n\n<p><\/p>\n<\/div><\/div>","protected":false},"excerpt":{"rendered":"<p>Our mission is to connect, inspire and innovate to transform society.&nbsp; We aim to create resilient, regenerative and equitable living and business models to empower our societies. We acknowledge that [&hellip;]<\/p>","protected":false},"author":1,"featured_media":4325,"parent":0,"menu_order":0,"comment_status":"closed","ping_status":"open","template":"page-general.php","meta":{"_acf_changed":false,"_tec_requires_first_save":true,"_bbp_topic_count":0,"_bbp_reply_count":0,"_bbp_total_topic_count":0,"_bbp_total_reply_count":0,"_bbp_voice_count":0,"_bbp_anonymous_reply_count":0,"_bbp_topic_count_hidden":0,"_bbp_reply_count_hidden":0,"_bbp_forum_subforum_count":0,"pmpro_default_level":"","inline_featured_image":false,"_price":"","_stock":"","_tribe_ticket_header":"","_tribe_default_ticket_provider":"","_ticket_start_date":"","_ticket_end_date":"","_tribe_ticket_show_description":"","_tribe_ticket_show_not_going":false,"_tribe_ticket_use_global_stock":"","_tribe_ticket_global_stock_level":"","_global_stock_mode":"","_global_stock_cap":"","_tribe_rsvp_for_event":"","_tribe_ticket_going_count":"","_tribe_ticket_not_going_count":"","_tribe_tickets_list":"[]","_tribe_ticket_has_attendee_info_fields":false,"_EventAllDay":false,"_EventTimezone":"","_EventStartDate":"","_EventEndDate":"","_EventStartDateUTC":"","_EventEndDateUTC":"","_EventShowMap":false,"_EventShowMapLink":false,"_EventURL":"","_EventCost":"","_EventCostDescription":"","_EventCurrencySymbol":"","_EventCurrencyCode":"","_EventCurrencyPosition":"","_EventDateTimeSeparator":"","_EventTimeRangeSeparator":"","_EventOrganizerID":[],"_EventVenueID":[],"_OrganizerEmail":"","_OrganizerPhone":"","_OrganizerWebsite":"","_VenueAddress":"","_VenueCity":"","_VenueCountry":"","_VenueProvince":"","_VenueState":"","_VenueZip":"","_VenuePhone":"","_VenueURL":"","_VenueStateProvince":"","_VenueLat":"","_VenueLng":"","_VenueShowMap":false,"_VenueShowMapLink":false,"_tribe_blocks_recurrence_rules":"","_tribe_blocks_recurrence_description":"","_tribe_blocks_recurrence_exclusions":"","footnotes":""},"page_tag":[],"class_list":["post-2","page","type-page","status-publish","has-post-thumbnail","hentry","pmpro-has-access"],"acf":[],"_links":{"self":[{"href":"https:\/\/climate-hive.org\/it\/wp-json\/wp\/v2\/pages\/2","targetHints":{"allow":["GET"]}}],"collection":[{"href":"https:\/\/climate-hive.org\/it\/wp-json\/wp\/v2\/pages"}],"about":[{"href":"https:\/\/climate-hive.org\/it\/wp-json\/wp\/v2\/types\/page"}],"author":[{"embeddable":true,"href":"https:\/\/climate-hive.org\/it\/wp-json\/wp\/v2\/users\/1"}],"replies":[{"embeddable":true,"href":"https:\/\/climate-hive.org\/it\/wp-json\/wp\/v2\/comments?post=2"}],"version-history":[{"count":5,"href":"https:\/\/climate-hive.org\/it\/wp-json\/wp\/v2\/pages\/2\/revisions"}],"predecessor-version":[{"id":4695,"href":"https:\/\/climate-hive.org\/it\/wp-json\/wp\/v2\/pages\/2\/revisions\/4695"}],"wp:featuredmedia":[{"embeddable":true,"href":"https:\/\/climate-hive.org\/it\/wp-json\/wp\/v2\/media\/4325"}],"wp:attachment":[{"href":"https:\/\/climate-hive.org\/it\/wp-json\/wp\/v2\/media?parent=2"}],"wp:term":[{"taxonomy":"page_tag","embeddable":true,"href":"https:\/\/climate-hive.org\/it\/wp-json\/wp\/v2\/page_tag?post=2"}],"curies":[{"name":"wp","href":"https:\/\/api.w.org\/{rel}","templated":true}]}}