{"id":3890,"date":"2025-03-12T12:17:45","date_gmt":"2025-03-12T12:17:45","guid":{"rendered":"https:\/\/climate-hive.org\/?page_id=3890"},"modified":"2025-10-17T15:19:54","modified_gmt":"2025-10-17T14:19:54","slug":"community-guidelines","status":"publish","type":"page","link":"https:\/\/climate-hive.org\/it\/community-guidelines\/","title":{"rendered":"Linee guida della comunit\u00e0"},"content":{"rendered":"<div class=\"wp-block-group container\"><div class=\"wp-block-group__inner-container is-layout-constrained wp-block-group-is-layout-constrained\">\n<h3 class=\"wp-block-heading\"><strong>Cosa siamo\u00a0<\/strong><\/h3>\n\n\n\n<p>Climate Hive \u00e8 una piattaforma digitale per i membri della Climate KIC Community. Lo scopo \u00e8 quello di creare uno spazio online sicuro e solidale per fare rete, imparare e collaborare sull'azione e l'innovazione per il clima. La nostra comunit\u00e0 si basa sulla diversit\u00e0, sullo scambio di conoscenze, sull'impegno positivo e sulla collaborazione radicale tra i membri.<\/p>\n\n\n\n<p>Per garantire un'esperienza proficua per tutti, vi preghiamo di leggere e seguire le seguenti linee guida.&nbsp;<\/p>\n\n\n\n<p><\/p>\n\n\n\n<h4 class=\"wp-block-heading\"><strong>Cosa incoraggiamo&nbsp;<\/strong><\/h4>\n\n\n\n<p>\ud83d\udde3\ufe0f <strong>Prospettive diverse<\/strong>: La Climate KIC Community \u00e8 formata da diversi individui e organizzazioni del settore pubblico e privato. Accogliamo e celebriamo le diverse esperienze e provenienze dei nostri membri e crediamo che la collaborazione radicale sia il fattore chiave per ottenere un cambiamento sistemico.&nbsp;<\/p>\n\n\n\n<p>\ud83d\ude4b\u200d\u2640\ufe0f<strong> Apprendimento e condivisione<\/strong>: Climate Hive \u00e8 una piattaforma di condivisione delle conoscenze e di networking. Fate domande, condividete la vostra esperienza e partecipate a conversazioni ponderate che contribuiscono all'apprendimento collettivo di tutti i membri. Condividere le vostre intuizioni uniche arricchisce le nostre discussioni e il senso del nostro scopo come Comunit\u00e0.&nbsp;<\/p>\n\n\n\n<p>\ud83c\udf1f <strong>Impegno positivo<\/strong>: Manteniamo le nostre discussioni amichevoli, costruttive e di supporto. Incoraggiamo gli altri, forniamo spunti utili e festeggiamo i risultati ottenuti dagli altri, contribuendo all'innovazione e all'adattamento al clima.&nbsp;<\/p>\n\n\n\n<p>\ud83d\udcad <strong>Contesto<\/strong>: Pubblicate sempre i vostri contenuti spiegando il contesto. I link o gli eventi senza contesto non incoraggiano gli utenti a partecipare al vostro post e potrebbero essere scambiati per un tentativo di phishing, spam o simili, e quindi segnalati.&nbsp;<\/p>\n\n\n\n<p>\ud83e\udd17 <strong>Feedback per migliorare<\/strong>: Il team della Climate KIC Community \u00e8 sempre aperto a suggerimenti per migliorare l'esperienza di tutti i membri. Inviateci un'e-mail all'indirizzo community@climate-kic.org se volete condividere i vostri punti di vista e le vostre intuizioni su argomenti particolari.&nbsp;<\/p>\n\n\n\n<p><\/p>\n\n\n\n<h4 class=\"wp-block-heading\"><strong>Cosa sconsigliamo&nbsp;<\/strong><\/h4>\n\n\n\n<p>\ud83d\udcdb <strong>Contenuti irrispettosi<\/strong>: Trattare gli altri membri con gentilezza e rispetto, anche quando non si \u00e8 d'accordo. Le molestie, i discorsi di odio, gli attacchi personali e il bullismo non saranno tollerati.&nbsp;<\/p>\n\n\n\n<p>\ud83d\uddde\ufe0f <strong>Plagio<\/strong>: Se condividete contenuti che non sono originariamente vostri, assicuratevi di avere le autorizzazioni necessarie per farlo, o almeno di fornire la fonte del contenuto, o di riconoscere i creatori del contenuto. In quanto piattaforma di condivisione delle conoscenze, \u00e8 fondamentale sapere da dove provengono le informazioni o chi vi ha contribuito.&nbsp;<\/p>\n\n\n\n<p>\ud83d\udcf0<strong> False informazioni e fake news<\/strong>: Sebbene lo scambio di informazioni sia sempre ben accetto, assicuratevi che i contenuti che fornite provengano da fonti autorevoli. I contenuti condivisi devono provenire da fonti attendibili ed essere scientificamente accurati.&nbsp;<\/p>\n\n\n\n<p>\ud83d\ude45 <strong>Contenuti politici controversi<\/strong>: Pur rispettando il vostro diritto di avere opinioni politiche, vi preghiamo di astenervi dal condividere post apertamente politici che potrebbero compromettere lo scopo della Community.&nbsp;<\/p>\n\n\n\n<p>\u26a0\ufe0f<strong> Promozione di contenuti non pertinenti<\/strong>: Condividere contenuti direttamente collegati alla Climate KIC Community. Non utilizzare la piattaforma della Community come canale per promuovere contenuti o prodotti che non sono pertinenti al nostro scopo e che costituiscono una forma di marketing diretto.&nbsp;&nbsp;<\/p>\n\n\n\n<p><\/p>\n\n\n\n<h4 class=\"wp-block-heading\"><strong>Contenuto e rimozione dei membri&nbsp;<\/strong><\/h4>\n\n\n\n<p>Nel caso in cui qualcuno violi queste linee guida, il team della Comunit\u00e0 prender\u00e0 provvedimenti per proteggere gli interessi della Comunit\u00e0 e di tutti i membri che potrebbero essere colpiti da tale azione. Si prega di notare che Climate KIC si riserva il diritto di rimuovere senza preavviso i post o gli account che sono dannosi per la Comunit\u00e0.&nbsp;<\/p>\n\n\n\n<p>Se si riscontrano contenuti che non rispettano le linee guida della nostra Community, si prega di utilizzare la funzionalit\u00e0 di segnalazione incorporata nella piattaforma, oppure di contattare <a href=\"mailto:community@climate-kic.org\" target=\"_blank\" rel=\"noreferrer noopener\">community@climate-kic.org<\/a>. Il team della Comunit\u00e0 far\u00e0 in modo che il vostro feedback rimanga confidenziale.&nbsp;<\/p>\n\n\n\n<p><\/p>\n\n\n\n<h4 class=\"wp-block-heading\"><strong>Grazie!&nbsp;<\/strong><\/h4>\n\n\n\n<p>Vi ringraziamo per essere parte dell'Alveare del Clima e per aver contribuito alla nostra vivace e solidale Comunit\u00e0. Il vostro coinvolgimento \u00e8 essenziale per raggiungere lo scopo della nostra Comunit\u00e0.&nbsp;<\/p>\n\n\n\n<p>Ora continuate a esplorare l'Alveare climatico!&nbsp;<\/p>\n<\/div><\/div>","protected":false},"excerpt":{"rendered":"<p>Cosa siamo Climate Hive \u00e8 una piattaforma digitale per i membri della Climate KIC Community. Lo scopo \u00e8 quello di creare uno spazio online sicuro e solidale per fare rete, imparare e [...]<\/p>","protected":false},"author":1,"featured_media":4329,"parent":0,"menu_order":0,"comment_status":"closed","ping_status":"closed","template":"page-general.php","meta":{"_acf_changed":false,"_tec_requires_first_save":true,"_bbp_topic_count":0,"_bbp_reply_count":0,"_bbp_total_topic_count":0,"_bbp_total_reply_count":0,"_bbp_voice_count":0,"_bbp_anonymous_reply_count":0,"_bbp_topic_count_hidden":0,"_bbp_reply_count_hidden":0,"_bbp_forum_subforum_count":0,"pmpro_default_level":"","inline_featured_image":false,"_price":"","_stock":"","_tribe_ticket_header":"","_tribe_default_ticket_provider":"","_ticket_start_date":"","_ticket_end_date":"","_tribe_ticket_show_description":"","_tribe_ticket_show_not_going":false,"_tribe_ticket_use_global_stock":"","_tribe_ticket_global_stock_level":"","_global_stock_mode":"","_global_stock_cap":"","_tribe_rsvp_for_event":"","_tribe_ticket_going_count":"","_tribe_ticket_not_going_count":"","_tribe_tickets_list":"[]","_tribe_ticket_has_attendee_info_fields":false,"_EventAllDay":false,"_EventTimezone":"","_EventStartDate":"","_EventEndDate":"","_EventStartDateUTC":"","_EventEndDateUTC":"","_EventShowMap":false,"_EventShowMapLink":false,"_EventURL":"","_EventCost":"","_EventCostDescription":"","_EventCurrencySymbol":"","_EventCurrencyCode":"","_EventCurrencyPosition":"","_EventDateTimeSeparator":"","_EventTimeRangeSeparator":"","_EventOrganizerID":[],"_EventVenueID":[],"_OrganizerEmail":"","_OrganizerPhone":"","_OrganizerWebsite":"","_VenueAddress":"","_VenueCity":"","_VenueCountry":"","_VenueProvince":"","_VenueState":"","_VenueZip":"","_VenuePhone":"","_VenueURL":"","_VenueStateProvince":"","_VenueLat":"","_VenueLng":"","_VenueShowMap":false,"_VenueShowMapLink":false,"_tribe_blocks_recurrence_rules":"","_tribe_blocks_recurrence_description":"","_tribe_blocks_recurrence_exclusions":"","footnotes":""},"page_tag":[],"class_list":["post-3890","page","type-page","status-publish","has-post-thumbnail","hentry","pmpro-has-access"],"acf":[],"_links":{"self":[{"href":"https:\/\/climate-hive.org\/it\/wp-json\/wp\/v2\/pages\/3890","targetHints":{"allow":["GET"]}}],"collection":[{"href":"https:\/\/climate-hive.org\/it\/wp-json\/wp\/v2\/pages"}],"about":[{"href":"https:\/\/climate-hive.org\/it\/wp-json\/wp\/v2\/types\/page"}],"author":[{"embeddable":true,"href":"https:\/\/climate-hive.org\/it\/wp-json\/wp\/v2\/users\/1"}],"replies":[{"embeddable":true,"href":"https:\/\/climate-hive.org\/it\/wp-json\/wp\/v2\/comments?post=3890"}],"version-history":[{"count":6,"href":"https:\/\/climate-hive.org\/it\/wp-json\/wp\/v2\/pages\/3890\/revisions"}],"predecessor-version":[{"id":4694,"href":"https:\/\/climate-hive.org\/it\/wp-json\/wp\/v2\/pages\/3890\/revisions\/4694"}],"wp:featuredmedia":[{"embeddable":true,"href":"https:\/\/climate-hive.org\/it\/wp-json\/wp\/v2\/media\/4329"}],"wp:attachment":[{"href":"https:\/\/climate-hive.org\/it\/wp-json\/wp\/v2\/media?parent=3890"}],"wp:term":[{"taxonomy":"page_tag","embeddable":true,"href":"https:\/\/climate-hive.org\/it\/wp-json\/wp\/v2\/page_tag?post=3890"}],"curies":[{"name":"wp","href":"https:\/\/api.w.org\/{rel}","templated":true}]}}