{"id":3897,"date":"2025-03-12T14:04:15","date_gmt":"2025-03-12T14:04:15","guid":{"rendered":"https:\/\/climate-hive.org\/?page_id=3897"},"modified":"2025-09-26T14:12:44","modified_gmt":"2025-09-26T13:12:44","slug":"terms-conditions","status":"publish","type":"page","link":"https:\/\/climate-hive.org\/it\/terms-conditions\/","title":{"rendered":"Termini e condizioni"},"content":{"rendered":"<p>Sottoscrivendo un abbonamento, l'utente conferma di aver letto, compreso e accettato i Termini e condizioni. Si prega di leggerli attentamente prima di procedere all'iscrizione.\u00a0<\/p>\n\n\n\n<h4 class=\"wp-block-heading\">1. <strong>Introduzione<\/strong><\/h4>\n\n\n\n<ol class=\"wp-block-list\"><\/ol>\n\n\n\n<p>1.1. I presenti Termini e Condizioni regolano la vostra iscrizione alla Climate KIC Community (\u201cCommunity\u201d). Iscrivendosi, l'utente riconosce di aver letto, compreso e accettato di essere vincolato da questi Termini e Condizioni.\u00a0<\/p>\n\n\n\n<p>1.2. I presenti Termini e condizioni standard sono vincolanti per l'Abbonamento alla Community nei termini qui indicati al momento della loro accettazione.\u00a0<\/p>\n\n\n\n<h4 class=\"wp-block-heading\"><strong>2. L'adesione<\/strong><\/h4>\n\n\n\n<p>2.1. Ammissibilit\u00e0: L'iscrizione \u00e8 rivolta a persone di et\u00e0 pari o superiore a 18 anni.&nbsp;&nbsp;<\/p>\n\n\n\n<p>2.2. Vantaggi della sottoscrizione: In qualit\u00e0 di membri, avrete accesso a una comunit\u00e0 leader nel campo dell'innovazione climatica composta da professionisti ed esperti e alimentata da <strong>La principale comunit\u00e0 europea di professionisti dell'impatto<\/strong>. I vantaggi specifici dell'affiliazione sono descritti in dettaglio nella pagina di affiliazione.<\/p>\n\n\n\n<h4 class=\"wp-block-heading\"><strong>3. Tasse, pagamento, rinnovo<\/strong><\/h4>\n\n\n\n<p>3.1. Quote associative: La quota di iscrizione dipende dall'iscrizione selezionata. Troverete tutte le informazioni nella pagina dell'affiliazione <\/p>\n\n\n\n<p>3.2. Mese gratuito extra: Ogni abbonamento vi garantisce un periodo di prova gratuito di almeno 30 giorni. La durata del periodo di prova \u00e8 specificata nella pagina dell'abbonamento.<\/p>\n\n\n\n<p>3.3. Pagamento: Le quote associative sono dovute al momento della sottoscrizione. I pagamenti vengono elaborati in modo sicuro attraverso il nostro provider di pagamenti.\u00a0<\/p>\n\n\n\n<p>3.4. Rinnovo automatico: L'abbonamento si rinnover\u00e0 automaticamente su base regolare, a meno che non venga annullato prima della data di rinnovo. Riceverete un'e-mail di promemoria prima del rinnovo.\u00a0<\/p>\n\n\n\n<h4 class=\"wp-block-heading\"><strong>4. Protezione dei dati e della privacy<\/strong><\/h4>\n\n\n\n<p>4.1. Dati personali: Climate KIC raccoglie ed elabora i dati personali forniti dall'utente durante il processo di sottoscrizione, tra cui il nome, l'indirizzo e-mail e le informazioni di pagamento. I vostri dati personali saranno trattati in conformit\u00e0 alle leggi pertinenti, come definito di seguito, e alla politica sulla privacy di Climate KIC. I vostri dati personali saranno utilizzati per gestire la vostra iscrizione, fornirvi l'accesso alle risorse della comunit\u00e0 e comunicare con voi sulle attivit\u00e0 di Climate KIC.\u00a0<\/p>\n\n\n\n<p>4.2. Conformit\u00e0: Climate KIC \u00e8 conforme alla legislazione applicabile in materia di protezione dei dati, incluso, a titolo esemplificativo ma non esaustivo, il Regolamento generale sulla protezione dei dati (UE) 2016\/679 (GDPR) e qualsiasi legge nazionale di attuazione, regolamento e legislazione secondaria, in ogni caso come modificato, integrato o sostituito di volta in volta.\u00a0<\/p>\n\n\n\n<p>4.3. Diritti: Avete il diritto di accedere, rettificare, cancellare e limitare il trattamento dei vostri dati personali. Potete esercitare questi diritti contattandoci all'indirizzo community@climate-kic.org o privacy.office@climate-kic.org.\u00a0<\/p>\n\n\n\n<p>4.4. Sicurezza: Implementiamo misure tecniche e organizzative adeguate per garantire la sicurezza dei vostri dati personali.<\/p>\n\n\n\n<p>4.5. Consenso esplicito: Iscrivendosi alla Community, l'utente acconsente esplicitamente alla raccolta, all'elaborazione e all'utilizzo dei propri dati personali come descritto nei presenti Termini e condizioni.&nbsp;<\/p>\n\n\n\n<p>4.6. Comunicazioni di marketing: Con il vostro consenso, potremmo inviarvi comunicazioni di marketing relative alla Climate KIC Community. \u00c8 possibile rinunciare a queste comunicazioni in qualsiasi momento seguendo il link di annullamento dell'iscrizione presente nelle e-mail o contattandoci a <a href=\"mailto:community@climate-kic.org\" target=\"_blank\" rel=\"noreferrer noopener\">community@climate-kic.org<\/a>.<\/p>\n\n\n\n<h4 class=\"wp-block-heading\"><strong>5. Uso della tecnologia AI<\/strong><\/h4>\n\n\n\n<p>5.1 Iscrivendosi, l'utente accetta che Climate KIC possa utilizzare la tecnologia AI per analizzare i dati degli utenti. Questo ci permette di sfruttare il potere dell'introduzione e delle sinergie e di indirizzare in modo efficiente le attivit\u00e0 in base alle esigenze e ai desideri degli utenti.\u00a0<\/p>\n\n\n\n<h4 class=\"wp-block-heading\">6. Assegnazione<\/h4>\n\n\n\n<p>6.1. La Climate KIC avr\u00e0 il diritto, senza il consenso scritto del Sottoscrittore, di assegnare, delegare, trasferire, addebitare o altrimenti disporre di tutti o di alcuni dei suoi diritti e delle sue responsabilit\u00e0 ai sensi dei Termini e delle Condizioni a qualsiasi filiale, succursale o affiliata della Climate KIC o a qualsiasi entit\u00e0 a scopo di lucro o non a scopo di lucro incorporata dalla Climate KIC.<\/p>\n\n\n\n<h4 class=\"wp-block-heading\">7. Cancellazione e rimborsi<\/h4>\n\n\n\n<p>7.1. Cancellazione: L'utente pu\u00f2 annullare l'abbonamento in qualsiasi momento dal proprio profilo, alla voce Impostazioni&gt;Il mio abbonamento, o contattandoci a <a href=\"mailto:community@climate-kic.org\" target=\"_blank\" rel=\"noreferrer noopener\">community@climate-kic.org<\/a>. Le cancellazioni avranno effetto alla fine del periodo di abbonamento in corso.\u00a0<\/p>\n\n\n\n<p>7.2. Rimborsi: Non sono previsti rimborsi per periodi di abbonamento parzialmente utilizzati.<\/p>\n\n\n\n<h4 class=\"wp-block-heading\">8. Modifiche ai termini e alle condizioni<\/h4>\n\n\n\n<p>8.1. Climate KIC si riserva il diritto di modificare questi Termini e Condizioni in qualsiasi momento. Gli abbonati saranno informati di qualsiasi modifica significativa via e-mail. L'uso continuato dell'abbonamento dopo che sono state apportate le modifiche costituisce l'accettazione dei nuovi Termini e Condizioni.<\/p>\n\n\n\n<h4 class=\"wp-block-heading\">9. Legge applicabile<\/h4>\n\n\n\n<p>9.1. I presenti Termini e condizioni sono disciplinati e interpretati in conformit\u00e0 alle leggi dei Paesi Bassi.\u00a0<\/p>\n\n\n\n<h4 class=\"wp-block-heading\">10. Informazioni di contatto<\/h4>\n\n\n\n<p>In caso di domande o dubbi sui presenti Termini e condizioni, si prega di contattarci all'indirizzo:&nbsp;<\/p>\n\n\n\n<p>E-mail: <a href=\"mailto:Community@Climate-KiC.org\" target=\"_blank\" rel=\"noreferrer noopener\">Community@Climate-KiC.org<\/a>&nbsp;<\/p>\n\n\n\n<p>Indirizzo: Plantage Middenlaan 45, 1018 DC Amsterdam, Paesi Bassi&nbsp;<\/p>","protected":false},"excerpt":{"rendered":"<p>By subscribing to any membership, you confirm that you have read, understood, and agree to the Terms and Conditions. Please read them carefully before proceeding with your subscription.\u00a0 1. Introduction [&hellip;]<\/p>","protected":false},"author":1,"featured_media":0,"parent":0,"menu_order":0,"comment_status":"closed","ping_status":"closed","template":"","meta":{"_acf_changed":false,"_tec_requires_first_save":true,"_bbp_topic_count":0,"_bbp_reply_count":0,"_bbp_total_topic_count":0,"_bbp_total_reply_count":0,"_bbp_voice_count":0,"_bbp_anonymous_reply_count":0,"_bbp_topic_count_hidden":0,"_bbp_reply_count_hidden":0,"_bbp_forum_subforum_count":0,"pmpro_default_level":"","inline_featured_image":false,"_price":"","_stock":"","_tribe_ticket_header":"","_tribe_default_ticket_provider":"","_ticket_start_date":"","_ticket_end_date":"","_tribe_ticket_show_description":"","_tribe_ticket_show_not_going":false,"_tribe_ticket_use_global_stock":"","_tribe_ticket_global_stock_level":"","_global_stock_mode":"","_global_stock_cap":"","_tribe_rsvp_for_event":"","_tribe_ticket_going_count":"","_tribe_ticket_not_going_count":"","_tribe_tickets_list":"[]","_tribe_ticket_has_attendee_info_fields":false,"_EventAllDay":false,"_EventTimezone":"","_EventStartDate":"","_EventEndDate":"","_EventStartDateUTC":"","_EventEndDateUTC":"","_EventShowMap":false,"_EventShowMapLink":false,"_EventURL":"","_EventCost":"","_EventCostDescription":"","_EventCurrencySymbol":"","_EventCurrencyCode":"","_EventCurrencyPosition":"","_EventDateTimeSeparator":"","_EventTimeRangeSeparator":"","_EventOrganizerID":[],"_EventVenueID":[],"_OrganizerEmail":"","_OrganizerPhone":"","_OrganizerWebsite":"","_VenueAddress":"","_VenueCity":"","_VenueCountry":"","_VenueProvince":"","_VenueState":"","_VenueZip":"","_VenuePhone":"","_VenueURL":"","_VenueStateProvince":"","_VenueLat":"","_VenueLng":"","_VenueShowMap":false,"_VenueShowMapLink":false,"_tribe_blocks_recurrence_rules":"","_tribe_blocks_recurrence_description":"","_tribe_blocks_recurrence_exclusions":"","footnotes":""},"page_tag":[],"class_list":["post-3897","page","type-page","status-publish","hentry","pmpro-has-access"],"acf":[],"_links":{"self":[{"href":"https:\/\/climate-hive.org\/it\/wp-json\/wp\/v2\/pages\/3897","targetHints":{"allow":["GET"]}}],"collection":[{"href":"https:\/\/climate-hive.org\/it\/wp-json\/wp\/v2\/pages"}],"about":[{"href":"https:\/\/climate-hive.org\/it\/wp-json\/wp\/v2\/types\/page"}],"author":[{"embeddable":true,"href":"https:\/\/climate-hive.org\/it\/wp-json\/wp\/v2\/users\/1"}],"replies":[{"embeddable":true,"href":"https:\/\/climate-hive.org\/it\/wp-json\/wp\/v2\/comments?post=3897"}],"version-history":[{"count":3,"href":"https:\/\/climate-hive.org\/it\/wp-json\/wp\/v2\/pages\/3897\/revisions"}],"predecessor-version":[{"id":4339,"href":"https:\/\/climate-hive.org\/it\/wp-json\/wp\/v2\/pages\/3897\/revisions\/4339"}],"wp:attachment":[{"href":"https:\/\/climate-hive.org\/it\/wp-json\/wp\/v2\/media?parent=3897"}],"wp:term":[{"taxonomy":"page_tag","embeddable":true,"href":"https:\/\/climate-hive.org\/it\/wp-json\/wp\/v2\/page_tag?post=3897"}],"curies":[{"name":"wp","href":"https:\/\/api.w.org\/{rel}","templated":true}]}}