{"id":4130,"date":"2025-09-18T11:17:14","date_gmt":"2025-09-18T10:17:14","guid":{"rendered":"https:\/\/climate-hive.org\/?page_id=4130"},"modified":"2025-09-18T11:17:14","modified_gmt":"2025-09-18T10:17:14","slug":"cookie-policy","status":"publish","type":"page","link":"https:\/\/climate-hive.org\/it\/cookie-policy\/","title":{"rendered":"Informativa sui cookie"},"content":{"rendered":"<h2 class=\"wp-block-heading\">Cosa sono i cookie<\/h2>\n\n\n\n<p>Come \u00e8 prassi comune di quasi tutti i siti web professionali, questo sito utilizza i cookie, piccoli file che vengono scaricati sul vostro computer per migliorare la vostra esperienza. Questa pagina descrive quali informazioni raccolgono, come le utilizziamo e perch\u00e9 a volte abbiamo bisogno di memorizzare questi cookie. Verr\u00e0 inoltre illustrato il modo in cui \u00e8 possibile impedire la memorizzazione di questi cookie, ma ci\u00f2 potrebbe ridurre o \u2018interrompere\u2019 alcuni elementi della funzionalit\u00e0 del sito.<br>Per informazioni pi\u00f9 generali sui cookie, consultare l'articolo di Wikipedia sui cookie HTTP.<\/p>\n\n\n\n<h2 class=\"wp-block-heading\">Come utilizziamo i cookie<\/h2>\n\n\n\n<p>Utilizziamo i cookie per una serie di motivi illustrati di seguito. Purtroppo nella maggior parte dei casi non esistono opzioni standard per disabilitare i cookie senza disattivare completamente le funzionalit\u00e0 e le caratteristiche che essi aggiungono a questo sito. Si consiglia di lasciare attivi tutti i cookie se non si \u00e8 sicuri di averne bisogno o meno, nel caso in cui vengano utilizzati per fornire un servizio che si utilizza.<\/p>\n\n\n\n<h2 class=\"wp-block-heading\">Disabilitazione dei cookie<\/h2>\n\n\n\n<p>\u00c8 possibile impedire l'impostazione dei cookie modificando le impostazioni del proprio browser (per sapere come fare, consultare la Guida del browser). Tenete presente che la disabilitazione dei cookie influisce sulla funzionalit\u00e0 di questo e di molti altri siti web che visitate. La disabilitazione dei cookie di solito comporta anche la disabilitazione di alcune funzionalit\u00e0 e caratteristiche del sito. Pertanto, si consiglia di non disabilitare i cookie.<\/p>\n\n\n\n<h2 class=\"wp-block-heading\">I cookie che impostiamo<\/h2>\n\n\n\n<p>Quando si inviano dati in un modulo, come quelli presenti nelle pagine di contatto, \u00e8 possibile che vengano impostati dei cookie per ricordare i dati dell'utente per la corrispondenza futura.<\/p>\n\n\n\n<h2 class=\"wp-block-heading\">Cookie di terze parti<\/h2>\n\n\n\n<p>In alcuni casi particolari utilizziamo anche cookie forniti da terze parti fidate. La seguente sezione illustra in dettaglio i cookie di terze parti che potreste incontrare in questo sito.<\/p>\n\n\n\n<p>Di tanto in tanto testiamo nuove funzionalit\u00e0 e apportiamo lievi modifiche al modo in cui il sito viene fornito. Quando stiamo ancora testando nuove funzionalit\u00e0, questi cookie possono essere utilizzati per garantire che l'utente riceva un'esperienza coerente durante la navigazione del sito, assicurandoci di capire quali ottimizzazioni sono pi\u00f9 apprezzate dai nostri utenti.<\/p>\n\n\n\n<h2 class=\"wp-block-heading\">Ulteriori informazioni<\/h2>\n\n\n\n<p>Speriamo che questo vi abbia chiarito le idee e, come gi\u00e0 detto, se c'\u00e8 qualcosa di cui non siete sicuri di aver bisogno o meno, di solito \u00e8 pi\u00f9 sicuro lasciare i cookie abilitati nel caso in cui interagiscano con una delle funzioni utilizzate sul nostro sito. Tuttavia, se siete ancora alla ricerca di ulteriori informazioni, potete contattarci attraverso uno dei nostri metodi di contatto preferiti.<\/p>\n\n\n\n<p>E-mail: <a href=\"mailto:privacy.office@climate-kic.org\">privacy.office@climate-kic.org<\/a><\/p>","protected":false},"excerpt":{"rendered":"<p>Cosa sono i cookie Come \u00e8 prassi comune di quasi tutti i siti web professionali, questo sito utilizza i cookie, che sono piccoli file che vengono scaricati sul vostro computer, per migliorare la vostra esperienza. [...]<\/p>","protected":false},"author":1,"featured_media":0,"parent":0,"menu_order":0,"comment_status":"closed","ping_status":"closed","template":"","meta":{"_acf_changed":false,"_tec_requires_first_save":true,"_bbp_topic_count":0,"_bbp_reply_count":0,"_bbp_total_topic_count":0,"_bbp_total_reply_count":0,"_bbp_voice_count":0,"_bbp_anonymous_reply_count":0,"_bbp_topic_count_hidden":0,"_bbp_reply_count_hidden":0,"_bbp_forum_subforum_count":0,"pmpro_default_level":"","inline_featured_image":false,"_price":"","_stock":"","_tribe_ticket_header":"","_tribe_default_ticket_provider":"","_ticket_start_date":"","_ticket_end_date":"","_tribe_ticket_show_description":"","_tribe_ticket_show_not_going":false,"_tribe_ticket_use_global_stock":"","_tribe_ticket_global_stock_level":"","_global_stock_mode":"","_global_stock_cap":"","_tribe_rsvp_for_event":"","_tribe_ticket_going_count":"","_tribe_ticket_not_going_count":"","_tribe_tickets_list":"[]","_tribe_ticket_has_attendee_info_fields":false,"_EventAllDay":false,"_EventTimezone":"","_EventStartDate":"","_EventEndDate":"","_EventStartDateUTC":"","_EventEndDateUTC":"","_EventShowMap":false,"_EventShowMapLink":false,"_EventURL":"","_EventCost":"","_EventCostDescription":"","_EventCurrencySymbol":"","_EventCurrencyCode":"","_EventCurrencyPosition":"","_EventDateTimeSeparator":"","_EventTimeRangeSeparator":"","_EventOrganizerID":[],"_EventVenueID":[],"_OrganizerEmail":"","_OrganizerPhone":"","_OrganizerWebsite":"","_VenueAddress":"","_VenueCity":"","_VenueCountry":"","_VenueProvince":"","_VenueState":"","_VenueZip":"","_VenuePhone":"","_VenueURL":"","_VenueStateProvince":"","_VenueLat":"","_VenueLng":"","_VenueShowMap":false,"_VenueShowMapLink":false,"_tribe_blocks_recurrence_rules":"","_tribe_blocks_recurrence_description":"","_tribe_blocks_recurrence_exclusions":"","footnotes":""},"page_tag":[],"class_list":["post-4130","page","type-page","status-publish","hentry","pmpro-has-access"],"acf":[],"_links":{"self":[{"href":"https:\/\/climate-hive.org\/it\/wp-json\/wp\/v2\/pages\/4130","targetHints":{"allow":["GET"]}}],"collection":[{"href":"https:\/\/climate-hive.org\/it\/wp-json\/wp\/v2\/pages"}],"about":[{"href":"https:\/\/climate-hive.org\/it\/wp-json\/wp\/v2\/types\/page"}],"author":[{"embeddable":true,"href":"https:\/\/climate-hive.org\/it\/wp-json\/wp\/v2\/users\/1"}],"replies":[{"embeddable":true,"href":"https:\/\/climate-hive.org\/it\/wp-json\/wp\/v2\/comments?post=4130"}],"version-history":[{"count":1,"href":"https:\/\/climate-hive.org\/it\/wp-json\/wp\/v2\/pages\/4130\/revisions"}],"predecessor-version":[{"id":4131,"href":"https:\/\/climate-hive.org\/it\/wp-json\/wp\/v2\/pages\/4130\/revisions\/4131"}],"wp:attachment":[{"href":"https:\/\/climate-hive.org\/it\/wp-json\/wp\/v2\/media?parent=4130"}],"wp:term":[{"taxonomy":"page_tag","embeddable":true,"href":"https:\/\/climate-hive.org\/it\/wp-json\/wp\/v2\/page_tag?post=4130"}],"curies":[{"name":"wp","href":"https:\/\/api.w.org\/{rel}","templated":true}]}}