{"id":6276,"date":"2025-12-19T10:25:33","date_gmt":"2025-12-19T10:25:33","guid":{"rendered":"https:\/\/climate-hive.org\/?page_id=6276"},"modified":"2025-12-19T10:25:34","modified_gmt":"2025-12-19T10:25:34","slug":"terms-conditions-organisation","status":"publish","type":"page","link":"https:\/\/climate-hive.org\/it\/terms-conditions-organisation\/","title":{"rendered":"Termini e condizioni per i membri dell'organizzazione"},"content":{"rendered":"<p>Diventando un membro della Comunit\u00e0 Climate KIC (\u201cComunit\u00e0\u201d), accettate i seguenti Termini e Condizioni e vi impegnate a rispettare le Linee Guida della Comunit\u00e0.&nbsp;<\/p>\n\n\n\n<h2 class=\"wp-block-heading\"><strong>1. Introduzione<\/strong>\u00a0<\/h2>\n\n\n\n<p>1.1. La Climate KIC Community \u00e8 una rete di persone fisiche e giuridiche che si impegnano a portare avanti e a scalare l'innovazione climatica trasformativa. La Comunit\u00e0 \u00e8 curata dalla Stichting Climate-KIC International Foundation, un'organizzazione senza scopo di lucro (\u201cstichting\u201d) (numero di registrazione 77373154) regolarmente costituita secondo le leggi dei Paesi Bassi, con sede legale in Plantage Middenlaan 45, 1018 DC Amsterdam, Paesi Bassi (d'ora in poi, \u201cClimate KIC\u201d).\u00a0\u00a0<\/p>\n\n\n\n<p>1.2. I presenti Termini e Condizioni regolano la vostra adesione alla Comunit\u00e0 Climate KIC. Con l'adesione confermate di averli letti, compresi e accettati.&nbsp;<\/p>\n\n\n\n<h2 class=\"wp-block-heading\">2. <strong>Ammissibilit\u00e0<\/strong>\u00a0<\/h2>\n\n\n\n<p>2.1. L'adesione \u00e8 aperta alle organizzazioni legalmente registrate e agli individui di et\u00e0 superiore ai 18 anni le cui attivit\u00e0 sono in linea con la missione e i valori della Climate KIC.&nbsp;<\/p>\n\n\n\n<h2 class=\"wp-block-heading\">3. <strong>Iscrizione, quote, cessazione e rinnovo\u00a0<\/strong>\u00a0<\/h2>\n\n\n\n<p>3.1. Le quote di adesione devono essere pagate al momento dell'adesione (\u201cData di entrata in vigore\u201d) ed elaborate in modo sicuro tramite i metodi di pagamento approvati. Il periodo di adesione \u00e8 di 12 mesi consecutivi.&nbsp;&nbsp;<\/p>\n\n\n\n<p>3.2. L'iscrizione si rinnova automaticamente ogni anno, a meno che non venga disdetta almeno 1 mese prima del rinnovo.&nbsp;&nbsp;<\/p>\n\n\n\n<p>3.3. La Climate KIC vi fatturer\u00e0 il pagamento del contributo di adesione su base annuale, a partire dalla Data di entrata in vigore.&nbsp;<\/p>\n\n\n\n<p>3.4. Una volta avviate, le tariffe non sono rimborsabili per il periodo di fatturazione in corso.&nbsp;<\/p>\n\n\n\n<p>3.5. I membri possono terminare la loro iscrizione andando su Impostazioni &gt; Iscrizione &gt; Le mie iscrizioni e cliccando su \u2018Annulla\u2019. In alternativa, \u00e8 possibile contattare la Climate KIC all'indirizzo <a>community@climate-kic.org<\/a>\u00a0in qualsiasi momento, ma non oltre 2 settimane prima del rinnovo automatico. La cancellazione ha effetto al termine del periodo di adesione in corso.\u00a0<\/p>\n\n\n\n<p>3.6. La Climate KIC pu\u00f2 porre fine all'adesione con effetto immediato se le quote non vengono pagate o se le azioni di un membro danneggiano la reputazione della Comunit\u00e0.&nbsp;<\/p>\n\n\n\n<h2 class=\"wp-block-heading\">4. <strong>Vantaggi<\/strong>\u00a0\u00a0<\/h2>\n\n\n\n<p>4.1. In qualit\u00e0 di membri della Comunit\u00e0, avrete accesso a una comunit\u00e0 di professionisti ed esperti dell'innovazione climatica, alimentata dalla principale comunit\u00e0 europea di professionisti del pianeta.\u00a0\u00a0<\/p>\n\n\n\n<p>4.2. I membri possono utilizzare il logo della Climate KIC per identificarsi come membri, previa approvazione e nel rispetto delle linee guida del marchio.&nbsp;<\/p>\n\n\n\n<h2 class=\"wp-block-heading\"><strong>5.   Diritto di aderire all'Associazione Climate KIC\u00a0<\/strong>\u00a0<\/h2>\n\n\n\n<p>5.1. Diventando un membro della Comunit\u00e0, diventate automaticamente un membro affiliato dell'Associazione Climate KIC, con il diritto di partecipare alle riunioni dell'Assemblea (senza diritto di voto).\u00a0<\/p>\n\n\n\n<p>5.2.  Per diventare un membro votante c'\u00e8 una procedura separata descritta nello Statuto dell'Associazione Climate KIC.&nbsp;<\/p>\n\n\n\n<p>5.3. I diritti e gli obblighi degli Affiliati e dei Membri votanti sono regolati dallo Statuto dell'Associazione Climate KIC.&nbsp;&nbsp;<\/p>\n\n\n\n<p>5.4. La cessazione dello status di socio affiliato o votante dell'Associazione non influisce sull'appartenenza alla Comunit\u00e0, a meno che il motivo della cessazione non giustifichi anche la cessazione dell'appartenenza alla Comunit\u00e0.&nbsp;<\/p>\n\n\n\n<h2 class=\"wp-block-heading\">6. <strong>Protezione dei dati, privacy e riservatezza<\/strong>\u00a0<\/h2>\n\n\n\n<p>6.1. Climate KIC elabora i dati personali (ad esempio, nome, contatto, dettagli di pagamento) in linea con la normativa vigente in materia di protezione dei dati, incluso il GDPR e altre leggi pertinenti.&nbsp;<\/p>\n\n\n\n<p>6.2. I dati vengono utilizzati per gestire i soci, fornire servizi e comunicare le attivit\u00e0.&nbsp;<\/p>\n\n\n\n<p>6.3. I soci hanno il diritto di accedere, rettificare, cancellare o limitare i propri dati. Le richieste possono essere inviate a community@climate-kic.org.&nbsp;<\/p>\n\n\n\n<p>6.4. Le informazioni riservate devono essere salvaguardate e non possono essere divulgate, salvo nei casi previsti dalla legge.&nbsp;<\/p>\n\n\n\n<h2 class=\"wp-block-heading\">7. <strong>Assegnazione\u00a0<\/strong>\u00a0<\/h2>\n\n\n\n<p>7.1.  Climate KIC pu\u00f2 trasferire i suoi diritti o le sue responsabilit\u00e0 ai sensi dei presenti Termini alle sue affiliate o entit\u00e0 correlate senza consenso.&nbsp;&nbsp;&nbsp;<\/p>\n\n\n\n<p>7.2. I membri della Comunit\u00e0 possono trasferire la loro adesione o i loro obblighi solo previa approvazione da parte di Climate KIC.&nbsp;<\/p>\n\n\n\n<h2 class=\"wp-block-heading\"><strong>8. Regime di responsabilit\u00e0\u00a0\u00a0<\/strong>\u00a0<\/h2>\n\n\n\n<p>8.1. I soci sono responsabili delle proprie azioni e di qualsiasi danno causato dalla loro partecipazione.&nbsp;<\/p>\n\n\n\n<p>8.2. Climate KIC non \u00e8 responsabile per danni indiretti o consequenziali (ad esempio, perdita di profitto).&nbsp;<\/p>\n\n\n\n<h2 class=\"wp-block-heading\"><strong>9. Modifiche ai Termini e condizioni&nbsp;&nbsp;<\/strong>&nbsp;<\/h2>\n\n\n\n<p>9.1. Climate KIC pu\u00f2 aggiornare questi Termini in qualsiasi momento. I membri saranno informati delle modifiche significative; la partecipazione continua costituisce accettazione.&nbsp;<\/p>\n\n\n\n<h2 class=\"wp-block-heading\"><strong>10. Legge applicabile. Risoluzione delle controversie&nbsp;<\/strong>&nbsp;<\/h2>\n\n\n\n<p>10.1. Le presenti Condizioni sono disciplinate dalla legge olandese. Le controversie saranno innanzitutto affrontate in via amichevole; se irrisolte, saranno sottoposte alla giurisdizione dei tribunali di Amsterdam.<\/p>","protected":false},"excerpt":{"rendered":"<p>By becoming a member of the Climate KIC Community (\u201cCommunity\u201d), you agree to the following Terms and Conditions and commit to the Community Guidelines.&nbsp; 1. Introduction\u00a0 1.1. The Climate KIC\u00a0Community [&hellip;]<\/p>","protected":false},"author":3,"featured_media":0,"parent":0,"menu_order":0,"comment_status":"closed","ping_status":"closed","template":"","meta":{"_acf_changed":false,"_tec_requires_first_save":true,"_bbp_topic_count":0,"_bbp_reply_count":0,"_bbp_total_topic_count":0,"_bbp_total_reply_count":0,"_bbp_voice_count":0,"_bbp_anonymous_reply_count":0,"_bbp_topic_count_hidden":0,"_bbp_reply_count_hidden":0,"_bbp_forum_subforum_count":0,"pmpro_default_level":"","inline_featured_image":false,"_price":"","_stock":"","_tribe_ticket_header":"","_tribe_default_ticket_provider":"","_ticket_start_date":"","_ticket_end_date":"","_tribe_ticket_show_description":"","_tribe_ticket_show_not_going":false,"_tribe_ticket_use_global_stock":"","_tribe_ticket_global_stock_level":"","_global_stock_mode":"","_global_stock_cap":"","_tribe_rsvp_for_event":"","_tribe_ticket_going_count":"","_tribe_ticket_not_going_count":"","_tribe_tickets_list":"[]","_tribe_ticket_has_attendee_info_fields":false,"_EventAllDay":false,"_EventTimezone":"","_EventStartDate":"","_EventEndDate":"","_EventStartDateUTC":"","_EventEndDateUTC":"","_EventShowMap":false,"_EventShowMapLink":false,"_EventURL":"","_EventCost":"","_EventCostDescription":"","_EventCurrencySymbol":"","_EventCurrencyCode":"","_EventCurrencyPosition":"","_EventDateTimeSeparator":"","_EventTimeRangeSeparator":"","_EventOrganizerID":[],"_EventVenueID":[],"_OrganizerEmail":"","_OrganizerPhone":"","_OrganizerWebsite":"","_VenueAddress":"","_VenueCity":"","_VenueCountry":"","_VenueProvince":"","_VenueState":"","_VenueZip":"","_VenuePhone":"","_VenueURL":"","_VenueStateProvince":"","_VenueLat":"","_VenueLng":"","_VenueShowMap":false,"_VenueShowMapLink":false,"_tribe_blocks_recurrence_rules":"","_tribe_blocks_recurrence_description":"","_tribe_blocks_recurrence_exclusions":"","footnotes":""},"page_tag":[],"class_list":["post-6276","page","type-page","status-publish","hentry","pmpro-has-access"],"acf":[],"_links":{"self":[{"href":"https:\/\/climate-hive.org\/it\/wp-json\/wp\/v2\/pages\/6276","targetHints":{"allow":["GET"]}}],"collection":[{"href":"https:\/\/climate-hive.org\/it\/wp-json\/wp\/v2\/pages"}],"about":[{"href":"https:\/\/climate-hive.org\/it\/wp-json\/wp\/v2\/types\/page"}],"author":[{"embeddable":true,"href":"https:\/\/climate-hive.org\/it\/wp-json\/wp\/v2\/users\/3"}],"replies":[{"embeddable":true,"href":"https:\/\/climate-hive.org\/it\/wp-json\/wp\/v2\/comments?post=6276"}],"version-history":[{"count":2,"href":"https:\/\/climate-hive.org\/it\/wp-json\/wp\/v2\/pages\/6276\/revisions"}],"predecessor-version":[{"id":6278,"href":"https:\/\/climate-hive.org\/it\/wp-json\/wp\/v2\/pages\/6276\/revisions\/6278"}],"wp:attachment":[{"href":"https:\/\/climate-hive.org\/it\/wp-json\/wp\/v2\/media?parent=6276"}],"wp:term":[{"taxonomy":"page_tag","embeddable":true,"href":"https:\/\/climate-hive.org\/it\/wp-json\/wp\/v2\/page_tag?post=6276"}],"curies":[{"name":"wp","href":"https:\/\/api.w.org\/{rel}","templated":true}]}}