{"id":3890,"date":"2025-03-12T12:17:45","date_gmt":"2025-03-12T12:17:45","guid":{"rendered":"https:\/\/climate-hive.org\/?page_id=3890"},"modified":"2025-10-17T15:19:54","modified_gmt":"2025-10-17T14:19:54","slug":"community-guidelines","status":"publish","type":"page","link":"https:\/\/climate-hive.org\/pl\/community-guidelines\/","title":{"rendered":"Wytyczne dla spo\u0142eczno\u015bci"},"content":{"rendered":"<div class=\"wp-block-group container\"><div class=\"wp-block-group__inner-container is-layout-constrained wp-block-group-is-layout-constrained\">\n<h3 class=\"wp-block-heading\"><strong>Czym jeste\u015bmy\u00a0<\/strong><\/h3>\n\n\n\n<p>Climate Hive to platforma cyfrowa dla cz\u0142onk\u00f3w spo\u0142eczno\u015bci Climate KIC. Jej celem jest stworzenie bezpiecznej i wspieraj\u0105cej przestrzeni online do nawi\u0105zywania kontakt\u00f3w, uczenia si\u0119 i wsp\u00f3\u0142pracy w zakresie dzia\u0142a\u0144 na rzecz klimatu i innowacji. Nasza spo\u0142eczno\u015b\u0107 rozwija si\u0119 dzi\u0119ki r\u00f3\u017cnorodno\u015bci, wymianie wiedzy, pozytywnemu zaanga\u017cowaniu i radykalnej wsp\u00f3\u0142pracy mi\u0119dzy cz\u0142onkami.<\/p>\n\n\n\n<p>Aby zapewni\u0107 wszystkim owocne do\u015bwiadczenie, prosimy o przeczytanie i przestrzeganie poni\u017cszych wskaz\u00f3wek.&nbsp;<\/p>\n\n\n\n<p><\/p>\n\n\n\n<h4 class=\"wp-block-heading\"><strong>Do czego zach\u0119camy&nbsp;<\/strong><\/h4>\n\n\n\n<p>\ud83d\udde3\ufe0f <strong>R\u00f3\u017cnorodne perspektywy<\/strong>: Spo\u0142eczno\u015b\u0107 Climate KIC tworz\u0105 r\u00f3\u017cne osoby i organizacje z sektora prywatnego i publicznego. Przyjmujemy i doceniamy r\u00f3\u017cnorodne do\u015bwiadczenia i pochodzenie naszych cz\u0142onk\u00f3w i wierzymy, \u017ce radykalna wsp\u00f3\u0142praca jest kluczowym motorem do osi\u0105gni\u0119cia zmian systemowych.&nbsp;<\/p>\n\n\n\n<p>\ud83d\ude4b\u200d\u2640\ufe0f<strong> Nauka i dzielenie si\u0119<\/strong>: Climate Hive to platforma wymiany wiedzy i nawi\u0105zywania kontakt\u00f3w. Zadawaj pytania, dziel si\u0119 swoj\u0105 wiedz\u0105 i anga\u017cuj si\u0119 w przemy\u015blane rozmowy, kt\u00f3re przyczyniaj\u0105 si\u0119 do wsp\u00f3lnego uczenia si\u0119 wszystkich cz\u0142onk\u00f3w. Dzielenie si\u0119 unikalnymi spostrze\u017ceniami wzbogaca nasze dyskusje i poczucie celu jako spo\u0142eczno\u015bci.&nbsp;<\/p>\n\n\n\n<p>\ud83c\udf1f <strong>Pozytywne zaanga\u017cowanie<\/strong>: Niech nasze dyskusje b\u0119d\u0105 przyjazne, konstruktywne i wspieraj\u0105ce. Zach\u0119cajmy innych, dostarczajmy pomocnych spostrze\u017ce\u0144 i \u015bwi\u0119tujmy wzajemne osi\u0105gni\u0119cia, jednocze\u015bnie przyczyniaj\u0105c si\u0119 do innowacji i adaptacji klimatu.&nbsp;<\/p>\n\n\n\n<p>\ud83d\udcad <strong>Kontekst<\/strong>: Zawsze publikuj tre\u015bci z wyja\u015bnieniem kontekstu. Linki lub wydarzenia bez kontekstu nie zach\u0119c\u0105 u\u017cytkownik\u00f3w do zaanga\u017cowania si\u0119 w Tw\u00f3j post i mog\u0105 zosta\u0107 pomylone z pr\u00f3b\u0105 wy\u0142udzenia informacji, spamem lub podobnym, a tym samym zg\u0142oszone.&nbsp;<\/p>\n\n\n\n<p>\ud83e\udd17 <strong>Informacje zwrotne w celu poprawy<\/strong>: Zesp\u00f3\u0142 Climate KIC Community jest zawsze otwarty na sugestie, aby poprawi\u0107 do\u015bwiadczenia wszystkich cz\u0142onk\u00f3w. Wy\u015blij nam wiadomo\u015b\u0107 e-mail na adres community@climate-kic.org, je\u015bli chcesz podzieli\u0107 si\u0119 swoimi pogl\u0105dami i spostrze\u017ceniami na okre\u015blone tematy.&nbsp;<\/p>\n\n\n\n<p><\/p>\n\n\n\n<h4 class=\"wp-block-heading\"><strong>Co odradzamy&nbsp;<\/strong><\/h4>\n\n\n\n<p>\ud83d\udcdb <strong>Tre\u015bci pozbawione szacunku<\/strong>: Traktuj innych u\u017cytkownik\u00f3w z \u017cyczliwo\u015bci\u0105 i szacunkiem, nawet je\u015bli si\u0119 z nimi nie zgadzasz. N\u0119kanie, mowa nienawi\u015bci, ataki personalne i zastraszanie nie b\u0119d\u0105 tolerowane.&nbsp;<\/p>\n\n\n\n<p>\ud83d\uddde\ufe0f <strong>Plagiat<\/strong>: Je\u015bli udost\u0119pniasz tre\u015bci, kt\u00f3re nie s\u0105 oryginalnie Twoje, upewnij si\u0119, \u017ce masz do tego odpowiednie uprawnienia lub przynajmniej podaj \u017ar\u00f3d\u0142o tre\u015bci lub potwierd\u017a tw\u00f3rc\u00f3w tre\u015bci. Jako platforma dzielenia si\u0119 wiedz\u0105, wa\u017cne jest, aby wiedzie\u0107, sk\u0105d pochodz\u0105 informacje lub kto si\u0119 do nich przyczyni\u0142.&nbsp;<\/p>\n\n\n\n<p>\ud83d\udcf0<strong> Fa\u0142szywe informacje i fa\u0142szywe wiadomo\u015bci<\/strong>: Chocia\u017c wymiana informacji jest zawsze mile widziana, nale\u017cy upewni\u0107 si\u0119, \u017ce udost\u0119pniane tre\u015bci pochodz\u0105 z wiarygodnych \u017ar\u00f3de\u0142. Udost\u0119pniane tre\u015bci musz\u0105 pochodzi\u0107 z zaufanych \u017ar\u00f3de\u0142 i by\u0107 naukowo dok\u0142adne.&nbsp;<\/p>\n\n\n\n<p>\ud83d\ude45 <strong>Kontrowersyjne tre\u015bci polityczne<\/strong>: Szanujemy Twoje prawo do posiadania pogl\u0105d\u00f3w politycznych, ale prosimy o powstrzymanie si\u0119 od udost\u0119pniania jawnie politycznych post\u00f3w, kt\u00f3re mog\u0105 podwa\u017cy\u0107 cel spo\u0142eczno\u015bci.&nbsp;<\/p>\n\n\n\n<p>\u26a0\ufe0f<strong> Nieistotna promocja tre\u015bci<\/strong>: Udost\u0119pniaj tre\u015bci, kt\u00f3re s\u0105 bezpo\u015brednio zwi\u0105zane ze spo\u0142eczno\u015bci\u0105 Climate KIC. Nie u\u017cywaj platformy spo\u0142eczno\u015bciowej jako kana\u0142u do promowania tre\u015bci lub produkt\u00f3w, kt\u00f3re s\u0105 nieistotne dla naszego celu i stanowi\u0105 form\u0119 marketingu bezpo\u015bredniego.&nbsp;&nbsp;<\/p>\n\n\n\n<p><\/p>\n\n\n\n<h4 class=\"wp-block-heading\"><strong>Usuwanie tre\u015bci i cz\u0142onk\u00f3w&nbsp;<\/strong><\/h4>\n\n\n\n<p>W przypadku, gdy kto\u015b naruszy te wytyczne, zesp\u00f3\u0142 ds. spo\u0142eczno\u015bci podejmie dzia\u0142ania w celu ochrony interes\u00f3w spo\u0142eczno\u015bci, a tak\u017ce wszystkich cz\u0142onk\u00f3w, na kt\u00f3rych takie dzia\u0142ania mog\u0105 mie\u0107 wp\u0142yw. Nale\u017cy pami\u0119ta\u0107, \u017ce Climate KIC zastrzega sobie prawo do usuwania post\u00f3w lub kont, kt\u00f3re s\u0105 szkodliwe dla spo\u0142eczno\u015bci bez ostrze\u017cenia.&nbsp;<\/p>\n\n\n\n<p>Je\u015bli napotkasz tre\u015bci, kt\u00f3re nie s\u0105 zgodne z naszymi wytycznymi dla spo\u0142eczno\u015bci, skorzystaj z wbudowanej funkcji raportowania platformy lub skontaktuj si\u0119 z <a href=\"mailto:community@climate-kic.org\" target=\"_blank\" rel=\"noreferrer noopener\">community@climate-kic.org<\/a>. Zesp\u00f3\u0142 ds. spo\u0142eczno\u015bci zadba o to, by informacje zwrotne pozosta\u0142y poufne.&nbsp;<\/p>\n\n\n\n<p><\/p>\n\n\n\n<h4 class=\"wp-block-heading\"><strong>Dzi\u0119kuj\u0119!&nbsp;<\/strong><\/h4>\n\n\n\n<p>Dzi\u0119kujemy za bycie cz\u0119\u015bci\u0105 Climate Hive i wnoszenie wk\u0142adu w nasz\u0105 t\u0119tni\u0105c\u0105 \u017cyciem i wspieraj\u0105c\u0105 spo\u0142eczno\u015b\u0107. Twoje zaanga\u017cowanie jest niezb\u0119dne do osi\u0105gni\u0119cia celu naszej spo\u0142eczno\u015bci.&nbsp;<\/p>\n\n\n\n<p>A teraz kontynuuj odkrywanie Climate Hive!&nbsp;<\/p>\n<\/div><\/div>","protected":false},"excerpt":{"rendered":"<p>What we are\u00a0 Climate Hive is a digital platform for members of Climate KIC Community. The purpose is to create a safe and supportive online space to network, learn and [&hellip;]<\/p>","protected":false},"author":1,"featured_media":4329,"parent":0,"menu_order":0,"comment_status":"closed","ping_status":"closed","template":"page-general.php","meta":{"_acf_changed":false,"_tec_requires_first_save":true,"_bbp_topic_count":0,"_bbp_reply_count":0,"_bbp_total_topic_count":0,"_bbp_total_reply_count":0,"_bbp_voice_count":0,"_bbp_anonymous_reply_count":0,"_bbp_topic_count_hidden":0,"_bbp_reply_count_hidden":0,"_bbp_forum_subforum_count":0,"pmpro_default_level":"","inline_featured_image":false,"_price":"","_stock":"","_tribe_ticket_header":"","_tribe_default_ticket_provider":"","_ticket_start_date":"","_ticket_end_date":"","_tribe_ticket_show_description":"","_tribe_ticket_show_not_going":false,"_tribe_ticket_use_global_stock":"","_tribe_ticket_global_stock_level":"","_global_stock_mode":"","_global_stock_cap":"","_tribe_rsvp_for_event":"","_tribe_ticket_going_count":"","_tribe_ticket_not_going_count":"","_tribe_tickets_list":"[]","_tribe_ticket_has_attendee_info_fields":false,"_EventAllDay":false,"_EventTimezone":"","_EventStartDate":"","_EventEndDate":"","_EventStartDateUTC":"","_EventEndDateUTC":"","_EventShowMap":false,"_EventShowMapLink":false,"_EventURL":"","_EventCost":"","_EventCostDescription":"","_EventCurrencySymbol":"","_EventCurrencyCode":"","_EventCurrencyPosition":"","_EventDateTimeSeparator":"","_EventTimeRangeSeparator":"","_EventOrganizerID":[],"_EventVenueID":[],"_OrganizerEmail":"","_OrganizerPhone":"","_OrganizerWebsite":"","_VenueAddress":"","_VenueCity":"","_VenueCountry":"","_VenueProvince":"","_VenueState":"","_VenueZip":"","_VenuePhone":"","_VenueURL":"","_VenueStateProvince":"","_VenueLat":"","_VenueLng":"","_VenueShowMap":false,"_VenueShowMapLink":false,"_tribe_blocks_recurrence_rules":"","_tribe_blocks_recurrence_description":"","_tribe_blocks_recurrence_exclusions":"","footnotes":""},"page_tag":[],"class_list":["post-3890","page","type-page","status-publish","has-post-thumbnail","hentry","pmpro-has-access"],"acf":[],"_links":{"self":[{"href":"https:\/\/climate-hive.org\/pl\/wp-json\/wp\/v2\/pages\/3890","targetHints":{"allow":["GET"]}}],"collection":[{"href":"https:\/\/climate-hive.org\/pl\/wp-json\/wp\/v2\/pages"}],"about":[{"href":"https:\/\/climate-hive.org\/pl\/wp-json\/wp\/v2\/types\/page"}],"author":[{"embeddable":true,"href":"https:\/\/climate-hive.org\/pl\/wp-json\/wp\/v2\/users\/1"}],"replies":[{"embeddable":true,"href":"https:\/\/climate-hive.org\/pl\/wp-json\/wp\/v2\/comments?post=3890"}],"version-history":[{"count":6,"href":"https:\/\/climate-hive.org\/pl\/wp-json\/wp\/v2\/pages\/3890\/revisions"}],"predecessor-version":[{"id":4694,"href":"https:\/\/climate-hive.org\/pl\/wp-json\/wp\/v2\/pages\/3890\/revisions\/4694"}],"wp:featuredmedia":[{"embeddable":true,"href":"https:\/\/climate-hive.org\/pl\/wp-json\/wp\/v2\/media\/4329"}],"wp:attachment":[{"href":"https:\/\/climate-hive.org\/pl\/wp-json\/wp\/v2\/media?parent=3890"}],"wp:term":[{"taxonomy":"page_tag","embeddable":true,"href":"https:\/\/climate-hive.org\/pl\/wp-json\/wp\/v2\/page_tag?post=3890"}],"curies":[{"name":"wp","href":"https:\/\/api.w.org\/{rel}","templated":true}]}}