{"id":3897,"date":"2025-03-12T14:04:15","date_gmt":"2025-03-12T14:04:15","guid":{"rendered":"https:\/\/climate-hive.org\/?page_id=3897"},"modified":"2025-09-26T14:12:44","modified_gmt":"2025-09-26T13:12:44","slug":"terms-conditions","status":"publish","type":"page","link":"https:\/\/climate-hive.org\/pl\/terms-conditions\/","title":{"rendered":"Regulamin"},"content":{"rendered":"<p>Dokonuj\u0105c subskrypcji dowolnego cz\u0142onkostwa, u\u017cytkownik potwierdza, \u017ce przeczyta\u0142, zrozumia\u0142 i akceptuje Regulamin. Prosimy o uwa\u017cne zapoznanie si\u0119 z nimi przed przyst\u0105pieniem do subskrypcji.\u00a0<\/p>\n\n\n\n<h4 class=\"wp-block-heading\">1. <strong>Wprowadzenie<\/strong><\/h4>\n\n\n\n<ol class=\"wp-block-list\"><\/ol>\n\n\n\n<p>1.1. Niniejszy Regulamin reguluje subskrypcj\u0119 spo\u0142eczno\u015bci Climate KIC (\u201cSpo\u0142eczno\u015b\u0107\u201d). Dokonuj\u0105c subskrypcji, u\u017cytkownik potwierdza, \u017ce przeczyta\u0142, zrozumia\u0142 i zgadza si\u0119 przestrzega\u0107 niniejszych Warunk\u00f3w.\u00a0<\/p>\n\n\n\n<p>1.2. Niniejsze Warunki standardowe s\u0105 wi\u0105\u017c\u0105ce dla Subskrypcji spo\u0142eczno\u015bciowej na warunkach okre\u015blonych w niniejszym dokumencie w momencie ich zaakceptowania przez u\u017cytkownika.\u00a0<\/p>\n\n\n\n<h4 class=\"wp-block-heading\"><strong>2. Cz\u0142onkostwo<\/strong><\/h4>\n\n\n\n<p>2.1. Kwalifikowalno\u015b\u0107: To cz\u0142onkostwo jest skierowane do os\u00f3b, kt\u00f3re uko\u0144czy\u0142y 18 lat.&nbsp;&nbsp;<\/p>\n\n\n\n<p>2.2. Korzy\u015bci z subskrypcji: Jako cz\u0142onek b\u0119dziesz mie\u0107 dost\u0119p do wiod\u0105cej spo\u0142eczno\u015bci praktyk\u00f3w i ekspert\u00f3w w zakresie innowacji klimatycznych, zasilanej przez <strong>Wiod\u0105ca europejska spo\u0142eczno\u015b\u0107 specjalist\u00f3w ds. wp\u0142ywu<\/strong>. Konkretne korzy\u015bci z cz\u0142onkostwa s\u0105 wyszczeg\u00f3lnione na stronie cz\u0142onkostwa.<\/p>\n\n\n\n<h4 class=\"wp-block-heading\"><strong>3. Op\u0142aty, p\u0142atno\u015bci, odnowienie<\/strong><\/h4>\n\n\n\n<p>3.1. Op\u0142aty cz\u0142onkowskie: Op\u0142ata cz\u0142onkowska zale\u017cy od wybranego cz\u0142onkostwa. Wszystkie informacje mo\u017cna znale\u017a\u0107 na stronie cz\u0142onkostwa <\/p>\n\n\n\n<p>3.2. Dodatkowy bezp\u0142atny miesi\u0105c: Ka\u017cda subskrypcja zapewnia co najmniej 30-dniowy bezp\u0142atny okres pr\u00f3bny. Czas trwania okresu pr\u00f3bnego jest okre\u015blony na stronie cz\u0142onkostwa.<\/p>\n\n\n\n<p>3.3. P\u0142atno\u015b\u0107: Op\u0142aty cz\u0142onkowskie s\u0105 nale\u017cne w momencie subskrypcji. P\u0142atno\u015bci s\u0105 bezpiecznie przetwarzane przez naszego dostawc\u0119 us\u0142ug p\u0142atniczych.\u00a0<\/p>\n\n\n\n<p>3.4. Automatyczne odnowienie: Subskrypcja b\u0119dzie automatycznie odnawiana regularnie, chyba \u017ce u\u017cytkownik anuluje j\u0105 przed dat\u0105 odnowienia. Przed odnowieniem u\u017cytkownik otrzyma wiadomo\u015b\u0107 e-mail z przypomnieniem.\u00a0<\/p>\n\n\n\n<h4 class=\"wp-block-heading\"><strong>4. Ochrona danych i prywatno\u015b\u0107<\/strong><\/h4>\n\n\n\n<p>4.1. Dane osobowe: Climate KIC gromadzi i przetwarza dane osobowe podane przez u\u017cytkownika podczas procesu subskrypcji, w tym imi\u0119 i nazwisko, adres e-mail i informacje dotycz\u0105ce p\u0142atno\u015bci. Dane osobowe u\u017cytkownika b\u0119d\u0105 przetwarzane zgodnie z odpowiednimi przepisami prawa okre\u015blonymi poni\u017cej oraz polityk\u0105 prywatno\u015bci Climate KIC. Dane osobowe u\u017cytkownika b\u0119d\u0105 wykorzystywane do zarz\u0105dzania jego subskrypcj\u0105, zapewnienia mu dost\u0119pu do zasob\u00f3w spo\u0142eczno\u015bci i komunikowania si\u0119 z nim na temat dzia\u0142a\u0144 Climate KIC.\u00a0<\/p>\n\n\n\n<p>4.2. Zgodno\u015b\u0107 z przepisami: Climate KIC przestrzega obowi\u0105zuj\u0105cych przepis\u00f3w o ochronie danych, w tym mi\u0119dzy innymi og\u00f3lnego rozporz\u0105dzenia o ochronie danych (UE) 2016\/679 (RODO) oraz wszelkich krajowych przepis\u00f3w wykonawczych, regulacji i prawa wt\u00f3rnego, w ka\u017cdym przypadku z p\u00f3\u017aniejszymi zmianami, uzupe\u0142nieniami lub zast\u0105pieniami.\u00a0<\/p>\n\n\n\n<p>4.3. Prawa: U\u017cytkownik ma prawo dost\u0119pu do swoich danych osobowych, ich sprostowania, usuni\u0119cia i ograniczenia przetwarzania. U\u017cytkownik mo\u017ce skorzysta\u0107 z tych praw, kontaktuj\u0105c si\u0119 z nami pod adresem community@climate-kic.org lub privacy.office@climate-kic.org.\u00a0<\/p>\n\n\n\n<p>4.4. Bezpiecze\u0144stwo: Wdra\u017camy odpowiednie \u015brodki techniczne i organizacyjne w celu zapewnienia bezpiecze\u0144stwa danych osobowych u\u017cytkownika.<\/p>\n\n\n\n<p>4.5. Wyra\u017ana zgoda: Subskrybuj\u0105c Spo\u0142eczno\u015b\u0107, u\u017cytkownik wyra\u017ca wyra\u017an\u0105 zgod\u0119 na gromadzenie, przetwarzanie i wykorzystywanie jego danych osobowych w spos\u00f3b opisany w niniejszym Regulaminie.&nbsp;<\/p>\n\n\n\n<p>4.6. Komunikacja marketingowa: Za zgod\u0105 u\u017cytkownika mo\u017cemy wysy\u0142a\u0107 mu wiadomo\u015bci marketingowe zwi\u0105zane z Climate KIC Community. U\u017cytkownik mo\u017ce w dowolnym momencie zrezygnowa\u0107 z otrzymywania takich wiadomo\u015bci, klikaj\u0105c \u0142\u0105cze rezygnacji z subskrypcji w wiadomo\u015bciach e-mail lub kontaktuj\u0105c si\u0119 z nami pod adresem <a href=\"mailto:community@climate-kic.org\" target=\"_blank\" rel=\"noreferrer noopener\">community@climate-kic.org<\/a>.<\/p>\n\n\n\n<h4 class=\"wp-block-heading\"><strong>5. Wykorzystanie technologii AI<\/strong><\/h4>\n\n\n\n<p>5.1 Dokonuj\u0105c subskrypcji, u\u017cytkownik zgadza si\u0119, \u017ce Climate KIC mo\u017ce wykorzystywa\u0107 technologi\u0119 AI do analizy danych u\u017cytkownika. Pozwala nam to wykorzysta\u0107 si\u0142\u0119 wprowadzenia i synergii oraz skutecznie ukierunkowa\u0107 dzia\u0142ania tak, aby odpowiada\u0142y Twoim potrzebom i \u017cyczeniom.\u00a0<\/p>\n\n\n\n<h4 class=\"wp-block-heading\">6. Przydzia\u0142<\/h4>\n\n\n\n<p>6.1. Climate KIC ma prawo, bez pisemnej zgody Subskrybenta, cedowa\u0107, delegowa\u0107, przenosi\u0107, obci\u0105\u017ca\u0107 lub w inny spos\u00f3b rozporz\u0105dza\u0107 wszystkimi lub dowolnymi swoimi prawami i obowi\u0105zkami wynikaj\u0105cymi z Regulaminu na rzecz dowolnej sp\u00f3\u0142ki zale\u017cnej, oddzia\u0142u lub sp\u00f3\u0142ki stowarzyszonej Climate KIC lub dowolnego podmiotu nastawionego na zysk lub nienastawionego na zysk utworzonego przez Climate KIC.<\/p>\n\n\n\n<h4 class=\"wp-block-heading\">7. Anulowanie i zwroty<\/h4>\n\n\n\n<p>7.1. Anulowanie: U\u017cytkownik mo\u017ce anulowa\u0107 subskrypcj\u0119 w dowolnym momencie ze swojego profilu w sekcji Ustawienia&gt;Moje cz\u0142onkostwo lub kontaktuj\u0105c si\u0119 z nami pod adresem <a href=\"mailto:community@climate-kic.org\" target=\"_blank\" rel=\"noreferrer noopener\">community@climate-kic.org<\/a>. Anulowanie subskrypcji wchodzi w \u017cycie z ko\u0144cem bie\u017c\u0105cego okresu subskrypcji.\u00a0<\/p>\n\n\n\n<p>7.2. Zwroty: Zwroty nie s\u0105 dost\u0119pne w przypadku cz\u0119\u015bciowo wykorzystanych okres\u00f3w subskrypcji.<\/p>\n\n\n\n<h4 class=\"wp-block-heading\">8. Zmiany w Regulaminie<\/h4>\n\n\n\n<p>8.1. Climate KIC zastrzega sobie prawo do zmiany niniejszych Warunk\u00f3w w dowolnym momencie. Subskrybenci zostan\u0105 powiadomieni o wszelkich istotnych zmianach za po\u015brednictwem poczty elektronicznej. Dalsze korzystanie z subskrypcji po wprowadzeniu zmian oznacza akceptacj\u0119 nowych Warunk\u00f3w.<\/p>\n\n\n\n<h4 class=\"wp-block-heading\">9. Prawo w\u0142a\u015bciwe<\/h4>\n\n\n\n<p>9.1. Niniejsze Warunki podlegaj\u0105 i s\u0105 interpretowane zgodnie z prawem holenderskim.\u00a0<\/p>\n\n\n\n<h4 class=\"wp-block-heading\">10. Informacje kontaktowe<\/h4>\n\n\n\n<p>W przypadku jakichkolwiek pyta\u0144 lub w\u0105tpliwo\u015bci dotycz\u0105cych niniejszego Regulaminu prosimy o kontakt pod adresem:&nbsp;<\/p>\n\n\n\n<p>E-mail: <a href=\"mailto:Community@Climate-KiC.org\" target=\"_blank\" rel=\"noreferrer noopener\">Community@Climate-KiC.org<\/a>&nbsp;<\/p>\n\n\n\n<p>Adres: Plantage Middenlaan 45, 1018 DC Amsterdam, Holandia&nbsp;<\/p>","protected":false},"excerpt":{"rendered":"<p>By subscribing to any membership, you confirm that you have read, understood, and agree to the Terms and Conditions. Please read them carefully before proceeding with your subscription.\u00a0 1. Introduction [&hellip;]<\/p>","protected":false},"author":1,"featured_media":0,"parent":0,"menu_order":0,"comment_status":"closed","ping_status":"closed","template":"","meta":{"_acf_changed":false,"_tec_requires_first_save":true,"_bbp_topic_count":0,"_bbp_reply_count":0,"_bbp_total_topic_count":0,"_bbp_total_reply_count":0,"_bbp_voice_count":0,"_bbp_anonymous_reply_count":0,"_bbp_topic_count_hidden":0,"_bbp_reply_count_hidden":0,"_bbp_forum_subforum_count":0,"pmpro_default_level":"","inline_featured_image":false,"_price":"","_stock":"","_tribe_ticket_header":"","_tribe_default_ticket_provider":"","_ticket_start_date":"","_ticket_end_date":"","_tribe_ticket_show_description":"","_tribe_ticket_show_not_going":false,"_tribe_ticket_use_global_stock":"","_tribe_ticket_global_stock_level":"","_global_stock_mode":"","_global_stock_cap":"","_tribe_rsvp_for_event":"","_tribe_ticket_going_count":"","_tribe_ticket_not_going_count":"","_tribe_tickets_list":"[]","_tribe_ticket_has_attendee_info_fields":false,"_EventAllDay":false,"_EventTimezone":"","_EventStartDate":"","_EventEndDate":"","_EventStartDateUTC":"","_EventEndDateUTC":"","_EventShowMap":false,"_EventShowMapLink":false,"_EventURL":"","_EventCost":"","_EventCostDescription":"","_EventCurrencySymbol":"","_EventCurrencyCode":"","_EventCurrencyPosition":"","_EventDateTimeSeparator":"","_EventTimeRangeSeparator":"","_EventOrganizerID":[],"_EventVenueID":[],"_OrganizerEmail":"","_OrganizerPhone":"","_OrganizerWebsite":"","_VenueAddress":"","_VenueCity":"","_VenueCountry":"","_VenueProvince":"","_VenueState":"","_VenueZip":"","_VenuePhone":"","_VenueURL":"","_VenueStateProvince":"","_VenueLat":"","_VenueLng":"","_VenueShowMap":false,"_VenueShowMapLink":false,"_tribe_blocks_recurrence_rules":"","_tribe_blocks_recurrence_description":"","_tribe_blocks_recurrence_exclusions":"","footnotes":""},"page_tag":[],"class_list":["post-3897","page","type-page","status-publish","hentry","pmpro-has-access"],"acf":[],"_links":{"self":[{"href":"https:\/\/climate-hive.org\/pl\/wp-json\/wp\/v2\/pages\/3897","targetHints":{"allow":["GET"]}}],"collection":[{"href":"https:\/\/climate-hive.org\/pl\/wp-json\/wp\/v2\/pages"}],"about":[{"href":"https:\/\/climate-hive.org\/pl\/wp-json\/wp\/v2\/types\/page"}],"author":[{"embeddable":true,"href":"https:\/\/climate-hive.org\/pl\/wp-json\/wp\/v2\/users\/1"}],"replies":[{"embeddable":true,"href":"https:\/\/climate-hive.org\/pl\/wp-json\/wp\/v2\/comments?post=3897"}],"version-history":[{"count":3,"href":"https:\/\/climate-hive.org\/pl\/wp-json\/wp\/v2\/pages\/3897\/revisions"}],"predecessor-version":[{"id":4339,"href":"https:\/\/climate-hive.org\/pl\/wp-json\/wp\/v2\/pages\/3897\/revisions\/4339"}],"wp:attachment":[{"href":"https:\/\/climate-hive.org\/pl\/wp-json\/wp\/v2\/media?parent=3897"}],"wp:term":[{"taxonomy":"page_tag","embeddable":true,"href":"https:\/\/climate-hive.org\/pl\/wp-json\/wp\/v2\/page_tag?post=3897"}],"curies":[{"name":"wp","href":"https:\/\/api.w.org\/{rel}","templated":true}]}}