{"id":4093,"date":"2025-09-05T14:45:48","date_gmt":"2025-09-05T13:45:48","guid":{"rendered":"https:\/\/climate-hive.org\/?page_id=4093"},"modified":"2026-02-05T16:25:26","modified_gmt":"2026-02-05T16:25:26","slug":"green-horizons","status":"publish","type":"page","link":"https:\/\/climate-hive.org\/pl\/green-horizons\/","title":{"rendered":"Green Horizons"},"content":{"rendered":"<div class=\"wp-block-group headline container\"><div class=\"wp-block-group__inner-container is-layout-constrained wp-block-group-is-layout-constrained\">\n<h2 class=\"wp-block-heading has-text-align-center\"><strong>Do\u0142\u0105cz do spo\u0142eczno\u015bci zajmuj\u0105cej si\u0119 zr\u00f3wnowa\u017conym rolnictwem i wymian\u0105 wiedzy.&nbsp;<\/strong><\/h2>\n\n\n\n<p class=\"has-text-align-center\">Nowoczesne rolnictwo stoi przed z\u0142o\u017conymi wyzwaniami, od zmian klimatu po niestabilno\u015b\u0107 rynku. Poprzez nasz\u0105 dedykowan\u0105 sie\u0107 Green Horizons, Climate KIC wspiera ambitnych rolnik\u00f3w na ich drodze do odporno\u015bci, produktywno\u015bci i zr\u00f3wnowa\u017conego rozwoju.<\/p>\n<\/div><\/div>\n\n\n\n<div style=\"height:30px\" aria-hidden=\"true\" class=\"wp-block-spacer\"><\/div>\n\n\n\n<div class=\"wp-block-columns join-info container is-layout-flex wp-container-core-columns-is-layout-9d6595d7 wp-block-columns-is-layout-flex\">\n<div class=\"wp-block-column is-vertically-aligned-center is-layout-flow wp-block-column-is-layout-flow\">\n<h3 class=\"wp-block-heading\">Czym jest Green Horizons?<\/h3>\n\n\n\n<p>Sie\u0107 wymiany wiedzy i centrum przeznaczone dla rolnik\u00f3w, kt\u00f3rzy chc\u0105:<\/p>\n\n\n\n<ul class=\"wp-block-list\">\n<li>B\u0105d\u017a na bie\u017c\u0105co z najnowszymi technikami zr\u00f3wnowa\u017conego rolnictwa<\/li>\n\n\n\n<li>Wsp\u00f3\u0142praca z ekspertami i innymi rolnikami<\/li>\n\n\n\n<li>Uzyskaj dost\u0119p do szkole\u0144, narz\u0119dzi i wydarze\u0144<\/li>\n\n\n\n<li>Wprowadzanie zmian poprzez upraw\u0119 ro\u015blin wysokoemisyjnych i rolnictwo przyjazne dla klimatu<\/li>\n<\/ul>\n<\/div>\n\n\n\n<div class=\"wp-block-column is-layout-flow wp-block-column-is-layout-flow\"><div class=\"wp-block-image is-style-default\">\n<figure class=\"aligncenter size-large is-resized\"><img loading=\"lazy\" decoding=\"async\" width=\"1024\" height=\"683\" src=\"https:\/\/climate-hive.org\/wp-content\/uploads\/2025\/09\/green-horizons-1-1024x683.webp\" alt=\"\" class=\"wp-image-4156\" style=\"aspect-ratio:1;object-fit:cover;width:314px;height:auto\" srcset=\"https:\/\/climate-hive.org\/wp-content\/uploads\/2025\/09\/green-horizons-1-1024x683.webp 1024w, https:\/\/climate-hive.org\/wp-content\/uploads\/2025\/09\/green-horizons-1-300x200.webp 300w, https:\/\/climate-hive.org\/wp-content\/uploads\/2025\/09\/green-horizons-1-768x512.webp 768w, https:\/\/climate-hive.org\/wp-content\/uploads\/2025\/09\/green-horizons-1-1536x1024.webp 1536w, https:\/\/climate-hive.org\/wp-content\/uploads\/2025\/09\/green-horizons-1-2048x1365.webp 2048w\" sizes=\"auto, (max-width: 1024px) 100vw, 1024px\" \/><\/figure>\n<\/div><\/div>\n<\/div>\n\n\n\n<div style=\"height:30px\" aria-hidden=\"true\" class=\"wp-block-spacer\"><\/div>\n\n\n\n<div class=\"wp-block-group container is-vertical is-layout-flex wp-container-core-group-is-layout-8cf370e7 wp-block-group-is-layout-flex\">\n<h2 class=\"wp-block-heading\"><strong>Co oferujemy<\/strong><\/h2>\n\n\n\n<ul class=\"wp-block-list\">\n<li><strong>Knowledge Hub: <\/strong>Przegl\u0105daj wyselekcjonowan\u0105 bibliotek\u0119 tre\u015bci eksperckich, w tym artyku\u0142y, webinaria i przewodniki. Odkryj najlepsze praktyki, najnowocze\u015bniejsze metody i spostrze\u017cenia rynkowe - wszystko w jednym miejscu.<\/li>\n\n\n\n<li><strong>Zestaw narz\u0119dzi dla rolnictwa w\u0119glowego: <\/strong>Dost\u0119p do rozwi\u0105za\u0144, schemat\u00f3w i regularnie aktualizowanych zasob\u00f3w w celu skutecznego wdra\u017cania i zwi\u0119kszania skali praktyk rolnictwa w\u0119glowego.<\/li>\n\n\n\n<li><strong>Wydarzenia i mo\u017cliwo\u015bci szkoleniowe:<\/strong> Warsztaty na miejscu i wydarzenia online obejmuj\u0105ce wszystko, od zarz\u0105dzania uprawami, przez polityk\u0119, po wycieczki po farmie.<\/li>\n\n\n\n<li><strong>Portfel transformacji zr\u00f3wnowa\u017conego rozwoju:<\/strong> Poszerz swoj\u0105 wiedz\u0119 dzi\u0119ki specjalistycznym kursom i materia\u0142om na temat zr\u00f3wnowa\u017conego przekszta\u0142cania swoich praktyk.<\/li>\n<\/ul>\n\n\n\n<p><\/p>\n<\/div>\n\n\n\n<div class=\"wp-block-group headline container\"><div class=\"wp-block-group__inner-container is-layout-constrained wp-block-group-is-layout-constrained\">\n<h3 class=\"wp-block-heading has-text-align-center\">\u0141\u0105cz si\u0119, ucz si\u0119, rozwijaj si\u0119<\/h3>\n\n\n\n<p class=\"has-text-align-center\">Trzy sposoby zaanga\u017cowania si\u0119 w zale\u017cno\u015bci od potrzeb:<\/p>\n<\/div><\/div>\n\n\n\n<div class=\"wp-block-group three-teasers container is-vertical is-content-justification-stretch is-nowrap is-layout-flex wp-container-core-group-is-layout-41f9fede wp-block-group-is-layout-flex\">\n<div class=\"wp-block-columns teasers-row is-layout-flex wp-container-core-columns-is-layout-9d6595d7 wp-block-columns-is-layout-flex\">\n<div class=\"wp-block-column teaser is-layout-flow wp-block-column-is-layout-flow\">\n<div class=\"wp-block-cover\"><img loading=\"lazy\" decoding=\"async\" width=\"1024\" height=\"683\" class=\"wp-block-cover__image-background wp-image-4159 size-large\" alt=\"\" src=\"https:\/\/climate-hive.org\/wp-content\/uploads\/2025\/09\/plant-1024x683.webp\" style=\"object-position:71% 53%\" data-object-fit=\"cover\" data-object-position=\"71% 53%\" srcset=\"https:\/\/climate-hive.org\/wp-content\/uploads\/2025\/09\/plant-1024x683.webp 1024w, https:\/\/climate-hive.org\/wp-content\/uploads\/2025\/09\/plant-300x200.webp 300w, https:\/\/climate-hive.org\/wp-content\/uploads\/2025\/09\/plant-768x512.webp 768w, https:\/\/climate-hive.org\/wp-content\/uploads\/2025\/09\/plant-1536x1024.webp 1536w, https:\/\/climate-hive.org\/wp-content\/uploads\/2025\/09\/plant-2048x1365.webp 2048w\" sizes=\"auto, (max-width: 1024px) 100vw, 1024px\" \/><span aria-hidden=\"true\" class=\"wp-block-cover__background has-background-dim\"><\/span><div class=\"wp-block-cover__inner-container is-layout-constrained wp-block-cover-is-layout-constrained\">\n<h4 class=\"wp-block-heading has-text-align-left has-large-font-size\"><strong>Ro\u015blina<\/strong><\/h4>\n\n\n\n<h3 class=\"wp-block-heading\"><\/h3>\n<\/div><\/div>\n\n\n\n<div class=\"wp-block-group\"><div class=\"wp-block-group__inner-container is-layout-constrained wp-block-group-is-layout-constrained\">\n<div class=\"wp-block-columns is-layout-flex wp-container-core-columns-is-layout-9d6595d7 wp-block-columns-is-layout-flex\">\n<div class=\"wp-block-column is-layout-flow wp-block-column-is-layout-flow\" style=\"flex-basis:100%\">\n<p>Otwarty, og\u00f3lnounijny dost\u0119p do centrum wiedzy i zestawu narz\u0119dzi<\/p>\n<\/div>\n<\/div>\n<\/div><\/div>\n<\/div>\n\n\n\n<div class=\"wp-block-column teaser is-layout-flow wp-block-column-is-layout-flow\">\n<div class=\"wp-block-cover\"><img loading=\"lazy\" decoding=\"async\" width=\"1024\" height=\"683\" class=\"wp-block-cover__image-background wp-image-4160 size-large\" alt=\"\" src=\"https:\/\/climate-hive.org\/wp-content\/uploads\/2025\/09\/grow-1024x683.webp\" data-object-fit=\"cover\" srcset=\"https:\/\/climate-hive.org\/wp-content\/uploads\/2025\/09\/grow-1024x683.webp 1024w, https:\/\/climate-hive.org\/wp-content\/uploads\/2025\/09\/grow-300x200.webp 300w, https:\/\/climate-hive.org\/wp-content\/uploads\/2025\/09\/grow-768x512.webp 768w, https:\/\/climate-hive.org\/wp-content\/uploads\/2025\/09\/grow-1536x1024.webp 1536w, https:\/\/climate-hive.org\/wp-content\/uploads\/2025\/09\/grow-2048x1366.webp 2048w\" sizes=\"auto, (max-width: 1024px) 100vw, 1024px\" \/><span aria-hidden=\"true\" class=\"wp-block-cover__background has-background-dim\"><\/span><div class=\"wp-block-cover__inner-container is-layout-constrained wp-block-cover-is-layout-constrained\">\n<h4 class=\"wp-block-heading has-text-align-left has-large-font-size\">Rosn\u0105\u0107<\/h4>\n\n\n\n<h3 class=\"wp-block-heading\"><\/h3>\n<\/div><\/div>\n\n\n\n<div class=\"wp-block-group\"><div class=\"wp-block-group__inner-container is-layout-constrained wp-block-group-is-layout-constrained\">\n<div class=\"wp-block-columns is-layout-flex wp-container-core-columns-is-layout-9d6595d7 wp-block-columns-is-layout-flex\">\n<div class=\"wp-block-column is-layout-flow wp-block-column-is-layout-flow\" style=\"flex-basis:100%\">\n<p>Zdalne, ustrukturyzowane wsparcie w drodze do zr\u00f3wnowa\u017conego rozwoju.<\/p>\n\n\n\n<p>Dost\u0119pne dla nast\u0119puj\u0105cych kraj\u00f3w i region\u00f3w: Wschodnia Holandia, Irlandia, S\u0142owenia, Emilia Romagna, Sardynia, Portugalia, Dania, Bu\u0142garia<\/p>\n<\/div>\n<\/div>\n<\/div><\/div>\n<\/div>\n\n\n\n<div class=\"wp-block-column teaser is-layout-flow wp-block-column-is-layout-flow\">\n<div class=\"wp-block-cover\"><img loading=\"lazy\" decoding=\"async\" width=\"1024\" height=\"681\" class=\"wp-block-cover__image-background wp-image-4161 size-large\" alt=\"\" src=\"https:\/\/climate-hive.org\/wp-content\/uploads\/2025\/09\/harvest-1024x681.webp\" data-object-fit=\"cover\" srcset=\"https:\/\/climate-hive.org\/wp-content\/uploads\/2025\/09\/harvest-1024x681.webp 1024w, https:\/\/climate-hive.org\/wp-content\/uploads\/2025\/09\/harvest-300x200.webp 300w, https:\/\/climate-hive.org\/wp-content\/uploads\/2025\/09\/harvest-768x511.webp 768w, https:\/\/climate-hive.org\/wp-content\/uploads\/2025\/09\/harvest-1536x1022.webp 1536w, https:\/\/climate-hive.org\/wp-content\/uploads\/2025\/09\/harvest-2048x1363.webp 2048w\" sizes=\"auto, (max-width: 1024px) 100vw, 1024px\" \/><span aria-hidden=\"true\" class=\"wp-block-cover__background has-background-dim\"><\/span><div class=\"wp-block-cover__inner-container is-layout-constrained wp-block-cover-is-layout-constrained\">\n<h4 class=\"wp-block-heading has-text-align-left has-large-font-size\">\u017bniwa<\/h4>\n\n\n\n<h3 class=\"wp-block-heading\"><\/h3>\n<\/div><\/div>\n\n\n\n<div class=\"wp-block-group\"><div class=\"wp-block-group__inner-container is-layout-constrained wp-block-group-is-layout-constrained\">\n<div class=\"wp-block-columns is-layout-flex wp-container-core-columns-is-layout-9d6595d7 wp-block-columns-is-layout-flex\">\n<div class=\"wp-block-column is-layout-flow wp-block-column-is-layout-flow\" style=\"flex-basis:100%\">\n<p>Praktyczne, oparte na miejscu zaanga\u017cowanie i wsparcie w Twoim j\u0119zyku.<\/p>\n\n\n\n<p>Dost\u0119pne dla nast\u0119puj\u0105cych kraj\u00f3w i region\u00f3w: Grecja, Walencja, Polska<\/p>\n<\/div>\n<\/div>\n<\/div><\/div>\n<\/div>\n<\/div>\n<\/div>\n\n\n\n<div class=\"wp-block-columns container offer-info is-layout-flex wp-container-core-columns-is-layout-9d6595d7 wp-block-columns-is-layout-flex\">\n<div class=\"wp-block-column is-layout-flow wp-block-column-is-layout-flow\">\n<div class=\"wp-block-group image-wrapper\"><div class=\"wp-block-group__inner-container is-layout-constrained wp-block-group-is-layout-constrained\">\n<figure class=\"wp-block-image size-full\"><img loading=\"lazy\" decoding=\"async\" width=\"2560\" height=\"1707\" src=\"https:\/\/climate-hive.org\/wp-content\/uploads\/2025\/09\/green-horizons-2-scaled.webp\" alt=\"\" class=\"wp-image-4166\" srcset=\"https:\/\/climate-hive.org\/wp-content\/uploads\/2025\/09\/green-horizons-2-scaled.webp 2560w, https:\/\/climate-hive.org\/wp-content\/uploads\/2025\/09\/green-horizons-2-300x200.webp 300w, https:\/\/climate-hive.org\/wp-content\/uploads\/2025\/09\/green-horizons-2-1024x683.webp 1024w, https:\/\/climate-hive.org\/wp-content\/uploads\/2025\/09\/green-horizons-2-768x512.webp 768w, https:\/\/climate-hive.org\/wp-content\/uploads\/2025\/09\/green-horizons-2-1536x1024.webp 1536w, https:\/\/climate-hive.org\/wp-content\/uploads\/2025\/09\/green-horizons-2-2048x1365.webp 2048w\" sizes=\"auto, (max-width: 2560px) 100vw, 2560px\" \/><\/figure>\n<\/div><\/div>\n<\/div>\n\n\n\n<div class=\"wp-block-column is-layout-flow wp-block-column-is-layout-flow\">\n<h5 class=\"wp-block-heading\">B\u0105d\u017a cz\u0119\u015bci\u0105 globalnej spo\u0142eczno\u015bci na rzecz zmian<\/h5>\n\n\n\n<p>Green Horizons jest cz\u0119\u015bci\u0105 szerszej spo\u0142eczno\u015bci Climate KIC, kt\u00f3ra zrzesza ponad 150 wiod\u0105cych organizacji, od uniwersytet\u00f3w i instytucji badawczych po miasta, organizacje pozarz\u0105dowe i startupy - wszystkie zjednoczone wsp\u00f3ln\u0105 misj\u0105: przeciwdzia\u0142ania zmianom klimatycznym poprzez odwa\u017cne, oparte na wsp\u00f3\u0142pracy innowacje.<\/p>\n<\/div>\n<\/div>\n\n\n\n<p><\/p>\n\n\n<div class=\"pricing-table\">\n    <div class=\"container flex flex-wrap flex-content-center\">\n                                <div class=\"level level-12\">\n                <div class=\"key-data flex flex-content-space-between\">\n                    <div class=\"name-and-pricing\">\n                        <h4 class=\"level-title\">\n                            Green Horizons                        <\/h4>\n                        <div class=\"level-price\" data-default=\"0.00&euro;\">\n                            <strong class=\"free-price\">Darmowy<\/strong>                        <\/div>\n                    <\/div>\n\n                    <div class=\"plan-badge\">\n                        <img decoding=\"async\" class=\"level-badge level-green-horizons\" src=\"https:\/\/climate-hive.org\/wp-content\/themes\/climate-kic\/_dist\/img\/farmer.png\" alt=\"Green Horizons\" \/>                    <\/div>\n                <\/div>\n                <div class=\"description\">\n                    Dla ambitnych rolnik\u00f3w na drodze do odporno\u015bci, produktywno\u015bci i zr\u00f3wnowa\u017conego rozwoju\r\n\r\n<hr \/>\r\n\r\n<h3>Co zawiera:<\/h3>\r\n<ul>\r\n \t<li>Centrum wiedzy skoncentrowane na zr\u00f3wnowa\u017conych praktykach rolniczych<\/li>\r\n \t<li>Zestaw narz\u0119dzi dla rolnictwa w\u0119glowego<\/li>\r\n \t<li>Warsztaty na miejscu i wydarzenia online z ekspertami i ambasadorami<\/li>\r\n \t<li>Dost\u0119p do portfela transformacji zr\u00f3wnowa\u017conego rozwoju<\/li>\r\n<\/ul>                <\/div>\n                <div class=\"select-plan flex\">\n                    \t<a class=\"pmpro_btn pmpro_btn-select\" href=\"https:\/\/climate-hive.org\/pl\/membership-checkout\/?level=12\">Zarejestruj si\u0119<\/a>\r\n\t                <\/div>\n            <\/div>\n            <\/div>\n<\/div>\n\n\n\n\n<div style=\"height:70px\" aria-hidden=\"true\" class=\"wp-block-spacer\"><\/div>\n\n\n\n<div class=\"wp-block-group container is-vertical is-layout-flex wp-container-core-group-is-layout-8cf370e7 wp-block-group-is-layout-flex\">\n<h3 class=\"wp-block-heading\"><strong>Informacje o Climate KIC&nbsp;<\/strong><\/h3>\n\n\n\n<p>Climate KIC to wiod\u0105ca europejska agencja i spo\u0142eczno\u015b\u0107 zajmuj\u0105ca si\u0119 innowacjami klimatycznymi, tworz\u0105ca spo\u0142eczno\u015bci odporne na zmiany klimatu i walcz\u0105ca z za\u0142amaniem klimatu poprzez mobilizowanie zmian systemowych w krajach, regionach, miastach i przedsi\u0119biorstwach. <\/p>\n\n\n\n<p>Wraz z partnerami z ca\u0142ego \u015bwiata Climate KIC organizuje rozwi\u0105zania i u\u0142atwia uczenie si\u0119, aby wype\u0142ni\u0107 luk\u0119 mi\u0119dzy zobowi\u0105zaniami klimatycznymi a obecn\u0105 rzeczywisto\u015bci\u0105, nap\u0119dzaj\u0105c szybsze i bardziej ambitne dzia\u0142ania.&nbsp;<\/p>\n<\/div>\n\n\n\n<div style=\"height:56px\" aria-hidden=\"true\" class=\"wp-block-spacer\"><\/div>","protected":false},"excerpt":{"rendered":"<p>Join a community dedicated to sustainable agriculture and knowledge exchange.&nbsp; Modern farming faces complex challenges, from climate change to market volatility. Through our dedicated network Green Horizons, Climate KIC is [&hellip;]<\/p>","protected":false},"author":1,"featured_media":4094,"parent":0,"menu_order":0,"comment_status":"closed","ping_status":"closed","template":"page-landing.php","meta":{"_acf_changed":false,"_tec_requires_first_save":true,"_bbp_topic_count":0,"_bbp_reply_count":0,"_bbp_total_topic_count":0,"_bbp_total_reply_count":0,"_bbp_voice_count":0,"_bbp_anonymous_reply_count":0,"_bbp_topic_count_hidden":0,"_bbp_reply_count_hidden":0,"_bbp_forum_subforum_count":0,"pmpro_default_level":"","inline_featured_image":false,"_price":"","_stock":"","_tribe_ticket_header":"","_tribe_default_ticket_provider":"","_ticket_start_date":"","_ticket_end_date":"","_tribe_ticket_show_description":"","_tribe_ticket_show_not_going":false,"_tribe_ticket_use_global_stock":"","_tribe_ticket_global_stock_level":"","_global_stock_mode":"","_global_stock_cap":"","_tribe_rsvp_for_event":"","_tribe_ticket_going_count":"","_tribe_ticket_not_going_count":"","_tribe_tickets_list":"[]","_tribe_ticket_has_attendee_info_fields":false,"_EventAllDay":false,"_EventTimezone":"","_EventStartDate":"","_EventEndDate":"","_EventStartDateUTC":"","_EventEndDateUTC":"","_EventShowMap":false,"_EventShowMapLink":false,"_EventURL":"","_EventCost":"","_EventCostDescription":"","_EventCurrencySymbol":"","_EventCurrencyCode":"","_EventCurrencyPosition":"","_EventDateTimeSeparator":"","_EventTimeRangeSeparator":"","_EventOrganizerID":[],"_EventVenueID":[],"_OrganizerEmail":"","_OrganizerPhone":"","_OrganizerWebsite":"","_VenueAddress":"","_VenueCity":"","_VenueCountry":"","_VenueProvince":"","_VenueState":"","_VenueZip":"","_VenuePhone":"","_VenueURL":"","_VenueStateProvince":"","_VenueLat":"","_VenueLng":"","_VenueShowMap":false,"_VenueShowMapLink":false,"_tribe_blocks_recurrence_rules":"","_tribe_blocks_recurrence_description":"","_tribe_blocks_recurrence_exclusions":"","footnotes":""},"page_tag":[],"class_list":["post-4093","page","type-page","status-publish","has-post-thumbnail","hentry","pmpro-has-access"],"acf":[],"_links":{"self":[{"href":"https:\/\/climate-hive.org\/pl\/wp-json\/wp\/v2\/pages\/4093","targetHints":{"allow":["GET"]}}],"collection":[{"href":"https:\/\/climate-hive.org\/pl\/wp-json\/wp\/v2\/pages"}],"about":[{"href":"https:\/\/climate-hive.org\/pl\/wp-json\/wp\/v2\/types\/page"}],"author":[{"embeddable":true,"href":"https:\/\/climate-hive.org\/pl\/wp-json\/wp\/v2\/users\/1"}],"replies":[{"embeddable":true,"href":"https:\/\/climate-hive.org\/pl\/wp-json\/wp\/v2\/comments?post=4093"}],"version-history":[{"count":44,"href":"https:\/\/climate-hive.org\/pl\/wp-json\/wp\/v2\/pages\/4093\/revisions"}],"predecessor-version":[{"id":6972,"href":"https:\/\/climate-hive.org\/pl\/wp-json\/wp\/v2\/pages\/4093\/revisions\/6972"}],"wp:featuredmedia":[{"embeddable":true,"href":"https:\/\/climate-hive.org\/pl\/wp-json\/wp\/v2\/media\/4094"}],"wp:attachment":[{"href":"https:\/\/climate-hive.org\/pl\/wp-json\/wp\/v2\/media?parent=4093"}],"wp:term":[{"taxonomy":"page_tag","embeddable":true,"href":"https:\/\/climate-hive.org\/pl\/wp-json\/wp\/v2\/page_tag?post=4093"}],"curies":[{"name":"wp","href":"https:\/\/api.w.org\/{rel}","templated":true}]}}