{"id":4130,"date":"2025-09-18T11:17:14","date_gmt":"2025-09-18T10:17:14","guid":{"rendered":"https:\/\/climate-hive.org\/?page_id=4130"},"modified":"2025-09-18T11:17:14","modified_gmt":"2025-09-18T10:17:14","slug":"cookie-policy","status":"publish","type":"page","link":"https:\/\/climate-hive.org\/pl\/cookie-policy\/","title":{"rendered":"Polityka dotycz\u0105ca plik\u00f3w cookie"},"content":{"rendered":"<h2 class=\"wp-block-heading\">Czym s\u0105 pliki cookie?<\/h2>\n\n\n\n<p>Podobnie jak w przypadku prawie wszystkich profesjonalnych witryn internetowych, ta witryna korzysta z plik\u00f3w cookie, kt\u00f3re s\u0105 ma\u0142ymi plikami pobieranymi na komputer u\u017cytkownika w celu poprawy komfortu u\u017cytkowania. Na tej stronie opisano, jakie informacje s\u0105 gromadzone, w jaki spos\u00f3b je wykorzystujemy i dlaczego czasami musimy przechowywa\u0107 te pliki cookie. Udost\u0119pnimy r\u00f3wnie\u017c spos\u00f3b, w jaki mo\u017cna zapobiec przechowywaniu tych plik\u00f3w cookie, jednak mo\u017ce to obni\u017cy\u0107 lub \u2018zepsu\u0107\u2019 niekt\u00f3re elementy funkcjonalno\u015bci witryny.<br>Wi\u0119cej og\u00f3lnych informacji na temat plik\u00f3w cookie mo\u017cna znale\u017a\u0107 w artykule Wikipedii na temat plik\u00f3w cookie HTTP.<\/p>\n\n\n\n<h2 class=\"wp-block-heading\">Jak wykorzystujemy pliki cookie<\/h2>\n\n\n\n<p>U\u017cywamy plik\u00f3w cookie z r\u00f3\u017cnych powod\u00f3w opisanych poni\u017cej. Niestety w wi\u0119kszo\u015bci przypadk\u00f3w nie ma standardowych opcji wy\u0142\u0105czania plik\u00f3w cookie bez ca\u0142kowitego wy\u0142\u0105czenia funkcjonalno\u015bci i funkcji, kt\u00f3re dodaj\u0105 do tej witryny. Zaleca si\u0119 pozostawienie wszystkich plik\u00f3w cookie, je\u015bli nie masz pewno\u015bci, czy ich potrzebujesz, czy nie, w przypadku, gdy s\u0105 one u\u017cywane do \u015bwiadczenia us\u0142ug, z kt\u00f3rych korzystasz.<\/p>\n\n\n\n<h2 class=\"wp-block-heading\">Wy\u0142\u0105czanie plik\u00f3w cookie<\/h2>\n\n\n\n<p>U\u017cytkownik mo\u017ce zapobiec ustawianiu plik\u00f3w cookie, dostosowuj\u0105c ustawienia przegl\u0105darki (aby dowiedzie\u0107 si\u0119, jak to zrobi\u0107, zapoznaj si\u0119 z pomoc\u0105 przegl\u0105darki). Nale\u017cy pami\u0119ta\u0107, \u017ce wy\u0142\u0105czenie plik\u00f3w cookie wp\u0142ynie na funkcjonalno\u015b\u0107 tej i wielu innych odwiedzanych witryn internetowych. Wy\u0142\u0105czenie plik\u00f3w cookie zwykle powoduje r\u00f3wnie\u017c wy\u0142\u0105czenie niekt\u00f3rych funkcji i funkcji witryny. Dlatego zaleca si\u0119, aby nie wy\u0142\u0105cza\u0107 plik\u00f3w cookie.<\/p>\n\n\n\n<h2 class=\"wp-block-heading\">Ustawiane przez nas pliki cookie<\/h2>\n\n\n\n<p>Podczas przesy\u0142ania danych do formularza, takiego jak te znajduj\u0105ce si\u0119 na stronach kontaktowych, pliki cookie mog\u0105 zosta\u0107 ustawione w celu zapami\u0119tania danych u\u017cytkownika na potrzeby przysz\u0142ej korespondencji.<\/p>\n\n\n\n<h2 class=\"wp-block-heading\">Pliki cookie stron trzecich<\/h2>\n\n\n\n<p>W niekt\u00f3rych szczeg\u00f3lnych przypadkach korzystamy r\u00f3wnie\u017c z plik\u00f3w cookie dostarczanych przez zaufane strony trzecie. Poni\u017csza sekcja zawiera szczeg\u00f3\u0142owe informacje na temat plik\u00f3w cookie stron trzecich, kt\u00f3re mo\u017cna napotka\u0107 za po\u015brednictwem tej witryny.<\/p>\n\n\n\n<p>Od czasu do czasu testujemy nowe funkcje i wprowadzamy subtelne zmiany w sposobie dostarczania witryny. Kiedy nadal testujemy nowe funkcje, te pliki cookie mog\u0105 by\u0107 u\u017cywane w celu zapewnienia sp\u00f3jnego do\u015bwiadczenia podczas korzystania z witryny, jednocze\u015bnie zapewniaj\u0105c, \u017ce rozumiemy, kt\u00f3re optymalizacje nasi u\u017cytkownicy doceniaj\u0105 najbardziej.<\/p>\n\n\n\n<h2 class=\"wp-block-heading\">Wi\u0119cej informacji<\/h2>\n\n\n\n<p>Mamy nadziej\u0119, \u017ce to wszystko wyja\u015bni\u0142o i jak wspomniano wcze\u015bniej, je\u015bli jest co\u015b, czego nie jeste\u015b pewien, czy potrzebujesz, czy nie, zwykle bezpieczniej jest pozostawi\u0107 w\u0142\u0105czone pliki cookie na wypadek, gdyby wchodzi\u0142y one w interakcj\u0119 z jedn\u0105 z funkcji u\u017cywanych w naszej witrynie. Je\u015bli jednak nadal szukasz wi\u0119cej informacji, mo\u017cesz skontaktowa\u0107 si\u0119 z nami za pomoc\u0105 jednej z naszych preferowanych metod kontaktu.<\/p>\n\n\n\n<p>E-mail: <a href=\"mailto:privacy.office@climate-kic.org\">privacy.office@climate-kic.org<\/a><\/p>","protected":false},"excerpt":{"rendered":"<p>Czym s\u0105 pliki cookie Podobnie jak w przypadku prawie wszystkich profesjonalnych witryn internetowych, ta witryna wykorzystuje pliki cookie, kt\u00f3re s\u0105 ma\u0142ymi plikami pobieranymi na komputer w celu poprawy komfortu u\u017cytkowania. [...]<\/p>","protected":false},"author":1,"featured_media":0,"parent":0,"menu_order":0,"comment_status":"closed","ping_status":"closed","template":"","meta":{"_acf_changed":false,"_tec_requires_first_save":true,"_bbp_topic_count":0,"_bbp_reply_count":0,"_bbp_total_topic_count":0,"_bbp_total_reply_count":0,"_bbp_voice_count":0,"_bbp_anonymous_reply_count":0,"_bbp_topic_count_hidden":0,"_bbp_reply_count_hidden":0,"_bbp_forum_subforum_count":0,"pmpro_default_level":"","inline_featured_image":false,"_price":"","_stock":"","_tribe_ticket_header":"","_tribe_default_ticket_provider":"","_ticket_start_date":"","_ticket_end_date":"","_tribe_ticket_show_description":"","_tribe_ticket_show_not_going":false,"_tribe_ticket_use_global_stock":"","_tribe_ticket_global_stock_level":"","_global_stock_mode":"","_global_stock_cap":"","_tribe_rsvp_for_event":"","_tribe_ticket_going_count":"","_tribe_ticket_not_going_count":"","_tribe_tickets_list":"[]","_tribe_ticket_has_attendee_info_fields":false,"_EventAllDay":false,"_EventTimezone":"","_EventStartDate":"","_EventEndDate":"","_EventStartDateUTC":"","_EventEndDateUTC":"","_EventShowMap":false,"_EventShowMapLink":false,"_EventURL":"","_EventCost":"","_EventCostDescription":"","_EventCurrencySymbol":"","_EventCurrencyCode":"","_EventCurrencyPosition":"","_EventDateTimeSeparator":"","_EventTimeRangeSeparator":"","_EventOrganizerID":[],"_EventVenueID":[],"_OrganizerEmail":"","_OrganizerPhone":"","_OrganizerWebsite":"","_VenueAddress":"","_VenueCity":"","_VenueCountry":"","_VenueProvince":"","_VenueState":"","_VenueZip":"","_VenuePhone":"","_VenueURL":"","_VenueStateProvince":"","_VenueLat":"","_VenueLng":"","_VenueShowMap":false,"_VenueShowMapLink":false,"_tribe_blocks_recurrence_rules":"","_tribe_blocks_recurrence_description":"","_tribe_blocks_recurrence_exclusions":"","footnotes":""},"page_tag":[],"class_list":["post-4130","page","type-page","status-publish","hentry","pmpro-has-access"],"acf":[],"_links":{"self":[{"href":"https:\/\/climate-hive.org\/pl\/wp-json\/wp\/v2\/pages\/4130","targetHints":{"allow":["GET"]}}],"collection":[{"href":"https:\/\/climate-hive.org\/pl\/wp-json\/wp\/v2\/pages"}],"about":[{"href":"https:\/\/climate-hive.org\/pl\/wp-json\/wp\/v2\/types\/page"}],"author":[{"embeddable":true,"href":"https:\/\/climate-hive.org\/pl\/wp-json\/wp\/v2\/users\/1"}],"replies":[{"embeddable":true,"href":"https:\/\/climate-hive.org\/pl\/wp-json\/wp\/v2\/comments?post=4130"}],"version-history":[{"count":1,"href":"https:\/\/climate-hive.org\/pl\/wp-json\/wp\/v2\/pages\/4130\/revisions"}],"predecessor-version":[{"id":4131,"href":"https:\/\/climate-hive.org\/pl\/wp-json\/wp\/v2\/pages\/4130\/revisions\/4131"}],"wp:attachment":[{"href":"https:\/\/climate-hive.org\/pl\/wp-json\/wp\/v2\/media?parent=4130"}],"wp:term":[{"taxonomy":"page_tag","embeddable":true,"href":"https:\/\/climate-hive.org\/pl\/wp-json\/wp\/v2\/page_tag?post=4130"}],"curies":[{"name":"wp","href":"https:\/\/api.w.org\/{rel}","templated":true}]}}