{"id":5614,"date":"2025-11-24T10:01:51","date_gmt":"2025-11-24T10:01:51","guid":{"rendered":"https:\/\/climate-hive.org\/?page_id=5614"},"modified":"2026-02-11T10:32:18","modified_gmt":"2026-02-11T10:32:18","slug":"opportunities","status":"publish","type":"page","link":"https:\/\/climate-hive.org\/pl\/opportunities\/","title":{"rendered":"Mo\u017cliwo\u015bci"},"content":{"rendered":"<div class=\"pmpro-membership-required\">\n<div class=\"pmpro\">\n<div class=\"pmpro_card pmpro_content_message\">\n<h2 class=\"pmpro_card_title pmpro_font-large\"><svg xmlns=\"http:\/\/www.w3.org\/2000\/svg\" width=\"24\" height=\"24\" viewbox=\"0 0 24 24\" fill=\"none\" stroke=\"var(--pmpro--color--accent)\" stroke-width=\"2\" stroke-linecap=\"round\" stroke-linejoin=\"round\" class=\"feather feather-lock\"><rect x=\"3\" y=\"11\" width=\"18\" height=\"11\" rx=\"2\" ry=\"2\"><\/rect><path d=\"M7 11V7a5 5 0 0 1 10 0v4\"><\/path><\/svg>Membership Required<\/h2>\n<div class=\"pmpro_card_content\">\n<p> Musisz by\u0107 u\u017cytkownikiem, aby uzyska\u0107 dost\u0119p do tej zawarto\u015bci.<\/p>\n<p><a class=\"pmpro_btn\" href=\"https:\/\/climate-hive.org\/pl\/membership-levels\/\">View Membership Levels<\/a><\/p>\n<\/div>\n<div class=\"pmpro_card_actions pmpro_font-medium\">Jeste\u015b ju\u017c cz\u0142onkiem? <a href=\"https:\/\/climate-hive.org\/pl\/login\/?redirect_to=https%3A%2F%2Fclimate-hive.org%2Fpl%2Fopportunities%2F\">Log in tutaj<\/a><\/div>\n<\/div>\n<\/div>\n<\/div>","protected":false},"excerpt":{"rendered":"<div class=\"pmpro-membership-required\"><div class=\"pmpro\"><div class=\"pmpro_card pmpro_content_message\"><h2 class=\"pmpro_card_title pmpro_font-large\"><svg xmlns=\"http:\/\/www.w3.org\/2000\/svg\" width=\"24\" height=\"24\" viewbox=\"0 0 24 24\" fill=\"none\" stroke=\"var(--pmpro--color--accent)\" stroke-width=\"2\" stroke-linecap=\"round\" stroke-linejoin=\"round\" class=\"feather feather-lock\"><rect x=\"3\" y=\"11\" width=\"18\" height=\"11\" rx=\"2\" ry=\"2\"><\/rect><path d=\"M7 11V7a5 5 0 0 1 10 0v4\"><\/path><\/svg>Membership Required<\/h2><div class=\"pmpro_card_content\"><p> Musisz by\u0107 u\u017cytkownikiem, aby uzyska\u0107 dost\u0119p do tej zawarto\u015bci.<\/p><p><a class=\"pmpro_btn\" href=\"https:\/\/climate-hive.org\/pl\/membership-levels\/\">View Membership Levels<\/a><\/p><\/div><div class=\"pmpro_card_actions pmpro_font-medium\">Jeste\u015b ju\u017c cz\u0142onkiem? <a href=\"https:\/\/climate-hive.org\/pl\/login\/?redirect_to=https%3A%2F%2Fclimate-hive.org%2Fpl%2Fopportunities%2F\">Log in tutaj<\/a><\/div><\/div><\/div><\/div>","protected":false},"author":1,"featured_media":5630,"parent":0,"menu_order":0,"comment_status":"closed","ping_status":"closed","template":"page-general.php","meta":{"_acf_changed":false,"_tec_requires_first_save":true,"_bbp_topic_count":0,"_bbp_reply_count":0,"_bbp_total_topic_count":0,"_bbp_total_reply_count":0,"_bbp_voice_count":0,"_bbp_anonymous_reply_count":0,"_bbp_topic_count_hidden":0,"_bbp_reply_count_hidden":0,"_bbp_forum_subforum_count":0,"pmpro_default_level":"","inline_featured_image":false,"_price":"","_stock":"","_tribe_ticket_header":"","_tribe_default_ticket_provider":"","_ticket_start_date":"","_ticket_end_date":"","_tribe_ticket_show_description":"","_tribe_ticket_show_not_going":false,"_tribe_ticket_use_global_stock":"","_tribe_ticket_global_stock_level":"","_global_stock_mode":"","_global_stock_cap":"","_tribe_rsvp_for_event":"","_tribe_ticket_going_count":"","_tribe_ticket_not_going_count":"","_tribe_tickets_list":"[]","_tribe_ticket_has_attendee_info_fields":false,"_EventAllDay":false,"_EventTimezone":"","_EventStartDate":"","_EventEndDate":"","_EventStartDateUTC":"","_EventEndDateUTC":"","_EventShowMap":false,"_EventShowMapLink":false,"_EventURL":"","_EventCost":"","_EventCostDescription":"","_EventCurrencySymbol":"","_EventCurrencyCode":"","_EventCurrencyPosition":"","_EventDateTimeSeparator":"","_EventTimeRangeSeparator":"","_EventOrganizerID":[],"_EventVenueID":[],"_OrganizerEmail":"","_OrganizerPhone":"","_OrganizerWebsite":"","_VenueAddress":"","_VenueCity":"","_VenueCountry":"","_VenueProvince":"","_VenueState":"","_VenueZip":"","_VenuePhone":"","_VenueURL":"","_VenueStateProvince":"","_VenueLat":"","_VenueLng":"","_VenueShowMap":false,"_VenueShowMapLink":false,"_tribe_blocks_recurrence_rules":"","_tribe_blocks_recurrence_description":"","_tribe_blocks_recurrence_exclusions":"","footnotes":""},"page_tag":[],"class_list":["post-5614","page","type-page","status-publish","has-post-thumbnail","hentry","pmpro-level-required","pmpro-level-1","pmpro-level-9","pmpro-level-10","pmpro-level-11","pmpro-level-12","pmpro-level-17","pmpro-level-20","pmpro-level-21","pmpro-level-13","pmpro-level-14","pmpro-level-24","pmpro-level-15","pmpro-level-16","pmpro-level-23","pmpro-level-22","pmpro-level-27","pmpro-level-25","pmpro-level-26","pmpro-level-28","pmpro-level-29","pmpro-no-access"],"acf":[],"_links":{"self":[{"href":"https:\/\/climate-hive.org\/pl\/wp-json\/wp\/v2\/pages\/5614","targetHints":{"allow":["GET"]}}],"collection":[{"href":"https:\/\/climate-hive.org\/pl\/wp-json\/wp\/v2\/pages"}],"about":[{"href":"https:\/\/climate-hive.org\/pl\/wp-json\/wp\/v2\/types\/page"}],"author":[{"embeddable":true,"href":"https:\/\/climate-hive.org\/pl\/wp-json\/wp\/v2\/users\/1"}],"replies":[{"embeddable":true,"href":"https:\/\/climate-hive.org\/pl\/wp-json\/wp\/v2\/comments?post=5614"}],"version-history":[{"count":8,"href":"https:\/\/climate-hive.org\/pl\/wp-json\/wp\/v2\/pages\/5614\/revisions"}],"predecessor-version":[{"id":7020,"href":"https:\/\/climate-hive.org\/pl\/wp-json\/wp\/v2\/pages\/5614\/revisions\/7020"}],"wp:featuredmedia":[{"embeddable":true,"href":"https:\/\/climate-hive.org\/pl\/wp-json\/wp\/v2\/media\/5630"}],"wp:attachment":[{"href":"https:\/\/climate-hive.org\/pl\/wp-json\/wp\/v2\/media?parent=5614"}],"wp:term":[{"taxonomy":"page_tag","embeddable":true,"href":"https:\/\/climate-hive.org\/pl\/wp-json\/wp\/v2\/page_tag?post=5614"}],"curies":[{"name":"wp","href":"https:\/\/api.w.org\/{rel}","templated":true}]}}