{"id":62,"date":"2025-02-26T15:48:46","date_gmt":"2025-02-26T15:48:46","guid":{"rendered":"https:\/\/climate-hive.org\/?page_id=62"},"modified":"2026-04-23T15:00:57","modified_gmt":"2026-04-23T14:00:57","slug":"homepage","status":"publish","type":"page","link":"https:\/\/climate-hive.org\/pl\/","title":{"rendered":"Wiod\u0105ca europejska spo\u0142eczno\u015b\u0107 innowacji klimatycznych"},"content":{"rendered":"<div class=\"wp-block-group container fluid bg-cloud\"><div class=\"wp-block-group__inner-container is-layout-constrained wp-block-group-is-layout-constrained\">\n<div class=\"wp-block-group headline container\"><div class=\"wp-block-group__inner-container is-layout-constrained wp-block-group-is-layout-constrained\">\n<h2 class=\"wp-block-heading has-text-align-center\">Sprawd\u017a nasze kolejne aktywno\u015bci i najnowsze tre\u015bci<\/h2>\n\n\n\n<p class=\"has-text-align-center\">Zanurz si\u0119 w ekskluzywnej wiedzy, spostrze\u017ceniach, mo\u017cliwo\u015bciach nawi\u0105zywania kontakt\u00f3w i wsp\u00f3\u0142pracy dla innowator\u00f3w klimatycznych takich jak Ty. <\/p>\n<\/div><\/div>\n\n\n\n<div class=\"wp-block-group three-teasers container is-vertical is-content-justification-stretch is-nowrap is-layout-flex wp-container-core-group-is-layout-41f9fede wp-block-group-is-layout-flex\">\n<div class=\"wp-block-columns teasers-row is-layout-flex wp-container-core-columns-is-layout-9d6595d7 wp-block-columns-is-layout-flex\">\n<div class=\"wp-block-column teaser is-layout-flow wp-block-column-is-layout-flow\">\n<div class=\"wp-block-cover\" style=\"min-height:378px;aspect-ratio:unset;\"><img loading=\"lazy\" decoding=\"async\" width=\"1920\" height=\"1080\" class=\"wp-block-cover__image-background wp-image-7489 size-full\" alt=\"\" src=\"https:\/\/climate-hive.org\/wp-content\/uploads\/2026\/04\/Untitled-design-1.png\" style=\"object-position:60% 48%\" data-object-fit=\"cover\" data-object-position=\"60% 48%\" srcset=\"https:\/\/climate-hive.org\/wp-content\/uploads\/2026\/04\/Untitled-design-1.png 1920w, https:\/\/climate-hive.org\/wp-content\/uploads\/2026\/04\/Untitled-design-1-300x169.png 300w, https:\/\/climate-hive.org\/wp-content\/uploads\/2026\/04\/Untitled-design-1-1024x576.png 1024w, https:\/\/climate-hive.org\/wp-content\/uploads\/2026\/04\/Untitled-design-1-768x432.png 768w, https:\/\/climate-hive.org\/wp-content\/uploads\/2026\/04\/Untitled-design-1-1536x864.png 1536w, https:\/\/climate-hive.org\/wp-content\/uploads\/2026\/04\/Untitled-design-1-18x10.png 18w, https:\/\/climate-hive.org\/wp-content\/uploads\/2026\/04\/Untitled-design-1-128x72.png 128w\" sizes=\"auto, (max-width: 1920px) 100vw, 1920px\" \/><span aria-hidden=\"true\" class=\"wp-block-cover__background has-background-dim\"><\/span><div class=\"wp-block-cover__inner-container is-layout-constrained wp-block-cover-is-layout-constrained\">\n<h2 class=\"wp-block-heading has-text-align-left has-large-font-size\">Informacje o spo\u0142eczno\u015bci<\/h2>\n\n\n\n<h3 class=\"wp-block-heading\">Zielono i cyfrowo: co to oznacza dla ma\u0142ych firm<\/h3>\n<\/div><\/div>\n\n\n\n<div class=\"wp-block-group\"><div class=\"wp-block-group__inner-container is-layout-constrained wp-block-group-is-layout-constrained\">\n<div class=\"wp-block-columns is-layout-flex wp-container-core-columns-is-layout-9d6595d7 wp-block-columns-is-layout-flex\">\n<div class=\"wp-block-column is-layout-flow wp-block-column-is-layout-flow\" style=\"flex-basis:100%\">\n<p>Do\u0142\u0105cz do nas, aby odkry\u0107, jak ma\u0142e firmy mog\u0105 zwi\u0119kszy\u0107 konkurencyjno\u015b\u0107 i odporno\u015b\u0107, jednocze\u015bnie nawiguj\u0105c w zielonej i cyfrowej transformacji.<\/p>\n<\/div>\n\n\n\n<div class=\"wp-block-column is-vertically-aligned-center is-layout-flow wp-block-column-is-layout-flow\" style=\"flex-basis:50px\">\n<div class=\"wp-block-buttons is-content-justification-center is-nowrap is-layout-flex wp-container-core-buttons-is-layout-94bc23d7 wp-block-buttons-is-layout-flex\">\n<div class=\"wp-block-button\"><a class=\"wp-block-button__link wp-element-button\" href=\"https:\/\/climate-hive.org\/pl\/event\/insights-green-and-digital-for-small-businesses\/\">&gt;<\/a><\/div>\n<\/div>\n<\/div>\n<\/div>\n<\/div><\/div>\n<\/div>\n\n\n\n<div class=\"wp-block-column teaser is-layout-flow wp-block-column-is-layout-flow\">\n<div class=\"wp-block-cover\"><img loading=\"lazy\" decoding=\"async\" width=\"684\" height=\"1024\" class=\"wp-block-cover__image-background wp-image-6975 size-large\" alt=\"\" src=\"https:\/\/climate-hive.org\/wp-content\/uploads\/2026\/02\/pascal-bullan-amYtZtoMskc-unsplash-684x1024.jpg\" data-object-fit=\"cover\" srcset=\"https:\/\/climate-hive.org\/wp-content\/uploads\/2026\/02\/pascal-bullan-amYtZtoMskc-unsplash-684x1024.jpg 684w, https:\/\/climate-hive.org\/wp-content\/uploads\/2026\/02\/pascal-bullan-amYtZtoMskc-unsplash-200x300.jpg 200w, https:\/\/climate-hive.org\/wp-content\/uploads\/2026\/02\/pascal-bullan-amYtZtoMskc-unsplash-768x1150.jpg 768w, https:\/\/climate-hive.org\/wp-content\/uploads\/2026\/02\/pascal-bullan-amYtZtoMskc-unsplash-1025x1536.jpg 1025w, https:\/\/climate-hive.org\/wp-content\/uploads\/2026\/02\/pascal-bullan-amYtZtoMskc-unsplash-1367x2048.jpg 1367w, https:\/\/climate-hive.org\/wp-content\/uploads\/2026\/02\/pascal-bullan-amYtZtoMskc-unsplash-8x12.jpg 8w, https:\/\/climate-hive.org\/wp-content\/uploads\/2026\/02\/pascal-bullan-amYtZtoMskc-unsplash-scaled.jpg 1709w\" sizes=\"auto, (max-width: 684px) 100vw, 684px\" \/><span aria-hidden=\"true\" class=\"wp-block-cover__background has-background-dim\"><\/span><div class=\"wp-block-cover__inner-container is-layout-constrained wp-block-cover-is-layout-constrained\">\n<h2 class=\"wp-block-heading has-text-align-left has-large-font-size\">Centrum wiedzy<\/h2>\n\n\n\n<h3 class=\"wp-block-heading\">Ekskluzywne, bogate zasoby dla cz\u0142onk\u00f3w<\/h3>\n<\/div><\/div>\n\n\n\n<div class=\"wp-block-group\"><div class=\"wp-block-group__inner-container is-layout-constrained wp-block-group-is-layout-constrained\">\n<div class=\"wp-block-columns is-layout-flex wp-container-core-columns-is-layout-9d6595d7 wp-block-columns-is-layout-flex\">\n<div class=\"wp-block-column is-layout-flow wp-block-column-is-layout-flow\" style=\"flex-basis:100%\">\n<p>Zapoznaj si\u0119 z najnowszymi innowacjami klimatycznymi, zasobami dla przedsi\u0119biorc\u00f3w i rzecznik\u00f3w klimatu, modu\u0142ami edukacyjnymi i nie tylko.<\/p>\n<\/div>\n\n\n\n<div class=\"wp-block-column is-vertically-aligned-center is-layout-flow wp-block-column-is-layout-flow\" style=\"flex-basis:50px\">\n<div class=\"wp-block-buttons is-vertical is-content-justification-center is-nowrap is-layout-flex wp-container-core-buttons-is-layout-5559b0df wp-block-buttons-is-layout-flex\">\n<div class=\"wp-block-button\"><a class=\"wp-block-button__link wp-element-button\" href=\"https:\/\/climate-hive.org\/pl\/knowledge-hub\/\">&gt;<\/a><\/div>\n<\/div>\n<\/div>\n<\/div>\n<\/div><\/div>\n<\/div>\n\n\n\n<div class=\"wp-block-column teaser is-layout-flow wp-block-column-is-layout-flow\">\n<div class=\"wp-block-cover\"><img loading=\"lazy\" decoding=\"async\" width=\"1024\" height=\"683\" class=\"wp-block-cover__image-background wp-image-6810 size-large\" alt=\"\" src=\"https:\/\/climate-hive.org\/wp-content\/uploads\/2026\/01\/karsten-wurth-0w-uTa0Xz7w-unsplash-1024x683.jpg\" data-object-fit=\"cover\" srcset=\"https:\/\/climate-hive.org\/wp-content\/uploads\/2026\/01\/karsten-wurth-0w-uTa0Xz7w-unsplash-1024x683.jpg 1024w, https:\/\/climate-hive.org\/wp-content\/uploads\/2026\/01\/karsten-wurth-0w-uTa0Xz7w-unsplash-300x200.jpg 300w, https:\/\/climate-hive.org\/wp-content\/uploads\/2026\/01\/karsten-wurth-0w-uTa0Xz7w-unsplash-768x512.jpg 768w, https:\/\/climate-hive.org\/wp-content\/uploads\/2026\/01\/karsten-wurth-0w-uTa0Xz7w-unsplash-1536x1024.jpg 1536w, https:\/\/climate-hive.org\/wp-content\/uploads\/2026\/01\/karsten-wurth-0w-uTa0Xz7w-unsplash-18x12.jpg 18w, https:\/\/climate-hive.org\/wp-content\/uploads\/2026\/01\/karsten-wurth-0w-uTa0Xz7w-unsplash.jpg 1920w\" sizes=\"auto, (max-width: 1024px) 100vw, 1024px\" \/><span aria-hidden=\"true\" class=\"wp-block-cover__background has-background-dim\"><\/span><div class=\"wp-block-cover__inner-container is-layout-constrained wp-block-cover-is-layout-constrained\">\n<h2 class=\"wp-block-heading has-text-align-left has-large-font-size\">Mo\u017cliwo\u015bci<\/h2>\n\n\n\n<h3 class=\"wp-block-heading\">Nabory wniosk\u00f3w, pro\u015bby o partnerstwo, nowe projekty<\/h3>\n<\/div><\/div>\n\n\n\n<div class=\"wp-block-group\"><div class=\"wp-block-group__inner-container is-layout-constrained wp-block-group-is-layout-constrained\">\n<div class=\"wp-block-columns is-layout-flex wp-container-core-columns-is-layout-9d6595d7 wp-block-columns-is-layout-flex\">\n<div class=\"wp-block-column is-layout-flow wp-block-column-is-layout-flow\" style=\"flex-basis:100%\">\n<p>Znajd\u017a najnowsze mo\u017cliwo\u015bci z ekosystemu innowacji klimatycznych, aby nap\u0119dza\u0107 i skalowa\u0107 swoje kolejne dzia\u0142ania i innowacje klimatyczne<\/p>\n<\/div>\n\n\n\n<div class=\"wp-block-column is-vertically-aligned-center is-layout-flow wp-block-column-is-layout-flow\" style=\"flex-basis:50px\">\n<div class=\"wp-block-buttons is-vertical is-content-justification-center is-nowrap is-layout-flex wp-container-core-buttons-is-layout-e30061ac wp-block-buttons-is-layout-flex\">\n<div class=\"wp-block-button\"><a class=\"wp-block-button__link wp-element-button\" href=\"https:\/\/climate-hive.org\/pl\/opportunities\/\">&gt;<\/a><\/div>\n<\/div>\n<\/div>\n<\/div>\n<\/div><\/div>\n<\/div>\n<\/div>\n<\/div>\n<\/div><\/div>\n\n\n\n<div class=\"wp-block-group carousel-banner\"><div class=\"wp-block-group__inner-container is-layout-constrained wp-block-group-is-layout-constrained\">\n<div class=\"wp-block-group slider\"><div class=\"wp-block-group__inner-container is-layout-constrained wp-block-group-is-layout-constrained\">\n<figure class=\"wp-block-image size-full\"><img loading=\"lazy\" decoding=\"async\" width=\"917\" height=\"657\" src=\"https:\/\/climate-hive.org\/wp-content\/uploads\/2025\/03\/carousel-banner-image.webp\" alt=\"\" class=\"wp-image-3945\" srcset=\"https:\/\/climate-hive.org\/wp-content\/uploads\/2025\/03\/carousel-banner-image.webp 917w, https:\/\/climate-hive.org\/wp-content\/uploads\/2025\/03\/carousel-banner-image-300x215.webp 300w, https:\/\/climate-hive.org\/wp-content\/uploads\/2025\/03\/carousel-banner-image-768x550.webp 768w\" sizes=\"auto, (max-width: 917px) 100vw, 917px\" \/><\/figure>\n\n\n\n<div class=\"wp-block-group _slides\"><div class=\"wp-block-group__inner-container is-layout-constrained wp-block-group-is-layout-constrained\">\n<div class=\"wp-block-group _slide\"><div class=\"wp-block-group__inner-container is-layout-constrained wp-block-group-is-layout-constrained\">\n<h2 class=\"wp-block-heading\"><strong>Rozwijaj swoj\u0105 firm\u0119 i stawiaj czo\u0142a wyzwaniom klimatycznym<\/strong><\/h2>\n\n\n\n<p>Spo\u0142eczno\u015b\u0107 Climate KIC pomaga M\u015aP rozwija\u0107 i skalowa\u0107 ich innowacyjne rozwi\u0105zania. Dzi\u0119ki naszej sieci miast, korporacji i instytucji, dzia\u0142aniom w zakresie budowania potencja\u0142u, pilota\u017com innowacji i CoLabs, nasza spo\u0142eczno\u015b\u0107 dla M\u015aP przekszta\u0142ca wyzwania klimatyczne w mo\u017cliwo\u015bci biznesowe.<\/p>\n\n\n\n<div class=\"wp-block-buttons is-layout-flex wp-block-buttons-is-layout-flex\">\n<div class=\"wp-block-button inverted\"><a class=\"wp-block-button__link wp-element-button\" href=\"https:\/\/climate-hive.org\/pl\/community-for-smes\/\" target=\"_blank\" rel=\"noreferrer noopener\">Dowiedz si\u0119 wi\u0119cej<\/a><\/div>\n<\/div>\n<\/div><\/div>\n\n\n\n<div class=\"wp-block-group _slide\"><div class=\"wp-block-group__inner-container is-layout-constrained wp-block-group-is-layout-constrained\">\n<h2 class=\"wp-block-heading\">Skorzystaj z okresu pr\u00f3bnego - zero koszt\u00f3w.<\/h2>\n\n\n\n<p>Dzi\u0119ki cz\u0142onkostwu Impact Professionals mo\u017cesz rozpocz\u0105\u0107 odkrywanie spo\u0142eczno\u015bci dzi\u0119ki 30-dniowemu bezp\u0142atnemu okresowi pr\u00f3bnemu. Do\u0142\u0105czaj do wydarze\u0144, poruszaj si\u0119 po tre\u015bciach i grupach oraz buduj swoj\u0105 sie\u0107 innowator\u00f3w, przedsi\u0119biorc\u00f3w, ekspert\u00f3w i praktyk\u00f3w pasjonuj\u0105cych si\u0119 rozwi\u0105zaniami klimatycznymi tak samo jak Ty. Uwa\u017casz, \u017ce Spo\u0142eczno\u015b\u0107 nie jest dla Ciebie? Mo\u017cesz zrezygnowa\u0107 w dowolnym momencie.<\/p>\n\n\n\n<div class=\"wp-block-buttons is-layout-flex wp-block-buttons-is-layout-flex\">\n<div class=\"wp-block-button inverted\"><a class=\"wp-block-button__link wp-element-button\" href=\"https:\/\/climate-hive.org\/pl\/membership-levels\/\" target=\"_blank\" rel=\"noreferrer noopener\">Zacznij teraz<\/a><\/div>\n<\/div>\n<\/div><\/div>\n<\/div><\/div>\n<\/div><\/div>\n<\/div><\/div>\n\n\n\n<div class=\"wp-block-group alignfull statistics\" style=\"margin-top:0;margin-bottom:0;padding-top:var(--wp--preset--spacing--40);padding-bottom:var(--wp--preset--spacing--50)\"><div class=\"wp-block-group__inner-container is-layout-constrained wp-block-group-is-layout-constrained\">\n<h2 class=\"wp-block-heading alignwide has-text-align-center statistics-header\">Nasza spo\u0142eczno\u015b\u0107 w skr\u00f3cie<\/h2>\n\n\n\n<div class=\"wp-block-group\"><div class=\"wp-block-group__inner-container is-layout-constrained wp-block-group-is-layout-constrained\">\n<div class=\"wp-block-columns alignwide statistics-items-wrapper is-layout-flex wp-container-core-columns-is-layout-fc755997 wp-block-columns-is-layout-flex\">\n<div class=\"wp-block-column statistics-item is-layout-flow wp-block-column-is-layout-flow\" style=\"padding-top:var(--wp--preset--spacing--40);padding-right:var(--wp--preset--spacing--40);padding-bottom:var(--wp--preset--spacing--40);padding-left:var(--wp--preset--spacing--40)\">\n<div class=\"wp-block-group\"><div class=\"wp-block-group__inner-container is-layout-constrained wp-block-group-is-layout-constrained\">\n<div class=\"wp-block-group statistics-icon\"><div class=\"wp-block-group__inner-container is-layout-constrained wp-block-group-is-layout-constrained\">\n<figure class=\"wp-block-image size-full is-resized\"><img loading=\"lazy\" decoding=\"async\" width=\"466\" height=\"334\" src=\"https:\/\/climate-hive.org\/wp-content\/uploads\/2025\/09\/CK-Global.png\" alt=\"\" class=\"wp-image-4348\" style=\"width:82px;height:auto\" srcset=\"https:\/\/climate-hive.org\/wp-content\/uploads\/2025\/09\/CK-Global.png 466w, https:\/\/climate-hive.org\/wp-content\/uploads\/2025\/09\/CK-Global-300x215.png 300w\" sizes=\"auto, (max-width: 466px) 100vw, 466px\" \/><\/figure>\n<\/div><\/div>\n\n\n\n<div class=\"wp-block-group statistics-number\"><div class=\"wp-block-group__inner-container is-layout-constrained wp-block-group-is-layout-constrained\">\n<p class=\"has-text-align-center\" style=\"font-size:70px\">147<\/p>\n<\/div><\/div>\n\n\n\n<div class=\"wp-block-group statistics-text\"><div class=\"wp-block-group__inner-container is-layout-constrained wp-block-group-is-layout-constrained\">\n<p class=\"has-text-align-center has-medium-font-size\">Reprezentowane kraje<\/p>\n<\/div><\/div>\n<\/div><\/div>\n<\/div>\n\n\n\n<div class=\"wp-block-column statistics-item is-layout-flow wp-block-column-is-layout-flow\" style=\"padding-top:var(--wp--preset--spacing--40);padding-right:var(--wp--preset--spacing--40);padding-bottom:var(--wp--preset--spacing--40);padding-left:var(--wp--preset--spacing--40)\">\n<div class=\"wp-block-group\"><div class=\"wp-block-group__inner-container is-layout-constrained wp-block-group-is-layout-constrained\">\n<div class=\"wp-block-group statistics-icon\"><div class=\"wp-block-group__inner-container is-layout-constrained wp-block-group-is-layout-constrained\">\n<figure class=\"wp-block-image size-full is-resized\"><img loading=\"lazy\" decoding=\"async\" width=\"334\" height=\"354\" src=\"https:\/\/climate-hive.org\/wp-content\/uploads\/2025\/09\/CK-Leader.png\" alt=\"\" class=\"wp-image-4351\" style=\"width:56px;height:auto\" srcset=\"https:\/\/climate-hive.org\/wp-content\/uploads\/2025\/09\/CK-Leader.png 334w, https:\/\/climate-hive.org\/wp-content\/uploads\/2025\/09\/CK-Leader-283x300.png 283w\" sizes=\"auto, (max-width: 334px) 100vw, 334px\" \/><\/figure>\n<\/div><\/div>\n\n\n\n<div class=\"wp-block-group statistics-number\"><div class=\"wp-block-group__inner-container is-layout-constrained wp-block-group-is-layout-constrained\">\n<p class=\"has-text-align-center\" style=\"font-size:70px\">2000+<\/p>\n<\/div><\/div>\n\n\n\n<div class=\"wp-block-group statistics-text\"><div class=\"wp-block-group__inner-container is-layout-constrained wp-block-group-is-layout-constrained\">\n<p class=\"has-text-align-center has-medium-font-size\">Cz\u0142onkowie z biznesu, \u015brodowiska akademickiego, polityki i finans\u00f3w<\/p>\n<\/div><\/div>\n<\/div><\/div>\n<\/div>\n\n\n\n<div class=\"wp-block-column statistics-item is-layout-flow wp-block-column-is-layout-flow\" style=\"padding-top:var(--wp--preset--spacing--40);padding-right:var(--wp--preset--spacing--40);padding-bottom:var(--wp--preset--spacing--40);padding-left:var(--wp--preset--spacing--40)\">\n<div class=\"wp-block-group\"><div class=\"wp-block-group__inner-container is-layout-constrained wp-block-group-is-layout-constrained\">\n<div class=\"wp-block-group statistics-icon\"><div class=\"wp-block-group__inner-container is-layout-constrained wp-block-group-is-layout-constrained\">\n<figure class=\"wp-block-image size-full is-resized\"><img loading=\"lazy\" decoding=\"async\" width=\"337\" height=\"393\" src=\"https:\/\/climate-hive.org\/wp-content\/uploads\/2025\/09\/CK-Idea.png\" alt=\"\" class=\"wp-image-4353\" style=\"width:49px;height:auto\" srcset=\"https:\/\/climate-hive.org\/wp-content\/uploads\/2025\/09\/CK-Idea.png 337w, https:\/\/climate-hive.org\/wp-content\/uploads\/2025\/09\/CK-Idea-257x300.png 257w\" sizes=\"auto, (max-width: 337px) 100vw, 337px\" \/><\/figure>\n<\/div><\/div>\n\n\n\n<div class=\"wp-block-group statistics-number\"><div class=\"wp-block-group__inner-container is-layout-constrained wp-block-group-is-layout-constrained\">\n<p class=\"has-text-align-center\" style=\"font-size:70px\">100+<\/p>\n<\/div><\/div>\n\n\n\n<div class=\"wp-block-group statistics-text\"><div class=\"wp-block-group__inner-container is-layout-constrained wp-block-group-is-layout-constrained\">\n<p class=\"has-text-align-center\" style=\"font-size:20px\">Eksperci zajmuj\u0105cy si\u0119 obiegiem zamkni\u0119tym, niebiesk\u0105 gospodark\u0105, polityk\u0105 i nie tylko<\/p>\n<\/div><\/div>\n<\/div><\/div>\n<\/div>\n\n\n\n<div class=\"wp-block-column statistics-item is-layout-flow wp-block-column-is-layout-flow\" style=\"padding-top:var(--wp--preset--spacing--40);padding-right:var(--wp--preset--spacing--40);padding-bottom:var(--wp--preset--spacing--40);padding-left:var(--wp--preset--spacing--40)\">\n<div class=\"wp-block-group\"><div class=\"wp-block-group__inner-container is-layout-constrained wp-block-group-is-layout-constrained\">\n<div class=\"wp-block-group statistics-icon\"><div class=\"wp-block-group__inner-container is-layout-constrained wp-block-group-is-layout-constrained\">\n<figure class=\"wp-block-image size-full is-resized\"><img loading=\"lazy\" decoding=\"async\" width=\"393\" height=\"373\" src=\"https:\/\/climate-hive.org\/wp-content\/uploads\/2025\/09\/CK-Discussion.png\" alt=\"\" class=\"wp-image-4354\" style=\"width:63px;height:auto\" srcset=\"https:\/\/climate-hive.org\/wp-content\/uploads\/2025\/09\/CK-Discussion.png 393w, https:\/\/climate-hive.org\/wp-content\/uploads\/2025\/09\/CK-Discussion-300x285.png 300w\" sizes=\"auto, (max-width: 393px) 100vw, 393px\" \/><\/figure>\n<\/div><\/div>\n\n\n\n<div class=\"wp-block-group statistics-number\"><div class=\"wp-block-group__inner-container is-layout-constrained wp-block-group-is-layout-constrained\">\n<p class=\"has-text-align-center\" style=\"font-size:70px\">100+<\/p>\n<\/div><\/div>\n\n\n\n<div class=\"wp-block-group statistics-text\"><div class=\"wp-block-group__inner-container is-layout-constrained wp-block-group-is-layout-constrained\">\n<p class=\"has-text-align-center\" style=\"font-size:20px\">Wydarzenia organizowane w naszej spo\u0142eczno\u015bci w ci\u0105gu jednego roku<\/p>\n<\/div><\/div>\n<\/div><\/div>\n<\/div>\n\n\n\n<div class=\"wp-block-column statistics-item is-layout-flow wp-block-column-is-layout-flow\" style=\"padding-top:var(--wp--preset--spacing--40);padding-right:var(--wp--preset--spacing--40);padding-bottom:var(--wp--preset--spacing--40);padding-left:var(--wp--preset--spacing--40)\">\n<div class=\"wp-block-group\"><div class=\"wp-block-group__inner-container is-layout-constrained wp-block-group-is-layout-constrained\">\n<div class=\"wp-block-group statistics-icon\"><div class=\"wp-block-group__inner-container is-layout-constrained wp-block-group-is-layout-constrained\">\n<figure class=\"wp-block-image size-full is-resized\"><img loading=\"lazy\" decoding=\"async\" width=\"432\" height=\"432\" src=\"https:\/\/climate-hive.org\/wp-content\/uploads\/2025\/09\/CK-Target.png\" alt=\"\" class=\"wp-image-4355\" style=\"width:61px;height:auto\" srcset=\"https:\/\/climate-hive.org\/wp-content\/uploads\/2025\/09\/CK-Target.png 432w, https:\/\/climate-hive.org\/wp-content\/uploads\/2025\/09\/CK-Target-300x300.png 300w, https:\/\/climate-hive.org\/wp-content\/uploads\/2025\/09\/CK-Target-150x150.png 150w\" sizes=\"auto, (max-width: 432px) 100vw, 432px\" \/><\/figure>\n<\/div><\/div>\n\n\n\n<div class=\"wp-block-group statistics-number\"><div class=\"wp-block-group__inner-container is-layout-constrained wp-block-group-is-layout-constrained\">\n<p class=\"has-text-align-center\" style=\"font-size:70px\">50+<\/p>\n<\/div><\/div>\n\n\n\n<div class=\"wp-block-group statistics-text\"><div class=\"wp-block-group__inner-container is-layout-constrained wp-block-group-is-layout-constrained\">\n<p class=\"has-text-align-center\" style=\"font-size:20px\">Otwarte mo\u017cliwo\u015bci - takie jak rozmowy telefoniczne, konsultacje i inne<\/p>\n<\/div><\/div>\n<\/div><\/div>\n<\/div>\n<\/div>\n<\/div><\/div>\n<\/div><\/div>\n\n\n\n<div class=\"wp-block-group colour-banner container has-background\" style=\"background-color:#006fcf\"><div class=\"wp-block-group__inner-container is-layout-constrained wp-block-group-is-layout-constrained\">\n<h2 class=\"wp-block-heading has-text-align-center has-white-color has-text-color has-link-color wp-elements-84a7c237bc417b196737f91546460dd5\">Sie\u0107, nauka i wsp\u00f3\u0142praca<\/h2>\n\n\n\n<p class=\"has-text-align-center has-white-color has-text-color has-link-color wp-elements-02109d53997e114cda3e25ef2d3d8cae\">Spo\u0142eczno\u015b\u0107 Climate KIC jest pojedynczym \u017ar\u00f3d\u0142em dost\u0119pu do mo\u017cliwo\u015bci i wiedzy, aby rozwija\u0107 swoj\u0105 dzia\u0142alno\u015b\u0107 i stawi\u0107 czo\u0142a globalnym wyzwaniom klimatycznym.<\/p>\n\n\n\n<div class=\"wp-block-buttons is-content-justification-center is-layout-flex wp-container-core-buttons-is-layout-16018d1d wp-block-buttons-is-layout-flex\">\n<div class=\"wp-block-button\"><a class=\"wp-block-button__link has-black-color has-white-background-color has-text-color has-background has-link-color has-text-align-center wp-element-button\" href=\"https:\/\/climate-hive.org\/pl\/membership-levels\/\">DO\u0141\u0104CZ DO NAS<\/a><\/div>\n<\/div>\n<\/div><\/div>\n\n\n\n<p><\/p>","protected":false},"excerpt":{"rendered":"<p>Check out our next activities and latest content Dive into exclusive knowledge, insights, networking and collaboration opportunities for Climate Innovators like yourself Join us to discover how small businesses can [&hellip;]<\/p>","protected":false},"author":1,"featured_media":4446,"parent":0,"menu_order":0,"comment_status":"closed","ping_status":"closed","template":"page-homepage.php","meta":{"_acf_changed":false,"_tec_requires_first_save":true,"_bbp_topic_count":0,"_bbp_reply_count":0,"_bbp_total_topic_count":0,"_bbp_total_reply_count":0,"_bbp_voice_count":0,"_bbp_anonymous_reply_count":0,"_bbp_topic_count_hidden":0,"_bbp_reply_count_hidden":0,"_bbp_forum_subforum_count":0,"pmpro_default_level":"","inline_featured_image":false,"_price":"","_stock":"","_tribe_ticket_header":"","_tribe_default_ticket_provider":"","_ticket_start_date":"","_ticket_end_date":"","_tribe_ticket_show_description":"","_tribe_ticket_show_not_going":false,"_tribe_ticket_use_global_stock":"","_tribe_ticket_global_stock_level":"","_global_stock_mode":"","_global_stock_cap":"","_tribe_rsvp_for_event":"","_tribe_ticket_going_count":"","_tribe_ticket_not_going_count":"","_tribe_tickets_list":"[]","_tribe_ticket_has_attendee_info_fields":false,"_EventAllDay":false,"_EventTimezone":"","_EventStartDate":"","_EventEndDate":"","_EventStartDateUTC":"","_EventEndDateUTC":"","_EventShowMap":false,"_EventShowMapLink":false,"_EventURL":"","_EventCost":"","_EventCostDescription":"","_EventCurrencySymbol":"","_EventCurrencyCode":"","_EventCurrencyPosition":"","_EventDateTimeSeparator":"","_EventTimeRangeSeparator":"","_EventOrganizerID":[],"_EventVenueID":[],"_OrganizerEmail":"","_OrganizerPhone":"","_OrganizerWebsite":"","_VenueAddress":"","_VenueCity":"","_VenueCountry":"","_VenueProvince":"","_VenueState":"","_VenueZip":"","_VenuePhone":"","_VenueURL":"","_VenueStateProvince":"","_VenueLat":"","_VenueLng":"","_VenueShowMap":false,"_VenueShowMapLink":false,"_tribe_blocks_recurrence_rules":"","_tribe_blocks_recurrence_description":"","_tribe_blocks_recurrence_exclusions":"","footnotes":""},"page_tag":[113],"class_list":["post-62","page","type-page","status-publish","has-post-thumbnail","hentry","page_tag-climate-kic-community","pmpro-has-access"],"acf":[],"_links":{"self":[{"href":"https:\/\/climate-hive.org\/pl\/wp-json\/wp\/v2\/pages\/62","targetHints":{"allow":["GET"]}}],"collection":[{"href":"https:\/\/climate-hive.org\/pl\/wp-json\/wp\/v2\/pages"}],"about":[{"href":"https:\/\/climate-hive.org\/pl\/wp-json\/wp\/v2\/types\/page"}],"author":[{"embeddable":true,"href":"https:\/\/climate-hive.org\/pl\/wp-json\/wp\/v2\/users\/1"}],"replies":[{"embeddable":true,"href":"https:\/\/climate-hive.org\/pl\/wp-json\/wp\/v2\/comments?post=62"}],"version-history":[{"count":83,"href":"https:\/\/climate-hive.org\/pl\/wp-json\/wp\/v2\/pages\/62\/revisions"}],"predecessor-version":[{"id":7503,"href":"https:\/\/climate-hive.org\/pl\/wp-json\/wp\/v2\/pages\/62\/revisions\/7503"}],"wp:featuredmedia":[{"embeddable":true,"href":"https:\/\/climate-hive.org\/pl\/wp-json\/wp\/v2\/media\/4446"}],"wp:attachment":[{"href":"https:\/\/climate-hive.org\/pl\/wp-json\/wp\/v2\/media?parent=62"}],"wp:term":[{"taxonomy":"page_tag","embeddable":true,"href":"https:\/\/climate-hive.org\/pl\/wp-json\/wp\/v2\/page_tag?post=62"}],"curies":[{"name":"wp","href":"https:\/\/api.w.org\/{rel}","templated":true}]}}