{"id":6276,"date":"2025-12-19T10:25:33","date_gmt":"2025-12-19T10:25:33","guid":{"rendered":"https:\/\/climate-hive.org\/?page_id=6276"},"modified":"2025-12-19T10:25:34","modified_gmt":"2025-12-19T10:25:34","slug":"terms-conditions-organisation","status":"publish","type":"page","link":"https:\/\/climate-hive.org\/pl\/terms-conditions-organisation\/","title":{"rendered":"Regulamin dla cz\u0142onk\u00f3w organizacji"},"content":{"rendered":"<p>Staj\u0105c si\u0119 cz\u0142onkiem spo\u0142eczno\u015bci Climate KIC (\u201cSpo\u0142eczno\u015b\u0107\u201d), u\u017cytkownik wyra\u017ca zgod\u0119 na poni\u017csze Warunki i zobowi\u0105zuje si\u0119 do przestrzegania Wytycznych dla spo\u0142eczno\u015bci.&nbsp;<\/p>\n\n\n\n<h2 class=\"wp-block-heading\"><strong>1. Wprowadzenie<\/strong>\u00a0<\/h2>\n\n\n\n<p>1.1. Spo\u0142eczno\u015b\u0107 Climate KIC to sie\u0107 os\u00f3b fizycznych i prawnych zaanga\u017cowanych w rozw\u00f3j i skalowanie transformacyjnych innowacji klimatycznych. Spo\u0142eczno\u015b\u0107 jest zarz\u0105dzana przez Stichting Climate-KIC International Foundation, organizacj\u0119 non-profit (\u201cstichting\u201d) (numer rejestracyjny 77373154) nale\u017cycie zarejestrowan\u0105 zgodnie z prawem holenderskim, z siedzib\u0105 pod adresem Plantage Middenlaan 45, 1018 DC Amsterdam, Holandia (odt\u0105d \u201cClimate KIC\u201d).\u00a0\u00a0<\/p>\n\n\n\n<p>1.2. Niniejszy Regulamin okre\u015bla zasady cz\u0142onkostwa w spo\u0142eczno\u015bci Climate KIC. Do\u0142\u0105czaj\u0105c do spo\u0142eczno\u015bci, u\u017cytkownik potwierdza, \u017ce je przeczyta\u0142, zrozumia\u0142 i akceptuje.&nbsp;<\/p>\n\n\n\n<h2 class=\"wp-block-heading\">2. <strong>Kwalifikowalno\u015b\u0107<\/strong>\u00a0<\/h2>\n\n\n\n<p>2.1. Cz\u0142onkostwo jest otwarte dla legalnie zarejestrowanych organizacji i os\u00f3b powy\u017cej 18 roku \u017cycia, kt\u00f3rych dzia\u0142alno\u015b\u0107 jest zgodna z misj\u0105 i warto\u015bciami Climate KIC.&nbsp;<\/p>\n\n\n\n<h2 class=\"wp-block-heading\">3. <strong>Cz\u0142onkostwo, op\u0142aty, wypowiedzenie i odnowienie\u00a0<\/strong>\u00a0<\/h2>\n\n\n\n<p>3.1. Op\u0142aty cz\u0142onkowskie s\u0105 p\u0142atne w momencie przyst\u0105pienia (\u201cData wej\u015bcia w \u017cycie\u201d) i s\u0105 przetwarzane bezpiecznie za po\u015brednictwem zatwierdzonych metod p\u0142atno\u015bci. Okres cz\u0142onkostwa wynosi 12 kolejnych miesi\u0119cy.&nbsp;&nbsp;<\/p>\n\n\n\n<p>3.2. Cz\u0142onkostwo odnawia si\u0119 automatycznie ka\u017cdego roku, chyba \u017ce zostanie anulowane co najmniej 1 miesi\u0105c przed odnowieniem.&nbsp;&nbsp;<\/p>\n\n\n\n<p>3.3. Climate KIC wystawi u\u017cytkownikowi faktur\u0119 za op\u0142acenie sk\u0142adki cz\u0142onkowskiej co roku, pocz\u0105wszy od Daty wej\u015bcia w \u017cycie.&nbsp;<\/p>\n\n\n\n<p>3.4. Op\u0142aty nie podlegaj\u0105 zwrotowi za bie\u017c\u0105cy okres rozliczeniowy po jego rozpocz\u0119ciu.&nbsp;<\/p>\n\n\n\n<p>3.5. Cz\u0142onkowie mog\u0105 zako\u0144czy\u0107 swoje cz\u0142onkostwo, przechodz\u0105c do Ustawienia &gt; Cz\u0142onkostwo &gt; Moje cz\u0142onkostwa i klikaj\u0105c \u2018Anuluj\u2019. Alternatywnie mo\u017cna skontaktowa\u0107 si\u0119 z Climate KIC pod adresem <a>community@climate-kic.org<\/a>\u00a0w dowolnym momencie, ale nie p\u00f3\u017aniej ni\u017c 2 tygodnie przed automatycznym odnowieniem. Anulowanie staje si\u0119 skuteczne z ko\u0144cem bie\u017c\u0105cego okresu cz\u0142onkostwa.\u00a0<\/p>\n\n\n\n<p>3.6. Climate KIC mo\u017ce wypowiedzie\u0107 cz\u0142onkostwo ze skutkiem natychmiastowym, je\u015bli op\u0142aty s\u0105 nieuregulowane lub je\u015bli dzia\u0142ania cz\u0142onka szkodz\u0105 reputacji spo\u0142eczno\u015bci.&nbsp;<\/p>\n\n\n\n<h2 class=\"wp-block-heading\">4. <strong>Korzy\u015bci<\/strong>\u00a0\u00a0<\/h2>\n\n\n\n<p>4.1. Jako cz\u0142onek spo\u0142eczno\u015bci b\u0119dziesz mie\u0107 dost\u0119p do wiod\u0105cej spo\u0142eczno\u015bci praktyk\u00f3w i ekspert\u00f3w w zakresie innowacji klimatycznych, zasilanej przez wiod\u0105c\u0105 europejsk\u0105 spo\u0142eczno\u015b\u0107 profesjonalist\u00f3w zajmuj\u0105cych si\u0119 planet\u0105 ludzi.\u00a0\u00a0<\/p>\n\n\n\n<p>4.2. Cz\u0142onkowie mog\u0105 u\u017cywa\u0107 logo Climate KIC do identyfikacji siebie jako cz\u0142onk\u00f3w, z zastrze\u017ceniem uprzedniego zatwierdzenia i wytycznych dotycz\u0105cych marki.&nbsp;<\/p>\n\n\n\n<h2 class=\"wp-block-heading\"><strong>5.   Prawo do przyst\u0105pienia do stowarzyszenia Climate KIC\u00a0<\/strong>\u00a0<\/h2>\n\n\n\n<p>5.1. Staj\u0105c si\u0119 cz\u0142onkiem spo\u0142eczno\u015bci, automatycznie stajesz si\u0119 cz\u0142onkiem stowarzyszonym Climate KIC Association, co daje ci prawo do uczestniczenia w posiedzeniach zgromadzenia (bez prawa g\u0142osu).\u00a0<\/p>\n\n\n\n<p>5.2.  Aby zosta\u0107 Cz\u0142onkiem z prawem g\u0142osu, nale\u017cy przej\u015b\u0107 odr\u0119bny proces opisany w Statucie Stowarzyszenia Climate KIC.&nbsp;<\/p>\n\n\n\n<p>5.3. Prawa i obowi\u0105zki Podmiot\u00f3w Stowarzyszonych i Cz\u0142onk\u00f3w z prawem g\u0142osu reguluje Statut Stowarzyszenia Climate KIC.&nbsp;&nbsp;<\/p>\n\n\n\n<p>5.4. Utrata statusu Cz\u0142onka Stowarzyszonego lub Cz\u0142onka z prawem g\u0142osu w Stowarzyszeniu nie ma wp\u0142ywu na Cz\u0142onkostwo we Wsp\u00f3lnocie, chyba \u017ce przyczyna wypowiedzenia uzasadnia r\u00f3wnie\u017c zako\u0144czenie Cz\u0142onkostwa we Wsp\u00f3lnocie.&nbsp;<\/p>\n\n\n\n<h2 class=\"wp-block-heading\">6. <strong>Ochrona danych, prywatno\u015b\u0107 i poufno\u015b\u0107<\/strong>\u00a0<\/h2>\n\n\n\n<p>6.1. Climate KIC przetwarza dane osobowe (np. imi\u0119 i nazwisko, dane kontaktowe, dane dotycz\u0105ce p\u0142atno\u015bci) zgodnie z obowi\u0105zuj\u0105cymi przepisami o ochronie danych, w tym RODO i innymi odpowiednimi przepisami.&nbsp;<\/p>\n\n\n\n<p>6.2. Dane s\u0105 wykorzystywane do zarz\u0105dzania cz\u0142onkostwem, \u015bwiadczenia us\u0142ug i informowania o dzia\u0142aniach.&nbsp;<\/p>\n\n\n\n<p>6.3. Cz\u0142onkowie maj\u0105 prawo dost\u0119pu do swoich danych, ich sprostowania, usuni\u0119cia lub ograniczenia. Wnioski mo\u017cna przesy\u0142a\u0107 na adres community@climate-kic.org.&nbsp;<\/p>\n\n\n\n<p>6.4. Informacje Poufne musz\u0105 by\u0107 chronione i nie mog\u0105 by\u0107 ujawniane, chyba \u017ce jest to wymagane przez prawo.&nbsp;<\/p>\n\n\n\n<h2 class=\"wp-block-heading\">7. <strong>Przydzia\u0142\u00a0<\/strong>\u00a0<\/h2>\n\n\n\n<p>7.1.  Climate KIC mo\u017ce bez zgody przenie\u015b\u0107 swoje prawa lub obowi\u0105zki wynikaj\u0105ce z niniejszych Warunk\u00f3w na swoje podmioty stowarzyszone lub powi\u0105zane.&nbsp;&nbsp;&nbsp;<\/p>\n\n\n\n<p>7.2. Cz\u0142onkowie spo\u0142eczno\u015bci mog\u0105 przenie\u015b\u0107 swoje cz\u0142onkostwo lub zobowi\u0105zania wy\u0142\u0105cznie za uprzedni\u0105 zgod\u0105 Climate KIC.&nbsp;<\/p>\n\n\n\n<h2 class=\"wp-block-heading\"><strong>8. System odpowiedzialno\u015bci\u00a0\u00a0<\/strong>\u00a0<\/h2>\n\n\n\n<p>8.1. Cz\u0142onkowie s\u0105 odpowiedzialni za w\u0142asne dzia\u0142ania i wszelkie szkody spowodowane uczestnictwem.&nbsp;<\/p>\n\n\n\n<p>8.2. Climate KIC nie ponosi odpowiedzialno\u015bci za szkody po\u015brednie lub wt\u00f3rne (np. utrat\u0119 zysk\u00f3w).&nbsp;<\/p>\n\n\n\n<h2 class=\"wp-block-heading\"><strong>9. Zmiany w Regulaminie&nbsp;&nbsp;<\/strong>&nbsp;<\/h2>\n\n\n\n<p>9.1. Climate KIC mo\u017ce aktualizowa\u0107 niniejsze Warunki w dowolnym momencie. Cz\u0142onkowie b\u0119d\u0105 powiadamiani o istotnych zmianach; dalsze uczestnictwo oznacza ich akceptacj\u0119.&nbsp;<\/p>\n\n\n\n<h2 class=\"wp-block-heading\"><strong>10. Prawo w\u0142a\u015bciwe. Rozstrzyganie spor\u00f3w&nbsp;<\/strong>&nbsp;<\/h2>\n\n\n\n<p>10.1. Niniejsze Warunki podlegaj\u0105 prawu holenderskiemu. Spory b\u0119d\u0105 w pierwszej kolejno\u015bci rozstrzygane polubownie; je\u015bli nie zostan\u0105 rozwi\u0105zane, podlegaj\u0105 jurysdykcji s\u0105d\u00f3w w Amsterdamie<\/p>","protected":false},"excerpt":{"rendered":"<p>By becoming a member of the Climate KIC Community (\u201cCommunity\u201d), you agree to the following Terms and Conditions and commit to the Community Guidelines.&nbsp; 1. Introduction\u00a0 1.1. The Climate KIC\u00a0Community [&hellip;]<\/p>","protected":false},"author":3,"featured_media":0,"parent":0,"menu_order":0,"comment_status":"closed","ping_status":"closed","template":"","meta":{"_acf_changed":false,"_tec_requires_first_save":true,"_bbp_topic_count":0,"_bbp_reply_count":0,"_bbp_total_topic_count":0,"_bbp_total_reply_count":0,"_bbp_voice_count":0,"_bbp_anonymous_reply_count":0,"_bbp_topic_count_hidden":0,"_bbp_reply_count_hidden":0,"_bbp_forum_subforum_count":0,"pmpro_default_level":"","inline_featured_image":false,"_price":"","_stock":"","_tribe_ticket_header":"","_tribe_default_ticket_provider":"","_ticket_start_date":"","_ticket_end_date":"","_tribe_ticket_show_description":"","_tribe_ticket_show_not_going":false,"_tribe_ticket_use_global_stock":"","_tribe_ticket_global_stock_level":"","_global_stock_mode":"","_global_stock_cap":"","_tribe_rsvp_for_event":"","_tribe_ticket_going_count":"","_tribe_ticket_not_going_count":"","_tribe_tickets_list":"[]","_tribe_ticket_has_attendee_info_fields":false,"_EventAllDay":false,"_EventTimezone":"","_EventStartDate":"","_EventEndDate":"","_EventStartDateUTC":"","_EventEndDateUTC":"","_EventShowMap":false,"_EventShowMapLink":false,"_EventURL":"","_EventCost":"","_EventCostDescription":"","_EventCurrencySymbol":"","_EventCurrencyCode":"","_EventCurrencyPosition":"","_EventDateTimeSeparator":"","_EventTimeRangeSeparator":"","_EventOrganizerID":[],"_EventVenueID":[],"_OrganizerEmail":"","_OrganizerPhone":"","_OrganizerWebsite":"","_VenueAddress":"","_VenueCity":"","_VenueCountry":"","_VenueProvince":"","_VenueState":"","_VenueZip":"","_VenuePhone":"","_VenueURL":"","_VenueStateProvince":"","_VenueLat":"","_VenueLng":"","_VenueShowMap":false,"_VenueShowMapLink":false,"_tribe_blocks_recurrence_rules":"","_tribe_blocks_recurrence_description":"","_tribe_blocks_recurrence_exclusions":"","footnotes":""},"page_tag":[],"class_list":["post-6276","page","type-page","status-publish","hentry","pmpro-has-access"],"acf":[],"_links":{"self":[{"href":"https:\/\/climate-hive.org\/pl\/wp-json\/wp\/v2\/pages\/6276","targetHints":{"allow":["GET"]}}],"collection":[{"href":"https:\/\/climate-hive.org\/pl\/wp-json\/wp\/v2\/pages"}],"about":[{"href":"https:\/\/climate-hive.org\/pl\/wp-json\/wp\/v2\/types\/page"}],"author":[{"embeddable":true,"href":"https:\/\/climate-hive.org\/pl\/wp-json\/wp\/v2\/users\/3"}],"replies":[{"embeddable":true,"href":"https:\/\/climate-hive.org\/pl\/wp-json\/wp\/v2\/comments?post=6276"}],"version-history":[{"count":2,"href":"https:\/\/climate-hive.org\/pl\/wp-json\/wp\/v2\/pages\/6276\/revisions"}],"predecessor-version":[{"id":6278,"href":"https:\/\/climate-hive.org\/pl\/wp-json\/wp\/v2\/pages\/6276\/revisions\/6278"}],"wp:attachment":[{"href":"https:\/\/climate-hive.org\/pl\/wp-json\/wp\/v2\/media?parent=6276"}],"wp:term":[{"taxonomy":"page_tag","embeddable":true,"href":"https:\/\/climate-hive.org\/pl\/wp-json\/wp\/v2\/page_tag?post=6276"}],"curies":[{"name":"wp","href":"https:\/\/api.w.org\/{rel}","templated":true}]}}